{"id":3659,"date":"2025-01-31T11:31:19","date_gmt":"2025-01-31T11:31:19","guid":{"rendered":"https:\/\/snoeck.process-vision.de\/shop\/herbert-maier-wer-wir-sind-eine-visuelle-bibliothek\/"},"modified":"2025-04-01T12:56:14","modified_gmt":"2025-04-01T12:56:14","slug":"herbert-maier-wer-wir-sind-eine-visuelle-bibliothek","status":"publish","type":"product","link":"https:\/\/snoeck.de\/es\/shop\/herbert-maier-wer-wir-sind-eine-visuelle-bibliothek\/","title":{"rendered":"Herbert Maier: Qui\u00e9nes somos - Una biblioteca visual"},"content":{"rendered":"<h3>Esto es \"La Biblioteca Visual\"<\/h3>\n<p>El fascinante proyecto de Herbert Maier es un intento acertado de pensar globalmente: da testimonio de la disponibilidad de im\u00e1genes, la lentitud de la pintura cl\u00e1sica y la pasi\u00f3n por viajar y coleccionar. Las im\u00e1genes con las que Herbert Maier regresa de todo el mundo son fotograf\u00edas que la gente se ha hecho a s\u00ed misma y a los dem\u00e1s; muestran la cultura humana en todas sus facetas, en su belleza y en su dimensi\u00f3n abismal. Rostros, retratos, cabezas y m\u00e1scaras: casi ning\u00fan otro motivo se ha abierto camino en la historia del arte y la cultura a escala mundial; detr\u00e1s de cada representaci\u00f3n de una persona, por estilizada o individualmente naturalista que sea, se esconde la esperanza de captar la quintaesencia del ser humano como tal. A lo largo de muchos a\u00f1os, Herbert Maier ha viajado a los lugares y regiones m\u00e1s diversos: Pakist\u00e1n, India, Nepal, M\u00e9xico, Guatemala, Estados Unidos, Israel, Ir\u00e1n y las zonas tribales de \u00c1frica Occidental. Su biblioteca visual est\u00e1 estrechamente vinculada a estos viajes. Los encuentros con otras gentes y la inclusi\u00f3n de sus testimonios art\u00edsticos y culturales en su propia memoria imaginaria de im\u00e1genes llegaron a ser tan importantes para \u00e9l como el examen de la historia del arte occidental. Herbert Maier lleva trabajando desde 2009 en esta enciclopedia, que ya cuenta con m\u00e1s de 500 acuarelas. S\u00f3lo la t\u00e9cnica de la acuarela, que se caracteriza por su transparencia y ligereza, permite producir tal cantidad de im\u00e1genes en tan poco tiempo.<\/p>\n<p>Exposici\u00f3n:<br \/>\nMuseo de Arte Contempor\u00e1neo de Friburgo, 29\/10\/2016 - 26\/2\/2017<\/p>","protected":false},"excerpt":{"rendered":"<p>Cat\u00e1logo de la exposici\u00f3n, publicado por el Museum f\u00fcr Neue Kunst Freiburg<br \/>\nTextos (alem\u00e1n\/ingl\u00e9s) de Volker Bauermeister, Isabel Herda<br \/>\n572 pp. con 514 ilustraciones en color<br \/>\nFormato 29,5 x 22 cm, tapa dura<\/p>","protected":false},"featured_media":5072,"template":"","meta":[],"product_brand":[],"product_cat":[108,70],"product_tag":[],"class_list":{"0":"post-3659","1":"product","2":"type-product","3":"status-publish","4":"has-post-thumbnail","6":"product_cat-108","7":"product_cat-m","9":"first","10":"instock","11":"taxable","12":"shipping-taxable","13":"purchasable","14":"product-type-simple"},"aioseo_notices":[],"_wp_attached_file":null,"_wp_attachment_metadata":null,"_wc_attachment_source":null,"_elementor_inline_svg":null,"_elementor_is_screenshot":null,"_elementor_source_image_hash":null,"_source_url":null,"_wp_attachment_context":null,"_menu_item_type":null,"_menu_item_menu_item_parent":null,"_menu_item_object_id":null,"_menu_item_object":null,"_menu_item_target":null,"_menu_item_classes":null,"_menu_item_xfn":null,"_menu_item_url":null,"__elementor_forms_snapshot":null,"_unit":"","_unit_base":"","_unit_product":"","_unit_price_auto":"no","_unit_price_regular":"","_unit_price":"","_unit_price_sale":"","_sale_price_label":"","_sale_price_regular_label":"","_manufacturer_slug":"","_mini_desc":"","_defect_description":"","_safety_instructions":"","_allergen_ids":[],"_warranty_attachment_id":"","_safety_attachment_ids":[],"_min_age":"","_ts_gtin":"","_ts_mpn":"","_delivery_time_countries":[],"_free_shipping":"no","_service":"no","_photovoltaic_system":"no","_used_good":"no","_defective_copy":"no","_wireless_electronic_device":"no","_device_contains_power_supply":"no","_device_charging_supports_usb_pd":"no","_device_charging_watt_min":"0","_device_charging_watt_max":"0","_is_food":"no","_differential_taxation":"no","_gzd_version":"3.18.7","_hs_code":"","_customs_description":"","_manufacture_country":"0","_is_non_returnable":"no","_shipping_length":"","_shipping_width":"","_shipping_height":"","_sku":"ISBN 978-3-86442-190-7","_global_unique_id":"978-3-86442-190-7","_regular_price":"48","total_sales":"0","_tax_status":"taxable","_tax_class":"","_manage_stock":"no","_backorders":"no","_sold_individually":"no","_weight":"3","_virtual":"no","_downloadable":"no","_download_limit":"-1","_download_expiry":"-1","_stock":"","_stock_status":"instock","_wc_average_rating":"0","_wc_review_count":"0","_product_version":"9.7.1","_price":"48","shopengine_product_views_count":"3675","_thumbnail_id":"5072","_product_attributes":{"erscheinungsdatum":{"name":"Fecha de publicaci\u00f3n","value":"28.10.2016","position":0,"is_visible":1,"is_variation":0,"is_taxonomy":0,"checkout_visible":0}},"_nutrient_ids":[],"_upsell_ids":null,"pswc_subtitle":null,"_default_delivery_time":null,"_wp_desired_post_slug":null,"_isbn":null,"pageType":null,"isExternalUrl":null,"pageId":null,"externalUrl":null,"hideCookieBanner":null,"isTargetBlank":null,"isProviderCurrentWebsite":null,"isEmbeddingOnlyExternalResources":null,"legalBasis":null,"dataProcessingInCountries":null,"dataProcessingInCountriesSpecialTreatments":null,"technicalDefinitions":null,"googleConsentModeConsentTypes":null,"executePriority":null,"executeCodeOptInWhenNoTagManagerConsentIsGiven":null,"executeCodeOptOutWhenNoTagManagerConsentIsGiven":null,"deleteTechnicalDefinitionsAfterOptOut":null,"presetId":null,"presetVersion":null,"provider":null,"providerContactPhone":null,"providerContactEmail":null,"providerContactLink":null,"uniqueName":null,"providerPrivacyPolicyUrl":null,"providerLegalNoticeUrl":null,"codeOptIn":null,"codeOptOut":null,"codeOnPageLoad":null,"language_code":null,"shopengine_template__post_meta__type":null,"shopengine_template__post_meta":null,"shopengine_template__post_meta__edit_with":null,"origin":null,"_enabled":null,"_filters":null,"_layout":null,"_elementor_import_session_id":null,"_wp_trash_meta_status":null,"_wp_trash_meta_time":null,"_edit_lock":"1743512176:2","_elementor_floating_elements_type":null,"_elementor_edit_mode":null,"_elementor_template_type":null,"tc-thumb-fld":{"_thumb_id":5072,"_thumb_type":"thumb"},"_wp_page_template":"default","_elementor_version":null,"_elementor_pro_version":null,"_elementor_page_settings":null,"_elementor_data":null,"_elementor_conditions":null,"_elementor_popup_display_settings":null,"_edit_last":"2","_elementor_template_sub_type":null,"_elementor_controls_usage":null,"_elementor_screenshot":null,"_elementor_css":null,"_elementor_page_assets":[],"_elementor_element_cache":null,"_elementor_screenshot_failed":null,"_elementor_source":null,"_wp_old_date":null,"layout_key":"","post_slider_check_key":"0","_links":{"self":[{"href":"https:\/\/snoeck.de\/es\/wp-json\/wp\/v2\/product\/3659","targetHints":{"allow":["GET"]}}],"collection":[{"href":"https:\/\/snoeck.de\/es\/wp-json\/wp\/v2\/product"}],"about":[{"href":"https:\/\/snoeck.de\/es\/wp-json\/wp\/v2\/types\/product"}],"wp:featuredmedia":[{"embeddable":true,"href":"https:\/\/snoeck.de\/es\/wp-json\/wp\/v2\/media\/5072"}],"wp:attachment":[{"href":"https:\/\/snoeck.de\/es\/wp-json\/wp\/v2\/media?parent=3659"}],"wp:term":[{"taxonomy":"product_brand","embeddable":true,"href":"https:\/\/snoeck.de\/es\/wp-json\/wp\/v2\/product_brand?post=3659"},{"taxonomy":"product_cat","embeddable":true,"href":"https:\/\/snoeck.de\/es\/wp-json\/wp\/v2\/product_cat?post=3659"},{"taxonomy":"product_tag","embeddable":true,"href":"https:\/\/snoeck.de\/es\/wp-json\/wp\/v2\/product_tag?post=3659"}],"curies":[{"name":"wp","href":"https:\/\/api.w.org\/{rel}","templated":true}]}}