{"id":3660,"date":"2025-01-31T11:31:20","date_gmt":"2025-01-31T11:31:20","guid":{"rendered":"https:\/\/snoeck.process-vision.de\/shop\/christof-mascher-1979\/"},"modified":"2026-04-08T15:34:40","modified_gmt":"2026-04-08T14:34:40","slug":"christof-mascher-1979","status":"publish","type":"product","link":"https:\/\/snoeck.de\/es\/shop\/christof-mascher-1979\/","title":{"rendered":"Christof Mascher: 1979"},"content":{"rendered":"<h3>El laboratorio interior<\/h3>\n<p>Al hablar de las facetas de los sue\u00f1os, se suceden la irritaci\u00f3n y la fascinaci\u00f3n. Los sue\u00f1os nos enfrentan a mundos de experiencia tan evidentes como desconcertantemente distintos de las experiencias cotidianas de la realidad vivida. Esta distinci\u00f3n vincula los sue\u00f1os con la embriaguez y la locura, estados del ser que se consideran excepcionales y s\u00f3lo son raros o accesibles a unos pocos. Los sue\u00f1os representan un nivel distinto, trascendente, que no puede verificarse con claridad. Aunque no podamos comprender nuestros sue\u00f1os en detalle, sabemos que existen y que vivimos con ellos. Esto no s\u00f3lo se refiere a los sue\u00f1os durante el sue\u00f1o, sino tambi\u00e9n a los que experimentamos durante el d\u00eda, retra\u00eddos, perdidos en nuestros pensamientos. \"Los sue\u00f1os de vigilia son los m\u00e1s importantes. Los tengo cuando me siento tranquilamente en mi sill\u00f3n y dejo que mi mente divague\", dijo David Lynch en una entrevista en 1997. \"Cuando duermes, no controlas tus sue\u00f1os. Me gusta sumergirme en un mundo on\u00edrico que yo mismo he creado o descubierto; un mundo que yo elijo\". Christof Mascher comparte la opini\u00f3n de Lynch: \"Me fascinan los sue\u00f1os en s\u00ed y c\u00f3mo funcionan. Tienen la estructura de una historia. Quiero captar la sensaci\u00f3n de los sue\u00f1os. Para m\u00ed, lo mejor es combinar historias sencillas con la sensaci\u00f3n de un sue\u00f1o, con las abstracciones que son posibles en un sue\u00f1o\". Aunque la enso\u00f1aci\u00f3n no pueda considerarse el \u00fanico punto de partida de la obra de Mascher, sigue teniendo un significado importante, sobre todo si se tiene en cuenta un fen\u00f3meno en particular: el de lo fant\u00e1stico. Los mundos pict\u00f3ricos de Mascher se caracterizan por extra\u00f1as criaturas h\u00edbridas que siempre pueden clasificarse bajo el aspecto de lo fant\u00e1sticamente amenazador. Estas figuras est\u00e1n asociadas de manera especial a una fuerza aterradora, una energ\u00eda que se manifiesta como un fen\u00f3meno fundamental en su obra hasta la fecha. En sus diversas manifestaciones, representan una metamorfosis permanente, un ritmo constante de cambio de forma al que ni siquiera el hombre es inmune. Seg\u00fan Mascher, \u00e9ste no puede definirse dentro de unos l\u00edmites fijos y demarcados, como tampoco el animal, sino que es m\u00e1s bien un ser vivo que puede cambiar de aspecto dependiendo de la situaci\u00f3n.Los hermafroditas con aspecto de p\u00e1jaro ocupan un lugar central en numerosas composiciones pict\u00f3ricas, as\u00ed como en los dibujos en miniatura sobre madera chapada, donde tales figuras se encuentran repetidamente en variaciones. Su maestro Walter Dahn describe esta obra como una \"atm\u00f3sfera como despu\u00e9s de la 4\u00aa Guerra Mundial\". El peque\u00f1o cat\u00e1logo es la primera presentaci\u00f3n en solitario del artista, nacido en Hannover en 1979.<\/p>\n<p>Exposiciones:<br \/>\nGaler\u00eda de la ciudad de Remscheid, 16\/8 - 24\/10\/2008<br \/>\nMuseo de Arte Moderno M\u00f6nchehaus de Goslar, 30\/8 - 28\/8\/2008<\/p>","protected":false},"excerpt":{"rendered":"<p>Cat\u00e1logo de la exposici\u00f3n, M\u00f6nchehaus Museum f\u00fcr Moderne Kunst Goslar, editado por Oliver Zybok<br \/>\nTextos (alem\u00e1n\/ingl\u00e9s) Bettina Ruhrberg, Oliver Zybok<br \/>\n72 p. con 34 ilustraciones en color<br \/>\nFormato 25 x 20 cm, tapa blanda<\/p>","protected":false},"featured_media":5073,"template":"","meta":[],"product_brand":[],"product_cat":[95],"product_tag":[],"class_list":{"0":"post-3660","1":"product","2":"type-product","3":"status-publish","4":"has-post-thumbnail","6":"product_cat-vergriffen","8":"first","9":"outofstock","10":"taxable","11":"shipping-taxable","12":"product-type-simple"},"aioseo_notices":[],"_wp_attached_file":null,"_wp_attachment_metadata":null,"_wc_attachment_source":null,"_elementor_inline_svg":null,"_elementor_is_screenshot":null,"_elementor_source_image_hash":null,"_source_url":null,"_wp_attachment_context":null,"_menu_item_type":null,"_menu_item_menu_item_parent":null,"_menu_item_object_id":null,"_menu_item_object":null,"_menu_item_target":null,"_menu_item_classes":null,"_menu_item_xfn":null,"_menu_item_url":null,"__elementor_forms_snapshot":null,"_unit":"","_unit_base":"","_unit_product":"","_unit_price_auto":"no","_unit_price_regular":"","_unit_price":"","_unit_price_sale":"","_sale_price_label":"","_sale_price_regular_label":"","_manufacturer_slug":"","_mini_desc":"","_defect_description":"","_safety_instructions":"","_allergen_ids":[],"_warranty_attachment_id":"","_safety_attachment_ids":[],"_min_age":"","_ts_gtin":"","_ts_mpn":"","_delivery_time_countries":[],"_free_shipping":"no","_service":"no","_photovoltaic_system":"no","_used_good":"no","_defective_copy":"no","_wireless_electronic_device":"no","_device_contains_power_supply":"no","_device_charging_supports_usb_pd":"no","_device_charging_watt_min":"0","_device_charging_watt_max":"0","_is_food":"no","_differential_taxation":"no","_gzd_version":"3.18.7","_hs_code":"","_customs_description":"","_manufacture_country":"0","_is_non_returnable":"no","_shipping_length":"","_shipping_width":"","_shipping_height":"","_sku":"ISBN 978-3-940953-05-6","_global_unique_id":"978-3-940953-05-6","_regular_price":null,"total_sales":"0","_tax_status":"taxable","_tax_class":"","_manage_stock":"no","_backorders":"no","_sold_individually":"no","_weight":"1","_virtual":"no","_downloadable":"no","_download_limit":"-1","_download_expiry":"-1","_stock":"","_stock_status":"outofstock","_wc_average_rating":"0","_wc_review_count":"0","_product_version":"10.1.4","_price":"","shopengine_product_views_count":"2956","_thumbnail_id":"5073","_product_attributes":{"erscheinungsdatum":{"name":"Fecha de publicaci\u00f3n","value":"30.08.2008","position":0,"is_visible":1,"is_variation":0,"is_taxonomy":0,"checkout_visible":0}},"_nutrient_ids":[],"_upsell_ids":null,"pswc_subtitle":null,"_default_delivery_time":null,"_wp_desired_post_slug":null,"_isbn":null,"pageType":null,"isExternalUrl":null,"pageId":null,"externalUrl":null,"hideCookieBanner":null,"isTargetBlank":null,"isProviderCurrentWebsite":null,"isEmbeddingOnlyExternalResources":null,"legalBasis":null,"dataProcessingInCountries":null,"dataProcessingInCountriesSpecialTreatments":null,"technicalDefinitions":null,"googleConsentModeConsentTypes":null,"executePriority":null,"executeCodeOptInWhenNoTagManagerConsentIsGiven":null,"executeCodeOptOutWhenNoTagManagerConsentIsGiven":null,"deleteTechnicalDefinitionsAfterOptOut":null,"presetId":null,"presetVersion":null,"provider":null,"providerContactPhone":null,"providerContactEmail":null,"providerContactLink":null,"uniqueName":null,"providerPrivacyPolicyUrl":null,"providerLegalNoticeUrl":null,"codeOptIn":null,"codeOptOut":null,"codeOnPageLoad":null,"language_code":null,"shopengine_template__post_meta__type":null,"shopengine_template__post_meta":null,"shopengine_template__post_meta__edit_with":null,"origin":null,"_enabled":null,"_filters":null,"_layout":null,"_elementor_import_session_id":null,"_wp_trash_meta_status":null,"_wp_trash_meta_time":null,"_edit_lock":"1743511958:2","_elementor_floating_elements_type":null,"_elementor_edit_mode":null,"_elementor_template_type":null,"tc-thumb-fld":{"_thumb_id":5073,"_thumb_type":"thumb"},"_wp_page_template":"default","_elementor_version":null,"_elementor_pro_version":null,"_elementor_page_settings":null,"_elementor_data":null,"_elementor_conditions":null,"_elementor_popup_display_settings":null,"_edit_last":"2","_elementor_template_sub_type":null,"_elementor_controls_usage":null,"_elementor_screenshot":null,"_elementor_css":null,"_elementor_page_assets":[],"_elementor_element_cache":null,"_elementor_screenshot_failed":null,"_elementor_source":null,"_wp_old_date":null,"layout_key":"","post_slider_check_key":"0","_links":{"self":[{"href":"https:\/\/snoeck.de\/es\/wp-json\/wp\/v2\/product\/3660","targetHints":{"allow":["GET"]}}],"collection":[{"href":"https:\/\/snoeck.de\/es\/wp-json\/wp\/v2\/product"}],"about":[{"href":"https:\/\/snoeck.de\/es\/wp-json\/wp\/v2\/types\/product"}],"wp:featuredmedia":[{"embeddable":true,"href":"https:\/\/snoeck.de\/es\/wp-json\/wp\/v2\/media\/5073"}],"wp:attachment":[{"href":"https:\/\/snoeck.de\/es\/wp-json\/wp\/v2\/media?parent=3660"}],"wp:term":[{"taxonomy":"product_brand","embeddable":true,"href":"https:\/\/snoeck.de\/es\/wp-json\/wp\/v2\/product_brand?post=3660"},{"taxonomy":"product_cat","embeddable":true,"href":"https:\/\/snoeck.de\/es\/wp-json\/wp\/v2\/product_cat?post=3660"},{"taxonomy":"product_tag","embeddable":true,"href":"https:\/\/snoeck.de\/es\/wp-json\/wp\/v2\/product_tag?post=3660"}],"curies":[{"name":"wp","href":"https:\/\/api.w.org\/{rel}","templated":true}]}}