{"id":3664,"date":"2025-01-31T11:31:22","date_gmt":"2025-01-31T11:31:22","guid":{"rendered":"https:\/\/snoeck.process-vision.de\/shop\/mathieu-mercier-everything-but-the-kitchen-sink\/"},"modified":"2026-04-08T15:03:55","modified_gmt":"2026-04-08T14:03:55","slug":"mathieu-mercier-everything-but-the-kitchen-sink","status":"publish","type":"product","link":"https:\/\/snoeck.de\/es\/shop\/mathieu-mercier-everything-but-the-kitchen-sink\/","title":{"rendered":"Mathieu Mercier: Todo menos el fregadero de la cocina"},"content":{"rendered":"<h3>Objetos de nivel superior<\/h3>\n<p>L\u00e1mparas, muebles, bicicletas, tipograf\u00edas, z\u00f3calos de museos: la obra de Mathieu Mercier, ganador del Premio Marcel Duchamp (2003), nacido en Conflans-Saint-Honorine en 1970 y residente en Par\u00eds, se mueve con seguridad entre el arte y la cultura cotidiana. Para ello, se inspira repetidamente en la obra de sus h\u00e9roes Marcel Duchamp y Piet Mondrian. Sin embargo, Mathieu Mercier no quiere crear un arte inaccesible, sino obras \"inmediatamente descriptivas y atractivas\". Los banales objetos cotidianos que pone en escena son, en efecto, sencillamente bellos a primera vista. A este respecto, Mercier habla de \"sublimaci\u00f3n\", de un proceso de refinamiento que lleva los objetos a un nivel superior. Esta deslocalizaci\u00f3n dirigida, el intercambio permanente entre lo alto y lo bajo, plantea la cuesti\u00f3n del estatus de las cosas entre la funcionalidad y la libertad art\u00edstica de prop\u00f3sito. De este modo, Mathieu Mercier refleja h\u00e1bilmente los conceptos de la cultura occidental del siglo XX en el \u00e1mbito de la tensi\u00f3n entre arquitectura moderna, dise\u00f1o y bellas artes.<\/p>\n<p>Exposiciones:<br \/>\nLOK Art Museum St. Gallen, 23\/8 - 9\/11\/2014<br \/>\nVilla Merkel Esslingen, 13\/12\/2014 - 22\/2\/2015<\/p>","protected":false},"excerpt":{"rendered":"<p>Cat\u00e1logo de la exposici\u00f3n, Villa Merkel Esslinge, LOK Kunstmuseum St. Gallen, editado por Andreas Baur y Konrad Bitterli<br \/>\nTextos (alem\u00e1n\/ingl\u00e9s\/franc\u00e9s) de Andreas Baur, Konrad Bitterli, Marie Ch\u00eanel<br \/>\n184 p. con 150 ilustraciones en color<br \/>\nFormato 26,5 x 21,5 cm, folleto suizo<\/p>","protected":false},"featured_media":5077,"template":"","meta":[],"product_brand":[],"product_cat":[95],"product_tag":[],"class_list":{"0":"post-3664","1":"product","2":"type-product","3":"status-publish","4":"has-post-thumbnail","6":"product_cat-vergriffen","8":"first","9":"outofstock","10":"taxable","11":"shipping-taxable","12":"product-type-simple"},"aioseo_notices":[],"_wp_attached_file":null,"_wp_attachment_metadata":null,"_wc_attachment_source":null,"_elementor_inline_svg":null,"_elementor_is_screenshot":null,"_elementor_source_image_hash":null,"_source_url":null,"_wp_attachment_context":null,"_menu_item_type":null,"_menu_item_menu_item_parent":null,"_menu_item_object_id":null,"_menu_item_object":null,"_menu_item_target":null,"_menu_item_classes":null,"_menu_item_xfn":null,"_menu_item_url":null,"__elementor_forms_snapshot":null,"_unit":"","_unit_base":"","_unit_product":"","_unit_price_auto":"no","_unit_price_regular":"","_unit_price":"","_unit_price_sale":"","_sale_price_label":"","_sale_price_regular_label":"","_manufacturer_slug":"","_mini_desc":"","_defect_description":"","_safety_instructions":"","_allergen_ids":[],"_warranty_attachment_id":"","_safety_attachment_ids":[],"_min_age":"","_ts_gtin":"","_ts_mpn":"","_delivery_time_countries":[],"_free_shipping":"no","_service":"no","_photovoltaic_system":"no","_used_good":"no","_defective_copy":"no","_wireless_electronic_device":"no","_device_contains_power_supply":"no","_device_charging_supports_usb_pd":"no","_device_charging_watt_min":"0","_device_charging_watt_max":"0","_is_food":"no","_differential_taxation":"no","_gzd_version":"3.18.7","_hs_code":"","_customs_description":"","_manufacture_country":"0","_is_non_returnable":"no","_shipping_length":"","_shipping_width":"","_shipping_height":"","_sku":"ISBN 978-3-86442-120-4","_global_unique_id":"978-3-86442-120-4","_regular_price":null,"total_sales":"0","_tax_status":"taxable","_tax_class":"","_manage_stock":"no","_backorders":"no","_sold_individually":"no","_weight":"1","_virtual":"no","_downloadable":"no","_download_limit":"-1","_download_expiry":"-1","_stock":"","_stock_status":"outofstock","_wc_average_rating":"0","_wc_review_count":"0","_product_version":"10.1.4","_price":"","shopengine_product_views_count":"2472","_thumbnail_id":"5077","_product_attributes":{"erscheinungsdatum":{"name":"Fecha de publicaci\u00f3n","value":"30.06.2015","position":0,"is_visible":1,"is_variation":0,"is_taxonomy":0,"checkout_visible":0}},"_nutrient_ids":[],"_upsell_ids":null,"pswc_subtitle":null,"_default_delivery_time":null,"_wp_desired_post_slug":null,"_isbn":null,"pageType":null,"isExternalUrl":null,"pageId":null,"externalUrl":null,"hideCookieBanner":null,"isTargetBlank":null,"isProviderCurrentWebsite":null,"isEmbeddingOnlyExternalResources":null,"legalBasis":null,"dataProcessingInCountries":null,"dataProcessingInCountriesSpecialTreatments":null,"technicalDefinitions":null,"googleConsentModeConsentTypes":null,"executePriority":null,"executeCodeOptInWhenNoTagManagerConsentIsGiven":null,"executeCodeOptOutWhenNoTagManagerConsentIsGiven":null,"deleteTechnicalDefinitionsAfterOptOut":null,"presetId":null,"presetVersion":null,"provider":null,"providerContactPhone":null,"providerContactEmail":null,"providerContactLink":null,"uniqueName":null,"providerPrivacyPolicyUrl":null,"providerLegalNoticeUrl":null,"codeOptIn":null,"codeOptOut":null,"codeOnPageLoad":null,"language_code":null,"shopengine_template__post_meta__type":null,"shopengine_template__post_meta":null,"shopengine_template__post_meta__edit_with":null,"origin":null,"_enabled":null,"_filters":null,"_layout":null,"_elementor_import_session_id":null,"_wp_trash_meta_status":null,"_wp_trash_meta_time":null,"_edit_lock":"1743511578:2","_elementor_floating_elements_type":null,"_elementor_edit_mode":null,"_elementor_template_type":null,"tc-thumb-fld":{"_thumb_id":5077,"_thumb_type":"thumb"},"_wp_page_template":"default","_elementor_version":null,"_elementor_pro_version":null,"_elementor_page_settings":null,"_elementor_data":null,"_elementor_conditions":null,"_elementor_popup_display_settings":null,"_edit_last":"2","_elementor_template_sub_type":null,"_elementor_controls_usage":null,"_elementor_screenshot":null,"_elementor_css":null,"_elementor_page_assets":[],"_elementor_element_cache":null,"_elementor_screenshot_failed":null,"_elementor_source":null,"_wp_old_date":null,"layout_key":"","post_slider_check_key":"0","_links":{"self":[{"href":"https:\/\/snoeck.de\/es\/wp-json\/wp\/v2\/product\/3664","targetHints":{"allow":["GET"]}}],"collection":[{"href":"https:\/\/snoeck.de\/es\/wp-json\/wp\/v2\/product"}],"about":[{"href":"https:\/\/snoeck.de\/es\/wp-json\/wp\/v2\/types\/product"}],"wp:featuredmedia":[{"embeddable":true,"href":"https:\/\/snoeck.de\/es\/wp-json\/wp\/v2\/media\/5077"}],"wp:attachment":[{"href":"https:\/\/snoeck.de\/es\/wp-json\/wp\/v2\/media?parent=3664"}],"wp:term":[{"taxonomy":"product_brand","embeddable":true,"href":"https:\/\/snoeck.de\/es\/wp-json\/wp\/v2\/product_brand?post=3664"},{"taxonomy":"product_cat","embeddable":true,"href":"https:\/\/snoeck.de\/es\/wp-json\/wp\/v2\/product_cat?post=3664"},{"taxonomy":"product_tag","embeddable":true,"href":"https:\/\/snoeck.de\/es\/wp-json\/wp\/v2\/product_tag?post=3664"}],"curies":[{"name":"wp","href":"https:\/\/api.w.org\/{rel}","templated":true}]}}