{"id":3665,"date":"2025-01-31T11:31:22","date_gmt":"2025-01-31T11:31:22","guid":{"rendered":"https:\/\/snoeck.process-vision.de\/shop\/klaus-merkel-hornbook\/"},"modified":"2026-04-08T14:56:53","modified_gmt":"2026-04-08T13:56:53","slug":"klaus-merkel-hornbook","status":"publish","type":"product","link":"https:\/\/snoeck.de\/es\/shop\/klaus-merkel-hornbook\/","title":{"rendered":"Klaus Merkel: hornbook"},"content":{"rendered":"<h3>\u00bfQu\u00e9 es el \"libro de cuernos\"?<\/h3>\n<p>La caracter\u00edstica especial del volumen \"Hornbook\" de Klaus Merkel en los Libros de Artistas Kienbaum para 2014 es el orden de las 165 im\u00e1genes de este volumen, que se ajusta a su m\u00e9todo de trabajo y a su pr\u00e1ctica expositiva. El artista siempre forma filas, racimos o ritmos para identificar los signos de sus cuadros como se\u00f1ales de forma y color sin mensajes. \u00c9l mismo ha dicho que \"s\u00f3lo se ve lo que llega a trav\u00e9s del estado de \u00e1nimo subjetivo. Los cuadros no tienen 'narrativa' y no son para procesar 'abstracciones'. Puedes percibirlos f\u00edsicamente o rechazarlos\". Esto tambi\u00e9n puede describir los signos figurativos, salvo que la imagen ya no es un espacio narrativo, es decir, no tiene ninguna funci\u00f3n mim\u00e9tica. El artista utiliza una paleta de pocos colores, a saber, verde, rojo, amarillo, negro y a veces azul. Hans-Joachim M\u00fcller escribe en su entrada del Kritisches Lexikon der Gegenwartskunst: \"Lo que se narra, si es que puede haber tal cosa, es una 'narraci\u00f3n' no lineal, no dirigida, narrada por el continuum de im\u00e1genes que no conoce direcci\u00f3n, que se extiende y se prolonga en todas direcciones, que llega hasta lo m\u00e1s profundo de la historia y el origen de las im\u00e1genes e igualmente hasta lo m\u00e1s profundo del amplio espacio de sus posibilidades y horizontes\". El hecho de que el azar tambi\u00e9n se movilice aqu\u00ed como fuente de im\u00e1genes queda quiz\u00e1 ilustrado por el t\u00edtulo que el artista ha elegido para este libro. Klaus Merkel ha instalado en su ordenador un diccionario que escupe cada d\u00eda una palabra al azar. Los hornbooks eran tablillas alfab\u00e9ticas talladas en cuerno que se utilizaban antiguamente en Inglaterra y Estados Unidos para ense\u00f1ar a leer a los ni\u00f1os.<\/p>","protected":false},"excerpt":{"rendered":"<p>Kienbaum Artists' Books 2014, editado por Jochen Kienbaum<br \/>\n224 p. con 165 ilustraciones en color<br \/>\nFormato 24 x 16,5 cm, tapa blanda con sobrecubierta<\/p>","protected":false},"featured_media":5078,"template":"","meta":[],"product_brand":[],"product_cat":[95],"product_tag":[],"class_list":{"0":"post-3665","1":"product","2":"type-product","3":"status-publish","4":"has-post-thumbnail","6":"product_cat-vergriffen","8":"first","9":"outofstock","10":"taxable","11":"shipping-taxable","12":"product-type-simple"},"aioseo_notices":[],"_wp_attached_file":null,"_wp_attachment_metadata":null,"_wc_attachment_source":null,"_elementor_inline_svg":null,"_elementor_is_screenshot":null,"_elementor_source_image_hash":null,"_source_url":null,"_wp_attachment_context":null,"_menu_item_type":null,"_menu_item_menu_item_parent":null,"_menu_item_object_id":null,"_menu_item_object":null,"_menu_item_target":null,"_menu_item_classes":null,"_menu_item_xfn":null,"_menu_item_url":null,"__elementor_forms_snapshot":null,"_unit":"","_unit_base":"","_unit_product":"","_unit_price_auto":"no","_unit_price_regular":"","_unit_price":"","_unit_price_sale":"","_sale_price_label":"","_sale_price_regular_label":"","_manufacturer_slug":"","_mini_desc":"","_defect_description":"","_safety_instructions":"","_allergen_ids":[],"_warranty_attachment_id":"","_safety_attachment_ids":[],"_min_age":"","_ts_gtin":"","_ts_mpn":"","_delivery_time_countries":[],"_free_shipping":"no","_service":"no","_photovoltaic_system":"no","_used_good":"no","_defective_copy":"no","_wireless_electronic_device":"no","_device_contains_power_supply":"no","_device_charging_supports_usb_pd":"no","_device_charging_watt_min":"0","_device_charging_watt_max":"0","_is_food":"no","_differential_taxation":"no","_gzd_version":"3.18.7","_hs_code":"","_customs_description":"","_manufacture_country":"0","_is_non_returnable":"no","_shipping_length":"","_shipping_width":"","_shipping_height":"","_sku":"ISBN 978-3-86442-073-3","_global_unique_id":"978-3-86442-073-3","_regular_price":null,"total_sales":"0","_tax_status":"taxable","_tax_class":"","_manage_stock":"no","_backorders":"no","_sold_individually":"no","_weight":"1","_virtual":"no","_downloadable":"no","_download_limit":"-1","_download_expiry":"-1","_stock":"","_stock_status":"outofstock","_wc_average_rating":"0","_wc_review_count":"0","_product_version":"10.1.4","_price":"","shopengine_product_views_count":"2501","_thumbnail_id":"5078","_product_attributes":{"erscheinungsdatum":{"name":"Erscheinungsdatum","value":"10.12.2013","position":0,"is_visible":1,"is_variation":0,"is_taxonomy":0,"checkout_visible":0}},"_nutrient_ids":[],"_upsell_ids":null,"pswc_subtitle":null,"_default_delivery_time":null,"_wp_desired_post_slug":null,"_isbn":null,"pageType":null,"isExternalUrl":null,"pageId":null,"externalUrl":null,"hideCookieBanner":null,"isTargetBlank":null,"isProviderCurrentWebsite":null,"isEmbeddingOnlyExternalResources":null,"legalBasis":null,"dataProcessingInCountries":null,"dataProcessingInCountriesSpecialTreatments":null,"technicalDefinitions":null,"googleConsentModeConsentTypes":null,"executePriority":null,"executeCodeOptInWhenNoTagManagerConsentIsGiven":null,"executeCodeOptOutWhenNoTagManagerConsentIsGiven":null,"deleteTechnicalDefinitionsAfterOptOut":null,"presetId":null,"presetVersion":null,"provider":null,"providerContactPhone":null,"providerContactEmail":null,"providerContactLink":null,"uniqueName":null,"providerPrivacyPolicyUrl":null,"providerLegalNoticeUrl":null,"codeOptIn":null,"codeOptOut":null,"codeOnPageLoad":null,"language_code":null,"shopengine_template__post_meta__type":null,"shopengine_template__post_meta":null,"shopengine_template__post_meta__edit_with":null,"origin":null,"_enabled":null,"_filters":null,"_layout":null,"_elementor_import_session_id":null,"_wp_trash_meta_status":null,"_wp_trash_meta_time":null,"_edit_lock":"1743510536:2","_elementor_floating_elements_type":null,"_elementor_edit_mode":null,"_elementor_template_type":null,"tc-thumb-fld":{"_thumb_id":5078,"_thumb_type":"thumb"},"_wp_page_template":"default","_elementor_version":null,"_elementor_pro_version":null,"_elementor_page_settings":null,"_elementor_data":null,"_elementor_conditions":null,"_elementor_popup_display_settings":null,"_edit_last":"2","_elementor_template_sub_type":null,"_elementor_controls_usage":null,"_elementor_screenshot":null,"_elementor_css":null,"_elementor_page_assets":[],"_elementor_element_cache":null,"_elementor_screenshot_failed":null,"_elementor_source":null,"_wp_old_date":null,"layout_key":"","post_slider_check_key":"0","_links":{"self":[{"href":"https:\/\/snoeck.de\/es\/wp-json\/wp\/v2\/product\/3665","targetHints":{"allow":["GET"]}}],"collection":[{"href":"https:\/\/snoeck.de\/es\/wp-json\/wp\/v2\/product"}],"about":[{"href":"https:\/\/snoeck.de\/es\/wp-json\/wp\/v2\/types\/product"}],"wp:featuredmedia":[{"embeddable":true,"href":"https:\/\/snoeck.de\/es\/wp-json\/wp\/v2\/media\/5078"}],"wp:attachment":[{"href":"https:\/\/snoeck.de\/es\/wp-json\/wp\/v2\/media?parent=3665"}],"wp:term":[{"taxonomy":"product_brand","embeddable":true,"href":"https:\/\/snoeck.de\/es\/wp-json\/wp\/v2\/product_brand?post=3665"},{"taxonomy":"product_cat","embeddable":true,"href":"https:\/\/snoeck.de\/es\/wp-json\/wp\/v2\/product_cat?post=3665"},{"taxonomy":"product_tag","embeddable":true,"href":"https:\/\/snoeck.de\/es\/wp-json\/wp\/v2\/product_tag?post=3665"}],"curies":[{"name":"wp","href":"https:\/\/api.w.org\/{rel}","templated":true}]}}