{"id":3667,"date":"2025-01-31T11:31:23","date_gmt":"2025-01-31T11:31:23","guid":{"rendered":"https:\/\/snoeck.process-vision.de\/shop\/olaf-metzel-kaffee-zeitung-zigaretten\/"},"modified":"2025-04-01T12:25:56","modified_gmt":"2025-04-01T12:25:56","slug":"olaf-metzel-kaffee-zeitung-zigaretten","status":"publish","type":"product","link":"https:\/\/snoeck.de\/es\/shop\/olaf-metzel-kaffee-zeitung-zigaretten\/","title":{"rendered":"Olaf Metzel: Caf\u00e9, peri\u00f3dico, cigarrillos"},"content":{"rendered":"<h3>Pura brillantez<\/h3>\n<p>Este libro sobre la exposici\u00f3n especial de la Kunstverein Heilbronn en la Kunsthalle Vogelmann con Olaf Metzel re\u00fane por primera vez una selecci\u00f3n amplia y opulentamente ilustrada del nuevo grupo de obras \"Zeitungsarbeiten\" (obras de peri\u00f3dicos). En ellas, el tama\u00f1o monumental se combina naturalmente con una fragilidad extrema, y como si el lector hubiera arrugado con rabia el peri\u00f3dico de la ma\u00f1ana y lo hubiera tirado, Olaf Metzel dobla, arruga y arruga enormes planchas de aluminio que, a pesar de su formato sobredimensionado, se parecen confusamente a sus coloridos modelos. Sin embargo, las p\u00e1ginas del peri\u00f3dico de Olaf Metzel perduran, el papel blanco y suave parece congelado en las voluminosas y cortantes planchas de aluminio. El resultado de esta est\u00e9tica de la devastaci\u00f3n son atractivos relieves que tienen sus modelos cl\u00e1sicos en la historia del arte. No es de extra\u00f1ar que los espectadores se queden embelesados ante la obra sobre la vida y muerte de Amy Winehouse, por ejemplo, ya que visualiza de forma directa y sencilla la desesperanza y la rabia que han dejado huella en su vida.<br \/>\nCon brillantez intelectual y empat\u00eda, Olaf Metzel ha encontrado una irresistible combinaci\u00f3n de contenido y estilo. Y siempre ha estado dispuesto a meter el dedo en la llaga. Recientemente atrajo aullidos de rabia y amenazas de muerte con un desnudo femenino fundido en bronce -tema de la historia del arte por excelencia desde hace siglos- gracias a un detalle revelador: Porque el desnudo lleva un pa\u00f1uelo en la cabeza. Olaf Metzel, sin embargo, lo expresa sucintamente: producci\u00f3n est\u00e9tica de \u00e9xito = provocaci\u00f3n - \u00a1eso es todo lo que el arte puede reclamar para s\u00ed hoy en d\u00eda!<\/p>\n<p>Exposici\u00f3n:<br \/>\nKunstverein Heilbronn, Kunsthalle Vogelmann, 16\/3 - 23\/6\/2013<\/p>","protected":false},"excerpt":{"rendered":"<p>Cat\u00e1logo de la exposici\u00f3n, Kunstverein Heilbronn, editado por Matthia L\u00f6bke<br \/>\nTextos (alem\u00e1n\/ingl\u00e9s\/franc\u00e9s) de Bodo Fr\u00fcndt, Patrick Lambert, Peter Richter<br \/>\n144 p. con 100 ilustraciones en color<br \/>\nFormato 31 x 21 cm, r\u00fastica con sobrecubierta gofrada<\/p>","protected":false},"featured_media":5309,"template":"","meta":[],"product_brand":[],"product_cat":[101,70],"product_tag":[],"class_list":{"0":"post-3667","1":"product","2":"type-product","3":"status-publish","4":"has-post-thumbnail","6":"product_cat-101","7":"product_cat-m","9":"first","10":"instock","11":"taxable","12":"shipping-taxable","13":"purchasable","14":"product-type-simple"},"aioseo_notices":[],"_wp_attached_file":null,"_wp_attachment_metadata":null,"_wc_attachment_source":null,"_elementor_inline_svg":null,"_elementor_is_screenshot":null,"_elementor_source_image_hash":null,"_source_url":null,"_wp_attachment_context":null,"_menu_item_type":null,"_menu_item_menu_item_parent":null,"_menu_item_object_id":null,"_menu_item_object":null,"_menu_item_target":null,"_menu_item_classes":null,"_menu_item_xfn":null,"_menu_item_url":null,"__elementor_forms_snapshot":null,"_unit":"","_unit_base":"","_unit_product":"","_unit_price_auto":"no","_unit_price_regular":"","_unit_price":"","_unit_price_sale":"","_sale_price_label":"","_sale_price_regular_label":"","_manufacturer_slug":"","_mini_desc":"","_defect_description":"","_safety_instructions":"","_allergen_ids":[],"_warranty_attachment_id":"","_safety_attachment_ids":[],"_min_age":"","_ts_gtin":"","_ts_mpn":"","_delivery_time_countries":[],"_free_shipping":"no","_service":"no","_photovoltaic_system":"no","_used_good":"no","_defective_copy":"no","_wireless_electronic_device":"no","_device_contains_power_supply":"no","_device_charging_supports_usb_pd":"no","_device_charging_watt_min":"0","_device_charging_watt_max":"0","_is_food":"no","_differential_taxation":"no","_gzd_version":"3.18.7","_hs_code":"","_customs_description":"","_manufacture_country":"0","_is_non_returnable":"no","_shipping_length":"","_shipping_width":"","_shipping_height":"","_sku":"ISBN 978-3-86642-041-2","_global_unique_id":"978-3-86642-041-2","_regular_price":"39.8","total_sales":"0","_tax_status":"taxable","_tax_class":"","_manage_stock":"no","_backorders":"no","_sold_individually":"no","_weight":"2","_virtual":"no","_downloadable":"no","_download_limit":"-1","_download_expiry":"-1","_stock":"","_stock_status":"instock","_wc_average_rating":"0","_wc_review_count":"0","_product_version":"9.7.1","_price":"39.8","shopengine_product_views_count":"2626","_thumbnail_id":"5309","_product_attributes":{"erscheinungsdatum":{"name":"Erscheinungsdatum","value":"15.03.2013","position":0,"is_visible":1,"is_variation":0,"is_taxonomy":0,"checkout_visible":0}},"_nutrient_ids":[],"_upsell_ids":null,"pswc_subtitle":"","_default_delivery_time":null,"_wp_desired_post_slug":null,"_isbn":null,"pageType":null,"isExternalUrl":null,"pageId":null,"externalUrl":null,"hideCookieBanner":null,"isTargetBlank":null,"isProviderCurrentWebsite":null,"isEmbeddingOnlyExternalResources":null,"legalBasis":null,"dataProcessingInCountries":null,"dataProcessingInCountriesSpecialTreatments":null,"technicalDefinitions":null,"googleConsentModeConsentTypes":null,"executePriority":null,"executeCodeOptInWhenNoTagManagerConsentIsGiven":null,"executeCodeOptOutWhenNoTagManagerConsentIsGiven":null,"deleteTechnicalDefinitionsAfterOptOut":null,"presetId":null,"presetVersion":null,"provider":null,"providerContactPhone":null,"providerContactEmail":null,"providerContactLink":null,"uniqueName":null,"providerPrivacyPolicyUrl":null,"providerLegalNoticeUrl":null,"codeOptIn":null,"codeOptOut":null,"codeOnPageLoad":null,"language_code":null,"shopengine_template__post_meta__type":null,"shopengine_template__post_meta":null,"shopengine_template__post_meta__edit_with":null,"origin":null,"_enabled":null,"_filters":null,"_layout":null,"_elementor_import_session_id":null,"_wp_trash_meta_status":null,"_wp_trash_meta_time":null,"_edit_lock":"1743510301:2","_elementor_floating_elements_type":null,"_elementor_edit_mode":null,"_elementor_template_type":null,"tc-thumb-fld":{"_thumb_id":5309,"_thumb_type":"thumb"},"_wp_page_template":"default","_elementor_version":null,"_elementor_pro_version":null,"_elementor_page_settings":null,"_elementor_data":null,"_elementor_conditions":null,"_elementor_popup_display_settings":null,"_edit_last":"2","_elementor_template_sub_type":null,"_elementor_controls_usage":null,"_elementor_screenshot":null,"_elementor_css":null,"_elementor_page_assets":[],"_elementor_element_cache":null,"_elementor_screenshot_failed":null,"_elementor_source":null,"_wp_old_date":null,"layout_key":"","post_slider_check_key":"0","_links":{"self":[{"href":"https:\/\/snoeck.de\/es\/wp-json\/wp\/v2\/product\/3667","targetHints":{"allow":["GET"]}}],"collection":[{"href":"https:\/\/snoeck.de\/es\/wp-json\/wp\/v2\/product"}],"about":[{"href":"https:\/\/snoeck.de\/es\/wp-json\/wp\/v2\/types\/product"}],"wp:featuredmedia":[{"embeddable":true,"href":"https:\/\/snoeck.de\/es\/wp-json\/wp\/v2\/media\/5309"}],"wp:attachment":[{"href":"https:\/\/snoeck.de\/es\/wp-json\/wp\/v2\/media?parent=3667"}],"wp:term":[{"taxonomy":"product_brand","embeddable":true,"href":"https:\/\/snoeck.de\/es\/wp-json\/wp\/v2\/product_brand?post=3667"},{"taxonomy":"product_cat","embeddable":true,"href":"https:\/\/snoeck.de\/es\/wp-json\/wp\/v2\/product_cat?post=3667"},{"taxonomy":"product_tag","embeddable":true,"href":"https:\/\/snoeck.de\/es\/wp-json\/wp\/v2\/product_tag?post=3667"}],"curies":[{"name":"wp","href":"https:\/\/api.w.org\/{rel}","templated":true}]}}