{"id":3668,"date":"2025-01-31T11:31:24","date_gmt":"2025-01-31T11:31:24","guid":{"rendered":"https:\/\/snoeck.process-vision.de\/shop\/olaf-metzel-from-the-tv-to-the-fridge\/"},"modified":"2026-04-08T15:03:40","modified_gmt":"2026-04-08T14:03:40","slug":"olaf-metzel-from-the-tv-to-the-fridge","status":"publish","type":"product","link":"https:\/\/snoeck.de\/es\/shop\/olaf-metzel-from-the-tv-to-the-fridge\/","title":{"rendered":"Olaf Metzel: del televisor a la nevera"},"content":{"rendered":"<h3>Los relieves sociales de Olaf Metzel<\/h3>\n<p>Con su grupo de obras de aluminio, Olaf Metzel no s\u00f3lo ha reintroducido de forma sorprendente y segura el tema del relieve en los debates actuales, sino que tambi\u00e9n enlaza conscientemente con sus propias obras anteriores, en las que ya hab\u00eda esbozado este particular g\u00e9nero hist\u00f3rico-art\u00edstico. El presente volumen traza este arco de forma muy v\u00edvida, sobre todo gracias a los materiales y textos del artista que se han impreso por primera vez. Comienza con la conocida obra \"T\u00fcrkenwohnung Abstand 12.000,- DM VB\", en la que el artista anunciaba el alquiler de un piso en Berl\u00edn en 1982, en el que \u00e9l mismo hab\u00eda \"hackeado las paredes\" previamente y dejado una esv\u00e1stica en la habitaci\u00f3n central. La escultura de 1984 apoyada en la pared del W\u00fcrttembergischer Kunstverein de Stuttgart, una corona de luto de hormig\u00f3n con las palabras Stammheim pintadas burdamente encima, tambi\u00e9n es inolvidable y a\u00fan hoy causa indignaci\u00f3n p\u00fablica. Por \u00faltimo, las \u00faltimas obras de aluminio de Olaf Metzel tambi\u00e9n nos muestran algo as\u00ed como el desahogo social de la realidad americana.<\/p>\n<p>Exposici\u00f3n:<br \/>\nKunstraum Innsbruck, 6\/2 - 28\/3\/2015<\/p>","protected":false},"excerpt":{"rendered":"<p>Cat\u00e1logo de la exposici\u00f3n, Kunstraum Innsbruck, editado por Karin Pernegger<br \/>\nTextos (alem\u00e1n\/ingl\u00e9s) de Olaf Metzel y pr\u00f3logo de Karin Pernegger<br \/>\n256 p. con 140 ilustraciones en color<br \/>\nFormato 20,5 x 17 cm, r\u00fastica con sobrecubierta<\/p>","protected":false},"featured_media":5080,"template":"","meta":[],"product_brand":[],"product_cat":[95],"product_tag":[],"class_list":{"0":"post-3668","1":"product","2":"type-product","3":"status-publish","4":"has-post-thumbnail","6":"product_cat-vergriffen","8":"first","9":"outofstock","10":"taxable","11":"shipping-taxable","12":"product-type-simple"},"aioseo_notices":[],"_wp_attached_file":null,"_wp_attachment_metadata":null,"_wc_attachment_source":null,"_elementor_inline_svg":null,"_elementor_is_screenshot":null,"_elementor_source_image_hash":null,"_source_url":null,"_wp_attachment_context":null,"_menu_item_type":null,"_menu_item_menu_item_parent":null,"_menu_item_object_id":null,"_menu_item_object":null,"_menu_item_target":null,"_menu_item_classes":null,"_menu_item_xfn":null,"_menu_item_url":null,"__elementor_forms_snapshot":null,"_unit":"","_unit_base":"","_unit_product":"","_unit_price_auto":"no","_unit_price_regular":"","_unit_price":"","_unit_price_sale":"","_sale_price_label":"","_sale_price_regular_label":"","_manufacturer_slug":"","_mini_desc":"","_defect_description":"","_safety_instructions":"","_allergen_ids":[],"_warranty_attachment_id":"","_safety_attachment_ids":[],"_min_age":"","_ts_gtin":"","_ts_mpn":"","_delivery_time_countries":[],"_free_shipping":"no","_service":"no","_photovoltaic_system":"no","_used_good":"no","_defective_copy":"no","_wireless_electronic_device":"no","_device_contains_power_supply":"no","_device_charging_supports_usb_pd":"no","_device_charging_watt_min":"0","_device_charging_watt_max":"0","_is_food":"no","_differential_taxation":"no","_gzd_version":"3.18.7","_hs_code":"","_customs_description":"","_manufacture_country":"0","_is_non_returnable":"no","_shipping_length":"","_shipping_width":"","_shipping_height":"","_sku":"ISBN 978-3-86442-119-8","_global_unique_id":"978-3-86442-119-8","_regular_price":null,"total_sales":"0","_tax_status":"taxable","_tax_class":"","_manage_stock":"no","_backorders":"no","_sold_individually":"no","_weight":"1","_virtual":"no","_downloadable":"no","_download_limit":"-1","_download_expiry":"-1","_stock":"","_stock_status":"outofstock","_wc_average_rating":"0","_wc_review_count":"0","_product_version":"10.1.4","_price":"","shopengine_product_views_count":"2545","_thumbnail_id":"5080","_product_attributes":{"erscheinungsdatum":{"name":"Erscheinungsdatum","value":"12.03.2015","position":0,"is_visible":1,"is_variation":0,"is_taxonomy":0,"checkout_visible":0}},"_nutrient_ids":[],"_upsell_ids":null,"pswc_subtitle":null,"_default_delivery_time":null,"_wp_desired_post_slug":null,"_isbn":null,"pageType":null,"isExternalUrl":null,"pageId":null,"externalUrl":null,"hideCookieBanner":null,"isTargetBlank":null,"isProviderCurrentWebsite":null,"isEmbeddingOnlyExternalResources":null,"legalBasis":null,"dataProcessingInCountries":null,"dataProcessingInCountriesSpecialTreatments":null,"technicalDefinitions":null,"googleConsentModeConsentTypes":null,"executePriority":null,"executeCodeOptInWhenNoTagManagerConsentIsGiven":null,"executeCodeOptOutWhenNoTagManagerConsentIsGiven":null,"deleteTechnicalDefinitionsAfterOptOut":null,"presetId":null,"presetVersion":null,"provider":null,"providerContactPhone":null,"providerContactEmail":null,"providerContactLink":null,"uniqueName":null,"providerPrivacyPolicyUrl":null,"providerLegalNoticeUrl":null,"codeOptIn":null,"codeOptOut":null,"codeOnPageLoad":null,"language_code":null,"shopengine_template__post_meta__type":null,"shopengine_template__post_meta":null,"shopengine_template__post_meta__edit_with":null,"origin":null,"_enabled":null,"_filters":null,"_layout":null,"_elementor_import_session_id":null,"_wp_trash_meta_status":null,"_wp_trash_meta_time":null,"_edit_lock":"1743510117:2","_elementor_floating_elements_type":null,"_elementor_edit_mode":null,"_elementor_template_type":null,"tc-thumb-fld":{"_thumb_id":5080,"_thumb_type":"thumb"},"_wp_page_template":"default","_elementor_version":null,"_elementor_pro_version":null,"_elementor_page_settings":null,"_elementor_data":null,"_elementor_conditions":null,"_elementor_popup_display_settings":null,"_edit_last":"2","_elementor_template_sub_type":null,"_elementor_controls_usage":null,"_elementor_screenshot":null,"_elementor_css":null,"_elementor_page_assets":[],"_elementor_element_cache":null,"_elementor_screenshot_failed":null,"_elementor_source":null,"_wp_old_date":null,"layout_key":"","post_slider_check_key":"0","_links":{"self":[{"href":"https:\/\/snoeck.de\/es\/wp-json\/wp\/v2\/product\/3668","targetHints":{"allow":["GET"]}}],"collection":[{"href":"https:\/\/snoeck.de\/es\/wp-json\/wp\/v2\/product"}],"about":[{"href":"https:\/\/snoeck.de\/es\/wp-json\/wp\/v2\/types\/product"}],"wp:featuredmedia":[{"embeddable":true,"href":"https:\/\/snoeck.de\/es\/wp-json\/wp\/v2\/media\/5080"}],"wp:attachment":[{"href":"https:\/\/snoeck.de\/es\/wp-json\/wp\/v2\/media?parent=3668"}],"wp:term":[{"taxonomy":"product_brand","embeddable":true,"href":"https:\/\/snoeck.de\/es\/wp-json\/wp\/v2\/product_brand?post=3668"},{"taxonomy":"product_cat","embeddable":true,"href":"https:\/\/snoeck.de\/es\/wp-json\/wp\/v2\/product_cat?post=3668"},{"taxonomy":"product_tag","embeddable":true,"href":"https:\/\/snoeck.de\/es\/wp-json\/wp\/v2\/product_tag?post=3668"}],"curies":[{"name":"wp","href":"https:\/\/api.w.org\/{rel}","templated":true}]}}