{"id":3669,"date":"2025-01-31T11:31:24","date_gmt":"2025-01-31T11:31:24","guid":{"rendered":"https:\/\/snoeck.process-vision.de\/shop\/olaf-metzel-mir-ist-das-schwarze-quadrat-lieber-als-die-rote-fahne\/"},"modified":"2025-04-01T12:20:59","modified_gmt":"2025-04-01T12:20:59","slug":"olaf-metzel-mir-ist-das-schwarze-quadrat-lieber-als-die-rote-fahne","status":"publish","type":"product","link":"https:\/\/snoeck.de\/es\/shop\/olaf-metzel-mir-ist-das-schwarze-quadrat-lieber-als-die-rote-fahne\/","title":{"rendered":"Olaf Metzel: Prefiero el cuadrado negro a la bandera roja"},"content":{"rendered":"<h3>Premio Jerg Ratgeb 2018 para Olaf Metzel.<\/h3>\n<p>El Premio Jerg Ratgeb, que concede cada cuatro a\u00f1os la Fundaci\u00f3n HAP Grieshaber de Reutlingen, recay\u00f3 por \u00faltima vez en Joannis Avramidis en 2014, junto a Carlfriedrich Claus y Lucian Freud en a\u00f1os anteriores. En 2018, el premio ser\u00e1 ahora para Olaf Metzel. Originalmente donado conjuntamente por HAP Grieshaber y Rolf Szymanski, el premio pretende simbolizar \"la libertad del arte y la no violencia en la lucha por una mayor humanidad\". Jerg Ratgeb (1480-1526) fue un pintor del sur de Alemania cuyos retablos a\u00fan pueden verse hoy en d\u00eda, por ejemplo en la iglesia de la ciudad de Schwaigern. Durante la Guerra de los Campesinos, los rebeldes le eligieron consejero de guerra y canciller, luch\u00f3 del lado del duque Ulrico para recuperar su territorio y finalmente fue juzgado en Pforzheim en 1526 \"por el bien de la Guerra de los Campesinos y del duque Ulrico\", condenado por alta traici\u00f3n y \"despedazado por cuatro caballos\". El libro, publicado con motivo del premio y de una exposici\u00f3n asociada en el museo de arte Spendhaus de Reutlingen, ofrece una retrospectiva cronol\u00f3gica con vistas de exposici\u00f3n de la obra de Olaf Metzel, caracterizada desde el principio por un realismo a veces duro y unas puestas en escena espectaculares, que no s\u00f3lo le han valido al artista el reconocimiento internacional, sino que tambi\u00e9n le han granjeado a menudo cierta hostilidad.<\/p>\n<p>Exposici\u00f3n:<br \/>\nMuseo de Arte Spendhaus Reutlingen, 5\/5 - 8\/7\/2018<\/p>","protected":false},"excerpt":{"rendered":"<p>Cat\u00e1logo de la exposici\u00f3n, Kunstmuseum Spendhaus Reutlingen, editado por Herbert Eichhorn<br \/>\nTexto collage (alem\u00e1n\/ingl\u00e9s) de Tilman Osterwold con Gabriele Ott-Osterwold<br \/>\n176 p. con 70 ilustraciones en color<br \/>\nFormato 28,5 x 19,5 cm, tapa blanda con sobrecubierta<\/p>","protected":false},"featured_media":5081,"template":"","meta":[],"product_brand":[],"product_cat":[111,70],"product_tag":[],"class_list":{"0":"post-3669","1":"product","2":"type-product","3":"status-publish","4":"has-post-thumbnail","6":"product_cat-111","7":"product_cat-m","9":"first","10":"instock","11":"taxable","12":"shipping-taxable","13":"purchasable","14":"product-type-simple"},"aioseo_notices":[],"_wp_attached_file":null,"_wp_attachment_metadata":null,"_wc_attachment_source":null,"_elementor_inline_svg":null,"_elementor_is_screenshot":null,"_elementor_source_image_hash":null,"_source_url":null,"_wp_attachment_context":null,"_menu_item_type":null,"_menu_item_menu_item_parent":null,"_menu_item_object_id":null,"_menu_item_object":null,"_menu_item_target":null,"_menu_item_classes":null,"_menu_item_xfn":null,"_menu_item_url":null,"__elementor_forms_snapshot":null,"_unit":"","_unit_base":"","_unit_product":"","_unit_price_auto":"no","_unit_price_regular":"","_unit_price":"","_unit_price_sale":"","_sale_price_label":"","_sale_price_regular_label":"","_manufacturer_slug":"","_mini_desc":"","_defect_description":"","_safety_instructions":"","_allergen_ids":[],"_warranty_attachment_id":"","_safety_attachment_ids":[],"_min_age":"","_ts_gtin":"","_ts_mpn":"","_delivery_time_countries":[],"_free_shipping":"no","_service":"no","_photovoltaic_system":"no","_used_good":"no","_defective_copy":"no","_wireless_electronic_device":"no","_device_contains_power_supply":"no","_device_charging_supports_usb_pd":"no","_device_charging_watt_min":"0","_device_charging_watt_max":"0","_is_food":"no","_differential_taxation":"no","_gzd_version":"3.18.7","_hs_code":"","_customs_description":"","_manufacture_country":"0","_is_non_returnable":"no","_shipping_length":"","_shipping_width":"","_shipping_height":"","_sku":"ISBN 978-3-86442-236-2","_global_unique_id":"978-3-86442-236-2","_regular_price":"29.8","total_sales":"0","_tax_status":"taxable","_tax_class":"","_manage_stock":"no","_backorders":"no","_sold_individually":"no","_weight":"1","_virtual":"no","_downloadable":"no","_download_limit":"-1","_download_expiry":"-1","_stock":"","_stock_status":"instock","_wc_average_rating":"0","_wc_review_count":"0","_product_version":"9.7.1","_price":"29.8","shopengine_product_views_count":"3996","_thumbnail_id":"5081","_product_attributes":{"erscheinungsdatum":{"name":"Fecha de publicaci\u00f3n","value":"03.05.2018","position":0,"is_visible":1,"is_variation":0,"is_taxonomy":0,"checkout_visible":0}},"_nutrient_ids":[],"_upsell_ids":null,"pswc_subtitle":null,"_default_delivery_time":null,"_wp_desired_post_slug":null,"_isbn":null,"pageType":null,"isExternalUrl":null,"pageId":null,"externalUrl":null,"hideCookieBanner":null,"isTargetBlank":null,"isProviderCurrentWebsite":null,"isEmbeddingOnlyExternalResources":null,"legalBasis":null,"dataProcessingInCountries":null,"dataProcessingInCountriesSpecialTreatments":null,"technicalDefinitions":null,"googleConsentModeConsentTypes":null,"executePriority":null,"executeCodeOptInWhenNoTagManagerConsentIsGiven":null,"executeCodeOptOutWhenNoTagManagerConsentIsGiven":null,"deleteTechnicalDefinitionsAfterOptOut":null,"presetId":null,"presetVersion":null,"provider":null,"providerContactPhone":null,"providerContactEmail":null,"providerContactLink":null,"uniqueName":null,"providerPrivacyPolicyUrl":null,"providerLegalNoticeUrl":null,"codeOptIn":null,"codeOptOut":null,"codeOnPageLoad":null,"language_code":null,"shopengine_template__post_meta__type":null,"shopengine_template__post_meta":null,"shopengine_template__post_meta__edit_with":null,"origin":null,"_enabled":null,"_filters":null,"_layout":null,"_elementor_import_session_id":null,"_wp_trash_meta_status":null,"_wp_trash_meta_time":null,"_edit_lock":"1743509933:2","_elementor_floating_elements_type":null,"_elementor_edit_mode":null,"_elementor_template_type":null,"tc-thumb-fld":{"_thumb_id":5081,"_thumb_type":"thumb"},"_wp_page_template":"default","_elementor_version":null,"_elementor_pro_version":null,"_elementor_page_settings":null,"_elementor_data":null,"_elementor_conditions":null,"_elementor_popup_display_settings":null,"_edit_last":"2","_elementor_template_sub_type":null,"_elementor_controls_usage":null,"_elementor_screenshot":null,"_elementor_css":null,"_elementor_page_assets":[],"_elementor_element_cache":null,"_elementor_screenshot_failed":null,"_elementor_source":null,"_wp_old_date":null,"layout_key":"","post_slider_check_key":"0","_links":{"self":[{"href":"https:\/\/snoeck.de\/es\/wp-json\/wp\/v2\/product\/3669","targetHints":{"allow":["GET"]}}],"collection":[{"href":"https:\/\/snoeck.de\/es\/wp-json\/wp\/v2\/product"}],"about":[{"href":"https:\/\/snoeck.de\/es\/wp-json\/wp\/v2\/types\/product"}],"wp:featuredmedia":[{"embeddable":true,"href":"https:\/\/snoeck.de\/es\/wp-json\/wp\/v2\/media\/5081"}],"wp:attachment":[{"href":"https:\/\/snoeck.de\/es\/wp-json\/wp\/v2\/media?parent=3669"}],"wp:term":[{"taxonomy":"product_brand","embeddable":true,"href":"https:\/\/snoeck.de\/es\/wp-json\/wp\/v2\/product_brand?post=3669"},{"taxonomy":"product_cat","embeddable":true,"href":"https:\/\/snoeck.de\/es\/wp-json\/wp\/v2\/product_cat?post=3669"},{"taxonomy":"product_tag","embeddable":true,"href":"https:\/\/snoeck.de\/es\/wp-json\/wp\/v2\/product_tag?post=3669"}],"curies":[{"name":"wp","href":"https:\/\/api.w.org\/{rel}","templated":true}]}}