{"id":3674,"date":"2025-01-31T11:31:28","date_gmt":"2025-01-31T11:31:28","guid":{"rendered":"https:\/\/snoeck.process-vision.de\/shop\/momas\/"},"modified":"2025-04-01T12:03:17","modified_gmt":"2025-04-01T12:03:17","slug":"momas","status":"publish","type":"product","link":"https:\/\/snoeck.de\/es\/shop\/momas\/","title":{"rendered":"MOMAS"},"content":{"rendered":"<h3>Martin Kippenberger presenta<br \/>\nMOMAS - Museo de Arte Moderno de Syros<\/h3>\n<p>Martin Kippenberger ten\u00eda sin duda las mejores ideas sobre c\u00f3mo montar y planificar un museo. La peque\u00f1a reimpresi\u00f3n para la segunda exposici\u00f3n del Museo de Arte Moderno de Syros fue dise\u00f1ada originalmente en 1994 por Lukas Baumewerd en una edici\u00f3n reducida e impresa en una de las primeras impresoras de chorro de tinta. El propio maestro distribuy\u00f3 entonces los veinte primeros ejemplares con motivo de la inauguraci\u00f3n de la exposici\u00f3n de Ulrich Strothjohann.<br \/>\nEl peque\u00f1o edificio del museo de la isla griega de Syros, con una ubicaci\u00f3n \u00fanica y digno de verse, hab\u00eda sido descubierto por Martin Kippenberger a\u00f1os antes durante una aproximaci\u00f3n al desembarco y explorado despu\u00e9s junto con Michel W\u00fcrthle. R\u00e1pidamente qued\u00f3 claro que el matadero inacabado era un conjunto ideal. El c\u00edrculo de amigos se puso r\u00e1pidamente manos a la obra, no sin que Kippenberger les instara y encargara repetidamente que acordaran exposiciones, midieran el lugar y dibujaran planos. Justo a tiempo para las inauguraciones, grupos itinerantes de Colonia sol\u00edan llegar a Syros para celebrar la exposici\u00f3n de verano junto con el director Martin Kippenberger. As\u00ed se organizaron exposiciones de Hubert Kiecol, Ulrich Strothjohann, Christopher Wool y Cosima von Bonin.<br \/>\nLa reimpresi\u00f3n del folleto, que se public\u00f3 por primera vez en veinte ejemplares y posteriormente se ampli\u00f3 a cien, es completamente id\u00e9ntica a la edici\u00f3n original en cuanto a dise\u00f1o y maquetaci\u00f3n, pero, a diferencia del original, ahora se ha impreso en offset.<\/p>","protected":false},"excerpt":{"rendered":"<p>Reimpresi\u00f3n del cat\u00e1logo, editado por Lukas Baumewerd en colaboraci\u00f3n con el patrimonio de Martin Kippenberger<br \/>\n24 pp. con 10 fotograf\u00edas, numerosos planos y croquis, algunos en color<br \/>\nFormato 14 x 20,9 cm, folleto grapado<\/p>","protected":false},"featured_media":5090,"template":"","meta":[],"product_brand":[],"product_cat":[114,68,70],"product_tag":[],"class_list":{"0":"post-3674","1":"product","2":"type-product","3":"status-publish","4":"has-post-thumbnail","6":"product_cat-114","7":"product_cat-k","8":"product_cat-m","10":"first","11":"instock","12":"taxable","13":"shipping-taxable","14":"purchasable","15":"product-type-simple"},"aioseo_notices":[],"_wp_attached_file":null,"_wp_attachment_metadata":null,"_wc_attachment_source":null,"_elementor_inline_svg":null,"_elementor_is_screenshot":null,"_elementor_source_image_hash":null,"_source_url":null,"_wp_attachment_context":null,"_menu_item_type":null,"_menu_item_menu_item_parent":null,"_menu_item_object_id":null,"_menu_item_object":null,"_menu_item_target":null,"_menu_item_classes":null,"_menu_item_xfn":null,"_menu_item_url":null,"__elementor_forms_snapshot":null,"_unit":"","_unit_base":"","_unit_product":"","_unit_price_auto":"no","_unit_price_regular":"","_unit_price":"","_unit_price_sale":"","_sale_price_label":"","_sale_price_regular_label":"","_manufacturer_slug":"","_mini_desc":"","_defect_description":"","_safety_instructions":"","_allergen_ids":[],"_warranty_attachment_id":"","_safety_attachment_ids":[],"_min_age":"","_ts_gtin":"","_ts_mpn":"","_delivery_time_countries":[],"_free_shipping":"no","_service":"no","_photovoltaic_system":"no","_used_good":"no","_defective_copy":"no","_wireless_electronic_device":"no","_device_contains_power_supply":"no","_device_charging_supports_usb_pd":"no","_device_charging_watt_min":"0","_device_charging_watt_max":"0","_is_food":"no","_differential_taxation":"no","_gzd_version":"3.18.7","_hs_code":"","_customs_description":"","_manufacture_country":"0","_is_non_returnable":"no","_shipping_length":"","_shipping_width":"","_shipping_height":"","_sku":"ISBN 978-3-936859-35-5","_global_unique_id":"978-3-936859-35-5","_regular_price":"9.8","total_sales":"2","_tax_status":"taxable","_tax_class":"","_manage_stock":"no","_backorders":"no","_sold_individually":"no","_weight":"1","_virtual":"no","_downloadable":"no","_download_limit":"-1","_download_expiry":"-1","_stock":"","_stock_status":"instock","_wc_average_rating":"0","_wc_review_count":"0","_product_version":"9.7.1","_price":"9.8","shopengine_product_views_count":"2312","_thumbnail_id":"5090","_product_attributes":{"erscheinungsdatum":{"name":"Erscheinungsdatum","value":"12.05.2005","position":0,"is_visible":1,"is_variation":0,"is_taxonomy":0,"checkout_visible":0}},"_nutrient_ids":[],"_upsell_ids":null,"pswc_subtitle":null,"_default_delivery_time":null,"_wp_desired_post_slug":null,"_isbn":null,"pageType":null,"isExternalUrl":null,"pageId":null,"externalUrl":null,"hideCookieBanner":null,"isTargetBlank":null,"isProviderCurrentWebsite":null,"isEmbeddingOnlyExternalResources":null,"legalBasis":null,"dataProcessingInCountries":null,"dataProcessingInCountriesSpecialTreatments":null,"technicalDefinitions":null,"googleConsentModeConsentTypes":null,"executePriority":null,"executeCodeOptInWhenNoTagManagerConsentIsGiven":null,"executeCodeOptOutWhenNoTagManagerConsentIsGiven":null,"deleteTechnicalDefinitionsAfterOptOut":null,"presetId":null,"presetVersion":null,"provider":null,"providerContactPhone":null,"providerContactEmail":null,"providerContactLink":null,"uniqueName":null,"providerPrivacyPolicyUrl":null,"providerLegalNoticeUrl":null,"codeOptIn":null,"codeOptOut":null,"codeOnPageLoad":null,"language_code":null,"shopengine_template__post_meta__type":null,"shopengine_template__post_meta":null,"shopengine_template__post_meta__edit_with":null,"origin":null,"_enabled":null,"_filters":null,"_layout":null,"_elementor_import_session_id":null,"_wp_trash_meta_status":null,"_wp_trash_meta_time":null,"_edit_lock":"1743508858:2","_elementor_floating_elements_type":null,"_elementor_edit_mode":null,"_elementor_template_type":null,"tc-thumb-fld":{"_thumb_id":5090,"_thumb_type":"thumb"},"_wp_page_template":"default","_elementor_version":null,"_elementor_pro_version":null,"_elementor_page_settings":null,"_elementor_data":null,"_elementor_conditions":null,"_elementor_popup_display_settings":null,"_edit_last":"2","_elementor_template_sub_type":null,"_elementor_controls_usage":null,"_elementor_screenshot":null,"_elementor_css":null,"_elementor_page_assets":[],"_elementor_element_cache":null,"_elementor_screenshot_failed":null,"_elementor_source":null,"_wp_old_date":null,"layout_key":"","post_slider_check_key":"0","_links":{"self":[{"href":"https:\/\/snoeck.de\/es\/wp-json\/wp\/v2\/product\/3674","targetHints":{"allow":["GET"]}}],"collection":[{"href":"https:\/\/snoeck.de\/es\/wp-json\/wp\/v2\/product"}],"about":[{"href":"https:\/\/snoeck.de\/es\/wp-json\/wp\/v2\/types\/product"}],"wp:featuredmedia":[{"embeddable":true,"href":"https:\/\/snoeck.de\/es\/wp-json\/wp\/v2\/media\/5090"}],"wp:attachment":[{"href":"https:\/\/snoeck.de\/es\/wp-json\/wp\/v2\/media?parent=3674"}],"wp:term":[{"taxonomy":"product_brand","embeddable":true,"href":"https:\/\/snoeck.de\/es\/wp-json\/wp\/v2\/product_brand?post=3674"},{"taxonomy":"product_cat","embeddable":true,"href":"https:\/\/snoeck.de\/es\/wp-json\/wp\/v2\/product_cat?post=3674"},{"taxonomy":"product_tag","embeddable":true,"href":"https:\/\/snoeck.de\/es\/wp-json\/wp\/v2\/product_tag?post=3674"}],"curies":[{"name":"wp","href":"https:\/\/api.w.org\/{rel}","templated":true}]}}