{"id":3676,"date":"2025-01-31T11:31:29","date_gmt":"2025-01-31T11:31:29","guid":{"rendered":"https:\/\/snoeck.process-vision.de\/shop\/lienhard-von-monkiewitsch-danach-ist-davor\/"},"modified":"2025-04-01T12:01:34","modified_gmt":"2025-04-01T12:01:34","slug":"lienhard-von-monkiewitsch-danach-ist-davor","status":"publish","type":"product","link":"https:\/\/snoeck.de\/es\/shop\/lienhard-von-monkiewitsch-danach-ist-davor\/","title":{"rendered":"Lienhard von Monkiewitsch: DESPU\u00c9S ES ANTES"},"content":{"rendered":"<h3>Pensamientos desde el limbo<\/h3>\n<p>Este es el t\u00edtulo del l\u00facido texto introductorio de Carina Plath, que prosigue: \"Nuestra conversaci\u00f3n durante el montaje gira en torno al parricidio del artista a partir de 1983, a menudo tematizado en los textos sobre Monkiewitsch: los recortes en el Cuadrado Negro, el icono de Kazimir Malevich; hablamos del protestantismo -Lienhard habla de su familia, influenciada por pastores protestantes, que sufrieron represalias a lo largo de la historia, primero en Rusia, luego en la Alemania nazi y m\u00e1s tarde en la RDA en distintas \u00e9pocas bajo distintos reg\u00edmenes-; tambi\u00e9n hace algunas bromas sobre los cat\u00f3licos en el infierno. Contrarresto que los protestantes se queden en el limbo por esto; al fin y al cabo, son los que, ni benditos ni malditos, nunca conocer\u00e1n el para\u00edso ni la condenaci\u00f3n. Se plantea la cuesti\u00f3n del arte ideol\u00f3gicamente \"correcto\": El artista habla de c\u00f3mo hab\u00eda pintado de forma fotorrealista y fue atacado por su elitismo; de c\u00f3mo, tras abandonar el realismo, volvi\u00f3 a enfrentarse a la hostilidad de otras personas, mientras que otras volvieron a leer la referencia concreta a la realidad espacial de los suelos ideol\u00f3gicamente como un acercamiento al espectador.\" Para Lienhard von Monkiewitsch, todo esto condujo a una gran serenidad, pero lo que qued\u00f3 fue una desconfianza fundamental hacia el impulso teleol\u00f3gico del modernismo cl\u00e1sico. Sin embargo, \u00e9ste tambi\u00e9n fue \"responsable del establecimiento de la obra de arte aut\u00f3noma y, por tanto, tambi\u00e9n defendi\u00f3 la libertad de expresi\u00f3n, las posibilidades de ampliar la percepci\u00f3n y el derecho del espectador cr\u00edtico. El artista no quiere renunciar a estos logros y se encuentra as\u00ed en la dif\u00edcil situaci\u00f3n de tener que continuar la historia sin sucumbir a ella\".<\/p>\n<p>Exposiciones:<br \/>\nMuseo M\u00f6nchehaus de Goslar; 21\/3 - 4\/7\/2021<br \/>\nMuseo Sprengel Hannover, 1\/4 - 30\/5\/2021<br \/>\nGaler\u00eda del azar y la suerte Hannover, 13\/11 - 28\/11\/2021<br \/>\nGaler\u00eda Municipal KUBUS, 13\/11-19\/12\/2021<\/p>","protected":false},"excerpt":{"rendered":"<p>Textos (alem\u00e1n) de Carina Plath, Anne Prenzler, Giso Westing<br \/>\n120 p. con 90 ilustraciones en color<br \/>\nFormato 26,5 x 21 cm, folleto desplegable<\/p>","protected":false},"featured_media":5092,"template":"","meta":[],"product_brand":[],"product_cat":[85,70,79],"product_tag":[],"class_list":{"0":"post-3676","1":"product","2":"type-product","3":"status-publish","4":"has-post-thumbnail","6":"product_cat-85","7":"product_cat-m","8":"product_cat-v","10":"first","11":"instock","12":"taxable","13":"shipping-taxable","14":"purchasable","15":"product-type-simple"},"aioseo_notices":[],"_wp_attached_file":null,"_wp_attachment_metadata":null,"_wc_attachment_source":null,"_elementor_inline_svg":null,"_elementor_is_screenshot":null,"_elementor_source_image_hash":null,"_source_url":null,"_wp_attachment_context":null,"_menu_item_type":null,"_menu_item_menu_item_parent":null,"_menu_item_object_id":null,"_menu_item_object":null,"_menu_item_target":null,"_menu_item_classes":null,"_menu_item_xfn":null,"_menu_item_url":null,"__elementor_forms_snapshot":null,"_unit":"","_unit_base":"","_unit_product":"","_unit_price_auto":"no","_unit_price_regular":"","_unit_price":"","_unit_price_sale":"","_sale_price_label":"","_sale_price_regular_label":"","_manufacturer_slug":"","_mini_desc":"","_defect_description":"","_safety_instructions":"","_allergen_ids":[],"_warranty_attachment_id":"","_safety_attachment_ids":[],"_min_age":"","_ts_gtin":"","_ts_mpn":"","_delivery_time_countries":[],"_free_shipping":"no","_service":"no","_photovoltaic_system":"no","_used_good":"no","_defective_copy":"no","_wireless_electronic_device":"no","_device_contains_power_supply":"no","_device_charging_supports_usb_pd":"no","_device_charging_watt_min":"0","_device_charging_watt_max":"0","_is_food":"no","_differential_taxation":"no","_gzd_version":"3.18.7","_hs_code":"","_customs_description":"","_manufacture_country":"0","_is_non_returnable":"no","_shipping_length":"","_shipping_width":"","_shipping_height":"","_sku":"ISBN 978-3-86442-353-6","_global_unique_id":"978-3-86442-353-6","_regular_price":"29.8","total_sales":"0","_tax_status":"taxable","_tax_class":"","_manage_stock":"no","_backorders":"no","_sold_individually":"no","_weight":"1","_virtual":"no","_downloadable":"no","_download_limit":"-1","_download_expiry":"-1","_stock":"","_stock_status":"instock","_wc_average_rating":"0","_wc_review_count":"0","_product_version":"9.7.1","_price":"29.8","shopengine_product_views_count":"2939","_thumbnail_id":"5092","_product_attributes":{"erscheinungsdatum":{"name":"Fecha de publicaci\u00f3n","value":"08.11.2021","position":0,"is_visible":1,"is_variation":0,"is_taxonomy":0,"checkout_visible":0}},"_nutrient_ids":[],"_upsell_ids":null,"pswc_subtitle":null,"_default_delivery_time":null,"_wp_desired_post_slug":null,"_isbn":null,"pageType":null,"isExternalUrl":null,"pageId":null,"externalUrl":null,"hideCookieBanner":null,"isTargetBlank":null,"isProviderCurrentWebsite":null,"isEmbeddingOnlyExternalResources":null,"legalBasis":null,"dataProcessingInCountries":null,"dataProcessingInCountriesSpecialTreatments":null,"technicalDefinitions":null,"googleConsentModeConsentTypes":null,"executePriority":null,"executeCodeOptInWhenNoTagManagerConsentIsGiven":null,"executeCodeOptOutWhenNoTagManagerConsentIsGiven":null,"deleteTechnicalDefinitionsAfterOptOut":null,"presetId":null,"presetVersion":null,"provider":null,"providerContactPhone":null,"providerContactEmail":null,"providerContactLink":null,"uniqueName":null,"providerPrivacyPolicyUrl":null,"providerLegalNoticeUrl":null,"codeOptIn":null,"codeOptOut":null,"codeOnPageLoad":null,"language_code":null,"shopengine_template__post_meta__type":null,"shopengine_template__post_meta":null,"shopengine_template__post_meta__edit_with":null,"origin":null,"_enabled":null,"_filters":null,"_layout":null,"_elementor_import_session_id":null,"_wp_trash_meta_status":null,"_wp_trash_meta_time":null,"_edit_lock":"1743508756:2","_elementor_floating_elements_type":null,"_elementor_edit_mode":null,"_elementor_template_type":null,"tc-thumb-fld":{"_thumb_id":5092,"_thumb_type":"thumb"},"_wp_page_template":"default","_elementor_version":null,"_elementor_pro_version":null,"_elementor_page_settings":null,"_elementor_data":null,"_elementor_conditions":null,"_elementor_popup_display_settings":null,"_edit_last":"2","_elementor_template_sub_type":null,"_elementor_controls_usage":null,"_elementor_screenshot":null,"_elementor_css":null,"_elementor_page_assets":[],"_elementor_element_cache":null,"_elementor_screenshot_failed":null,"_elementor_source":null,"_wp_old_date":null,"layout_key":"","post_slider_check_key":"0","_links":{"self":[{"href":"https:\/\/snoeck.de\/es\/wp-json\/wp\/v2\/product\/3676","targetHints":{"allow":["GET"]}}],"collection":[{"href":"https:\/\/snoeck.de\/es\/wp-json\/wp\/v2\/product"}],"about":[{"href":"https:\/\/snoeck.de\/es\/wp-json\/wp\/v2\/types\/product"}],"wp:featuredmedia":[{"embeddable":true,"href":"https:\/\/snoeck.de\/es\/wp-json\/wp\/v2\/media\/5092"}],"wp:attachment":[{"href":"https:\/\/snoeck.de\/es\/wp-json\/wp\/v2\/media?parent=3676"}],"wp:term":[{"taxonomy":"product_brand","embeddable":true,"href":"https:\/\/snoeck.de\/es\/wp-json\/wp\/v2\/product_brand?post=3676"},{"taxonomy":"product_cat","embeddable":true,"href":"https:\/\/snoeck.de\/es\/wp-json\/wp\/v2\/product_cat?post=3676"},{"taxonomy":"product_tag","embeddable":true,"href":"https:\/\/snoeck.de\/es\/wp-json\/wp\/v2\/product_tag?post=3676"}],"curies":[{"name":"wp","href":"https:\/\/api.w.org\/{rel}","templated":true}]}}