{"id":3677,"date":"2025-01-31T11:31:29","date_gmt":"2025-01-31T11:31:29","guid":{"rendered":"https:\/\/snoeck.process-vision.de\/shop\/olivier-mosset-tutu\/"},"modified":"2025-04-01T11:59:55","modified_gmt":"2025-04-01T11:59:55","slug":"olivier-mosset-tutu","status":"publish","type":"product","link":"https:\/\/snoeck.de\/es\/shop\/olivier-mosset-tutu\/","title":{"rendered":"Olivier Mosset: TUTU"},"content":{"rendered":"<h3>De estrella a TUTU<\/h3>\n<p>Olivier Mosset, nacido en Berna en 1944, vive en Tucson (Arizona) desde 1996. Desde mediados de los a\u00f1os 70, se le considera un representante de la llamada Pintura Radical, un enfoque abstracto-geom\u00e9trico de la pintura que pas\u00f3 a la historia del arte en 1977 con la exposici\u00f3n \"Radical Painting\" en Williamstown, Nueva York, que defini\u00f3 el estilo. Uno de sus ideales era socavar la originalidad art\u00edstica mediante la objetividad y la serialidad. El punto de partida era la cuesti\u00f3n de qu\u00e9 es la pintura y c\u00f3mo funciona. Olivier Mosset ha creado una obra diversa de obras monocromas y abstracto-geom\u00e9tricas sobre esta cuesti\u00f3n, que desaf\u00edan cualquier atribuci\u00f3n mistificadora de significado. La exposici\u00f3n y el libro lo demuestran de manera ejemplar y ofrecen una visi\u00f3n diversa de la obra de Olivier Mosset: desde los anillos circulares negros hasta las pinturas de rayas bicolores, pasando por las estrellas y los lienzos monocromos, ejecutados sin ning\u00fan estilo individual. Olivier Mosset comenz\u00f3 su carrera art\u00edstica en Par\u00eds en 1962 como ayudante de Jean Tinguely y Daniel Spoerri. All\u00ed conoci\u00f3 a Daniel Buren, Michel Parmentier y Niele Toroni, con los que atac\u00f3 frontalmente al Expresionismo Abstracto y, por tanto, a la Nouvelle \u00c9cole de Paris en cuatro provocadoras acciones conjuntas entre enero y septiembre de 1967. Se hicieron llamar BMPT por sus iniciales, pero pronto disolvieron el grupo. Quer\u00edan cuestionar fundamentalmente el estilo de pintura imperante, empezar de cero, formular un estilo de pintura que s\u00f3lo se refiriera a s\u00ed mismo. En 1968, Olivier Mosset se convirti\u00f3 en miembro del grupo parisino \"Vive la R\u00e9volution\", y en la d\u00e9cada de 1970 se sinti\u00f3 atra\u00eddo repetidamente por Nueva York, donde conoci\u00f3 a Andy Warhol y estudi\u00f3 intensamente la obra de Robert Ryman. Obras m\u00e1s recientes, como la hom\u00f3nima \"TUTU\" de 2013, un juego de palabras que hace referencia al dibujo de otro artista: una bailarina de Marcel Duchamp, completan el arco.<\/p>\n<p>Exposici\u00f3n:<br \/>\nMuseo Haus Konstruktiv Z\u00farich, 30\/5 - 9\/9\/2019<\/p>","protected":false},"excerpt":{"rendered":"<p>Cat\u00e1logo de la exposici\u00f3n, Museum Haus Konstruktiv Zurich, editado por Sabine Schaschl<br \/>\nTextos (alem\u00e1n\/ingl\u00e9s) de Evelyne Bucher, Philip Ursprung y una entrevista con la artista realizada por Sabine Schaschl.<br \/>\n160 p. con 91 ilustraciones en color<br \/>\nFormato 27 x 23 cm, tapa dura<\/p>","protected":false},"featured_media":5093,"template":"","meta":[],"product_brand":[],"product_cat":[110,70],"product_tag":[],"class_list":{"0":"post-3677","1":"product","2":"type-product","3":"status-publish","4":"has-post-thumbnail","6":"product_cat-110","7":"product_cat-m","9":"first","10":"instock","11":"taxable","12":"shipping-taxable","13":"purchasable","14":"product-type-simple"},"aioseo_notices":[],"_wp_attached_file":null,"_wp_attachment_metadata":null,"_wc_attachment_source":null,"_elementor_inline_svg":null,"_elementor_is_screenshot":null,"_elementor_source_image_hash":null,"_source_url":null,"_wp_attachment_context":null,"_menu_item_type":null,"_menu_item_menu_item_parent":null,"_menu_item_object_id":null,"_menu_item_object":null,"_menu_item_target":null,"_menu_item_classes":null,"_menu_item_xfn":null,"_menu_item_url":null,"__elementor_forms_snapshot":null,"_unit":"","_unit_base":"","_unit_product":"","_unit_price_auto":"no","_unit_price_regular":"","_unit_price":"","_unit_price_sale":"","_sale_price_label":"","_sale_price_regular_label":"","_manufacturer_slug":"","_mini_desc":"","_defect_description":"","_safety_instructions":"","_allergen_ids":[],"_warranty_attachment_id":"","_safety_attachment_ids":[],"_min_age":"","_ts_gtin":"","_ts_mpn":"","_delivery_time_countries":[],"_free_shipping":"no","_service":"no","_photovoltaic_system":"no","_used_good":"no","_defective_copy":"no","_wireless_electronic_device":"no","_device_contains_power_supply":"no","_device_charging_supports_usb_pd":"no","_device_charging_watt_min":"0","_device_charging_watt_max":"0","_is_food":"no","_differential_taxation":"no","_gzd_version":"3.18.7","_hs_code":"","_customs_description":"","_manufacture_country":"0","_is_non_returnable":"no","_shipping_length":"","_shipping_width":"","_shipping_height":"","_sku":"ISBN 978-3-86442-295-9","_global_unique_id":"978-3-86442-295-9","_regular_price":"58","total_sales":"0","_tax_status":"taxable","_tax_class":"","_manage_stock":"no","_backorders":"no","_sold_individually":"no","_weight":"1","_virtual":"no","_downloadable":"no","_download_limit":"-1","_download_expiry":"-1","_stock":"","_stock_status":"instock","_wc_average_rating":"0","_wc_review_count":"0","_product_version":"9.7.1","_price":"58","shopengine_product_views_count":"2453","_thumbnail_id":"5093","_product_attributes":{"erscheinungsdatum":{"name":"Erscheinungsdatum","value":"02.08.2019","position":0,"is_visible":1,"is_variation":0,"is_taxonomy":0,"checkout_visible":0}},"_nutrient_ids":[],"_upsell_ids":null,"pswc_subtitle":null,"_default_delivery_time":null,"_wp_desired_post_slug":null,"_isbn":null,"pageType":null,"isExternalUrl":null,"pageId":null,"externalUrl":null,"hideCookieBanner":null,"isTargetBlank":null,"isProviderCurrentWebsite":null,"isEmbeddingOnlyExternalResources":null,"legalBasis":null,"dataProcessingInCountries":null,"dataProcessingInCountriesSpecialTreatments":null,"technicalDefinitions":null,"googleConsentModeConsentTypes":null,"executePriority":null,"executeCodeOptInWhenNoTagManagerConsentIsGiven":null,"executeCodeOptOutWhenNoTagManagerConsentIsGiven":null,"deleteTechnicalDefinitionsAfterOptOut":null,"presetId":null,"presetVersion":null,"provider":null,"providerContactPhone":null,"providerContactEmail":null,"providerContactLink":null,"uniqueName":null,"providerPrivacyPolicyUrl":null,"providerLegalNoticeUrl":null,"codeOptIn":null,"codeOptOut":null,"codeOnPageLoad":null,"language_code":null,"shopengine_template__post_meta__type":null,"shopengine_template__post_meta":null,"shopengine_template__post_meta__edit_with":null,"origin":null,"_enabled":null,"_filters":null,"_layout":null,"_elementor_import_session_id":null,"_wp_trash_meta_status":null,"_wp_trash_meta_time":null,"_edit_lock":"1743508655:2","_elementor_floating_elements_type":null,"_elementor_edit_mode":null,"_elementor_template_type":null,"tc-thumb-fld":{"_thumb_id":5093,"_thumb_type":"thumb"},"_wp_page_template":"default","_elementor_version":null,"_elementor_pro_version":null,"_elementor_page_settings":null,"_elementor_data":null,"_elementor_conditions":null,"_elementor_popup_display_settings":null,"_edit_last":"2","_elementor_template_sub_type":null,"_elementor_controls_usage":null,"_elementor_screenshot":null,"_elementor_css":null,"_elementor_page_assets":[],"_elementor_element_cache":null,"_elementor_screenshot_failed":null,"_elementor_source":null,"_wp_old_date":null,"layout_key":"","post_slider_check_key":"0","_links":{"self":[{"href":"https:\/\/snoeck.de\/es\/wp-json\/wp\/v2\/product\/3677","targetHints":{"allow":["GET"]}}],"collection":[{"href":"https:\/\/snoeck.de\/es\/wp-json\/wp\/v2\/product"}],"about":[{"href":"https:\/\/snoeck.de\/es\/wp-json\/wp\/v2\/types\/product"}],"wp:featuredmedia":[{"embeddable":true,"href":"https:\/\/snoeck.de\/es\/wp-json\/wp\/v2\/media\/5093"}],"wp:attachment":[{"href":"https:\/\/snoeck.de\/es\/wp-json\/wp\/v2\/media?parent=3677"}],"wp:term":[{"taxonomy":"product_brand","embeddable":true,"href":"https:\/\/snoeck.de\/es\/wp-json\/wp\/v2\/product_brand?post=3677"},{"taxonomy":"product_cat","embeddable":true,"href":"https:\/\/snoeck.de\/es\/wp-json\/wp\/v2\/product_cat?post=3677"},{"taxonomy":"product_tag","embeddable":true,"href":"https:\/\/snoeck.de\/es\/wp-json\/wp\/v2\/product_tag?post=3677"}],"curies":[{"name":"wp","href":"https:\/\/api.w.org\/{rel}","templated":true}]}}