{"id":3679,"date":"2025-01-31T11:31:31","date_gmt":"2025-01-31T11:31:31","guid":{"rendered":"https:\/\/snoeck.process-vision.de\/shop\/christopher-muller-easy-tools\/"},"modified":"2025-04-01T11:56:59","modified_gmt":"2025-04-01T11:56:59","slug":"christopher-muller-easy-tools","status":"publish","type":"product","link":"https:\/\/snoeck.de\/es\/shop\/christopher-muller-easy-tools\/","title":{"rendered":"Christopher Muller: herramientas sencillas"},"content":{"rendered":"<h3>Uno de los protagonistas m\u00e1s ins\u00f3litos de la escena fotogr\u00e1fica de Renania<\/h3>\n<p>Christopher Muller, profesor de fotograf\u00eda art\u00edstica en la Universidad Folkwang desde 2009, es uno de los protagonistas m\u00e1s singulares de la escena fotogr\u00e1fica de Renania desde mediados\/finales de los a\u00f1os noventa. Con premios de arte del Kunstfonds Bonn en 1995 y de la Fundaci\u00f3n Krupp von Bohlen und Halbach en 2004, por ejemplo, el artista, que creci\u00f3 en Londres y se form\u00f3 en el Camberwell College of Arts &amp; Craft, en la Slade School of Fine Art de Londres y finalmente en la Kunstakademie de D\u00fcsseldorf, ha encontrado su lugar en la escena. Siempre se ha caracterizado por su enfoque especial, que le distingue de sus colegas. Procede de la naturaleza muerta y caus\u00f3 sensaci\u00f3n en los a\u00f1os 90 con sus fotograf\u00edas de objetos en serie. Sus collages fotogr\u00e1ficos y acuarelas m\u00e1s recientes, que cada vez ocupan m\u00e1s espacio, se centran en la relaci\u00f3n entre las cosas y nuestra visi\u00f3n de ellas. Las im\u00e1genes dejan claro que el espectador est\u00e1 envuelto en una compleja red de sentimientos, gustos y aversiones, que tambi\u00e9n est\u00e1n determinados por sus expectativas y acciones en la vida cotidiana.<\/p>","protected":false},"excerpt":{"rendered":"<p>Texto (alem\u00e1n\/ingl\u00e9s) de Peter Friese<br \/>\n152 p. con 77 ilustraciones en color<br \/>\nFormato 33 x 24,2 cm, lino con gofrado bicolor<\/p>","protected":false},"featured_media":5095,"template":"","meta":[],"product_brand":[],"product_cat":[87,70],"product_tag":[],"class_list":{"0":"post-3679","1":"product","2":"type-product","3":"status-publish","4":"has-post-thumbnail","6":"product_cat-87","7":"product_cat-m","9":"first","10":"instock","11":"taxable","12":"shipping-taxable","13":"purchasable","14":"product-type-simple"},"aioseo_notices":[],"_wp_attached_file":null,"_wp_attachment_metadata":null,"_wc_attachment_source":null,"_elementor_inline_svg":null,"_elementor_is_screenshot":null,"_elementor_source_image_hash":null,"_source_url":null,"_wp_attachment_context":null,"_menu_item_type":null,"_menu_item_menu_item_parent":null,"_menu_item_object_id":null,"_menu_item_object":null,"_menu_item_target":null,"_menu_item_classes":null,"_menu_item_xfn":null,"_menu_item_url":null,"__elementor_forms_snapshot":null,"_unit":"","_unit_base":"","_unit_product":"","_unit_price_auto":"no","_unit_price_regular":"","_unit_price":"","_unit_price_sale":"","_sale_price_label":"","_sale_price_regular_label":"","_manufacturer_slug":"","_mini_desc":"","_defect_description":"","_safety_instructions":"","_allergen_ids":[],"_warranty_attachment_id":"","_safety_attachment_ids":[],"_min_age":"","_ts_gtin":"","_ts_mpn":"","_delivery_time_countries":[],"_free_shipping":"no","_service":"no","_photovoltaic_system":"no","_used_good":"no","_defective_copy":"no","_wireless_electronic_device":"no","_device_contains_power_supply":"no","_device_charging_supports_usb_pd":"no","_device_charging_watt_min":"0","_device_charging_watt_max":"0","_is_food":"no","_differential_taxation":"no","_gzd_version":"3.18.7","_hs_code":"","_customs_description":"","_manufacture_country":"0","_is_non_returnable":"no","_shipping_length":"","_shipping_width":"","_shipping_height":"","_sku":"ISBN 978-3-86442-429-8","_global_unique_id":"978-3-86442-429-8","_regular_price":"58","total_sales":"0","_tax_status":"taxable","_tax_class":"","_manage_stock":"no","_backorders":"no","_sold_individually":"no","_weight":"2","_virtual":"no","_downloadable":"no","_download_limit":"-1","_download_expiry":"-1","_stock":"","_stock_status":"instock","_wc_average_rating":"0","_wc_review_count":"0","_product_version":"9.7.1","_price":"58","shopengine_product_views_count":"2610","_thumbnail_id":"5095","_product_attributes":{"erscheinungsdatum":{"name":"Erscheinungsdatum","value":"05.10.2023","position":0,"is_visible":1,"is_variation":0,"is_taxonomy":0,"checkout_visible":0}},"_nutrient_ids":[],"_upsell_ids":null,"pswc_subtitle":null,"_default_delivery_time":null,"_wp_desired_post_slug":null,"_isbn":null,"pageType":null,"isExternalUrl":null,"pageId":null,"externalUrl":null,"hideCookieBanner":null,"isTargetBlank":null,"isProviderCurrentWebsite":null,"isEmbeddingOnlyExternalResources":null,"legalBasis":null,"dataProcessingInCountries":null,"dataProcessingInCountriesSpecialTreatments":null,"technicalDefinitions":null,"googleConsentModeConsentTypes":null,"executePriority":null,"executeCodeOptInWhenNoTagManagerConsentIsGiven":null,"executeCodeOptOutWhenNoTagManagerConsentIsGiven":null,"deleteTechnicalDefinitionsAfterOptOut":null,"presetId":null,"presetVersion":null,"provider":null,"providerContactPhone":null,"providerContactEmail":null,"providerContactLink":null,"uniqueName":null,"providerPrivacyPolicyUrl":null,"providerLegalNoticeUrl":null,"codeOptIn":null,"codeOptOut":null,"codeOnPageLoad":null,"language_code":null,"shopengine_template__post_meta__type":null,"shopengine_template__post_meta":null,"shopengine_template__post_meta__edit_with":null,"origin":null,"_enabled":null,"_filters":null,"_layout":null,"_elementor_import_session_id":null,"_wp_trash_meta_status":null,"_wp_trash_meta_time":null,"_edit_lock":"1743508481:2","_elementor_floating_elements_type":null,"_elementor_edit_mode":null,"_elementor_template_type":null,"tc-thumb-fld":{"_thumb_id":5095,"_thumb_type":"thumb"},"_wp_page_template":"default","_elementor_version":null,"_elementor_pro_version":null,"_elementor_page_settings":null,"_elementor_data":null,"_elementor_conditions":null,"_elementor_popup_display_settings":null,"_edit_last":"2","_elementor_template_sub_type":null,"_elementor_controls_usage":null,"_elementor_screenshot":null,"_elementor_css":null,"_elementor_page_assets":[],"_elementor_element_cache":null,"_elementor_screenshot_failed":null,"_elementor_source":null,"_wp_old_date":null,"layout_key":"","post_slider_check_key":"0","_links":{"self":[{"href":"https:\/\/snoeck.de\/es\/wp-json\/wp\/v2\/product\/3679","targetHints":{"allow":["GET"]}}],"collection":[{"href":"https:\/\/snoeck.de\/es\/wp-json\/wp\/v2\/product"}],"about":[{"href":"https:\/\/snoeck.de\/es\/wp-json\/wp\/v2\/types\/product"}],"wp:featuredmedia":[{"embeddable":true,"href":"https:\/\/snoeck.de\/es\/wp-json\/wp\/v2\/media\/5095"}],"wp:attachment":[{"href":"https:\/\/snoeck.de\/es\/wp-json\/wp\/v2\/media?parent=3679"}],"wp:term":[{"taxonomy":"product_brand","embeddable":true,"href":"https:\/\/snoeck.de\/es\/wp-json\/wp\/v2\/product_brand?post=3679"},{"taxonomy":"product_cat","embeddable":true,"href":"https:\/\/snoeck.de\/es\/wp-json\/wp\/v2\/product_cat?post=3679"},{"taxonomy":"product_tag","embeddable":true,"href":"https:\/\/snoeck.de\/es\/wp-json\/wp\/v2\/product_tag?post=3679"}],"curies":[{"name":"wp","href":"https:\/\/api.w.org\/{rel}","templated":true}]}}