{"id":3682,"date":"2025-01-31T11:31:32","date_gmt":"2025-01-31T11:31:32","guid":{"rendered":"https:\/\/snoeck.process-vision.de\/shop\/maki-na-kamura-o-lala-von-was-fuer-glaenzenden-liebhabereien-ich-traeumte\/"},"modified":"2026-04-08T15:01:13","modified_gmt":"2026-04-08T14:01:13","slug":"maki-na-kamura-o-lala-von-was-fuer-glaenzenden-liebhabereien-ich-traeumte","status":"publish","type":"product","link":"https:\/\/snoeck.de\/es\/shop\/maki-na-kamura-o-lala-von-was-fuer-glaenzenden-liebhabereien-ich-traeumte\/","title":{"rendered":"Maki Na Kamura: \u00a1oh lala, qu\u00e9 brillantes amores so\u00f1\u00e9!"},"content":{"rendered":"<h3>Y as\u00ed escuch\u00e9 desde el bordillo<\/h3>\n<p>Maki Na Kamura es una artista de ra\u00edces japonesas que vive en Alemania. En 2012 recibi\u00f3 el \"Prix Marcel Broodthaers - en peinture\" y en 2013 el Premio Falkenrot de K\u00fcnstlerhaus Bethanien, Berl\u00edn. Toma prestada su pintura de la pintura occidental tradicional y cita como ejemplos a Giorgione y Millet. Christoph Tannert escribe que sus \"pinturas son un compromiso con lo inacabado. Esto incluye siempre el triunfo de la voluntad rom\u00e1ntica junto con la huida hacia estructuras laber\u00ednticas y la desesperanza\". El encanto de esta pintura se debe, entre otras cosas, al uso de medios pict\u00f3ricos especiales y al trabajo seg\u00fan m\u00e9todos muy individuales, que hacen que el cuadro parezca poco dogm\u00e1tico en su concepci\u00f3n, fluido, aireado e impregnado de luz. Maki Na Kamura s\u00f3lo insin\u00faa cosas, y consigue un efecto precisamente haci\u00e9ndolo. Sus cuadros se convierten as\u00ed en suaves variaciones de la imagen como fermento estimulante del mundo e impronta del mundo\". La artista parafrasea a Mishima sobre el elemento del tiempo en los jardines japoneses: donde uno espera un oscuro recuerdo, de repente aparece una vista alegre, y uno cree que ya ha entrado en el futuro.<\/p>\n<p>Exposici\u00f3n:<br \/>\nOldenburger Kunstverein, 9\/12 - 11\/2\/2014<\/p>","protected":false},"excerpt":{"rendered":"<p>Cat\u00e1logo de la exposici\u00f3n, Oldenburger Kunstverein, editado por Gina Kehayoff<br \/>\nTexto (alem\u00e1n\/ingl\u00e9s) de Bazon Brock<br \/>\n96 p. con 30 ilustraciones en color<br \/>\nFormato 30 x 25 cm, tapa dura con sobrecubierta<\/p>","protected":false},"featured_media":5098,"template":"","meta":[],"product_brand":[],"product_cat":[95],"product_tag":[],"class_list":{"0":"post-3682","1":"product","2":"type-product","3":"status-publish","4":"has-post-thumbnail","6":"product_cat-vergriffen","8":"first","9":"outofstock","10":"taxable","11":"shipping-taxable","12":"product-type-simple"},"aioseo_notices":[],"_wp_attached_file":null,"_wp_attachment_metadata":null,"_wc_attachment_source":null,"_elementor_inline_svg":null,"_elementor_is_screenshot":null,"_elementor_source_image_hash":null,"_source_url":null,"_wp_attachment_context":null,"_menu_item_type":null,"_menu_item_menu_item_parent":null,"_menu_item_object_id":null,"_menu_item_object":null,"_menu_item_target":null,"_menu_item_classes":null,"_menu_item_xfn":null,"_menu_item_url":null,"__elementor_forms_snapshot":null,"_unit":"","_unit_base":"","_unit_product":"","_unit_price_auto":"no","_unit_price_regular":"","_unit_price":"","_unit_price_sale":"","_sale_price_label":"","_sale_price_regular_label":"","_manufacturer_slug":"","_mini_desc":"","_defect_description":"","_safety_instructions":"","_allergen_ids":[],"_warranty_attachment_id":"","_safety_attachment_ids":[],"_min_age":"","_ts_gtin":"","_ts_mpn":"","_delivery_time_countries":[],"_free_shipping":"no","_service":"no","_photovoltaic_system":"no","_used_good":"no","_defective_copy":"no","_wireless_electronic_device":"no","_device_contains_power_supply":"no","_device_charging_supports_usb_pd":"no","_device_charging_watt_min":"0","_device_charging_watt_max":"0","_is_food":"no","_differential_taxation":"no","_gzd_version":"3.18.7","_hs_code":"","_customs_description":"","_manufacture_country":"0","_is_non_returnable":"no","_shipping_length":"","_shipping_width":"","_shipping_height":"","_sku":"ISBN 978-3-86442-096-2","_global_unique_id":"978-3-86442-096-2","_regular_price":null,"total_sales":"0","_tax_status":"taxable","_tax_class":"","_manage_stock":"no","_backorders":"no","_sold_individually":"no","_weight":"1","_virtual":"no","_downloadable":"no","_download_limit":"-1","_download_expiry":"-1","_stock":"","_stock_status":"outofstock","_wc_average_rating":"0","_wc_review_count":"0","_product_version":"10.1.4","_price":"","shopengine_product_views_count":"2750","_thumbnail_id":"5098","_product_attributes":{"erscheinungsdatum":{"name":"Fecha de publicaci\u00f3n","value":"10.09.2014","position":0,"is_visible":1,"is_variation":0,"is_taxonomy":0,"checkout_visible":0}},"_nutrient_ids":[],"_upsell_ids":null,"pswc_subtitle":null,"_default_delivery_time":null,"_wp_desired_post_slug":null,"_isbn":null,"pageType":null,"isExternalUrl":null,"pageId":null,"externalUrl":null,"hideCookieBanner":null,"isTargetBlank":null,"isProviderCurrentWebsite":null,"isEmbeddingOnlyExternalResources":null,"legalBasis":null,"dataProcessingInCountries":null,"dataProcessingInCountriesSpecialTreatments":null,"technicalDefinitions":null,"googleConsentModeConsentTypes":null,"executePriority":null,"executeCodeOptInWhenNoTagManagerConsentIsGiven":null,"executeCodeOptOutWhenNoTagManagerConsentIsGiven":null,"deleteTechnicalDefinitionsAfterOptOut":null,"presetId":null,"presetVersion":null,"provider":null,"providerContactPhone":null,"providerContactEmail":null,"providerContactLink":null,"uniqueName":null,"providerPrivacyPolicyUrl":null,"providerLegalNoticeUrl":null,"codeOptIn":null,"codeOptOut":null,"codeOnPageLoad":null,"language_code":null,"shopengine_template__post_meta__type":null,"shopengine_template__post_meta":null,"shopengine_template__post_meta__edit_with":null,"origin":null,"_enabled":null,"_filters":null,"_layout":null,"_elementor_import_session_id":null,"_wp_trash_meta_status":null,"_wp_trash_meta_time":null,"_edit_lock":"1743508309:2","_elementor_floating_elements_type":null,"_elementor_edit_mode":null,"_elementor_template_type":null,"tc-thumb-fld":{"_thumb_id":5098,"_thumb_type":"thumb"},"_wp_page_template":"default","_elementor_version":null,"_elementor_pro_version":null,"_elementor_page_settings":null,"_elementor_data":null,"_elementor_conditions":null,"_elementor_popup_display_settings":null,"_edit_last":"2","_elementor_template_sub_type":null,"_elementor_controls_usage":null,"_elementor_screenshot":null,"_elementor_css":null,"_elementor_page_assets":[],"_elementor_element_cache":null,"_elementor_screenshot_failed":null,"_elementor_source":null,"_wp_old_date":null,"layout_key":"","post_slider_check_key":"0","_links":{"self":[{"href":"https:\/\/snoeck.de\/es\/wp-json\/wp\/v2\/product\/3682","targetHints":{"allow":["GET"]}}],"collection":[{"href":"https:\/\/snoeck.de\/es\/wp-json\/wp\/v2\/product"}],"about":[{"href":"https:\/\/snoeck.de\/es\/wp-json\/wp\/v2\/types\/product"}],"wp:featuredmedia":[{"embeddable":true,"href":"https:\/\/snoeck.de\/es\/wp-json\/wp\/v2\/media\/5098"}],"wp:attachment":[{"href":"https:\/\/snoeck.de\/es\/wp-json\/wp\/v2\/media?parent=3682"}],"wp:term":[{"taxonomy":"product_brand","embeddable":true,"href":"https:\/\/snoeck.de\/es\/wp-json\/wp\/v2\/product_brand?post=3682"},{"taxonomy":"product_cat","embeddable":true,"href":"https:\/\/snoeck.de\/es\/wp-json\/wp\/v2\/product_cat?post=3682"},{"taxonomy":"product_tag","embeddable":true,"href":"https:\/\/snoeck.de\/es\/wp-json\/wp\/v2\/product_tag?post=3682"}],"curies":[{"name":"wp","href":"https:\/\/api.w.org\/{rel}","templated":true}]}}