{"id":3683,"date":"2025-01-31T11:31:33","date_gmt":"2025-01-31T11:31:33","guid":{"rendered":"https:\/\/snoeck.process-vision.de\/shop\/francesco-neri-trophy-and-treasure\/"},"modified":"2026-04-08T15:11:32","modified_gmt":"2026-04-08T14:11:32","slug":"francesco-neri-trophy-and-treasure","status":"publish","type":"product","link":"https:\/\/snoeck.de\/es\/shop\/francesco-neri-trophy-and-treasure\/","title":{"rendered":"Francesco Neri: Trofeo y Tesoro"},"content":{"rendered":"<h3>La combinaci\u00f3n de documental y poes\u00eda<\/h3>\n<p>Francesco Neri, nacido en Faenza, en el norte de Italia, en 1982, abre un \u00e1lbum familiar personal, un cofre del tesoro lleno de im\u00e1genes que reflejan la vida, sus momentos tranquilos y especiales, incluso m\u00e1gicos, y el paso de las generaciones, as\u00ed como las preguntas del fot\u00f3grafo a su medio. Cuando se mud\u00f3 al piso de sus abuelos fallecidos en 2008, se encontr\u00f3 con habitaciones y objetos familiares, que plasm\u00f3 en interiores y bodegones fotogr\u00e1ficos. Parec\u00edan recapitular el pasado, el paso del tiempo, transformarlo y estar bajo el hechizo de la pregunta de c\u00f3mo se ha desarrollado o sigue cambiando la propia percepci\u00f3n personal. Su abuelo era m\u00e9dico de profesi\u00f3n y, como era habitual en la regi\u00f3n, cazaba en su tiempo libre, al igual que su padre. En este sentido, la medicina y la caza han influido directa o indirectamente en la profesi\u00f3n de fot\u00f3grafo de Francesco Neri. A menudo se ha formulado el paralelismo entre fotograf\u00eda y caza. La fotograf\u00eda se ha impuesto desde hace tiempo como un instrumento reconocido para la observaci\u00f3n y la documentaci\u00f3n de los hechos encontrados y ofrece requisitos esenciales para la observaci\u00f3n anal\u00edtica de lo representado en un contexto de diagn\u00f3stico. Francesco Neri utiliza estas dimensiones combinando lo documental con lo po\u00e9tico de forma muy vers\u00e1til en el efecto de sus fotograf\u00edas tomadas con una c\u00e1mara de gran formato.<\/p>\n<p>Exposici\u00f3n:<br \/>\nLa Colecci\u00f3n Fotogr\u00e1fica\/SK Stiftung Kultur, Colonia, 1\/9\/2017 - 28\/1\/2018<\/p>","protected":false},"excerpt":{"rendered":"<p>Ed. The Photographic Collection\/SK Stiftung Kultur Colonia<br \/>\nConversaci\u00f3n de Gabriele Conrath-Scholl con Francesco Neri (alem\u00e1n\/ingl\u00e9s\/italiano)<br \/>\n136 p. con 98 ilustraciones en color y 8 en blanco y negro<br \/>\nFormato 31,5 x 28 cm, lino gofrado<\/p>","protected":false},"featured_media":5099,"template":"","meta":[],"product_brand":[],"product_cat":[95],"product_tag":[],"class_list":{"0":"post-3683","1":"product","2":"type-product","3":"status-publish","4":"has-post-thumbnail","6":"product_cat-vergriffen","8":"first","9":"outofstock","10":"taxable","11":"shipping-taxable","12":"product-type-simple"},"aioseo_notices":[],"_wp_attached_file":null,"_wp_attachment_metadata":null,"_wc_attachment_source":null,"_elementor_inline_svg":null,"_elementor_is_screenshot":null,"_elementor_source_image_hash":null,"_source_url":null,"_wp_attachment_context":null,"_menu_item_type":null,"_menu_item_menu_item_parent":null,"_menu_item_object_id":null,"_menu_item_object":null,"_menu_item_target":null,"_menu_item_classes":null,"_menu_item_xfn":null,"_menu_item_url":null,"__elementor_forms_snapshot":null,"_unit":"","_unit_base":"","_unit_product":"","_unit_price_auto":"no","_unit_price_regular":"","_unit_price":"","_unit_price_sale":"","_sale_price_label":"","_sale_price_regular_label":"","_manufacturer_slug":"","_mini_desc":"","_defect_description":"","_safety_instructions":"","_allergen_ids":[],"_warranty_attachment_id":"","_safety_attachment_ids":[],"_min_age":"","_ts_gtin":"","_ts_mpn":"","_delivery_time_countries":[],"_free_shipping":"no","_service":"no","_photovoltaic_system":"no","_used_good":"no","_defective_copy":"no","_wireless_electronic_device":"no","_device_contains_power_supply":"no","_device_charging_supports_usb_pd":"no","_device_charging_watt_min":"0","_device_charging_watt_max":"0","_is_food":"no","_differential_taxation":"no","_gzd_version":"3.18.7","_hs_code":"","_customs_description":"","_manufacture_country":"0","_is_non_returnable":"no","_shipping_length":"","_shipping_width":"","_shipping_height":"","_sku":"ISBN 978-3-86442-196-9","_global_unique_id":"978-3-86442-196-9","_regular_price":null,"total_sales":"0","_tax_status":"taxable","_tax_class":"","_manage_stock":"no","_backorders":"no","_sold_individually":"no","_weight":"2","_virtual":"no","_downloadable":"no","_download_limit":"-1","_download_expiry":"-1","_stock":"","_stock_status":"outofstock","_wc_average_rating":"0","_wc_review_count":"0","_product_version":"10.1.4","_price":"","shopengine_product_views_count":"3247","_thumbnail_id":"5099","_product_attributes":{"erscheinungsdatum":{"name":"Fecha de publicaci\u00f3n","value":"28.08.2017","position":0,"is_visible":1,"is_variation":0,"is_taxonomy":0,"checkout_visible":0}},"_nutrient_ids":[],"_upsell_ids":null,"pswc_subtitle":null,"_default_delivery_time":null,"_wp_desired_post_slug":null,"_isbn":null,"pageType":null,"isExternalUrl":null,"pageId":null,"externalUrl":null,"hideCookieBanner":null,"isTargetBlank":null,"isProviderCurrentWebsite":null,"isEmbeddingOnlyExternalResources":null,"legalBasis":null,"dataProcessingInCountries":null,"dataProcessingInCountriesSpecialTreatments":null,"technicalDefinitions":null,"googleConsentModeConsentTypes":null,"executePriority":null,"executeCodeOptInWhenNoTagManagerConsentIsGiven":null,"executeCodeOptOutWhenNoTagManagerConsentIsGiven":null,"deleteTechnicalDefinitionsAfterOptOut":null,"presetId":null,"presetVersion":null,"provider":null,"providerContactPhone":null,"providerContactEmail":null,"providerContactLink":null,"uniqueName":null,"providerPrivacyPolicyUrl":null,"providerLegalNoticeUrl":null,"codeOptIn":null,"codeOptOut":null,"codeOnPageLoad":null,"language_code":null,"shopengine_template__post_meta__type":null,"shopengine_template__post_meta":null,"shopengine_template__post_meta__edit_with":null,"origin":null,"_enabled":null,"_filters":null,"_layout":null,"_elementor_import_session_id":null,"_wp_trash_meta_status":null,"_wp_trash_meta_time":null,"_edit_lock":"1743508089:2","_elementor_floating_elements_type":null,"_elementor_edit_mode":null,"_elementor_template_type":null,"tc-thumb-fld":{"_thumb_id":5099,"_thumb_type":"thumb"},"_wp_page_template":"default","_elementor_version":null,"_elementor_pro_version":null,"_elementor_page_settings":null,"_elementor_data":null,"_elementor_conditions":null,"_elementor_popup_display_settings":null,"_edit_last":"2","_elementor_template_sub_type":null,"_elementor_controls_usage":null,"_elementor_screenshot":null,"_elementor_css":null,"_elementor_page_assets":[],"_elementor_element_cache":null,"_elementor_screenshot_failed":null,"_elementor_source":null,"_wp_old_date":null,"layout_key":"","post_slider_check_key":"0","_links":{"self":[{"href":"https:\/\/snoeck.de\/es\/wp-json\/wp\/v2\/product\/3683","targetHints":{"allow":["GET"]}}],"collection":[{"href":"https:\/\/snoeck.de\/es\/wp-json\/wp\/v2\/product"}],"about":[{"href":"https:\/\/snoeck.de\/es\/wp-json\/wp\/v2\/types\/product"}],"wp:featuredmedia":[{"embeddable":true,"href":"https:\/\/snoeck.de\/es\/wp-json\/wp\/v2\/media\/5099"}],"wp:attachment":[{"href":"https:\/\/snoeck.de\/es\/wp-json\/wp\/v2\/media?parent=3683"}],"wp:term":[{"taxonomy":"product_brand","embeddable":true,"href":"https:\/\/snoeck.de\/es\/wp-json\/wp\/v2\/product_brand?post=3683"},{"taxonomy":"product_cat","embeddable":true,"href":"https:\/\/snoeck.de\/es\/wp-json\/wp\/v2\/product_cat?post=3683"},{"taxonomy":"product_tag","embeddable":true,"href":"https:\/\/snoeck.de\/es\/wp-json\/wp\/v2\/product_tag?post=3683"}],"curies":[{"name":"wp","href":"https:\/\/api.w.org\/{rel}","templated":true}]}}