{"id":3688,"date":"2025-01-31T11:31:36","date_gmt":"2025-01-31T11:31:36","guid":{"rendered":"https:\/\/snoeck.process-vision.de\/shop\/nils-nova-works-so-far\/"},"modified":"2025-04-01T11:39:58","modified_gmt":"2025-04-01T11:39:58","slug":"nils-nova-works-so-far","status":"publish","type":"product","link":"https:\/\/snoeck.de\/es\/shop\/nils-nova-works-so-far\/","title":{"rendered":"Nils Nova: Funciona hasta ahora"},"content":{"rendered":"<h3>Im\u00e1genes\" en espejo<\/h3>\n<p>Cualquiera que haya mirado el tiempo suficiente al centro de este cuadro amarillo arder\u00e1 a trav\u00e9s de los listones de la tumbona. Esta peque\u00f1a broma pict\u00f3rica en la primera publicaci\u00f3n monogr\u00e1fica verdaderamente completa de la obra de Nils Nova hasta la fecha act\u00faa como aperitivo y es capaz de atraer al espectador a\u00fan m\u00e1s profundamente en su obra. Al igual que hizo Nils Nova en 2009, cuando fue invitado a participar en la Bienal de Venecia, al fotografiar primero el espacio de exposici\u00f3n vac\u00edo de los Artiglieri dell'Arsenale en su sentido longitudinal como toma invertida y colocar despu\u00e9s las caras opuestas, captadas frontalmente, como instalaci\u00f3n fotogr\u00e1fica en el espacio previamente fotografiado.<br \/>\nNo son s\u00f3lo las imponentes dimensiones, escribe Max Wechsler en su excelente y esclarecedor ensayo, las que socavan la imaginaci\u00f3n cuando el montaje de las \"im\u00e1genes especulares\" fotogr\u00e1ficas hace que el espacio real, en su extrema disoluci\u00f3n de los l\u00edmites, haga oscilar el propio punto de vista y la propia perspectiva; m\u00e1s bien, la disoluci\u00f3n de los l\u00edmites, una experiencia vacilante de la apariencia y la realidad, contin\u00faa a\u00fan m\u00e1s cuando un cuadro real cuelga de repente de la pared blanca dentro del espacio fotografiado, que parece flotar libremente en el espacio sobre el fondo fotogr\u00e1fico. Adem\u00e1s, el centro pulido del cuadro pintado sobre acero cromado parece un espejo real. El espectador se ve a s\u00ed mismo y a su entorno proyectado en el cuadro y se convierte as\u00ed involuntariamente en parte de su propia percepci\u00f3n, que est\u00e1 casi al borde de la desesperaci\u00f3n debido a los niveles flotantes.<br \/>\nNils Nova es un artista que utiliza la pintura, la fotograf\u00eda, el v\u00eddeo y el metraje encontrado para escenificar con inteligencia las tendencias de encantamiento y mistificaci\u00f3n inherentes a su diverso material. No es de extra\u00f1ar, por tanto, que entren en juego simulacros y mundos paralelos y que no sea necesario contemplar la sombra de Peter Schlemihl u otras almas vendidas para sentir un ligero v\u00e9rtigo.<\/p>\n<p>Exposiciones:<br \/>\nPhotoforum PasquArt, Biel\/Bienne, 19\/06-21\/08\/2011<br \/>\nKunstverein Heilbronn, 24\/3-6\/5\/2012<\/p>","protected":false},"excerpt":{"rendered":"<p>Editado por Max Wechsler<br \/>\nTextos (alem\u00e1n\/ingl\u00e9s\/franc\u00e9s) de Irma Arestizabal, H\u00e9l\u00e8ne Cagnard, Max Wechsler<br \/>\n224 p. con 180 ilustraciones en color<br \/>\nFormato 30 x 23,5 cm, tapa dura con sobrecubierta de doble pliegue<\/p>","protected":false},"featured_media":5104,"template":"","meta":[],"product_brand":[],"product_cat":[107,71],"product_tag":[],"class_list":{"0":"post-3688","1":"product","2":"type-product","3":"status-publish","4":"has-post-thumbnail","6":"product_cat-107","7":"product_cat-n","9":"first","10":"instock","11":"taxable","12":"shipping-taxable","13":"purchasable","14":"product-type-simple"},"aioseo_notices":[],"_wp_attached_file":null,"_wp_attachment_metadata":null,"_wc_attachment_source":null,"_elementor_inline_svg":null,"_elementor_is_screenshot":null,"_elementor_source_image_hash":null,"_source_url":null,"_wp_attachment_context":null,"_menu_item_type":null,"_menu_item_menu_item_parent":null,"_menu_item_object_id":null,"_menu_item_object":null,"_menu_item_target":null,"_menu_item_classes":null,"_menu_item_xfn":null,"_menu_item_url":null,"__elementor_forms_snapshot":null,"_unit":"","_unit_base":"","_unit_product":"","_unit_price_auto":"no","_unit_price_regular":"","_unit_price":"","_unit_price_sale":"","_sale_price_label":"","_sale_price_regular_label":"","_manufacturer_slug":"","_mini_desc":"","_defect_description":"","_safety_instructions":"","_allergen_ids":[],"_warranty_attachment_id":"","_safety_attachment_ids":[],"_min_age":"","_ts_gtin":"","_ts_mpn":"","_delivery_time_countries":[],"_free_shipping":"no","_service":"no","_photovoltaic_system":"no","_used_good":"no","_defective_copy":"no","_wireless_electronic_device":"no","_device_contains_power_supply":"no","_device_charging_supports_usb_pd":"no","_device_charging_watt_min":"0","_device_charging_watt_max":"0","_is_food":"no","_differential_taxation":"no","_gzd_version":"3.18.7","_hs_code":"","_customs_description":"","_manufacture_country":"0","_is_non_returnable":"no","_shipping_length":"","_shipping_width":"","_shipping_height":"","_sku":"ISBN 978-3-940953-87-2","_global_unique_id":"978-3-940953-87-2","_regular_price":"48","total_sales":"0","_tax_status":"taxable","_tax_class":"","_manage_stock":"no","_backorders":"no","_sold_individually":"no","_weight":"2","_virtual":"no","_downloadable":"no","_download_limit":"-1","_download_expiry":"-1","_stock":"","_stock_status":"instock","_wc_average_rating":"0","_wc_review_count":"0","_product_version":"9.7.1","_price":"48","shopengine_product_views_count":"2515","_thumbnail_id":"5104","_product_attributes":{"erscheinungsdatum":{"name":"Fecha de publicaci\u00f3n","value":"20.07.2011","position":0,"is_visible":1,"is_variation":0,"is_taxonomy":0,"checkout_visible":0}},"_nutrient_ids":[],"_upsell_ids":null,"pswc_subtitle":null,"_default_delivery_time":null,"_wp_desired_post_slug":null,"_isbn":null,"pageType":null,"isExternalUrl":null,"pageId":null,"externalUrl":null,"hideCookieBanner":null,"isTargetBlank":null,"isProviderCurrentWebsite":null,"isEmbeddingOnlyExternalResources":null,"legalBasis":null,"dataProcessingInCountries":null,"dataProcessingInCountriesSpecialTreatments":null,"technicalDefinitions":null,"googleConsentModeConsentTypes":null,"executePriority":null,"executeCodeOptInWhenNoTagManagerConsentIsGiven":null,"executeCodeOptOutWhenNoTagManagerConsentIsGiven":null,"deleteTechnicalDefinitionsAfterOptOut":null,"presetId":null,"presetVersion":null,"provider":null,"providerContactPhone":null,"providerContactEmail":null,"providerContactLink":null,"uniqueName":null,"providerPrivacyPolicyUrl":null,"providerLegalNoticeUrl":null,"codeOptIn":null,"codeOptOut":null,"codeOnPageLoad":null,"language_code":null,"shopengine_template__post_meta__type":null,"shopengine_template__post_meta":null,"shopengine_template__post_meta__edit_with":null,"origin":null,"_enabled":null,"_filters":null,"_layout":null,"_elementor_import_session_id":null,"_wp_trash_meta_status":null,"_wp_trash_meta_time":null,"_edit_lock":"1743507458:2","_elementor_floating_elements_type":null,"_elementor_edit_mode":null,"_elementor_template_type":null,"tc-thumb-fld":{"_thumb_id":5104,"_thumb_type":"thumb"},"_wp_page_template":"default","_elementor_version":null,"_elementor_pro_version":null,"_elementor_page_settings":null,"_elementor_data":null,"_elementor_conditions":null,"_elementor_popup_display_settings":null,"_edit_last":"2","_elementor_template_sub_type":null,"_elementor_controls_usage":null,"_elementor_screenshot":null,"_elementor_css":null,"_elementor_page_assets":[],"_elementor_element_cache":null,"_elementor_screenshot_failed":null,"_elementor_source":null,"_wp_old_date":null,"layout_key":"","post_slider_check_key":"0","_links":{"self":[{"href":"https:\/\/snoeck.de\/es\/wp-json\/wp\/v2\/product\/3688","targetHints":{"allow":["GET"]}}],"collection":[{"href":"https:\/\/snoeck.de\/es\/wp-json\/wp\/v2\/product"}],"about":[{"href":"https:\/\/snoeck.de\/es\/wp-json\/wp\/v2\/types\/product"}],"wp:featuredmedia":[{"embeddable":true,"href":"https:\/\/snoeck.de\/es\/wp-json\/wp\/v2\/media\/5104"}],"wp:attachment":[{"href":"https:\/\/snoeck.de\/es\/wp-json\/wp\/v2\/media?parent=3688"}],"wp:term":[{"taxonomy":"product_brand","embeddable":true,"href":"https:\/\/snoeck.de\/es\/wp-json\/wp\/v2\/product_brand?post=3688"},{"taxonomy":"product_cat","embeddable":true,"href":"https:\/\/snoeck.de\/es\/wp-json\/wp\/v2\/product_cat?post=3688"},{"taxonomy":"product_tag","embeddable":true,"href":"https:\/\/snoeck.de\/es\/wp-json\/wp\/v2\/product_tag?post=3688"}],"curies":[{"name":"wp","href":"https:\/\/api.w.org\/{rel}","templated":true}]}}