{"id":3690,"date":"2025-01-31T11:31:37","date_gmt":"2025-01-31T11:31:37","guid":{"rendered":"https:\/\/snoeck.process-vision.de\/shop\/gabriela-oberkofler-api-etoile-ein-wachsendes-archiv\/"},"modified":"2025-04-01T11:36:33","modified_gmt":"2025-04-01T11:36:33","slug":"gabriela-oberkofler-api-etoile-ein-wachsendes-archiv","status":"publish","type":"product","link":"https:\/\/snoeck.de\/es\/shop\/gabriela-oberkofler-api-etoile-ein-wachsendes-archiv\/","title":{"rendered":"Gabriela Oberkofler: Api \u00e9toil\u00e9 - Un archivo en crecimiento"},"content":{"rendered":"<h3>La jud\u00eda es la estrella<\/h3>\n<p>\"Gabriela Oberkofler se dedica a las plantas \u00fatiles, colecciona y archiva semillas y relata sus experiencias con su cultivo. Tras varios meses de viaje de Hamburgo a B\u00e9rgamo, durante los cuales conoci\u00f3, entrevist\u00f3 y film\u00f3 a muchos expertos, su libro \"Api \u00e9toil\u00e9 - Ein wachsendes Archiv\" (Api \u00e9toil\u00e9 - Un archivo en crecimiento) es una documentaci\u00f3n elegante y conmovedora. Su archivo m\u00f3vil de semillas de plantas \u00fatiles, por ejemplo, concebido como un proyecto de cultivo y participaci\u00f3n, recoge aut\u00e9nticas rarezas en placas de Petri circulares y etiquetadas, incrustadas en paneles de MDF. Adem\u00e1s de semillas de la variedad de espinaca Guter Heinrich, Gabriela Oberkofler presenta, por ejemplo, semillas de la lechuga Maisbutter, la lechuga esp\u00e1rrago, el meliloto verde de jard\u00edn o el tomate de carne Riese von Omsk y la menta anisada. Adem\u00e1s de la extensa colecci\u00f3n de semillas de tomate, aparentemente menos espectaculares, la mayor secci\u00f3n del archivo est\u00e1 reservada a las jud\u00edas. Qu\u00e9 joyas, se podr\u00eda decir, qu\u00e9 perlas se re\u00fanen aqu\u00ed. Semillas de jud\u00edas bicolores, jud\u00edas que juegan con el morado, marrones junto a blancas junto a negras, redondas o m\u00e1s bien alargadas, jud\u00edas con dibujos bicolores o tricolores en la piel exterior. Estas \u00faltimas suelen clasificarse como jud\u00edas de fuego, que tambi\u00e9n se conocen como jud\u00edas escarabajo o -\u00bfqui\u00e9n podr\u00eda culparlas? - jud\u00edas vistosas. \u00a1Qu\u00e9 aspecto tienen! No cabe duda: La jud\u00eda es la estrella.<br \/>\nY luego la artista dibuja un programa interior de lo que ha recogido y almacenado de una manera inimitable. Desde hace alg\u00fan tiempo, utiliza l\u00e1pices finos para dibujar. Ofrecen tintas resistentes a la luz y se utilizaron en la serie \"Pflanzenpalaver\". Los l\u00e1pices permiten colocar las l\u00edneas muy juntas, muy pr\u00f3ximas entre s\u00ed. Esto permite tejer texturas extremadamente finas. \u00c9stas invitan al espectador a mirar m\u00e1s de cerca, a sumergirse en las abreviaturas gr\u00e1ficas. Es casi como si uno se perdiera en ellas, como si estuviera absorto en el din\u00e1mico sombreado y las detalladas l\u00edneas. Y como nada -ni objetos, ni plantas, ni insectos, ni rizomas de setas- est\u00e1 definido por contornos, sino exclusivamente por superficies de formas diferentes, los dibujos tambi\u00e9n parecen pict\u00f3ricos.<br \/>\nApi \u00e9toil\u00e9\" no consiste, por tanto, en prescribir soluciones y caminos hacia un futuro mejor. Se trata m\u00e1s bien de darse cuenta de que las cosas no pueden seguir como hasta ahora, y estar dispuestos a aguzar los sentidos y aceptar desv\u00edos, soportar la impotencia, atreverse a experimentar y explorar cosas nuevas.<br \/>\nEs innegable que apenas ha sobrevivido una cuarta parte de lo que originalmente constitu\u00eda la biodiversidad en la Tierra. Esto da que pensar.<br \/>\nSin embargo, es precisamente en esa actitud abierta hacia lo necesario e imprevisible donde la jardiner\u00eda y la pr\u00e1ctica productiva del arte son sorprendentemente similares. Se trata de responder a cuestiones socialmente relevantes utilizando las respectivas posibilidades ling\u00fc\u00edsticas o estrat\u00e9gicas. Aqu\u00ed y all\u00e1, tanto en la jardiner\u00eda como en el arte, hay que estar dispuesto a probar cosas, a observar, a escudri\u00f1ar, a preguntarse, a ensayar nuevos enfoques... y, en el mejor de los casos, acabas con una soluci\u00f3n o un proceso incipiente o una idea de la que el d\u00eda anterior ni siquiera hab\u00edas podido tener un atisbo de premonici\u00f3n.<br \/>\nO como dice Mathias von Mirbach, cofundador de la agricultura comunitaria en Alemania: \"Y lo curioso es que todo funciona\". (Andreas Baur en su contribuci\u00f3n al libro).<\/p>\n<p>Exposici\u00f3n:<br \/>\nGaler\u00eda Villa Merkel de la ciudad de Esslingen, 15\/5 - 15\/8\/2021<\/p>","protected":false},"excerpt":{"rendered":"<p>Cat\u00e1logo de la exposici\u00f3n, Villa Merkel Esslingen, editado por Andreas Baur<br \/>\nTextos (alem\u00e1n\/ingl\u00e9s) de Andreas Baur, Harald Gasser, Roman Lenz, Christiane Mennicke-Schwarz, Mathias von Mirbach, Marlies Ortner, Elisabeth Pircher, Jan Sneyd e Irina Zacharias.<br \/>\n278 p. con 172 ilustraciones en color<br \/>\nFormato 28 x 21 cm, tapa dura<\/p>","protected":false},"featured_media":5106,"template":"","meta":[],"product_brand":[],"product_cat":[85,72],"product_tag":[],"class_list":{"0":"post-3690","1":"product","2":"type-product","3":"status-publish","4":"has-post-thumbnail","6":"product_cat-85","7":"product_cat-o","9":"first","10":"instock","11":"taxable","12":"shipping-taxable","13":"purchasable","14":"product-type-simple"},"aioseo_notices":[],"_wp_attached_file":null,"_wp_attachment_metadata":null,"_wc_attachment_source":null,"_elementor_inline_svg":null,"_elementor_is_screenshot":null,"_elementor_source_image_hash":null,"_source_url":null,"_wp_attachment_context":null,"_menu_item_type":null,"_menu_item_menu_item_parent":null,"_menu_item_object_id":null,"_menu_item_object":null,"_menu_item_target":null,"_menu_item_classes":null,"_menu_item_xfn":null,"_menu_item_url":null,"__elementor_forms_snapshot":null,"_unit":"","_unit_base":"","_unit_product":"","_unit_price_auto":"no","_unit_price_regular":"","_unit_price":"","_unit_price_sale":"","_sale_price_label":"","_sale_price_regular_label":"","_manufacturer_slug":"","_mini_desc":"","_defect_description":"","_safety_instructions":"","_allergen_ids":[],"_warranty_attachment_id":"","_safety_attachment_ids":[],"_min_age":"","_ts_gtin":"","_ts_mpn":"","_delivery_time_countries":[],"_free_shipping":"no","_service":"no","_photovoltaic_system":"no","_used_good":"no","_defective_copy":"no","_wireless_electronic_device":"no","_device_contains_power_supply":"no","_device_charging_supports_usb_pd":"no","_device_charging_watt_min":"0","_device_charging_watt_max":"0","_is_food":"no","_differential_taxation":"no","_gzd_version":"3.18.7","_hs_code":"","_customs_description":"","_manufacture_country":"0","_is_non_returnable":"no","_shipping_length":"","_shipping_width":"","_shipping_height":"","_sku":"ISBN 978-3-86442-346-8","_global_unique_id":"978-3-86442-346-8","_regular_price":"48","total_sales":"0","_tax_status":"taxable","_tax_class":"","_manage_stock":"no","_backorders":"no","_sold_individually":"no","_weight":"2","_virtual":"no","_downloadable":"no","_download_limit":"-1","_download_expiry":"-1","_stock":"","_stock_status":"instock","_wc_average_rating":"0","_wc_review_count":"0","_product_version":"9.7.1","_price":"48","shopengine_product_views_count":"3626","_thumbnail_id":"5106","_product_attributes":{"erscheinungsdatum":{"name":"Fecha de publicaci\u00f3n","value":"10.11.2021","position":0,"is_visible":1,"is_variation":0,"is_taxonomy":0,"checkout_visible":0}},"_nutrient_ids":[],"_upsell_ids":null,"pswc_subtitle":null,"_default_delivery_time":null,"_wp_desired_post_slug":null,"_isbn":null,"pageType":null,"isExternalUrl":null,"pageId":null,"externalUrl":null,"hideCookieBanner":null,"isTargetBlank":null,"isProviderCurrentWebsite":null,"isEmbeddingOnlyExternalResources":null,"legalBasis":null,"dataProcessingInCountries":null,"dataProcessingInCountriesSpecialTreatments":null,"technicalDefinitions":null,"googleConsentModeConsentTypes":null,"executePriority":null,"executeCodeOptInWhenNoTagManagerConsentIsGiven":null,"executeCodeOptOutWhenNoTagManagerConsentIsGiven":null,"deleteTechnicalDefinitionsAfterOptOut":null,"presetId":null,"presetVersion":null,"provider":null,"providerContactPhone":null,"providerContactEmail":null,"providerContactLink":null,"uniqueName":null,"providerPrivacyPolicyUrl":null,"providerLegalNoticeUrl":null,"codeOptIn":null,"codeOptOut":null,"codeOnPageLoad":null,"language_code":null,"shopengine_template__post_meta__type":null,"shopengine_template__post_meta":null,"shopengine_template__post_meta__edit_with":null,"origin":null,"_enabled":null,"_filters":null,"_layout":null,"_elementor_import_session_id":null,"_wp_trash_meta_status":null,"_wp_trash_meta_time":null,"_edit_lock":"1743507780:2","_elementor_floating_elements_type":null,"_elementor_edit_mode":null,"_elementor_template_type":null,"tc-thumb-fld":{"_thumb_id":5106,"_thumb_type":"thumb"},"_wp_page_template":"default","_elementor_version":null,"_elementor_pro_version":null,"_elementor_page_settings":null,"_elementor_data":null,"_elementor_conditions":null,"_elementor_popup_display_settings":null,"_edit_last":"2","_elementor_template_sub_type":null,"_elementor_controls_usage":null,"_elementor_screenshot":null,"_elementor_css":null,"_elementor_page_assets":[],"_elementor_element_cache":null,"_elementor_screenshot_failed":null,"_elementor_source":null,"_wp_old_date":null,"layout_key":"","post_slider_check_key":"0","_links":{"self":[{"href":"https:\/\/snoeck.de\/es\/wp-json\/wp\/v2\/product\/3690","targetHints":{"allow":["GET"]}}],"collection":[{"href":"https:\/\/snoeck.de\/es\/wp-json\/wp\/v2\/product"}],"about":[{"href":"https:\/\/snoeck.de\/es\/wp-json\/wp\/v2\/types\/product"}],"wp:featuredmedia":[{"embeddable":true,"href":"https:\/\/snoeck.de\/es\/wp-json\/wp\/v2\/media\/5106"}],"wp:attachment":[{"href":"https:\/\/snoeck.de\/es\/wp-json\/wp\/v2\/media?parent=3690"}],"wp:term":[{"taxonomy":"product_brand","embeddable":true,"href":"https:\/\/snoeck.de\/es\/wp-json\/wp\/v2\/product_brand?post=3690"},{"taxonomy":"product_cat","embeddable":true,"href":"https:\/\/snoeck.de\/es\/wp-json\/wp\/v2\/product_cat?post=3690"},{"taxonomy":"product_tag","embeddable":true,"href":"https:\/\/snoeck.de\/es\/wp-json\/wp\/v2\/product_tag?post=3690"}],"curies":[{"name":"wp","href":"https:\/\/api.w.org\/{rel}","templated":true}]}}