{"id":3693,"date":"2025-01-31T11:31:39","date_gmt":"2025-01-31T11:31:39","guid":{"rendered":"https:\/\/snoeck.process-vision.de\/shop\/detlef-orlopp-ueberall-splittern-unsere-gesichtszuege-partout-nos-traits-eclatent\/"},"modified":"2025-03-13T19:05:20","modified_gmt":"2025-03-13T19:05:20","slug":"detlef-orlopp-ueberall-splittern-unsere-gesichtszuege-partout-nos-traits-eclatent","status":"publish","type":"product","link":"https:\/\/snoeck.de\/es\/shop\/detlef-orlopp-ueberall-splittern-unsere-gesichtszuege-partout-nos-traits-eclatent\/","title":{"rendered":"Detlef Orlopp: Nuestros rasgos se astillan por todas partes - partout nos traits \u00e9clatent"},"content":{"rendered":"<p>Luz, estructura, l\u00ednea, sombra = fotograf\u00edaDetlef Orlopp (*1937) comenz\u00f3 su aprendizaje como fot\u00f3grafo en 1955, y hoy, 70 a\u00f1os despu\u00e9s, el artista puede echar la vista atr\u00e1s y contemplar una obra brillante. Detlef Orlopp fue profesor en la Werkkunstschule de Krefeld hasta 1973. En 2015, el Museo Folkwang de Essen adquiri\u00f3 una parte importante de su patrimonio. Totalmente comprometido con la fotograf\u00eda anal\u00f3gica en blanco y negro, el artista \"pinta\" con luz, estructura, l\u00ednea y sombreado en el campo tem\u00e1tico de los paisajes y los retratos. Elige, por ejemplo, secciones de la superficie terrestre cuyo origen representativo oculta y reduce su amplitud a la perspectiva de profundidad de la superficie del cuadro. La falta de comparaci\u00f3n de tama\u00f1os da lugar a una reorganizaci\u00f3n pict\u00f3rica que, en su grado de abstracci\u00f3n, conduce a una independencia formal. Las secciones de paisaje de Detlef Orlopp son abstracciones atemporales y sin espacio que se han convertido en elementos pict\u00f3ricos estructurales. El artista se sit\u00faa as\u00ed en el modernismo del siglo XX. El tachismo de Wols, la estructura \"all-over\" de los drippings de Jackson Pollock, el gestualismo de Hans Hartung, cuya obra hab\u00eda visto en la Documenta 2, entre otros lugares, han determinado la estructura lineal de sus im\u00e1genes fotogr\u00e1ficas, que a menudo parecen pinceladas. El folleto de gran formato \"\u00dcberall splittern unsere Gesichtsz\u00fcge - partout nos traits \u00e9clatent\", publicado para acompa\u00f1ar la exposici\u00f3n, es el primero que muestra obras de su serie Gletscher.Ausstellung:<br \/>\nKunstverein Heilbronn, 24\/2 - 5\/5\/2024<\/p>","protected":false},"excerpt":{"rendered":"<p>Cat\u00e1logo de la exposici\u00f3n, editado por Matthia L\u00f6bke<br \/>\nTexto (alem\u00e1n\/ingl\u00e9s) de Daniel Kothenschulte<br \/>\n48 p. con 31 ilustraciones en d\u00faplex<br \/>\nFormato 24 x 32 cm, cuadernillo cosido con alambre<\/p>","protected":false},"featured_media":5109,"template":"","meta":[],"product_brand":[],"product_cat":[88,61,72,76,120],"product_tag":[],"class_list":{"0":"post-3693","1":"product","2":"type-product","3":"status-publish","4":"has-post-thumbnail","6":"product_cat-88","7":"product_cat-d","8":"product_cat-o","9":"product_cat-s","10":"product_cat-ue","12":"first","13":"instock","14":"taxable","15":"shipping-taxable","16":"purchasable","17":"product-type-simple"},"aioseo_notices":[],"_wp_attached_file":null,"_wp_attachment_metadata":null,"_wc_attachment_source":null,"_elementor_inline_svg":null,"_elementor_is_screenshot":null,"_elementor_source_image_hash":null,"_source_url":null,"_wp_attachment_context":null,"_menu_item_type":null,"_menu_item_menu_item_parent":null,"_menu_item_object_id":null,"_menu_item_object":null,"_menu_item_target":null,"_menu_item_classes":null,"_menu_item_xfn":null,"_menu_item_url":null,"__elementor_forms_snapshot":null,"_unit":null,"_unit_base":null,"_unit_product":null,"_unit_price_auto":null,"_unit_price_regular":null,"_unit_price":null,"_unit_price_sale":null,"_sale_price_label":null,"_sale_price_regular_label":null,"_manufacturer_slug":null,"_mini_desc":null,"_defect_description":null,"_safety_instructions":null,"_allergen_ids":null,"_warranty_attachment_id":null,"_safety_attachment_ids":null,"_min_age":null,"_ts_gtin":null,"_ts_mpn":null,"_delivery_time_countries":null,"_free_shipping":null,"_service":null,"_photovoltaic_system":null,"_used_good":null,"_defective_copy":null,"_wireless_electronic_device":null,"_device_contains_power_supply":null,"_device_charging_supports_usb_pd":null,"_device_charging_watt_min":null,"_device_charging_watt_max":null,"_is_food":null,"_differential_taxation":null,"_gzd_version":null,"_hs_code":null,"_customs_description":null,"_manufacture_country":null,"_is_non_returnable":null,"_shipping_length":null,"_shipping_width":null,"_shipping_height":null,"_sku":"ISBN 978-3-86442-434-2","_global_unique_id":"978-3-86442-434-2","_regular_price":"29.8","total_sales":"0","_tax_status":"taxable","_tax_class":"","_manage_stock":"no","_backorders":"no","_sold_individually":"no","_weight":"1","_virtual":"no","_downloadable":"no","_download_limit":"-1","_download_expiry":"-1","_stock":"","_stock_status":"instock","_wc_average_rating":"0","_wc_review_count":"0","_product_version":"9.7.1","_price":"29.8","shopengine_product_views_count":"3128","_thumbnail_id":"5109","_product_attributes":{"erscheinungsdatum":{"name":"Erscheinungsdatum","value":"23.02.2024","position":0,"is_visible":1,"is_variation":0,"is_taxonomy":0,"checkout_visible":false}},"_nutrient_ids":[],"_upsell_ids":null,"pswc_subtitle":null,"_default_delivery_time":null,"_wp_desired_post_slug":null,"_isbn":null,"pageType":null,"isExternalUrl":null,"pageId":null,"externalUrl":null,"hideCookieBanner":null,"isTargetBlank":null,"isProviderCurrentWebsite":null,"isEmbeddingOnlyExternalResources":null,"legalBasis":null,"dataProcessingInCountries":null,"dataProcessingInCountriesSpecialTreatments":null,"technicalDefinitions":null,"googleConsentModeConsentTypes":null,"executePriority":null,"executeCodeOptInWhenNoTagManagerConsentIsGiven":null,"executeCodeOptOutWhenNoTagManagerConsentIsGiven":null,"deleteTechnicalDefinitionsAfterOptOut":null,"presetId":null,"presetVersion":null,"provider":null,"providerContactPhone":null,"providerContactEmail":null,"providerContactLink":null,"uniqueName":null,"providerPrivacyPolicyUrl":null,"providerLegalNoticeUrl":null,"codeOptIn":null,"codeOptOut":null,"codeOnPageLoad":null,"language_code":null,"shopengine_template__post_meta__type":null,"shopengine_template__post_meta":null,"shopengine_template__post_meta__edit_with":null,"origin":null,"_enabled":null,"_filters":null,"_layout":null,"_elementor_import_session_id":null,"_wp_trash_meta_status":null,"_wp_trash_meta_time":null,"_edit_lock":null,"_elementor_floating_elements_type":null,"_elementor_edit_mode":null,"_elementor_template_type":null,"tc-thumb-fld":{"_thumb_id":false,"_thumb_type":"attachment"},"_wp_page_template":null,"_elementor_version":null,"_elementor_pro_version":null,"_elementor_page_settings":null,"_elementor_data":null,"_elementor_conditions":null,"_elementor_popup_display_settings":null,"_edit_last":null,"_elementor_template_sub_type":null,"_elementor_controls_usage":null,"_elementor_screenshot":null,"_elementor_css":null,"_elementor_page_assets":[],"_elementor_element_cache":null,"_elementor_screenshot_failed":null,"_elementor_source":null,"_wp_old_date":null,"layout_key":null,"post_slider_check_key":null,"_links":{"self":[{"href":"https:\/\/snoeck.de\/es\/wp-json\/wp\/v2\/product\/3693","targetHints":{"allow":["GET"]}}],"collection":[{"href":"https:\/\/snoeck.de\/es\/wp-json\/wp\/v2\/product"}],"about":[{"href":"https:\/\/snoeck.de\/es\/wp-json\/wp\/v2\/types\/product"}],"wp:featuredmedia":[{"embeddable":true,"href":"https:\/\/snoeck.de\/es\/wp-json\/wp\/v2\/media\/5109"}],"wp:attachment":[{"href":"https:\/\/snoeck.de\/es\/wp-json\/wp\/v2\/media?parent=3693"}],"wp:term":[{"taxonomy":"product_brand","embeddable":true,"href":"https:\/\/snoeck.de\/es\/wp-json\/wp\/v2\/product_brand?post=3693"},{"taxonomy":"product_cat","embeddable":true,"href":"https:\/\/snoeck.de\/es\/wp-json\/wp\/v2\/product_cat?post=3693"},{"taxonomy":"product_tag","embeddable":true,"href":"https:\/\/snoeck.de\/es\/wp-json\/wp\/v2\/product_tag?post=3693"}],"curies":[{"name":"wp","href":"https:\/\/api.w.org\/{rel}","templated":true}]}}