{"id":3696,"date":"2025-01-31T11:31:40","date_gmt":"2025-01-31T11:31:40","guid":{"rendered":"https:\/\/snoeck.process-vision.de\/shop\/carl-ostendarp-greatest-hits\/"},"modified":"2026-04-08T15:13:23","modified_gmt":"2026-04-08T14:13:23","slug":"carl-ostendarp-greatest-hits","status":"publish","type":"product","link":"https:\/\/snoeck.de\/es\/shop\/carl-ostendarp-greatest-hits\/","title":{"rendered":"Carl Ostendarp: Grandes \u00e9xitos"},"content":{"rendered":"<h3>\"Cartas de firmas tontas\"<\/h3>\n<p>Ken Johnson escribi\u00f3 en el New York Times en 2014 sobre las obras de Carl Ostendarp que parec\u00edan los eructos de alguien en una iglesia durante un servicio religioso. Esta observaci\u00f3n admirativa se aplica a la habilidad oximoronol\u00f3gica del artista, que combina lo incompatible: La ch\u00e1chara del c\u00f3mic (que el NYT califica entonces de letras de firma bobalicona) con la fr\u00eda pintura de campo de color o de borde duro (seg\u00fan el NYT: la seriedad altisonante de la monocrom\u00eda modernista). El trasfondo de la divertida pintura de Carl Ostendarp es su inter\u00e9s por el graffiti, que comparte con muchos artistas de su generaci\u00f3n. Nacido en 1961 en la ciudad universitaria liberal de Amherst (Massachusetts), vive y trabaja como profesor de arte en la Universidad de Cornell, en Ithaca (Nueva York), donde Vladimir Nabokov trabaj\u00f3 como profesor de literatura y tuvo como alumno al posterior autor de culto estadounidense Thomas Pynchon. Carl Ostendarp celebr\u00f3 su primera exposici\u00f3n individual completa en el Kunstverein Heilbronn en 2017 - despu\u00e9s de las exposiciones de gabinete en 2011 en el Museo Ludwig, Colonia, y 2007 en el MMK de Frankfurt am Main. Este libro repasa la exposici\u00f3n en la Kunstverein Heilbronn y ofrece una visi\u00f3n general de su obra. Para las grandes exposiciones individuales, siempre realiza murales que llenan la sala y recuerdan paisajes, sobre los que coloca obras sobre papel y lienzo. Las im\u00e1genes ling\u00fc\u00edsticas que surgen ante los ojos del espectador y, con su car\u00e1cter onomatop\u00e9yico, incitan a los visitantes a repetirlas en voz alta, \ufb02oating entre la lectura y la mirada - el pensamiento de la m\u00fasica y el ritmo viene inevitablemente a la mente: Mirar y leer se unen as\u00ed a la escucha. El hecho de que a veces se incluyan aqu\u00ed palabras que significan dolor (ARGH) o desgana (ECH) a\u00f1ade una nota cr\u00edtica a la alegre representaci\u00f3n, ya que el propio Carl Ostendarp afirma que sus instalaciones pretenden expresar las sensibilidades sociales, pol\u00edticas y psicol\u00f3gicas de la sociedad contempor\u00e1nea. En 2017, su color preferido era el gris, pero esto no se aplica a su obra mural actual en Baden-Baden, que constituye la base de la presentaci\u00f3n de la colecci\u00f3n de los hermanos Burda.<\/p>\n<p>Exposici\u00f3n:<br \/>\nKunstverein Heilbronn, 23\/9 - 26\/11\/2017<\/p>","protected":false},"excerpt":{"rendered":"<p>Cat\u00e1logo de la exposici\u00f3n, Kunstverein Heilbronn, editado por Matthia L\u00f6bke<br \/>\nTextos (alem\u00e1n\/ingl\u00e9s) de Matthia L\u00f6bke, Lane Releya<br \/>\n160 p. con 150 ilustraciones<br \/>\nFormato 27 x 21 cm, folleto desplegable<\/p>","protected":false},"featured_media":5111,"template":"","meta":[],"product_brand":[],"product_cat":[95],"product_tag":[],"class_list":{"0":"post-3696","1":"product","2":"type-product","3":"status-publish","4":"has-post-thumbnail","6":"product_cat-vergriffen","8":"first","9":"outofstock","10":"taxable","11":"shipping-taxable","12":"product-type-simple"},"aioseo_notices":[],"_wp_attached_file":null,"_wp_attachment_metadata":null,"_wc_attachment_source":null,"_elementor_inline_svg":null,"_elementor_is_screenshot":null,"_elementor_source_image_hash":null,"_source_url":null,"_wp_attachment_context":null,"_menu_item_type":null,"_menu_item_menu_item_parent":null,"_menu_item_object_id":null,"_menu_item_object":null,"_menu_item_target":null,"_menu_item_classes":null,"_menu_item_xfn":null,"_menu_item_url":null,"__elementor_forms_snapshot":null,"_unit":"","_unit_base":"","_unit_product":"","_unit_price_auto":"no","_unit_price_regular":"","_unit_price":"","_unit_price_sale":"","_sale_price_label":"","_sale_price_regular_label":"","_manufacturer_slug":"","_mini_desc":"","_defect_description":"","_safety_instructions":"","_allergen_ids":[],"_warranty_attachment_id":"","_safety_attachment_ids":[],"_min_age":"","_ts_gtin":"","_ts_mpn":"","_delivery_time_countries":[],"_free_shipping":"no","_service":"no","_photovoltaic_system":"no","_used_good":"no","_defective_copy":"no","_wireless_electronic_device":"no","_device_contains_power_supply":"no","_device_charging_supports_usb_pd":"no","_device_charging_watt_min":"0","_device_charging_watt_max":"0","_is_food":"no","_differential_taxation":"no","_gzd_version":"3.18.7","_hs_code":"","_customs_description":"","_manufacture_country":"0","_is_non_returnable":"no","_shipping_length":"","_shipping_width":"","_shipping_height":"","_sku":"ISBN 978-3-86442-217-1","_global_unique_id":"978-3-86442-217-1","_regular_price":null,"total_sales":"0","_tax_status":"taxable","_tax_class":"","_manage_stock":"no","_backorders":"no","_sold_individually":"no","_weight":"1","_virtual":"no","_downloadable":"no","_download_limit":"-1","_download_expiry":"-1","_stock":"","_stock_status":"outofstock","_wc_average_rating":"0","_wc_review_count":"0","_product_version":"10.1.4","_price":"","shopengine_product_views_count":"3005","_thumbnail_id":"5111","_product_attributes":{"erscheinungsdatum":{"name":"Fecha de publicaci\u00f3n","value":"23.02.2016","position":0,"is_visible":1,"is_variation":0,"is_taxonomy":0,"checkout_visible":0}},"_nutrient_ids":[],"_upsell_ids":null,"pswc_subtitle":null,"_default_delivery_time":null,"_wp_desired_post_slug":null,"_isbn":null,"pageType":null,"isExternalUrl":null,"pageId":null,"externalUrl":null,"hideCookieBanner":null,"isTargetBlank":null,"isProviderCurrentWebsite":null,"isEmbeddingOnlyExternalResources":null,"legalBasis":null,"dataProcessingInCountries":null,"dataProcessingInCountriesSpecialTreatments":null,"technicalDefinitions":null,"googleConsentModeConsentTypes":null,"executePriority":null,"executeCodeOptInWhenNoTagManagerConsentIsGiven":null,"executeCodeOptOutWhenNoTagManagerConsentIsGiven":null,"deleteTechnicalDefinitionsAfterOptOut":null,"presetId":null,"presetVersion":null,"provider":null,"providerContactPhone":null,"providerContactEmail":null,"providerContactLink":null,"uniqueName":null,"providerPrivacyPolicyUrl":null,"providerLegalNoticeUrl":null,"codeOptIn":null,"codeOptOut":null,"codeOnPageLoad":null,"language_code":null,"shopengine_template__post_meta__type":null,"shopengine_template__post_meta":null,"shopengine_template__post_meta__edit_with":null,"origin":null,"_enabled":null,"_filters":null,"_layout":null,"_elementor_import_session_id":null,"_wp_trash_meta_status":null,"_wp_trash_meta_time":null,"_edit_lock":"1743506328:2","_elementor_floating_elements_type":null,"_elementor_edit_mode":null,"_elementor_template_type":null,"tc-thumb-fld":{"_thumb_id":5111,"_thumb_type":"thumb"},"_wp_page_template":"default","_elementor_version":null,"_elementor_pro_version":null,"_elementor_page_settings":null,"_elementor_data":null,"_elementor_conditions":null,"_elementor_popup_display_settings":null,"_edit_last":"2","_elementor_template_sub_type":null,"_elementor_controls_usage":null,"_elementor_screenshot":null,"_elementor_css":null,"_elementor_page_assets":[],"_elementor_element_cache":null,"_elementor_screenshot_failed":null,"_elementor_source":null,"_wp_old_date":null,"layout_key":"","post_slider_check_key":"0","_links":{"self":[{"href":"https:\/\/snoeck.de\/es\/wp-json\/wp\/v2\/product\/3696","targetHints":{"allow":["GET"]}}],"collection":[{"href":"https:\/\/snoeck.de\/es\/wp-json\/wp\/v2\/product"}],"about":[{"href":"https:\/\/snoeck.de\/es\/wp-json\/wp\/v2\/types\/product"}],"wp:featuredmedia":[{"embeddable":true,"href":"https:\/\/snoeck.de\/es\/wp-json\/wp\/v2\/media\/5111"}],"wp:attachment":[{"href":"https:\/\/snoeck.de\/es\/wp-json\/wp\/v2\/media?parent=3696"}],"wp:term":[{"taxonomy":"product_brand","embeddable":true,"href":"https:\/\/snoeck.de\/es\/wp-json\/wp\/v2\/product_brand?post=3696"},{"taxonomy":"product_cat","embeddable":true,"href":"https:\/\/snoeck.de\/es\/wp-json\/wp\/v2\/product_cat?post=3696"},{"taxonomy":"product_tag","embeddable":true,"href":"https:\/\/snoeck.de\/es\/wp-json\/wp\/v2\/product_tag?post=3696"}],"curies":[{"name":"wp","href":"https:\/\/api.w.org\/{rel}","templated":true}]}}