{"id":3697,"date":"2025-01-31T11:31:41","date_gmt":"2025-01-31T11:31:41","guid":{"rendered":"https:\/\/snoeck.process-vision.de\/shop\/ulrike-ottinger-journee-dun-g-i\/"},"modified":"2025-04-01T11:07:13","modified_gmt":"2025-04-01T11:07:13","slug":"ulrike-ottinger-journee-dun-g-i","status":"publish","type":"product","link":"https:\/\/snoeck.de\/es\/shop\/ulrike-ottinger-journee-dun-g-i\/","title":{"rendered":"Ulrike Ottinger: Viaje de un soldado."},"content":{"rendered":"<h3>Cuando estalle la burbuja<\/h3>\n<p>\"Journ\u00e9e d'un G.I.\" es la tercera exposici\u00f3n individual de Ulrike Ottinger en Contemporary Fine Arts Berlin y muestra pinturas y serigraf\u00edas de la d\u00e9cada de 1960. Las obras de Ulrike Ottinger, la mayor\u00eda de las cuales constan de varias partes o est\u00e1n divididas en varios campos pict\u00f3ricos, revelan una pasi\u00f3n por contar historias que, en \u00faltima instancia, encuentra su culminaci\u00f3n en el medio cinematogr\u00e1fico. Ulrike Ottinger se convirti\u00f3 en una estrella de culto en los c\u00edrculos cin\u00e9filos con su trilog\u00eda berlinesa \"Bildnis einer Trinkerin\" (1979), y en particular con \"Freak Orlando\" (1981), a la que sigui\u00f3 \"Dorian Gray im Spiegel der Boulevardpress\" (1984). En su diario \"Paris Calligrammes\" de 2019, present\u00f3 entonces una colecci\u00f3n cinematogr\u00e1fica de recuerdos de su d\u00e9cada de formaci\u00f3n en Par\u00eds, que nos lleva al centro de las narraciones pict\u00f3ricas de \"Journ\u00e9e d'un G.I.\". A mediados de los a\u00f1os 60, Ulrike Ottinger es pintora, Par\u00eds est\u00e1 sacudida por im\u00e1genes de guerra y revoluci\u00f3n. En la Nouvelle Figuration, una forma parisina del Pop Art, las escenas cotidianas, los c\u00f3mics, la fotograf\u00eda y la publicidad determinan el estilo narrativo de los cuadros de Ulrike Ottinger. Rituales cotidianos se entremezclan con referencias a figuras hist\u00f3ricas y h\u00e9roes literarios. Mientras arrecian las batallas cotidianas, los h\u00e9roes de Ulrike Ottinger se toman un descanso, el Che Guevara como \"Le penseur\" se relame en un sof\u00e1 y sorbe una copa, Allen Ginsberg, poeta Beat de la primera hora, no tiene \"nada m\u00e1s que decir ni nada m\u00e1s que llorar\". La revoluci\u00f3n, parece haber comprendido pronto el artista, siempre se come a sus hijos.<\/p>\n<p>Exposici\u00f3n:<br \/>\nCFA Bellas Artes Contempor\u00e1neas de Berl\u00edn, 22\/6 - 28\/8\/2021<\/p>","protected":false},"excerpt":{"rendered":"<p>Cat\u00e1logo de la exposici\u00f3n, Contemporary Fine Arts CFA Berl\u00edn, editado por Bruno Brunnet y Nicole Hackert<br \/>\nTexto (alem\u00e1n\/ingl\u00e9s) de Dana \u017daja<br \/>\n24 p. con 24 ilustraciones en color<br \/>\nFormato 28 x 20 cm, folleto grapado<\/p>","protected":false},"featured_media":5112,"template":"","meta":[],"product_brand":[],"product_cat":[85,72],"product_tag":[],"class_list":{"0":"post-3697","1":"product","2":"type-product","3":"status-publish","4":"has-post-thumbnail","6":"product_cat-85","7":"product_cat-o","9":"first","10":"instock","11":"taxable","12":"shipping-taxable","13":"purchasable","14":"product-type-simple"},"aioseo_notices":[],"_wp_attached_file":null,"_wp_attachment_metadata":null,"_wc_attachment_source":null,"_elementor_inline_svg":null,"_elementor_is_screenshot":null,"_elementor_source_image_hash":null,"_source_url":null,"_wp_attachment_context":null,"_menu_item_type":null,"_menu_item_menu_item_parent":null,"_menu_item_object_id":null,"_menu_item_object":null,"_menu_item_target":null,"_menu_item_classes":null,"_menu_item_xfn":null,"_menu_item_url":null,"__elementor_forms_snapshot":null,"_unit":"","_unit_base":"","_unit_product":"","_unit_price_auto":"no","_unit_price_regular":"","_unit_price":"","_unit_price_sale":"","_sale_price_label":"","_sale_price_regular_label":"","_manufacturer_slug":"","_mini_desc":"","_defect_description":"","_safety_instructions":"","_allergen_ids":[],"_warranty_attachment_id":"","_safety_attachment_ids":[],"_min_age":"","_ts_gtin":"","_ts_mpn":"","_delivery_time_countries":[],"_free_shipping":"no","_service":"no","_photovoltaic_system":"no","_used_good":"no","_defective_copy":"no","_wireless_electronic_device":"no","_device_contains_power_supply":"no","_device_charging_supports_usb_pd":"no","_device_charging_watt_min":"0","_device_charging_watt_max":"0","_is_food":"no","_differential_taxation":"no","_gzd_version":"3.18.7","_hs_code":"","_customs_description":"","_manufacture_country":"0","_is_non_returnable":"no","_shipping_length":"","_shipping_width":"","_shipping_height":"","_sku":"ISBN 978-3-86442-359-8","_global_unique_id":"978-3-86442-359-8","_regular_price":"19.8","total_sales":"0","_tax_status":"taxable","_tax_class":"","_manage_stock":"no","_backorders":"no","_sold_individually":"no","_weight":"1","_virtual":"no","_downloadable":"no","_download_limit":"-1","_download_expiry":"-1","_stock":"","_stock_status":"instock","_wc_average_rating":"0","_wc_review_count":"0","_product_version":"9.7.1","_price":"19.8","shopengine_product_views_count":"3103","_thumbnail_id":"5112","_product_attributes":{"erscheinungsdatum":{"name":"Fecha de publicaci\u00f3n","value":"06.08.2021","position":0,"is_visible":1,"is_variation":0,"is_taxonomy":0,"checkout_visible":0}},"_nutrient_ids":[],"_upsell_ids":null,"pswc_subtitle":null,"_default_delivery_time":null,"_wp_desired_post_slug":null,"_isbn":null,"pageType":null,"isExternalUrl":null,"pageId":null,"externalUrl":null,"hideCookieBanner":null,"isTargetBlank":null,"isProviderCurrentWebsite":null,"isEmbeddingOnlyExternalResources":null,"legalBasis":null,"dataProcessingInCountries":null,"dataProcessingInCountriesSpecialTreatments":null,"technicalDefinitions":null,"googleConsentModeConsentTypes":null,"executePriority":null,"executeCodeOptInWhenNoTagManagerConsentIsGiven":null,"executeCodeOptOutWhenNoTagManagerConsentIsGiven":null,"deleteTechnicalDefinitionsAfterOptOut":null,"presetId":null,"presetVersion":null,"provider":null,"providerContactPhone":null,"providerContactEmail":null,"providerContactLink":null,"uniqueName":null,"providerPrivacyPolicyUrl":null,"providerLegalNoticeUrl":null,"codeOptIn":null,"codeOptOut":null,"codeOnPageLoad":null,"language_code":null,"shopengine_template__post_meta__type":null,"shopengine_template__post_meta":null,"shopengine_template__post_meta__edit_with":null,"origin":null,"_enabled":null,"_filters":null,"_layout":null,"_elementor_import_session_id":null,"_wp_trash_meta_status":null,"_wp_trash_meta_time":null,"_edit_lock":"1743505654:2","_elementor_floating_elements_type":null,"_elementor_edit_mode":null,"_elementor_template_type":null,"tc-thumb-fld":{"_thumb_id":5112,"_thumb_type":"thumb"},"_wp_page_template":"default","_elementor_version":null,"_elementor_pro_version":null,"_elementor_page_settings":null,"_elementor_data":null,"_elementor_conditions":null,"_elementor_popup_display_settings":null,"_edit_last":"2","_elementor_template_sub_type":null,"_elementor_controls_usage":null,"_elementor_screenshot":null,"_elementor_css":null,"_elementor_page_assets":[],"_elementor_element_cache":null,"_elementor_screenshot_failed":null,"_elementor_source":null,"_wp_old_date":null,"layout_key":"","post_slider_check_key":"0","_links":{"self":[{"href":"https:\/\/snoeck.de\/es\/wp-json\/wp\/v2\/product\/3697","targetHints":{"allow":["GET"]}}],"collection":[{"href":"https:\/\/snoeck.de\/es\/wp-json\/wp\/v2\/product"}],"about":[{"href":"https:\/\/snoeck.de\/es\/wp-json\/wp\/v2\/types\/product"}],"wp:featuredmedia":[{"embeddable":true,"href":"https:\/\/snoeck.de\/es\/wp-json\/wp\/v2\/media\/5112"}],"wp:attachment":[{"href":"https:\/\/snoeck.de\/es\/wp-json\/wp\/v2\/media?parent=3697"}],"wp:term":[{"taxonomy":"product_brand","embeddable":true,"href":"https:\/\/snoeck.de\/es\/wp-json\/wp\/v2\/product_brand?post=3697"},{"taxonomy":"product_cat","embeddable":true,"href":"https:\/\/snoeck.de\/es\/wp-json\/wp\/v2\/product_cat?post=3697"},{"taxonomy":"product_tag","embeddable":true,"href":"https:\/\/snoeck.de\/es\/wp-json\/wp\/v2\/product_tag?post=3697"}],"curies":[{"name":"wp","href":"https:\/\/api.w.org\/{rel}","templated":true}]}}