{"id":3698,"date":"2025-01-31T11:31:41","date_gmt":"2025-01-31T11:31:41","guid":{"rendered":"https:\/\/snoeck.process-vision.de\/shop\/susanne-paesler-werke-1991-2006\/"},"modified":"2026-04-08T15:08:03","modified_gmt":"2026-04-08T14:08:03","slug":"susanne-paesler-werke-1991-2006","status":"publish","type":"product","link":"https:\/\/snoeck.de\/es\/shop\/susanne-paesler-werke-1991-2006\/","title":{"rendered":"Susanne Paesler: Obras 1991-2006"},"content":{"rendered":"<h3>La modernidad como patr\u00f3n<\/h3>\n<p>Susanne Paesler, fallecida en Darmstadt en 1963 y en Berl\u00edn en 2006, perteneci\u00f3 a una generaci\u00f3n de artistas que hab\u00edan dicho adi\u00f3s al concepto modernista de la imagen como lugar de visiones est\u00e9ticas siempre nuevas y mutuamente superadoras. En cambio, en su obra art\u00edstica discut\u00eda el significado de la obra de arte en un mundo de im\u00e1genes preexistentes y estructuras est\u00e9ticas reproducibles. En la superficie, Paesler cultiva el lenguaje formal geom\u00e9trico de una obra de arte constructivista totalmente autorreferencial, pero los patrones y la elecci\u00f3n de colores apuntan repetidamente a contextos no pict\u00f3ricos. As\u00ed, estos cuadros recuerdan a mantas de lana baratas, calcetines Burlington o abrigos Burberry, es decir, objetos cotidianos que Paesler utiliza como motivos y modelos para sus obras. En lugar de estirar la tela directamente sobre el bastidor, siguiendo el principio del ready-made (y haci\u00e9ndose eco as\u00ed de las pinturas sobre tela de Palermo), copia los patrones a mano, de modo que el arte, la artesan\u00eda y el dise\u00f1o entran en un intercambio fluido entre s\u00ed. A partir de este impulso, parece casi l\u00f3gico que Susanne Paesler se centrara, en la d\u00e9cada de 1990, en el motivo del marco -como borde de cuadro pintado-, el trompe-l'\u0153il y el tema del cuadro dentro del cuadro. Lo \u00fanico, lo aut\u00e9ntico, es una visi\u00f3n est\u00e9tica de la que Paesler desconf\u00eda. El cat\u00e1logo de la primera exposici\u00f3n panor\u00e1mica presentada por el Kunstmuseum de Bonn incluye un total de 40 obras de 1991 a 2006.<\/p>\n<p>Exposiciones:<br \/>\nKunstmuseum Bonn, 25\/1 - 5\/6\/2016<br \/>\nSchauwerk Sindelfingen, 19\/6\/2015 - 22\/1\/2017<\/p>","protected":false},"excerpt":{"rendered":"<p>Cat\u00e1logo de la exposici\u00f3n, Kunstmuseum Bonn, editado por Stephan Berg y Christoph Schreier<br \/>\nTexto (alem\u00e1n\/ingl\u00e9s) de Martina Dobbe, con debate de Christoph Schreier y Hanne Loreck<br \/>\n96 p. con 60 ilustraciones en color<br \/>\nFormato 28 x 22 cm, media tela<\/p>","protected":false},"featured_media":5113,"template":"","meta":[],"product_brand":[],"product_cat":[95],"product_tag":[],"class_list":{"0":"post-3698","1":"product","2":"type-product","3":"status-publish","4":"has-post-thumbnail","6":"product_cat-vergriffen","8":"first","9":"outofstock","10":"taxable","11":"shipping-taxable","12":"product-type-simple"},"aioseo_notices":[],"_wp_attached_file":null,"_wp_attachment_metadata":null,"_wc_attachment_source":null,"_elementor_inline_svg":null,"_elementor_is_screenshot":null,"_elementor_source_image_hash":null,"_source_url":null,"_wp_attachment_context":null,"_menu_item_type":null,"_menu_item_menu_item_parent":null,"_menu_item_object_id":null,"_menu_item_object":null,"_menu_item_target":null,"_menu_item_classes":null,"_menu_item_xfn":null,"_menu_item_url":null,"__elementor_forms_snapshot":null,"_unit":"","_unit_base":"","_unit_product":"","_unit_price_auto":"no","_unit_price_regular":"","_unit_price":"","_unit_price_sale":"","_sale_price_label":"","_sale_price_regular_label":"","_manufacturer_slug":"","_mini_desc":"","_defect_description":"","_safety_instructions":"","_allergen_ids":[],"_warranty_attachment_id":"","_safety_attachment_ids":[],"_min_age":"","_ts_gtin":"","_ts_mpn":"","_delivery_time_countries":[],"_free_shipping":"no","_service":"no","_photovoltaic_system":"no","_used_good":"no","_defective_copy":"no","_wireless_electronic_device":"no","_device_contains_power_supply":"no","_device_charging_supports_usb_pd":"no","_device_charging_watt_min":"0","_device_charging_watt_max":"0","_is_food":"no","_differential_taxation":"no","_gzd_version":"3.18.7","_hs_code":"","_customs_description":"","_manufacture_country":"0","_is_non_returnable":"no","_shipping_length":"","_shipping_width":"","_shipping_height":"","_sku":"ISBN 978-3-86442-166-2","_global_unique_id":"978-3-86442-166-2","_regular_price":null,"total_sales":"0","_tax_status":"taxable","_tax_class":"","_manage_stock":"no","_backorders":"no","_sold_individually":"no","_weight":"1","_virtual":"no","_downloadable":"no","_download_limit":"-1","_download_expiry":"-1","_stock":"","_stock_status":"outofstock","_wc_average_rating":"0","_wc_review_count":"0","_product_version":"10.1.4","_price":"","shopengine_product_views_count":"2736","_thumbnail_id":"5113","_product_attributes":{"erscheinungsdatum":{"name":"Fecha de publicaci\u00f3n","value":"01.02.2016","position":0,"is_visible":1,"is_variation":0,"is_taxonomy":0,"checkout_visible":0}},"_nutrient_ids":[],"_upsell_ids":null,"pswc_subtitle":null,"_default_delivery_time":null,"_wp_desired_post_slug":null,"_isbn":null,"pageType":null,"isExternalUrl":null,"pageId":null,"externalUrl":null,"hideCookieBanner":null,"isTargetBlank":null,"isProviderCurrentWebsite":null,"isEmbeddingOnlyExternalResources":null,"legalBasis":null,"dataProcessingInCountries":null,"dataProcessingInCountriesSpecialTreatments":null,"technicalDefinitions":null,"googleConsentModeConsentTypes":null,"executePriority":null,"executeCodeOptInWhenNoTagManagerConsentIsGiven":null,"executeCodeOptOutWhenNoTagManagerConsentIsGiven":null,"deleteTechnicalDefinitionsAfterOptOut":null,"presetId":null,"presetVersion":null,"provider":null,"providerContactPhone":null,"providerContactEmail":null,"providerContactLink":null,"uniqueName":null,"providerPrivacyPolicyUrl":null,"providerLegalNoticeUrl":null,"codeOptIn":null,"codeOptOut":null,"codeOnPageLoad":null,"language_code":null,"shopengine_template__post_meta__type":null,"shopengine_template__post_meta":null,"shopengine_template__post_meta__edit_with":null,"origin":null,"_enabled":null,"_filters":null,"_layout":null,"_elementor_import_session_id":null,"_wp_trash_meta_status":null,"_wp_trash_meta_time":null,"_edit_lock":"1743348632:2","_elementor_floating_elements_type":null,"_elementor_edit_mode":null,"_elementor_template_type":null,"tc-thumb-fld":{"_thumb_id":5113,"_thumb_type":"thumb"},"_wp_page_template":"default","_elementor_version":null,"_elementor_pro_version":null,"_elementor_page_settings":null,"_elementor_data":null,"_elementor_conditions":null,"_elementor_popup_display_settings":null,"_edit_last":"2","_elementor_template_sub_type":null,"_elementor_controls_usage":null,"_elementor_screenshot":null,"_elementor_css":null,"_elementor_page_assets":[],"_elementor_element_cache":null,"_elementor_screenshot_failed":null,"_elementor_source":null,"_wp_old_date":null,"layout_key":"","post_slider_check_key":"0","_links":{"self":[{"href":"https:\/\/snoeck.de\/es\/wp-json\/wp\/v2\/product\/3698","targetHints":{"allow":["GET"]}}],"collection":[{"href":"https:\/\/snoeck.de\/es\/wp-json\/wp\/v2\/product"}],"about":[{"href":"https:\/\/snoeck.de\/es\/wp-json\/wp\/v2\/types\/product"}],"wp:featuredmedia":[{"embeddable":true,"href":"https:\/\/snoeck.de\/es\/wp-json\/wp\/v2\/media\/5113"}],"wp:attachment":[{"href":"https:\/\/snoeck.de\/es\/wp-json\/wp\/v2\/media?parent=3698"}],"wp:term":[{"taxonomy":"product_brand","embeddable":true,"href":"https:\/\/snoeck.de\/es\/wp-json\/wp\/v2\/product_brand?post=3698"},{"taxonomy":"product_cat","embeddable":true,"href":"https:\/\/snoeck.de\/es\/wp-json\/wp\/v2\/product_cat?post=3698"},{"taxonomy":"product_tag","embeddable":true,"href":"https:\/\/snoeck.de\/es\/wp-json\/wp\/v2\/product_tag?post=3698"}],"curies":[{"name":"wp","href":"https:\/\/api.w.org\/{rel}","templated":true}]}}