{"id":3699,"date":"2025-01-31T11:31:42","date_gmt":"2025-01-31T11:31:42","guid":{"rendered":"https:\/\/snoeck.process-vision.de\/shop\/juergen-partenheimer-gespraeche-mit-alexander-kluge-jan-thorn-prikker-und-andere-texte\/"},"modified":"2025-03-30T15:30:33","modified_gmt":"2025-03-30T15:30:33","slug":"juergen-partenheimer-gespraeche-mit-alexander-kluge-jan-thorn-prikker-und-andere-texte","status":"publish","type":"product","link":"https:\/\/snoeck.de\/es\/shop\/juergen-partenheimer-gespraeche-mit-alexander-kluge-jan-thorn-prikker-und-andere-texte\/","title":{"rendered":"J\u00fcrgen Partenheimer: Conversaciones con Alexander Kluge, Jan Thorn-Prikker y otros textos"},"content":{"rendered":"<h3>J\u00fcrgen Partenheimer, el \"poeta de los matices sutiles, las l\u00edneas y los tonos delicados\"<\/h3>\n<p>J\u00fcrgen Partenheimer (nacido en 1947 en M\u00fanich) se ha dado a conocer por su intensidad l\u00edrica, que combina con los elementos constructivos del arte minimalista. Hace m\u00e1s de 20 a\u00f1os, \"Die Zeit\" lo consider\u00f3 un viajero literario y lo calific\u00f3 de \"poeta de matices sutiles, de l\u00edneas y tonos delicados\". Ha participado en las bienales de Par\u00eds, Venecia y S\u00e3o Paulo y ha expuesto en solitario en importantes museos de todo el mundo. Con sus solitarios y elegantes jarrones de porcelana, volvi\u00f3 a hacer de la Mies van der Rohe Haus de Berl\u00edn un lugar especial, y en 2014 fue invitado a la Pinakothek der Moderne de M\u00fanich, la Deichtorhallen\/Falckenberg Collection de Hamburgo-Harburgo, el Gemeentemuseum Den Haag y la Contemporary Art Gallery de Vancouver, con grupos de obras individuales sobre aspectos tem\u00e1ticos. White Cube de Londres le dedica ahora una gran exposici\u00f3n retrospectiva, en el espectacular cubo de 9 x 9 x 9 metros de la galer\u00eda, con obras de los dos \u00faltimos a\u00f1os en combinaci\u00f3n con obras de las d\u00e9cadas de 1980 y 1990. Adem\u00e1s de pinturas y dibujos, tambi\u00e9n puede verse una versi\u00f3n de la escultura de bronce pintado \"Axis Mundi\", que consta de diferentes elementos de ajedrez apilados y pintados en varios tonos de azul. La fragilidad de las obras, que procede del trazo, representa expl\u00edcitamente su car\u00e1cter simb\u00f3lico, pero tambi\u00e9n el planteamiento art\u00edstico de vigilar y cartografiar con conciencia cr\u00edtica el espacio libre, constantemente redefinible, del arte y su pr\u00e1ctica. Lo que hace que este volumen sea especialmente valioso es la reimpresi\u00f3n de muchos textos hist\u00f3ricamente importantes que ya no est\u00e1n disponibles, como los de Jan Hoet y Rudi Fuchs o las conversaciones con Jan Thorn-Prikker y Alexander Kluge. Este libro celebra a J\u00fcrgen Partenheimer como un importante artista contempor\u00e1neo que siempre se ha mantenido fiel a su objetivo de ser un representante de la abstracci\u00f3n subjetiva.<\/p>\n<p>Exposici\u00f3n:<br \/>\nWhite Cube Londres, 27\/4 - 25\/6\/2017<\/p>","protected":false},"excerpt":{"rendered":"<p>Publicado por H\u00e4usler Contemporary Munich<br \/>\nTextos (alem\u00e1n\/ingl\u00e9s) de Robert Burnside, Robert Creeley, Rudi Fuchs, Zhou Guoping, Jan Hoet, Petra-Maria Meyer, Ivo Mesquita, Klaus Schrenk, Carla Schulz-Hoffmann, Jos\u00e9 Angel Valente y conversaciones con Alexander Kluge y Jan Thorn-Prikker.<br \/>\n176 p. con 67 ilustraciones, en su mayor\u00eda en color<br \/>\nFormato 23 x 15,5 cm, Flexocubierta<\/p>","protected":false},"featured_media":5114,"template":"","meta":[],"product_brand":[],"product_cat":[112,73],"product_tag":[],"class_list":{"0":"post-3699","1":"product","2":"type-product","3":"status-publish","4":"has-post-thumbnail","6":"product_cat-112","7":"product_cat-p","9":"first","10":"instock","11":"taxable","12":"shipping-taxable","13":"purchasable","14":"product-type-simple"},"aioseo_notices":[],"_wp_attached_file":null,"_wp_attachment_metadata":null,"_wc_attachment_source":null,"_elementor_inline_svg":null,"_elementor_is_screenshot":null,"_elementor_source_image_hash":null,"_source_url":null,"_wp_attachment_context":null,"_menu_item_type":null,"_menu_item_menu_item_parent":null,"_menu_item_object_id":null,"_menu_item_object":null,"_menu_item_target":null,"_menu_item_classes":null,"_menu_item_xfn":null,"_menu_item_url":null,"__elementor_forms_snapshot":null,"_unit":"","_unit_base":"","_unit_product":"","_unit_price_auto":"no","_unit_price_regular":"","_unit_price":"","_unit_price_sale":"","_sale_price_label":"","_sale_price_regular_label":"","_manufacturer_slug":"","_mini_desc":"","_defect_description":"","_safety_instructions":"","_allergen_ids":[],"_warranty_attachment_id":"","_safety_attachment_ids":[],"_min_age":"","_ts_gtin":"","_ts_mpn":"","_delivery_time_countries":[],"_free_shipping":"no","_service":"no","_photovoltaic_system":"no","_used_good":"no","_defective_copy":"no","_wireless_electronic_device":"no","_device_contains_power_supply":"no","_device_charging_supports_usb_pd":"no","_device_charging_watt_min":"0","_device_charging_watt_max":"0","_is_food":"no","_differential_taxation":"no","_gzd_version":"3.18.7","_hs_code":"","_customs_description":"","_manufacture_country":"0","_is_non_returnable":"no","_shipping_length":"","_shipping_width":"","_shipping_height":"","_sku":"ISBN 978-3-86442-205-8","_global_unique_id":"978-3-86442-205-8","_regular_price":"29.8","total_sales":"0","_tax_status":"taxable","_tax_class":"","_manage_stock":"no","_backorders":"no","_sold_individually":"no","_weight":"1","_virtual":"no","_downloadable":"no","_download_limit":"-1","_download_expiry":"-1","_stock":"","_stock_status":"instock","_wc_average_rating":"0","_wc_review_count":"0","_product_version":"9.7.1","_price":"29.8","shopengine_product_views_count":"2587","_thumbnail_id":"5114","_product_attributes":{"erscheinungsdatum":{"name":"Erscheinungsdatum","value":"16.10.2017","position":0,"is_visible":1,"is_variation":0,"is_taxonomy":0,"checkout_visible":0}},"_nutrient_ids":[],"_upsell_ids":null,"pswc_subtitle":null,"_default_delivery_time":null,"_wp_desired_post_slug":null,"_isbn":null,"pageType":null,"isExternalUrl":null,"pageId":null,"externalUrl":null,"hideCookieBanner":null,"isTargetBlank":null,"isProviderCurrentWebsite":null,"isEmbeddingOnlyExternalResources":null,"legalBasis":null,"dataProcessingInCountries":null,"dataProcessingInCountriesSpecialTreatments":null,"technicalDefinitions":null,"googleConsentModeConsentTypes":null,"executePriority":null,"executeCodeOptInWhenNoTagManagerConsentIsGiven":null,"executeCodeOptOutWhenNoTagManagerConsentIsGiven":null,"deleteTechnicalDefinitionsAfterOptOut":null,"presetId":null,"presetVersion":null,"provider":null,"providerContactPhone":null,"providerContactEmail":null,"providerContactLink":null,"uniqueName":null,"providerPrivacyPolicyUrl":null,"providerLegalNoticeUrl":null,"codeOptIn":null,"codeOptOut":null,"codeOnPageLoad":null,"language_code":null,"shopengine_template__post_meta__type":null,"shopengine_template__post_meta":null,"shopengine_template__post_meta__edit_with":null,"origin":null,"_enabled":null,"_filters":null,"_layout":null,"_elementor_import_session_id":null,"_wp_trash_meta_status":null,"_wp_trash_meta_time":null,"_edit_lock":"1743348493:2","_elementor_floating_elements_type":null,"_elementor_edit_mode":null,"_elementor_template_type":null,"tc-thumb-fld":{"_thumb_id":5114,"_thumb_type":"thumb"},"_wp_page_template":"default","_elementor_version":null,"_elementor_pro_version":null,"_elementor_page_settings":null,"_elementor_data":null,"_elementor_conditions":null,"_elementor_popup_display_settings":null,"_edit_last":"2","_elementor_template_sub_type":null,"_elementor_controls_usage":null,"_elementor_screenshot":null,"_elementor_css":null,"_elementor_page_assets":[],"_elementor_element_cache":null,"_elementor_screenshot_failed":null,"_elementor_source":null,"_wp_old_date":null,"layout_key":"","post_slider_check_key":"0","_links":{"self":[{"href":"https:\/\/snoeck.de\/es\/wp-json\/wp\/v2\/product\/3699","targetHints":{"allow":["GET"]}}],"collection":[{"href":"https:\/\/snoeck.de\/es\/wp-json\/wp\/v2\/product"}],"about":[{"href":"https:\/\/snoeck.de\/es\/wp-json\/wp\/v2\/types\/product"}],"wp:featuredmedia":[{"embeddable":true,"href":"https:\/\/snoeck.de\/es\/wp-json\/wp\/v2\/media\/5114"}],"wp:attachment":[{"href":"https:\/\/snoeck.de\/es\/wp-json\/wp\/v2\/media?parent=3699"}],"wp:term":[{"taxonomy":"product_brand","embeddable":true,"href":"https:\/\/snoeck.de\/es\/wp-json\/wp\/v2\/product_brand?post=3699"},{"taxonomy":"product_cat","embeddable":true,"href":"https:\/\/snoeck.de\/es\/wp-json\/wp\/v2\/product_cat?post=3699"},{"taxonomy":"product_tag","embeddable":true,"href":"https:\/\/snoeck.de\/es\/wp-json\/wp\/v2\/product_tag?post=3699"}],"curies":[{"name":"wp","href":"https:\/\/api.w.org\/{rel}","templated":true}]}}