{"id":3700,"date":"2025-01-31T11:31:42","date_gmt":"2025-01-31T11:31:42","guid":{"rendered":"https:\/\/snoeck.process-vision.de\/shop\/juergen-partenheimer-calliope\/"},"modified":"2025-03-30T15:28:51","modified_gmt":"2025-03-30T15:28:51","slug":"juergen-partenheimer-calliope","status":"publish","type":"product","link":"https:\/\/snoeck.de\/es\/shop\/juergen-partenheimer-calliope\/","title":{"rendered":"J\u00fcrgen Partenheimer: Cal\u00edope"},"content":{"rendered":"<h3>Este prudente cambio de perspectiva<\/h3>\n<p>En la mitolog\u00eda antigua, Cal\u00edope es la \"bella de la voz\" y se la considera la musa de la poes\u00eda \u00e9pica entre las nueve hijas de Zeus y Mnem\u00f3sine (\"memoria\"). En sus Conversaciones de la Mesa, Plat\u00f3n le otorga una posici\u00f3n preeminente entre las musas; Homero canta que es la madre de Orfeo. Sus atributos caracter\u00edsticos son un estilete y una tabla de escritura. No es de extra\u00f1ar, pues, que en la tipograf\u00eda tradicional en plomo, bajo el nombre de cal\u00edope, y especialmente en el Art Nouveau, se utilizaran a menudo como piezas finales, es decir, al final de una columna enmarcada por l\u00edneas. En el caso de J\u00fcrgen Partenheimer, dan t\u00edtulo a una edici\u00f3n que realiz\u00f3 para Porzellan Manufaktur Nymphenburg, M\u00fanich, en tres formas de recipiente diferentes. Los recipientes escult\u00f3ricos se basan en sus dibujos de dise\u00f1o abstracto, que le muestran una vez m\u00e1s como representante de un lenguaje formal minimalista, pero muy personal y po\u00e9ticamente concebido. Las vasijas de la edici\u00f3n \"CALLIOPE\" est\u00e1n torneadas a mano, una pr\u00e1ctica poco utilizada en la historia de Porzellan Manufaktur Nymphenburg, que tradicionalmente trabaja con moldes; adem\u00e1s, su efecto est\u00e1 totalmente determinado por el car\u00e1cter espec\u00edfico del material, que sufre una transformaci\u00f3n incalculable cuando se expone a la humedad y el secado o se cuece y esmalta. Los moldes se exponen deliberadamente a las condiciones en que la porcelana se funde, se mueve, se compacta y se endurece. La edici\u00f3n de las vasijas se ha realizado en diferentes versiones, en las que se han combinado tres formas diferentes en una edici\u00f3n exclusiva de siete piezas cada una como bizcocho o esmalte cocido en diferentes variaciones de color y dibujo. Las vasijas resultantes son \u00fanicas en forma y dise\u00f1o, firmadas y numeradas por el artista. Tras varias presentaciones de piezas individuales, este volumen presenta ahora por primera vez la serie completa, junto con dibujos y fotograf\u00edas documentales de diversos estados de realizaci\u00f3n, con motivo de la exposici\u00f3n en el Museo Ariana de Ginebra.<\/p>\n<p>Exposici\u00f3n:<br \/>\nMuseo Ariana Ginebra, 20\/11\/2015 - 20\/3\/2016<\/p>","protected":false},"excerpt":{"rendered":"<p>Cat\u00e1logo de la exposici\u00f3n, Mus\u00e9e Ariana Gen\u00e8ve, editado por Anne-Claire Schumacher<br \/>\nTextos (eng.\/franc.) de Anne Carson, Christian Ganzenberg, Bruno Glatt, J\u00fcrgen Partenheimer, Anne-Claire Schumacher<br \/>\n136 p. con 110 ilustraciones en color<br \/>\nFormato 32,5 x 24 cm, tapa dura<\/p>","protected":false},"featured_media":5115,"template":"","meta":[],"product_brand":[],"product_cat":[102,73],"product_tag":[],"class_list":{"0":"post-3700","1":"product","2":"type-product","3":"status-publish","4":"has-post-thumbnail","6":"product_cat-102","7":"product_cat-p","9":"first","10":"instock","11":"taxable","12":"shipping-taxable","13":"purchasable","14":"product-type-simple"},"aioseo_notices":[],"_wp_attached_file":null,"_wp_attachment_metadata":null,"_wc_attachment_source":null,"_elementor_inline_svg":null,"_elementor_is_screenshot":null,"_elementor_source_image_hash":null,"_source_url":null,"_wp_attachment_context":null,"_menu_item_type":null,"_menu_item_menu_item_parent":null,"_menu_item_object_id":null,"_menu_item_object":null,"_menu_item_target":null,"_menu_item_classes":null,"_menu_item_xfn":null,"_menu_item_url":null,"__elementor_forms_snapshot":null,"_unit":"","_unit_base":"","_unit_product":"","_unit_price_auto":"no","_unit_price_regular":"","_unit_price":"","_unit_price_sale":"","_sale_price_label":"","_sale_price_regular_label":"","_manufacturer_slug":"","_mini_desc":"","_defect_description":"","_safety_instructions":"","_allergen_ids":[],"_warranty_attachment_id":"","_safety_attachment_ids":[],"_min_age":"","_ts_gtin":"","_ts_mpn":"","_delivery_time_countries":[],"_free_shipping":"no","_service":"no","_photovoltaic_system":"no","_used_good":"no","_defective_copy":"no","_wireless_electronic_device":"no","_device_contains_power_supply":"no","_device_charging_supports_usb_pd":"no","_device_charging_watt_min":"0","_device_charging_watt_max":"0","_is_food":"no","_differential_taxation":"no","_gzd_version":"3.18.7","_hs_code":"","_customs_description":"","_manufacture_country":"0","_is_non_returnable":"no","_shipping_length":"","_shipping_width":"","_shipping_height":"","_sku":"ISBN 978-3-86442-147-1","_global_unique_id":"978-3-86442-147-1","_regular_price":"29.8","total_sales":"0","_tax_status":"taxable","_tax_class":"","_manage_stock":"no","_backorders":"no","_sold_individually":"no","_weight":"2","_virtual":"no","_downloadable":"no","_download_limit":"-1","_download_expiry":"-1","_stock":"","_stock_status":"instock","_wc_average_rating":"0","_wc_review_count":"0","_product_version":"9.7.1","_price":"29.8","shopengine_product_views_count":"2842","_thumbnail_id":"5115","_product_attributes":{"erscheinungsdatum":{"name":"Fecha de publicaci\u00f3n","value":"20.11.2015","position":0,"is_visible":1,"is_variation":0,"is_taxonomy":0,"checkout_visible":0}},"_nutrient_ids":[],"_upsell_ids":null,"pswc_subtitle":null,"_default_delivery_time":null,"_wp_desired_post_slug":null,"_isbn":null,"pageType":null,"isExternalUrl":null,"pageId":null,"externalUrl":null,"hideCookieBanner":null,"isTargetBlank":null,"isProviderCurrentWebsite":null,"isEmbeddingOnlyExternalResources":null,"legalBasis":null,"dataProcessingInCountries":null,"dataProcessingInCountriesSpecialTreatments":null,"technicalDefinitions":null,"googleConsentModeConsentTypes":null,"executePriority":null,"executeCodeOptInWhenNoTagManagerConsentIsGiven":null,"executeCodeOptOutWhenNoTagManagerConsentIsGiven":null,"deleteTechnicalDefinitionsAfterOptOut":null,"presetId":null,"presetVersion":null,"provider":null,"providerContactPhone":null,"providerContactEmail":null,"providerContactLink":null,"uniqueName":null,"providerPrivacyPolicyUrl":null,"providerLegalNoticeUrl":null,"codeOptIn":null,"codeOptOut":null,"codeOnPageLoad":null,"language_code":null,"shopengine_template__post_meta__type":null,"shopengine_template__post_meta":null,"shopengine_template__post_meta__edit_with":null,"origin":null,"_enabled":null,"_filters":null,"_layout":null,"_elementor_import_session_id":null,"_wp_trash_meta_status":null,"_wp_trash_meta_time":null,"_edit_lock":"1743348391:2","_elementor_floating_elements_type":null,"_elementor_edit_mode":null,"_elementor_template_type":null,"tc-thumb-fld":{"_thumb_id":5115,"_thumb_type":"thumb"},"_wp_page_template":"default","_elementor_version":null,"_elementor_pro_version":null,"_elementor_page_settings":null,"_elementor_data":null,"_elementor_conditions":null,"_elementor_popup_display_settings":null,"_edit_last":"2","_elementor_template_sub_type":null,"_elementor_controls_usage":null,"_elementor_screenshot":null,"_elementor_css":null,"_elementor_page_assets":[],"_elementor_element_cache":null,"_elementor_screenshot_failed":null,"_elementor_source":null,"_wp_old_date":null,"layout_key":"","post_slider_check_key":"0","_links":{"self":[{"href":"https:\/\/snoeck.de\/es\/wp-json\/wp\/v2\/product\/3700","targetHints":{"allow":["GET"]}}],"collection":[{"href":"https:\/\/snoeck.de\/es\/wp-json\/wp\/v2\/product"}],"about":[{"href":"https:\/\/snoeck.de\/es\/wp-json\/wp\/v2\/types\/product"}],"wp:featuredmedia":[{"embeddable":true,"href":"https:\/\/snoeck.de\/es\/wp-json\/wp\/v2\/media\/5115"}],"wp:attachment":[{"href":"https:\/\/snoeck.de\/es\/wp-json\/wp\/v2\/media?parent=3700"}],"wp:term":[{"taxonomy":"product_brand","embeddable":true,"href":"https:\/\/snoeck.de\/es\/wp-json\/wp\/v2\/product_brand?post=3700"},{"taxonomy":"product_cat","embeddable":true,"href":"https:\/\/snoeck.de\/es\/wp-json\/wp\/v2\/product_cat?post=3700"},{"taxonomy":"product_tag","embeddable":true,"href":"https:\/\/snoeck.de\/es\/wp-json\/wp\/v2\/product_tag?post=3700"}],"curies":[{"name":"wp","href":"https:\/\/api.w.org\/{rel}","templated":true}]}}