{"id":3704,"date":"2025-01-31T11:31:45","date_gmt":"2025-01-31T11:31:45","guid":{"rendered":"https:\/\/snoeck.process-vision.de\/shop\/manfred-pernice-haldesleben-%e2%88%99-bibette-headland-%e2%88%99-hotel-hangelar\/"},"modified":"2025-03-30T15:24:00","modified_gmt":"2025-03-30T15:24:00","slug":"manfred-pernice-haldesleben-%e2%88%99-bibette-headland-%e2%88%99-hotel-hangelar","status":"publish","type":"product","link":"https:\/\/snoeck.de\/es\/shop\/manfred-pernice-haldesleben-%e2%88%99-bibette-headland-%e2%88%99-hotel-hangelar\/","title":{"rendered":"Manfred Pernice: Haldesleben \u2219 Cabo Bibette \u2219 Hotel Hangelar"},"content":{"rendered":"<h3>Perforaci\u00f3n profunda de Manfred Pernice<\/h3>\n<p>Este libro de m\u00faltiples capas de Manfred Pernice, que ahora por fin puede publicarse, se remonta a una exposici\u00f3n en el Museo Ludwig en 2007. En aquel momento, combin\u00f3 la obra temprana \"Bibette headland\" de 1999 con la obra \"Haldensleben\" de 2005, realizada especialmente para la exposici\u00f3n, y la escultura \"Hotel Hangelar\" de 2007, que se expuso por primera vez en aquel momento. Estas tres grandes esculturas, parcialmente accesibles, hacen referencia a la arquitectura de b\u00fankeres, torres de aeropuertos y peque\u00f1as urbanizaciones. Hoy, diez a\u00f1os despu\u00e9s, es evidente que estas tres esculturas ocupan un lugar central en la obra del artista. En ellas se condensa la larga exploraci\u00f3n de Pernice de los contextos hist\u00f3ricos y sociopol\u00edticos de la arquitectura y la est\u00e9tica cotidiana. Al mismo tiempo, a pesar de sus referencias a la realidad y al contenido hist\u00f3rico, sus esculturas se afirman como objetos independientes, como objetivaciones que nos enfrentan en una productiva interrelaci\u00f3n entre el yo y el otro, convirtiendo as\u00ed la experiencia est\u00e9tica en cognici\u00f3n. Este libro es el primero que presenta el diverso material de texto e im\u00e1genes de la investigaci\u00f3n de Manfred Pernice, junto con fotograf\u00edas de las obras realizadas en el Museo Ludwig de Colonia.<\/p>\n<p>Exposici\u00f3n:<br \/>\nMuseo Ludwig de Colonia, 20\/4 - 30\/7\/2007<\/p>","protected":false},"excerpt":{"rendered":"<p>Cat\u00e1logo de la exposici\u00f3n, Museo Ludwig de Colonia, editado por Barbara Engelbach<br \/>\nTexto (alem\u00e1n\/ingl\u00e9s) de Barbara Engelbach, Yilmaz Dziewior, Kasper K\u00f6nig y amplio material facs\u00edmil<br \/>\n200 p. con 345 ilustraciones en color y 60 en blanco y negro, encarte de 20 p\u00e1ginas<br \/>\nFormato 23 x 20 cm, encuadernaci\u00f3n en tela gofrada con sobrecubierta<\/p>","protected":false},"featured_media":5119,"template":"","meta":[],"product_brand":[],"product_cat":[112,73],"product_tag":[],"class_list":{"0":"post-3704","1":"product","2":"type-product","3":"status-publish","4":"has-post-thumbnail","6":"product_cat-112","7":"product_cat-p","9":"first","10":"instock","11":"taxable","12":"shipping-taxable","13":"purchasable","14":"product-type-simple"},"aioseo_notices":[],"_wp_attached_file":null,"_wp_attachment_metadata":null,"_wc_attachment_source":null,"_elementor_inline_svg":null,"_elementor_is_screenshot":null,"_elementor_source_image_hash":null,"_source_url":null,"_wp_attachment_context":null,"_menu_item_type":null,"_menu_item_menu_item_parent":null,"_menu_item_object_id":null,"_menu_item_object":null,"_menu_item_target":null,"_menu_item_classes":null,"_menu_item_xfn":null,"_menu_item_url":null,"__elementor_forms_snapshot":null,"_unit":"","_unit_base":"","_unit_product":"","_unit_price_auto":"no","_unit_price_regular":"","_unit_price":"","_unit_price_sale":"","_sale_price_label":"","_sale_price_regular_label":"","_manufacturer_slug":"","_mini_desc":"","_defect_description":"","_safety_instructions":"","_allergen_ids":[],"_warranty_attachment_id":"","_safety_attachment_ids":[],"_min_age":"","_ts_gtin":"","_ts_mpn":"","_delivery_time_countries":[],"_free_shipping":"no","_service":"no","_photovoltaic_system":"no","_used_good":"no","_defective_copy":"no","_wireless_electronic_device":"no","_device_contains_power_supply":"no","_device_charging_supports_usb_pd":"no","_device_charging_watt_min":"0","_device_charging_watt_max":"0","_is_food":"no","_differential_taxation":"no","_gzd_version":"3.18.7","_hs_code":"","_customs_description":"","_manufacture_country":"0","_is_non_returnable":"no","_shipping_length":"","_shipping_width":"","_shipping_height":"","_sku":"ISBN 978-3-86442-099-3","_global_unique_id":"978-3-86442-099-3","_regular_price":"29.8","total_sales":"0","_tax_status":"taxable","_tax_class":"","_manage_stock":"no","_backorders":"no","_sold_individually":"no","_weight":"1","_virtual":"no","_downloadable":"no","_download_limit":"-1","_download_expiry":"-1","_stock":"","_stock_status":"instock","_wc_average_rating":"0","_wc_review_count":"0","_product_version":"9.7.1","_price":"29.8","shopengine_product_views_count":"4188","_thumbnail_id":"5119","_product_attributes":{"erscheinungsdatum":{"name":"Erscheinungsdatum","value":"01.11.2017","position":0,"is_visible":1,"is_variation":0,"is_taxonomy":0,"checkout_visible":0}},"_nutrient_ids":[],"_upsell_ids":null,"pswc_subtitle":null,"_default_delivery_time":null,"_wp_desired_post_slug":null,"_isbn":null,"pageType":null,"isExternalUrl":null,"pageId":null,"externalUrl":null,"hideCookieBanner":null,"isTargetBlank":null,"isProviderCurrentWebsite":null,"isEmbeddingOnlyExternalResources":null,"legalBasis":null,"dataProcessingInCountries":null,"dataProcessingInCountriesSpecialTreatments":null,"technicalDefinitions":null,"googleConsentModeConsentTypes":null,"executePriority":null,"executeCodeOptInWhenNoTagManagerConsentIsGiven":null,"executeCodeOptOutWhenNoTagManagerConsentIsGiven":null,"deleteTechnicalDefinitionsAfterOptOut":null,"presetId":null,"presetVersion":null,"provider":null,"providerContactPhone":null,"providerContactEmail":null,"providerContactLink":null,"uniqueName":null,"providerPrivacyPolicyUrl":null,"providerLegalNoticeUrl":null,"codeOptIn":null,"codeOptOut":null,"codeOnPageLoad":null,"language_code":null,"shopengine_template__post_meta__type":null,"shopengine_template__post_meta":null,"shopengine_template__post_meta__edit_with":null,"origin":null,"_enabled":null,"_filters":null,"_layout":null,"_elementor_import_session_id":null,"_wp_trash_meta_status":null,"_wp_trash_meta_time":null,"_edit_lock":"1743348102:2","_elementor_floating_elements_type":null,"_elementor_edit_mode":null,"_elementor_template_type":null,"tc-thumb-fld":{"_thumb_id":5119,"_thumb_type":"thumb"},"_wp_page_template":"default","_elementor_version":null,"_elementor_pro_version":null,"_elementor_page_settings":null,"_elementor_data":null,"_elementor_conditions":null,"_elementor_popup_display_settings":null,"_edit_last":"2","_elementor_template_sub_type":null,"_elementor_controls_usage":null,"_elementor_screenshot":null,"_elementor_css":null,"_elementor_page_assets":[],"_elementor_element_cache":null,"_elementor_screenshot_failed":null,"_elementor_source":null,"_wp_old_date":null,"layout_key":"","post_slider_check_key":"0","_links":{"self":[{"href":"https:\/\/snoeck.de\/es\/wp-json\/wp\/v2\/product\/3704","targetHints":{"allow":["GET"]}}],"collection":[{"href":"https:\/\/snoeck.de\/es\/wp-json\/wp\/v2\/product"}],"about":[{"href":"https:\/\/snoeck.de\/es\/wp-json\/wp\/v2\/types\/product"}],"wp:featuredmedia":[{"embeddable":true,"href":"https:\/\/snoeck.de\/es\/wp-json\/wp\/v2\/media\/5119"}],"wp:attachment":[{"href":"https:\/\/snoeck.de\/es\/wp-json\/wp\/v2\/media?parent=3704"}],"wp:term":[{"taxonomy":"product_brand","embeddable":true,"href":"https:\/\/snoeck.de\/es\/wp-json\/wp\/v2\/product_brand?post=3704"},{"taxonomy":"product_cat","embeddable":true,"href":"https:\/\/snoeck.de\/es\/wp-json\/wp\/v2\/product_cat?post=3704"},{"taxonomy":"product_tag","embeddable":true,"href":"https:\/\/snoeck.de\/es\/wp-json\/wp\/v2\/product_tag?post=3704"}],"curies":[{"name":"wp","href":"https:\/\/api.w.org\/{rel}","templated":true}]}}