{"id":3706,"date":"2025-01-31T11:31:47","date_gmt":"2025-01-31T11:31:47","guid":{"rendered":"https:\/\/snoeck.process-vision.de\/shop\/picasso-in-der-kunst-der-gegenwart\/"},"modified":"2026-04-08T15:03:07","modified_gmt":"2026-04-08T14:03:07","slug":"picasso-in-der-kunst-der-gegenwart","status":"publish","type":"product","link":"https:\/\/snoeck.de\/es\/shop\/picasso-in-der-kunst-der-gegenwart\/","title":{"rendered":"Picasso en el arte contempor\u00e1neo"},"content":{"rendered":"<h3>Picasso en el arte contempor\u00e1neo<\/h3>\n<p>Ning\u00fan otro artista del siglo XX goza de tanta atenci\u00f3n p\u00fablica como Pablo Picasso, ning\u00fan otro artista llama tanto la atenci\u00f3n por la fuerza formal y expresiva de sus obras, ning\u00fan otro artista atrae a tantas multitudes de visitantes a los museos. Y desde 1912 -desde \"Hommage \u00e0 Picasso\", el retrato cubista de Picasso realizado por Juan Gris- la obra de Pablo Picasso ha sido un reto y un incentivo para multitud de artistas. Durante generaciones, \"Les Demoiselles d'Avignon\" (1907) o el \"Guernica\" (1937) han sido reelaborados, dando lugar a las m\u00e1s diversas apropiaciones, independientemente de los enfoques que los propios artistas hayan seguido hasta la fecha. Es la aparentemente inagotable capacidad imaginativa y el alcance de la obra de Picasso lo que, entre la abstracci\u00f3n y la figura, la creatividad art\u00edstica y la declaraci\u00f3n de intenciones pol\u00edticas, desaf\u00eda a los artistas a entablar di\u00e1logos siempre nuevos y apasionantes. Este voluminoso libro se publica con motivo de la exposici\u00f3n del mismo nombre, con motivo de la reapertura de la renovada Nordhalle, que marca la culminaci\u00f3n del 25 aniversario de la Deichtorhallen Hamburg.<\/p>\n<p>Artistas: Dia Al-Azzawi, Art &amp; Language, Kader Attia, Donald Baechler, Georg Baselitz, Walead Beshty, Mike Bidlo, Erwin Blumenfeld, Brassa\u00ef, Sophie Calle, Henri Cartier-Bresson, Maurizio Cattelan, Patrick Caulfield, Clegg &amp; Guttmann, George Condo, Hanne Darboven, Folkert de Jong, Rineke Dijkstra, Robert Doisneau, Marlene Dumas, David Douglas Duncan, Hans-Peter Feldmann, Fritz Fenzl, Gelatin, Amjad Ghannam\/Khaled Hourani, Felix Gmelin, Karl Otto G\u00f6tz, Leon Golub, Rodney Graham, G.R.A.M., Richard Hamilton, Rachel Harrison, Richard Hawkins, Anton Henning, David Hockney, Thomas Houseago, Gary Hume, JAY Z, Jasper Johns, Asger Jorn, Birgit J\u00fcrgenssen, Martin Kippenberger, Ernst Ludwig Kirchner, Paul Klee, Guillermo Kuitca, Sean Landers, Maria Lassnig, Louise Lawler, Roy Lichtenstein, Robert Longo, Dora Maar, Marcin Maciejowski, Goshka Macuga, Madame d'Ora, Jonathan Meese \/Albert Oehlen, Gjon Mili, Sandro Miller, Jonathan Monk, Yasumasa Morimura, Robert Motherwell, Otto Muehl \/ Terese Schulmeister, Ernst Wilhelm Nay, Claes Oldenburg, A. R. Penck, Irving Penn, Sigmar Polke, Richard Prince, Arnulf Rainer \/ Dieter Roth, Eugenio Recuenco, Ch\u00e9ri Samba, Peter Saul, Antonio Saura, Thomas Scheibitz, Thomas Sch\u00fctte, Cindy Sherman, John Stezaker, Strawalde (J\u00fcrgen B\u00f6ttcher), Francesco Vezzoli, Andr\u00e9 Villers, Wolfe von Lenkiewicz, Andy Warhol, Joel Peter Witkin, Alexander Wolff, Zhang Hongtu, Zhou Tiehai, Thomas Zipp, Heimo Zobernig<\/p>\n<p>Exposici\u00f3n:<br \/>\nDeichtorhallen Hamburg, 1\/4 - 12\/7\/2015<\/p>","protected":false},"excerpt":{"rendered":"<p>Cat\u00e1logo de la exposici\u00f3n, Deichtorhallen Hamburg, editado por Dirk Luckow<br \/>\nTextos (alem\u00e1n\/ingl\u00e9s) de Michael Fitzgerald, Axel Heil, Uwe Fleckner, Hanne Loreck, Dirk Luckow, Didier Ottinger, Thorsten Sadowsky, Daniel Tyradellis<br \/>\n408 p. con 335 ilustraciones en color<br \/>\nFormato 30,5 x 24,5 cm, tapa dura<\/p>","protected":false},"featured_media":5121,"template":"","meta":[],"product_brand":[],"product_cat":[95],"product_tag":[],"class_list":{"0":"post-3706","1":"product","2":"type-product","3":"status-publish","4":"has-post-thumbnail","6":"product_cat-vergriffen","8":"first","9":"outofstock","10":"taxable","11":"shipping-taxable","12":"product-type-simple"},"aioseo_notices":[],"_wp_attached_file":null,"_wp_attachment_metadata":null,"_wc_attachment_source":null,"_elementor_inline_svg":null,"_elementor_is_screenshot":null,"_elementor_source_image_hash":null,"_source_url":null,"_wp_attachment_context":null,"_menu_item_type":null,"_menu_item_menu_item_parent":null,"_menu_item_object_id":null,"_menu_item_object":null,"_menu_item_target":null,"_menu_item_classes":null,"_menu_item_xfn":null,"_menu_item_url":null,"__elementor_forms_snapshot":null,"_unit":"","_unit_base":"","_unit_product":"","_unit_price_auto":"no","_unit_price_regular":"","_unit_price":"","_unit_price_sale":"","_sale_price_label":"","_sale_price_regular_label":"","_manufacturer_slug":"","_mini_desc":"","_defect_description":"","_safety_instructions":"","_allergen_ids":[],"_warranty_attachment_id":"","_safety_attachment_ids":[],"_min_age":"","_ts_gtin":"","_ts_mpn":"","_delivery_time_countries":[],"_free_shipping":"no","_service":"no","_photovoltaic_system":"no","_used_good":"no","_defective_copy":"no","_wireless_electronic_device":"no","_device_contains_power_supply":"no","_device_charging_supports_usb_pd":"no","_device_charging_watt_min":"0","_device_charging_watt_max":"0","_is_food":"no","_differential_taxation":"no","_gzd_version":"3.18.7","_hs_code":"","_customs_description":"","_manufacture_country":"0","_is_non_returnable":"no","_shipping_length":"","_shipping_width":"","_shipping_height":"","_sku":"ISBN 978-3-86442-117-4","_global_unique_id":"978-3-86442-117-4","_regular_price":null,"total_sales":"0","_tax_status":"taxable","_tax_class":"","_manage_stock":"no","_backorders":"no","_sold_individually":"no","_weight":"3","_virtual":"no","_downloadable":"no","_download_limit":"-1","_download_expiry":"-1","_stock":"","_stock_status":"outofstock","_wc_average_rating":"0","_wc_review_count":"0","_product_version":"10.1.4","_price":"","shopengine_product_views_count":"2521","_thumbnail_id":"5121","_product_attributes":{"erscheinungsdatum":{"name":"Erscheinungsdatum","value":"31.03.2015","position":0,"is_visible":1,"is_variation":0,"is_taxonomy":0,"checkout_visible":0}},"_nutrient_ids":[],"_upsell_ids":null,"pswc_subtitle":null,"_default_delivery_time":null,"_wp_desired_post_slug":null,"_isbn":null,"pageType":null,"isExternalUrl":null,"pageId":null,"externalUrl":null,"hideCookieBanner":null,"isTargetBlank":null,"isProviderCurrentWebsite":null,"isEmbeddingOnlyExternalResources":null,"legalBasis":null,"dataProcessingInCountries":null,"dataProcessingInCountriesSpecialTreatments":null,"technicalDefinitions":null,"googleConsentModeConsentTypes":null,"executePriority":null,"executeCodeOptInWhenNoTagManagerConsentIsGiven":null,"executeCodeOptOutWhenNoTagManagerConsentIsGiven":null,"deleteTechnicalDefinitionsAfterOptOut":null,"presetId":null,"presetVersion":null,"provider":null,"providerContactPhone":null,"providerContactEmail":null,"providerContactLink":null,"uniqueName":null,"providerPrivacyPolicyUrl":null,"providerLegalNoticeUrl":null,"codeOptIn":null,"codeOptOut":null,"codeOnPageLoad":null,"language_code":null,"shopengine_template__post_meta__type":null,"shopengine_template__post_meta":null,"shopengine_template__post_meta__edit_with":null,"origin":null,"_enabled":null,"_filters":null,"_layout":null,"_elementor_import_session_id":null,"_wp_trash_meta_status":null,"_wp_trash_meta_time":null,"_edit_lock":"1743347336:2","_elementor_floating_elements_type":null,"_elementor_edit_mode":null,"_elementor_template_type":null,"tc-thumb-fld":{"_thumb_id":5121,"_thumb_type":"thumb"},"_wp_page_template":"default","_elementor_version":null,"_elementor_pro_version":null,"_elementor_page_settings":null,"_elementor_data":null,"_elementor_conditions":null,"_elementor_popup_display_settings":null,"_edit_last":"2","_elementor_template_sub_type":null,"_elementor_controls_usage":null,"_elementor_screenshot":null,"_elementor_css":null,"_elementor_page_assets":[],"_elementor_element_cache":null,"_elementor_screenshot_failed":null,"_elementor_source":null,"_wp_old_date":null,"layout_key":"","post_slider_check_key":"0","_links":{"self":[{"href":"https:\/\/snoeck.de\/es\/wp-json\/wp\/v2\/product\/3706","targetHints":{"allow":["GET"]}}],"collection":[{"href":"https:\/\/snoeck.de\/es\/wp-json\/wp\/v2\/product"}],"about":[{"href":"https:\/\/snoeck.de\/es\/wp-json\/wp\/v2\/types\/product"}],"wp:featuredmedia":[{"embeddable":true,"href":"https:\/\/snoeck.de\/es\/wp-json\/wp\/v2\/media\/5121"}],"wp:attachment":[{"href":"https:\/\/snoeck.de\/es\/wp-json\/wp\/v2\/media?parent=3706"}],"wp:term":[{"taxonomy":"product_brand","embeddable":true,"href":"https:\/\/snoeck.de\/es\/wp-json\/wp\/v2\/product_brand?post=3706"},{"taxonomy":"product_cat","embeddable":true,"href":"https:\/\/snoeck.de\/es\/wp-json\/wp\/v2\/product_cat?post=3706"},{"taxonomy":"product_tag","embeddable":true,"href":"https:\/\/snoeck.de\/es\/wp-json\/wp\/v2\/product_tag?post=3706"}],"curies":[{"name":"wp","href":"https:\/\/api.w.org\/{rel}","templated":true}]}}