{"id":3707,"date":"2025-01-31T11:31:47","date_gmt":"2025-01-31T11:31:47","guid":{"rendered":"https:\/\/snoeck.process-vision.de\/shop\/walter-pichler-zeichnungen\/"},"modified":"2026-04-08T14:26:15","modified_gmt":"2026-04-08T13:26:15","slug":"walter-pichler-zeichnungen","status":"publish","type":"product","link":"https:\/\/snoeck.de\/es\/shop\/walter-pichler-zeichnungen\/","title":{"rendered":"Walter Pichler: Dibujos"},"content":{"rendered":"<p>Escrupuloso y preciso al mismo tiempo<\/p>\n<p>\"Si haces un dibujo y est\u00e1 libre de intenciones, te alejas, y al mismo tiempo te vuelves cada vez m\u00e1s preciso. Si eres demasiado valiente, a\u00edslas el objeto sobre el que quieres informar, si eres demasiado cobarde, no das con el objeto sobre el que pretendes informar\". Walter Pichler (1936-2012) es escrupuloso, preciso y al mismo tiempo reivindica para s\u00ed una gran libertad art\u00edstica, y al mismo tiempo demuestra el enfoque de su obra. Por un lado est\u00e1 el dibujo, base de la obra de Pichler, pero sobre todo est\u00e1n el espacio y la esencia de la escultura, los par\u00e1metros m\u00e1s importantes de la obra de Pichler. Se expresan en obras sobre temas muy diversos: la persona en el espacio, la escultura, la imagen de la escultura, el propio Pichler, la mujer, el hombre, la cabeza, el torso, el amigo, la madre, la pareja, la familia, el ni\u00f1o, la cama, un acontecimiento, el muerto, el herido, el vagabundo, el bebedor, el dibujante, el guardi\u00e1n, el insultado, el vagabundo, una construcci\u00f3n, un plano, la casa, la habitaci\u00f3n, la cruz, un detalle importante, una situaci\u00f3n de conversaci\u00f3n. Por tanto, tambi\u00e9n trata del cuerpo humano, de sus sensaciones provocadas por determinadas condiciones, que se hacen perceptibles material y espiritualmente como estados de conciencia, tal y como escribe Christian Reder, compa\u00f1ero de Pichler y uno de los dos autores de este volumen. A principios de la treintena, Walter Pichler fue reconocido internacionalmente como un artista independiente y expl\u00edcitamente experimental que no se dejaba confinar en ning\u00fan g\u00e9nero, y posteriormente realiz\u00f3 exposiciones y participaciones ampliamente aclamadas: Museo de Arte Moderno (1967 y 1975), Documenta 4 (1968), Bienal de Venecia (1982, m\u00e1s recientemente en 2013 en el Palazzo Enciclopedico), St\u00e4del Museum de Frankfurt\/Main (1987), Stedelijk Museum de \u00c1msterdam (1998) y MAK de Viena (1990 y 2011). Sin embargo, Walter Pichler es \"uno de esos artistas cuya obra se ha vuelto cada vez m\u00e1s enigm\u00e1tica con el paso del tiempo\", como afirma Stephanie Weber, la segunda autora del libro, lo que tambi\u00e9n puede tener algo que ver con el hecho de que, como \u00e9l mismo dec\u00eda, estaba \"en contra de las ideas\", es decir, se opon\u00eda vehementemente a vincular el proceso art\u00edstico a un prop\u00f3sito o ideolog\u00eda.<\/p>\n<p>Exposici\u00f3n:<br \/>\nCFA Contemporary Fine Arts, Berl\u00edn, 14\/9 - 2\/11\/2013<\/p>","protected":false},"excerpt":{"rendered":"<p>Cat\u00e1logo de la exposici\u00f3n, Contemporary Fine Arts CFA Berl\u00edn, editado por Bruno Brunnen y Nicole Hackert<br \/>\nTextos (alem\u00e1n\/ingl\u00e9s) de Christian Reder, Stephanie Weber<br \/>\n96 p. con 50 ilustraciones en color<br \/>\nFormato 32 x 23,5 cm, tapa blanda<\/p>","protected":false},"featured_media":5122,"template":"","meta":[],"product_brand":[],"product_cat":[95],"product_tag":[],"class_list":{"0":"post-3707","1":"product","2":"type-product","3":"status-publish","4":"has-post-thumbnail","6":"product_cat-vergriffen","8":"first","9":"outofstock","10":"taxable","11":"shipping-taxable","12":"product-type-simple"},"aioseo_notices":[],"_wp_attached_file":null,"_wp_attachment_metadata":null,"_wc_attachment_source":null,"_elementor_inline_svg":null,"_elementor_is_screenshot":null,"_elementor_source_image_hash":null,"_source_url":null,"_wp_attachment_context":null,"_menu_item_type":null,"_menu_item_menu_item_parent":null,"_menu_item_object_id":null,"_menu_item_object":null,"_menu_item_target":null,"_menu_item_classes":null,"_menu_item_xfn":null,"_menu_item_url":null,"__elementor_forms_snapshot":null,"_unit":"","_unit_base":"","_unit_product":"","_unit_price_auto":"no","_unit_price_regular":"","_unit_price":"","_unit_price_sale":"","_sale_price_label":"","_sale_price_regular_label":"","_manufacturer_slug":"","_mini_desc":"","_defect_description":"","_safety_instructions":"","_allergen_ids":[],"_warranty_attachment_id":"","_safety_attachment_ids":[],"_min_age":"","_ts_gtin":"","_ts_mpn":"","_delivery_time_countries":[],"_free_shipping":"no","_service":"no","_photovoltaic_system":"no","_used_good":"no","_defective_copy":"no","_wireless_electronic_device":"no","_device_contains_power_supply":"no","_device_charging_supports_usb_pd":"no","_device_charging_watt_min":"0","_device_charging_watt_max":"0","_is_food":"no","_differential_taxation":"no","_gzd_version":"3.18.7","_hs_code":"","_customs_description":"","_manufacture_country":"0","_is_non_returnable":"no","_shipping_length":"","_shipping_width":"","_shipping_height":"","_sku":"ISBN 978-3-86442-065-8","_global_unique_id":"978-3-86442-065-8","_regular_price":null,"total_sales":"1","_tax_status":"taxable","_tax_class":"","_manage_stock":"no","_backorders":"no","_sold_individually":"no","_weight":"1","_virtual":"no","_downloadable":"no","_download_limit":"-1","_download_expiry":"-1","_stock":"","_stock_status":"outofstock","_wc_average_rating":"0","_wc_review_count":"0","_product_version":"10.1.4","_price":"","shopengine_product_views_count":"3713","_thumbnail_id":"5122","_product_attributes":{"erscheinungsdatum":{"name":"Fecha de publicaci\u00f3n","value":"30.09.2013","position":0,"is_visible":1,"is_variation":0,"is_taxonomy":0,"checkout_visible":0}},"_nutrient_ids":[],"_upsell_ids":null,"pswc_subtitle":null,"_default_delivery_time":null,"_wp_desired_post_slug":null,"_isbn":null,"pageType":null,"isExternalUrl":null,"pageId":null,"externalUrl":null,"hideCookieBanner":null,"isTargetBlank":null,"isProviderCurrentWebsite":null,"isEmbeddingOnlyExternalResources":null,"legalBasis":null,"dataProcessingInCountries":null,"dataProcessingInCountriesSpecialTreatments":null,"technicalDefinitions":null,"googleConsentModeConsentTypes":null,"executePriority":null,"executeCodeOptInWhenNoTagManagerConsentIsGiven":null,"executeCodeOptOutWhenNoTagManagerConsentIsGiven":null,"deleteTechnicalDefinitionsAfterOptOut":null,"presetId":null,"presetVersion":null,"provider":null,"providerContactPhone":null,"providerContactEmail":null,"providerContactLink":null,"uniqueName":null,"providerPrivacyPolicyUrl":null,"providerLegalNoticeUrl":null,"codeOptIn":null,"codeOptOut":null,"codeOnPageLoad":null,"language_code":null,"shopengine_template__post_meta__type":null,"shopengine_template__post_meta":null,"shopengine_template__post_meta__edit_with":null,"origin":null,"_enabled":null,"_filters":null,"_layout":null,"_elementor_import_session_id":null,"_wp_trash_meta_status":null,"_wp_trash_meta_time":null,"_edit_lock":"1743347188:2","_elementor_floating_elements_type":null,"_elementor_edit_mode":null,"_elementor_template_type":null,"tc-thumb-fld":{"_thumb_id":5122,"_thumb_type":"thumb"},"_wp_page_template":"default","_elementor_version":null,"_elementor_pro_version":null,"_elementor_page_settings":null,"_elementor_data":null,"_elementor_conditions":null,"_elementor_popup_display_settings":null,"_edit_last":"2","_elementor_template_sub_type":null,"_elementor_controls_usage":null,"_elementor_screenshot":null,"_elementor_css":null,"_elementor_page_assets":[],"_elementor_element_cache":null,"_elementor_screenshot_failed":null,"_elementor_source":null,"_wp_old_date":null,"layout_key":"","post_slider_check_key":"0","_links":{"self":[{"href":"https:\/\/snoeck.de\/es\/wp-json\/wp\/v2\/product\/3707","targetHints":{"allow":["GET"]}}],"collection":[{"href":"https:\/\/snoeck.de\/es\/wp-json\/wp\/v2\/product"}],"about":[{"href":"https:\/\/snoeck.de\/es\/wp-json\/wp\/v2\/types\/product"}],"wp:featuredmedia":[{"embeddable":true,"href":"https:\/\/snoeck.de\/es\/wp-json\/wp\/v2\/media\/5122"}],"wp:attachment":[{"href":"https:\/\/snoeck.de\/es\/wp-json\/wp\/v2\/media?parent=3707"}],"wp:term":[{"taxonomy":"product_brand","embeddable":true,"href":"https:\/\/snoeck.de\/es\/wp-json\/wp\/v2\/product_brand?post=3707"},{"taxonomy":"product_cat","embeddable":true,"href":"https:\/\/snoeck.de\/es\/wp-json\/wp\/v2\/product_cat?post=3707"},{"taxonomy":"product_tag","embeddable":true,"href":"https:\/\/snoeck.de\/es\/wp-json\/wp\/v2\/product_tag?post=3707"}],"curies":[{"name":"wp","href":"https:\/\/api.w.org\/{rel}","templated":true}]}}