{"id":3708,"date":"2025-01-31T11:31:48","date_gmt":"2025-01-31T11:31:48","guid":{"rendered":"https:\/\/snoeck.process-vision.de\/shop\/katrin-plavcak-summen-purzeln-humming-tumbling\/"},"modified":"2026-04-08T16:51:36","modified_gmt":"2026-04-08T15:51:36","slug":"katrin-plavcak-summen-purzeln-humming-tumbling","status":"publish","type":"product","link":"https:\/\/snoeck.de\/es\/shop\/katrin-plavcak-summen-purzeln-humming-tumbling\/","title":{"rendered":"Katrin Plav\u010dak: SUMMEN PURZELN HUMMING TUMBLING"},"content":{"rendered":"<h3>La pintura pol\u00edtica en la era postfactual<\/h3>\n<p>Aunque la pintura posmodernista siempre ha ido acompa\u00f1ada de discusiones sobre su final, siempre hace referencia a su caracter\u00edstica m\u00e1s importante: que gracias a su car\u00e1cter discursivo, puede abarcar una red interminable de representaciones. Hace treinta y cinco a\u00f1os, el pintor Thomas Lawson acu\u00f1\u00f3 la acertada expresi\u00f3n \"\u00daltima salida: la pintura\". Lo mismo puede decirse de las obras de Katrin Plav\u010dak (nacida en 1970 en G\u00fctersloh, creci\u00f3 en Austria). Sus \u00f3leos y acr\u00edlicos sin pasta evocan referencias figurativas a Dix y Grosz, Magritte y Picasso, H\u00f6ch y Lassnig, as\u00ed como la pr\u00e1ctica de la pintura naif, en la que la perspectiva y las condiciones espaciales quedan suspendidas y coexisten varios hilos narrativos. Katrin Plav\u010dak se ocupa espec\u00edficamente de la historia de las im\u00e1genes procedentes del c\u00f3mic, la caricatura, la ilustraci\u00f3n y, m\u00e1s en general, de los medios t\u00e9cnicos de la imagen. El clich\u00e9, la distorsi\u00f3n, la trivializaci\u00f3n y el espect\u00e1culo, tal como los produce la industria de los medios de comunicaci\u00f3n y a cuya l\u00f3gica tambi\u00e9n son naturalmente susceptibles el arte y sus instituciones, forman para ella un fondo est\u00e9tico a partir del cual formula su visi\u00f3n art\u00edstica y sociopol\u00edtica de las cosas con su propio lenguaje pict\u00f3rico en un proceso de transformaci\u00f3n muy h\u00e1bil. Katrin Plav\u010dak no necesita ni patetismo ni una posici\u00f3n ideol\u00f3gicamente \"correcta\", sino que sigue directamente su inter\u00e9s por el dada\u00edsmo o el surrealismo, movimientos art\u00edsticos en los que los logros de la fotograf\u00eda, el cine y la publicidad, y por tanto no menos importante la cultura de las revistas populares en met\u00f3dico entrelazamiento con el montaje y el collage, han codeterminado el concepto de vanguardia. Adem\u00e1s, Katrin Plav\u010dak es una gran retratista que sabe llegar al coraz\u00f3n de las caracter\u00edsticas psicol\u00f3gicas de sus figuras encontradas o inventadas con gran habilidad pict\u00f3rica. As\u00ed pues, si estos d\u00edas se proclama la era post-factual porque \"nos estamos ahogando en informaci\u00f3n hasta el punto de que carece de sentido para nosotros\", como dijo Lawson en 1981, la ant\u00edtesis podr\u00eda ser el arte dispuesto a explorar dimensiones expl\u00edcitamente pol\u00edticas y m\u00edticas. La distancia cr\u00edtica y resistente surge en este medio como si fuera por s\u00ed misma, cuando se crea espacio en el lienzo para temas, ideas y sentimientos complejos de forma muy condensada.<\/p>","protected":false},"excerpt":{"rendered":"<p>Textos (alem\u00e1n\/ingl\u00e9s) de Silvia Eiblmayr y J\u00f6rg Heiser<br \/>\n176 p. con 123 ilustraciones en color<br \/>\nFormato 28,5 x 22 cm, tapa dura<\/p>","protected":false},"featured_media":5123,"template":"","meta":[],"product_brand":[],"product_cat":[95],"product_tag":[],"class_list":{"0":"post-3708","1":"product","2":"type-product","3":"status-publish","4":"has-post-thumbnail","6":"product_cat-vergriffen","8":"first","9":"outofstock","10":"taxable","11":"shipping-taxable","12":"product-type-simple"},"aioseo_notices":[],"_wp_attached_file":null,"_wp_attachment_metadata":null,"_wc_attachment_source":null,"_elementor_inline_svg":null,"_elementor_is_screenshot":null,"_elementor_source_image_hash":null,"_source_url":null,"_wp_attachment_context":null,"_menu_item_type":null,"_menu_item_menu_item_parent":null,"_menu_item_object_id":null,"_menu_item_object":null,"_menu_item_target":null,"_menu_item_classes":null,"_menu_item_xfn":null,"_menu_item_url":null,"__elementor_forms_snapshot":null,"_unit":"","_unit_base":"","_unit_product":"","_unit_price_auto":"no","_unit_price_regular":"","_unit_price":"","_unit_price_sale":"","_sale_price_label":"","_sale_price_regular_label":"","_manufacturer_slug":"","_mini_desc":"","_defect_description":"","_safety_instructions":"","_allergen_ids":[],"_warranty_attachment_id":"","_safety_attachment_ids":[],"_min_age":"","_ts_gtin":"","_ts_mpn":"","_delivery_time_countries":[],"_free_shipping":"no","_service":"no","_photovoltaic_system":"no","_used_good":"no","_defective_copy":"no","_wireless_electronic_device":"no","_device_contains_power_supply":"no","_device_charging_supports_usb_pd":"no","_device_charging_watt_min":"0","_device_charging_watt_max":"0","_is_food":"no","_differential_taxation":"no","_gzd_version":"3.18.7","_hs_code":"","_customs_description":"","_manufacture_country":"0","_is_non_returnable":"no","_shipping_length":"","_shipping_width":"","_shipping_height":"","_sku":"ISBN 978-3-86442-203-4","_global_unique_id":"978-3-86442-203-4","_regular_price":null,"total_sales":"0","_tax_status":"taxable","_tax_class":"","_manage_stock":"no","_backorders":"no","_sold_individually":"no","_weight":"1","_virtual":"no","_downloadable":"no","_download_limit":"-1","_download_expiry":"-1","_stock":"","_stock_status":"outofstock","_wc_average_rating":"0","_wc_review_count":"0","_product_version":"10.1.4","_price":"","shopengine_product_views_count":"2610","_thumbnail_id":"5123","_product_attributes":{"erscheinungsdatum":{"name":"Erscheinungsdatum","value":"31.05.2017","position":0,"is_visible":1,"is_variation":0,"is_taxonomy":0,"checkout_visible":0}},"_nutrient_ids":[],"_upsell_ids":null,"pswc_subtitle":null,"_default_delivery_time":null,"_wp_desired_post_slug":null,"_isbn":null,"pageType":null,"isExternalUrl":null,"pageId":null,"externalUrl":null,"hideCookieBanner":null,"isTargetBlank":null,"isProviderCurrentWebsite":null,"isEmbeddingOnlyExternalResources":null,"legalBasis":null,"dataProcessingInCountries":null,"dataProcessingInCountriesSpecialTreatments":null,"technicalDefinitions":null,"googleConsentModeConsentTypes":null,"executePriority":null,"executeCodeOptInWhenNoTagManagerConsentIsGiven":null,"executeCodeOptOutWhenNoTagManagerConsentIsGiven":null,"deleteTechnicalDefinitionsAfterOptOut":null,"presetId":null,"presetVersion":null,"provider":null,"providerContactPhone":null,"providerContactEmail":null,"providerContactLink":null,"uniqueName":null,"providerPrivacyPolicyUrl":null,"providerLegalNoticeUrl":null,"codeOptIn":null,"codeOptOut":null,"codeOnPageLoad":null,"language_code":null,"shopengine_template__post_meta__type":null,"shopengine_template__post_meta":null,"shopengine_template__post_meta__edit_with":null,"origin":null,"_enabled":null,"_filters":null,"_layout":null,"_elementor_import_session_id":null,"_wp_trash_meta_status":null,"_wp_trash_meta_time":null,"_edit_lock":"1743347064:2","_elementor_floating_elements_type":null,"_elementor_edit_mode":null,"_elementor_template_type":null,"tc-thumb-fld":{"_thumb_id":5123,"_thumb_type":"thumb"},"_wp_page_template":"default","_elementor_version":null,"_elementor_pro_version":null,"_elementor_page_settings":null,"_elementor_data":null,"_elementor_conditions":null,"_elementor_popup_display_settings":null,"_edit_last":"2","_elementor_template_sub_type":null,"_elementor_controls_usage":null,"_elementor_screenshot":null,"_elementor_css":null,"_elementor_page_assets":[],"_elementor_element_cache":null,"_elementor_screenshot_failed":null,"_elementor_source":null,"_wp_old_date":null,"layout_key":"","post_slider_check_key":"0","_links":{"self":[{"href":"https:\/\/snoeck.de\/es\/wp-json\/wp\/v2\/product\/3708","targetHints":{"allow":["GET"]}}],"collection":[{"href":"https:\/\/snoeck.de\/es\/wp-json\/wp\/v2\/product"}],"about":[{"href":"https:\/\/snoeck.de\/es\/wp-json\/wp\/v2\/types\/product"}],"wp:featuredmedia":[{"embeddable":true,"href":"https:\/\/snoeck.de\/es\/wp-json\/wp\/v2\/media\/5123"}],"wp:attachment":[{"href":"https:\/\/snoeck.de\/es\/wp-json\/wp\/v2\/media?parent=3708"}],"wp:term":[{"taxonomy":"product_brand","embeddable":true,"href":"https:\/\/snoeck.de\/es\/wp-json\/wp\/v2\/product_brand?post=3708"},{"taxonomy":"product_cat","embeddable":true,"href":"https:\/\/snoeck.de\/es\/wp-json\/wp\/v2\/product_cat?post=3708"},{"taxonomy":"product_tag","embeddable":true,"href":"https:\/\/snoeck.de\/es\/wp-json\/wp\/v2\/product_tag?post=3708"}],"curies":[{"name":"wp","href":"https:\/\/api.w.org\/{rel}","templated":true}]}}