{"id":3709,"date":"2025-01-31T11:31:48","date_gmt":"2025-01-31T11:31:48","guid":{"rendered":"https:\/\/snoeck.process-vision.de\/shop\/poesie-der-grossstadt-die-affichisten\/"},"modified":"2025-03-30T14:54:18","modified_gmt":"2025-03-30T14:54:18","slug":"poesie-der-grossstadt-die-affichisten","status":"publish","type":"product","link":"https:\/\/snoeck.de\/es\/shop\/poesie-der-grossstadt-die-affichisten\/","title":{"rendered":"Poes\u00eda de la gran ciudad: Los Affichistes"},"content":{"rendered":"<h3>El cuadro parlante<\/h3>\n<p>En las d\u00e9cadas de 1940 y 1950, los Affichistes aparecieron en escena en Par\u00eds con una nueva y revolucionaria forma de imagen art\u00edstica: la demolici\u00f3n de carteles. Retomaron este medio publicitario en expansi\u00f3n, que caracterizaba cada vez m\u00e1s el paisaje urbano, y su particular est\u00e9tica y, con sus im\u00e1genes capturadas y aleatorias, formularon una contradicci\u00f3n radical con la pintura abstracta dominante de la posguerra. Por un lado, se interesan por el acto de apropiarse por la fuerza de material visual del espacio p\u00fablico; por otro, celebran el principio del azar y muestran un inter\u00e9s particular por el lenguaje y la tipograf\u00eda. Sin embargo, en sus acciones ya no se ven a s\u00ed mismos como comprometidos con una autoimagen de agitprop vanguardista, sino que apuntan a la complejidad visual de los medios de expresi\u00f3n modernos contempor\u00e1neos, como entonces tambi\u00e9n los retoma el Pop Art y siguen siendo relevantes hoy en d\u00eda a pesar de toda la medialidad electr\u00f3nica. El libro y la exposici\u00f3n ofrecen una panor\u00e1mica completa de las dos d\u00e9cadas (1948-1968) de actividades de esta importante vanguardia de posguerra, surgida sobre todo en Francia, y ampl\u00edan el espectro con las obras fotogr\u00e1ficas, cinematogr\u00e1ficas y sonoras de los protagonistas m\u00e1s importantes, como Raymond Hains, Jacques Villegl\u00e9, Fran\u00e7ois Dufr\u00eane, Mimmo Rotella y Wolf Vostell. Adem\u00e1s, se rastrean sus otros antecedentes espec\u00edficos, por ejemplo en el d\u00e9collage, la acci\u00f3n o el happening. Lo que sigue sorprendiendo es la frescura y el resplandor que muchas de las obras han conservado hasta nuestros d\u00edas.<\/p>\n<p>Exposici\u00f3n:<br \/>\nMuseo Tinguely, Basilea, 22\/10\/2014 - 11\/1\/2015<br \/>\nSchirn Kunsthalle, Fr\u00e1ncfort, 5\/2 - 25\/5\/2015<\/p>","protected":false},"excerpt":{"rendered":"<p>Cat\u00e1logo de la exposici\u00f3n, Schirn Kunsthalle Frankfurt,Museum Tinguely Basel, editado por Esther Schlicht, Roland Wetzel, Max Hollein<br \/>\nTextos (alem\u00e1n\/ingl\u00e9s) de Bernard Blist\u00e8ne, Fritz Emslander, Esther Schlicht, Didier Semin, Dominique Stella, as\u00ed como una entrevista de Roland Wetzel con Jacques Villegl\u00e9, textos originales de Fran\u00e7ois Dufr\u00eane, Raymond Hains, Mimmo Rotella, Jacques Villegl\u00e9, Wolf Vostell y una cronolog\u00eda de los a\u00f1os 1944-1968.<br \/>\n280 p. con 170 ilustraciones en color<br \/>\nFormato 30,5 x 24,5 cm, tapa blanda con sobrecubierta de doble pliegue<\/p>","protected":false},"featured_media":5124,"template":"","meta":[],"product_brand":[],"product_cat":[104,58,64,73,90],"product_tag":[],"class_list":{"0":"post-3709","1":"product","2":"type-product","3":"status-publish","4":"has-post-thumbnail","6":"product_cat-104","7":"product_cat-a","8":"product_cat-g","9":"product_cat-p","10":"product_cat-rare-books","12":"first","13":"instock","14":"taxable","15":"shipping-taxable","16":"purchasable","17":"product-type-simple"},"aioseo_notices":[],"_wp_attached_file":null,"_wp_attachment_metadata":null,"_wc_attachment_source":null,"_elementor_inline_svg":null,"_elementor_is_screenshot":null,"_elementor_source_image_hash":null,"_source_url":null,"_wp_attachment_context":null,"_menu_item_type":null,"_menu_item_menu_item_parent":null,"_menu_item_object_id":null,"_menu_item_object":null,"_menu_item_target":null,"_menu_item_classes":null,"_menu_item_xfn":null,"_menu_item_url":null,"__elementor_forms_snapshot":null,"_unit":"","_unit_base":"","_unit_product":"","_unit_price_auto":"no","_unit_price_regular":"","_unit_price":"","_unit_price_sale":"","_sale_price_label":"","_sale_price_regular_label":"","_manufacturer_slug":"","_mini_desc":"","_defect_description":"","_safety_instructions":"","_allergen_ids":[],"_warranty_attachment_id":"","_safety_attachment_ids":[],"_min_age":"","_ts_gtin":"","_ts_mpn":"","_delivery_time_countries":[],"_free_shipping":"no","_service":"no","_photovoltaic_system":"no","_used_good":"no","_defective_copy":"no","_wireless_electronic_device":"no","_device_contains_power_supply":"no","_device_charging_supports_usb_pd":"no","_device_charging_watt_min":"0","_device_charging_watt_max":"0","_is_food":"no","_differential_taxation":"no","_gzd_version":"3.18.7","_hs_code":"","_customs_description":"","_manufacture_country":"0","_is_non_returnable":"no","_shipping_length":"","_shipping_width":"","_shipping_height":"","_sku":"ISBN 978-3-86442-103-7","_global_unique_id":"978-3-86442-103-7","_regular_price":"78","total_sales":"1","_tax_status":"taxable","_tax_class":"","_manage_stock":"no","_backorders":"no","_sold_individually":"no","_weight":"2","_virtual":"no","_downloadable":"no","_download_limit":"-1","_download_expiry":"-1","_stock":"","_stock_status":"instock","_wc_average_rating":"0","_wc_review_count":"0","_product_version":"9.7.1","_price":"78","shopengine_product_views_count":"3372","_thumbnail_id":"5124","_product_attributes":{"erscheinungsdatum":{"name":"Fecha de publicaci\u00f3n","value":"21.10.2014","position":0,"is_visible":1,"is_variation":0,"is_taxonomy":0,"checkout_visible":0}},"_nutrient_ids":[],"_upsell_ids":null,"pswc_subtitle":null,"_default_delivery_time":null,"_wp_desired_post_slug":null,"_isbn":null,"pageType":null,"isExternalUrl":null,"pageId":null,"externalUrl":null,"hideCookieBanner":null,"isTargetBlank":null,"isProviderCurrentWebsite":null,"isEmbeddingOnlyExternalResources":null,"legalBasis":null,"dataProcessingInCountries":null,"dataProcessingInCountriesSpecialTreatments":null,"technicalDefinitions":null,"googleConsentModeConsentTypes":null,"executePriority":null,"executeCodeOptInWhenNoTagManagerConsentIsGiven":null,"executeCodeOptOutWhenNoTagManagerConsentIsGiven":null,"deleteTechnicalDefinitionsAfterOptOut":null,"presetId":null,"presetVersion":null,"provider":null,"providerContactPhone":null,"providerContactEmail":null,"providerContactLink":null,"uniqueName":null,"providerPrivacyPolicyUrl":null,"providerLegalNoticeUrl":null,"codeOptIn":null,"codeOptOut":null,"codeOnPageLoad":null,"language_code":null,"shopengine_template__post_meta__type":null,"shopengine_template__post_meta":null,"shopengine_template__post_meta__edit_with":null,"origin":null,"_enabled":null,"_filters":null,"_layout":null,"_elementor_import_session_id":null,"_wp_trash_meta_status":null,"_wp_trash_meta_time":null,"_edit_lock":"1743346319:2","_elementor_floating_elements_type":null,"_elementor_edit_mode":null,"_elementor_template_type":null,"tc-thumb-fld":{"_thumb_id":5124,"_thumb_type":"thumb"},"_wp_page_template":"default","_elementor_version":null,"_elementor_pro_version":null,"_elementor_page_settings":null,"_elementor_data":null,"_elementor_conditions":null,"_elementor_popup_display_settings":null,"_edit_last":"2","_elementor_template_sub_type":null,"_elementor_controls_usage":null,"_elementor_screenshot":null,"_elementor_css":null,"_elementor_page_assets":[],"_elementor_element_cache":null,"_elementor_screenshot_failed":null,"_elementor_source":null,"_wp_old_date":null,"layout_key":"","post_slider_check_key":"0","_links":{"self":[{"href":"https:\/\/snoeck.de\/es\/wp-json\/wp\/v2\/product\/3709","targetHints":{"allow":["GET"]}}],"collection":[{"href":"https:\/\/snoeck.de\/es\/wp-json\/wp\/v2\/product"}],"about":[{"href":"https:\/\/snoeck.de\/es\/wp-json\/wp\/v2\/types\/product"}],"wp:featuredmedia":[{"embeddable":true,"href":"https:\/\/snoeck.de\/es\/wp-json\/wp\/v2\/media\/5124"}],"wp:attachment":[{"href":"https:\/\/snoeck.de\/es\/wp-json\/wp\/v2\/media?parent=3709"}],"wp:term":[{"taxonomy":"product_brand","embeddable":true,"href":"https:\/\/snoeck.de\/es\/wp-json\/wp\/v2\/product_brand?post=3709"},{"taxonomy":"product_cat","embeddable":true,"href":"https:\/\/snoeck.de\/es\/wp-json\/wp\/v2\/product_cat?post=3709"},{"taxonomy":"product_tag","embeddable":true,"href":"https:\/\/snoeck.de\/es\/wp-json\/wp\/v2\/product_tag?post=3709"}],"curies":[{"name":"wp","href":"https:\/\/api.w.org\/{rel}","templated":true}]}}