{"id":3710,"date":"2025-01-31T11:31:49","date_gmt":"2025-01-31T11:31:49","guid":{"rendered":"https:\/\/snoeck.process-vision.de\/shop\/sigmar-polke-plakate\/"},"modified":"2026-04-08T14:25:31","modified_gmt":"2026-04-08T13:25:31","slug":"sigmar-polke-plakate","status":"publish","type":"product","link":"https:\/\/snoeck.de\/es\/shop\/sigmar-polke-plakate\/","title":{"rendered":"Carteles de Sigmar Polke"},"content":{"rendered":"<h3>Los carteles de Polke en la Colecci\u00f3n Ciesilski<\/h3>\n<p>Axel Ciesielski es un entusiasta coleccionista de las obras de Sigmar Polke y es probablemente la \u00fanica persona en el mundo que puede considerar suyas todas las ediciones del artista. Actualmente se exponen en el Museum f\u00fcr Gegenwartskunst de Siegen y, a partir de la primavera de 2014, en les Abattoirs de Toulouse. La intensa actividad coleccionista de Axel Ciesielski se basa, naturalmente, en una bien cimentada colecci\u00f3n de numerosos dibujos y obras sobre lienzo, incluidos los primeros, pero siempre ha incluido tambi\u00e9n los carteles de las exposiciones. En consecuencia, este volumen es el primero que reproduce todos los carteles publicados hasta la fecha para exposiciones de obras de Sigmar Polke - carteles que se caracterizan casi sin excepci\u00f3n por un aspecto ir\u00f3nico que remite al ingenio an\u00e1rquico y al mundo formalmente innovador de la obra de este extraordinario artista. Pero lo especial de esta colecci\u00f3n de carteles, escribe Claus von der Osten, editor del cat\u00e1logo razonado de las ediciones, en su texto introductorio, es sobre todo que el coleccionista ha conseguido todos los carteles de calidad impecable que el propio artista incluy\u00f3 en el cat\u00e1logo razonado de las ediciones como carteles de artista. Adem\u00e1s, el volumen es tambi\u00e9n un viaje en el tiempo a trav\u00e9s del mundo del arte desde los a\u00f1os sesenta. Al hojear las p\u00e1ginas, r\u00e1pidamente queda claro d\u00f3nde y qui\u00e9n acompa\u00f1\u00f3 los comienzos de Polke y qu\u00e9 presentaciones tuvieron lugar m\u00e1s tarde, as\u00ed como qu\u00e9 grandes exposiciones institucionales (retrospectivas) promovieron y reflejaron la fama mundial del artista. El volumen es, por tanto, un qui\u00e9n es qui\u00e9n del arte contempor\u00e1neo, ya sea presentado por galer\u00edas, asociaciones art\u00edsticas o museos de renombre internacional. No s\u00f3lo se han utilizado y se utilizan motivos conocidos de la obra del artista, sino tambi\u00e9n enigm\u00e1ticos, lo que hace de este volumen una muestra representativa de las diversas facetas de su obra.<\/p>","protected":false},"excerpt":{"rendered":"<p>Textos (alem\u00e1n\/ingl\u00e9s) de Axel Ciesielski, Claus von der Osten<br \/>\n328 p. con 170 ilustraciones en color<br \/>\nFormato 28,5 x 24 cm, tapa dura<\/p>","protected":false},"featured_media":5125,"template":"","meta":[],"product_brand":[],"product_cat":[95],"product_tag":[],"class_list":{"0":"post-3710","1":"product","2":"type-product","3":"status-publish","4":"has-post-thumbnail","6":"product_cat-vergriffen","8":"first","9":"outofstock","10":"taxable","11":"shipping-taxable","12":"product-type-simple"},"aioseo_notices":[],"_wp_attached_file":null,"_wp_attachment_metadata":null,"_wc_attachment_source":null,"_elementor_inline_svg":null,"_elementor_is_screenshot":null,"_elementor_source_image_hash":null,"_source_url":null,"_wp_attachment_context":null,"_menu_item_type":null,"_menu_item_menu_item_parent":null,"_menu_item_object_id":null,"_menu_item_object":null,"_menu_item_target":null,"_menu_item_classes":null,"_menu_item_xfn":null,"_menu_item_url":null,"__elementor_forms_snapshot":null,"_unit":"","_unit_base":"","_unit_product":"","_unit_price_auto":"no","_unit_price_regular":"","_unit_price":"","_unit_price_sale":"","_sale_price_label":"","_sale_price_regular_label":"","_manufacturer_slug":"","_mini_desc":"","_defect_description":"","_safety_instructions":"","_allergen_ids":[],"_warranty_attachment_id":"","_safety_attachment_ids":[],"_min_age":"","_ts_gtin":"","_ts_mpn":"","_delivery_time_countries":[],"_free_shipping":"no","_service":"no","_photovoltaic_system":"no","_used_good":"no","_defective_copy":"no","_wireless_electronic_device":"no","_device_contains_power_supply":"no","_device_charging_supports_usb_pd":"no","_device_charging_watt_min":"0","_device_charging_watt_max":"0","_is_food":"no","_differential_taxation":"no","_gzd_version":"3.18.7","_hs_code":"","_customs_description":"","_manufacture_country":"0","_is_non_returnable":"no","_shipping_length":"","_shipping_width":"","_shipping_height":"","_sku":"ISBN 978-3-86442-054-2","_global_unique_id":"978-3-86442-054-2","_regular_price":null,"total_sales":"0","_tax_status":"taxable","_tax_class":"","_manage_stock":"no","_backorders":"no","_sold_individually":"no","_weight":"3","_virtual":"no","_downloadable":"no","_download_limit":"-1","_download_expiry":"-1","_stock":"","_stock_status":"outofstock","_wc_average_rating":"0","_wc_review_count":"0","_product_version":"10.1.4","_price":"","shopengine_product_views_count":"2754","_thumbnail_id":"5125","_product_attributes":{"erscheinungsdatum":{"name":"Fecha de publicaci\u00f3n","value":"15.09.2013","position":0,"is_visible":1,"is_variation":0,"is_taxonomy":0,"checkout_visible":0}},"_nutrient_ids":[],"_upsell_ids":null,"pswc_subtitle":null,"_default_delivery_time":null,"_wp_desired_post_slug":null,"_isbn":null,"pageType":null,"isExternalUrl":null,"pageId":null,"externalUrl":null,"hideCookieBanner":null,"isTargetBlank":null,"isProviderCurrentWebsite":null,"isEmbeddingOnlyExternalResources":null,"legalBasis":null,"dataProcessingInCountries":null,"dataProcessingInCountriesSpecialTreatments":null,"technicalDefinitions":null,"googleConsentModeConsentTypes":null,"executePriority":null,"executeCodeOptInWhenNoTagManagerConsentIsGiven":null,"executeCodeOptOutWhenNoTagManagerConsentIsGiven":null,"deleteTechnicalDefinitionsAfterOptOut":null,"presetId":null,"presetVersion":null,"provider":null,"providerContactPhone":null,"providerContactEmail":null,"providerContactLink":null,"uniqueName":null,"providerPrivacyPolicyUrl":null,"providerLegalNoticeUrl":null,"codeOptIn":null,"codeOptOut":null,"codeOnPageLoad":null,"language_code":null,"shopengine_template__post_meta__type":null,"shopengine_template__post_meta":null,"shopengine_template__post_meta__edit_with":null,"origin":null,"_enabled":null,"_filters":null,"_layout":null,"_elementor_import_session_id":null,"_wp_trash_meta_status":null,"_wp_trash_meta_time":null,"_edit_lock":"1743345960:2","_elementor_floating_elements_type":null,"_elementor_edit_mode":null,"_elementor_template_type":null,"tc-thumb-fld":{"_thumb_id":5125,"_thumb_type":"thumb"},"_wp_page_template":"default","_elementor_version":null,"_elementor_pro_version":null,"_elementor_page_settings":null,"_elementor_data":null,"_elementor_conditions":null,"_elementor_popup_display_settings":null,"_edit_last":"2","_elementor_template_sub_type":null,"_elementor_controls_usage":null,"_elementor_screenshot":null,"_elementor_css":null,"_elementor_page_assets":[],"_elementor_element_cache":null,"_elementor_screenshot_failed":null,"_elementor_source":null,"_wp_old_date":null,"layout_key":"","post_slider_check_key":"0","_links":{"self":[{"href":"https:\/\/snoeck.de\/es\/wp-json\/wp\/v2\/product\/3710","targetHints":{"allow":["GET"]}}],"collection":[{"href":"https:\/\/snoeck.de\/es\/wp-json\/wp\/v2\/product"}],"about":[{"href":"https:\/\/snoeck.de\/es\/wp-json\/wp\/v2\/types\/product"}],"wp:featuredmedia":[{"embeddable":true,"href":"https:\/\/snoeck.de\/es\/wp-json\/wp\/v2\/media\/5125"}],"wp:attachment":[{"href":"https:\/\/snoeck.de\/es\/wp-json\/wp\/v2\/media?parent=3710"}],"wp:term":[{"taxonomy":"product_brand","embeddable":true,"href":"https:\/\/snoeck.de\/es\/wp-json\/wp\/v2\/product_brand?post=3710"},{"taxonomy":"product_cat","embeddable":true,"href":"https:\/\/snoeck.de\/es\/wp-json\/wp\/v2\/product_cat?post=3710"},{"taxonomy":"product_tag","embeddable":true,"href":"https:\/\/snoeck.de\/es\/wp-json\/wp\/v2\/product_tag?post=3710"}],"curies":[{"name":"wp","href":"https:\/\/api.w.org\/{rel}","templated":true}]}}