{"id":3711,"date":"2025-01-31T11:31:49","date_gmt":"2025-01-31T11:31:49","guid":{"rendered":"https:\/\/snoeck.process-vision.de\/shop\/sigmar-polke-die-vervielfaeltigung-des-humors\/"},"modified":"2026-04-08T14:21:33","modified_gmt":"2026-04-08T13:21:33","slug":"sigmar-polke-die-vervielfaeltigung-des-humors","status":"publish","type":"product","link":"https:\/\/snoeck.de\/es\/shop\/sigmar-polke-die-vervielfaeltigung-des-humors\/","title":{"rendered":"Sigmar Polke: La multiplicaci\u00f3n del humor"},"content":{"rendered":"<h3>\u00d3rbitas<\/h3>\n<p>La obra de Sigmar Polke comprende unas 200 ediciones desde 1963 hasta 2009, y la Colecci\u00f3n Ciesielski es la \u00fanica en el mundo que las re\u00fane en su totalidad. El libro que acompa\u00f1a a la exposici\u00f3n de esta colecci\u00f3n y a su yuxtaposici\u00f3n con obras de la Colecci\u00f3n Lambrecht-Schadeberg en el Museum f\u00fcr Gegenwartskunst Siegen pretende ante todo permitir un examen intensivo de ediciones individuales y destacadas del XI Premio Rubens de la ciudad de Siegen (2007) por parte de una generaci\u00f3n m\u00e1s joven de escritores, pero tambi\u00e9n de conocedores \u00edntimos y acompa\u00f1antes. Los autores asumen el apasionante riesgo de formular nuevas aproximaciones a la obra del ambiguamente ir\u00f3nico gran maestro.<br \/>\nCon sus l\u00e1minas, carteras, libros, fotograf\u00edas y objetos, Sigmar Polke abri\u00f3 caminos completamente nuevos para el arte del siglo XX a trav\u00e9s de temas sorprendentes y t\u00e9cnicas experimentales. Las ediciones tambi\u00e9n se inspiraron en su pintura para volver a ella, por un lado, pero tambi\u00e9n para desarrollar aspectos medi\u00e1ticos completamente \u00fanicos, casi habr\u00eda que decir: una vida propia. Sin embargo, lo especial de las ediciones de Sigmar Polke es que su principio de camuflaje, el desenfoque, tambi\u00e9n se materializa plenamente en su contenido. Aqu\u00ed realiz\u00f3 fotograf\u00edas de tipo reportaje y cr\u00edtica social y las coloc\u00f3 junto a sus coloristas estampados seriados con motivos cotidianos, su mezcla de estilos sobre telas decorativas sencillas, conocido como \"Pop alem\u00e1n\". Su actitud cr\u00edtica hacia los medios de comunicaci\u00f3n y la cultura era especialmente evidente en sus m\u00faltiples, cuando trabajaba con grabados hist\u00f3ricos o dispositivos \u00f3pticos o incluso simulaba procedimientos m\u00e1gicos.<\/p>\n<p>Exposici\u00f3n:<br \/>\nMuseo de Arte Contempor\u00e1neo de Siegen, 16\/3-23\/6\/2013<br \/>\nles Abatoirs, Toulouse, 31\/1-4\/5\/2013<\/p>","protected":false},"excerpt":{"rendered":"<p>Cat\u00e1logo de exposici\u00f3n, Museum f\u00fcr Gegenwartskunst Siegen, les Abatoirs Toulouse, editado por Eva Schmidt y Olivier Michelon<br \/>\nTextos (alem\u00e1n\/franc\u00e9s\/ingl\u00e9s) de Hubertus Butin, J\u00f6rg Heiser, Thomas Kapielski, Mike Karstens, Erhard Klein, Stefan Koldehoff, Stefanie Kreuzer, Petra Lange-Berndt, Morad Montazami, Ursula Panhans-B\u00fchler, Jean-Christophe Royoux, Dietmar R\u00fcbel, Ines R\u00fcttinger, Ludwig Seyfarth, Christian Spies y Klaus Staeck.<br \/>\n176 p. con 130 ilustraciones en color<br \/>\nFormato 31,5 x 23 cm, tapa dura<\/p>","protected":false},"featured_media":5126,"template":"","meta":[],"product_brand":[],"product_cat":[95],"product_tag":[],"class_list":{"0":"post-3711","1":"product","2":"type-product","3":"status-publish","4":"has-post-thumbnail","6":"product_cat-vergriffen","8":"first","9":"outofstock","10":"taxable","11":"shipping-taxable","12":"product-type-simple"},"aioseo_notices":[],"_wp_attached_file":null,"_wp_attachment_metadata":null,"_wc_attachment_source":null,"_elementor_inline_svg":null,"_elementor_is_screenshot":null,"_elementor_source_image_hash":null,"_source_url":null,"_wp_attachment_context":null,"_menu_item_type":null,"_menu_item_menu_item_parent":null,"_menu_item_object_id":null,"_menu_item_object":null,"_menu_item_target":null,"_menu_item_classes":null,"_menu_item_xfn":null,"_menu_item_url":null,"__elementor_forms_snapshot":null,"_unit":"","_unit_base":"","_unit_product":"","_unit_price_auto":"no","_unit_price_regular":"","_unit_price":"","_unit_price_sale":"","_sale_price_label":"","_sale_price_regular_label":"","_manufacturer_slug":"","_mini_desc":"","_defect_description":"","_safety_instructions":"","_allergen_ids":[],"_warranty_attachment_id":"","_safety_attachment_ids":[],"_min_age":"","_ts_gtin":"","_ts_mpn":"","_delivery_time_countries":[],"_free_shipping":"no","_service":"no","_photovoltaic_system":"no","_used_good":"no","_defective_copy":"no","_wireless_electronic_device":"no","_device_contains_power_supply":"no","_device_charging_supports_usb_pd":"no","_device_charging_watt_min":"0","_device_charging_watt_max":"0","_is_food":"no","_differential_taxation":"no","_gzd_version":"3.18.7","_hs_code":"","_customs_description":"","_manufacture_country":"0","_is_non_returnable":"no","_shipping_length":"","_shipping_width":"","_shipping_height":"","_sku":"ISBN :978-3-86442-042-9","_global_unique_id":"978-3-86442-042-9","_regular_price":null,"total_sales":"0","_tax_status":"taxable","_tax_class":"","_manage_stock":"no","_backorders":"no","_sold_individually":"no","_weight":"2","_virtual":"no","_downloadable":"no","_download_limit":"-1","_download_expiry":"-1","_stock":"","_stock_status":"outofstock","_wc_average_rating":"0","_wc_review_count":"0","_product_version":"10.1.4","_price":"","shopengine_product_views_count":"2513","_thumbnail_id":"5126","_product_attributes":{"erscheinungsdatum":{"name":"Fecha de publicaci\u00f3n","value":"15.03.2013","position":0,"is_visible":1,"is_variation":0,"is_taxonomy":0,"checkout_visible":0}},"_nutrient_ids":[],"_upsell_ids":null,"pswc_subtitle":null,"_default_delivery_time":null,"_wp_desired_post_slug":null,"_isbn":null,"pageType":null,"isExternalUrl":null,"pageId":null,"externalUrl":null,"hideCookieBanner":null,"isTargetBlank":null,"isProviderCurrentWebsite":null,"isEmbeddingOnlyExternalResources":null,"legalBasis":null,"dataProcessingInCountries":null,"dataProcessingInCountriesSpecialTreatments":null,"technicalDefinitions":null,"googleConsentModeConsentTypes":null,"executePriority":null,"executeCodeOptInWhenNoTagManagerConsentIsGiven":null,"executeCodeOptOutWhenNoTagManagerConsentIsGiven":null,"deleteTechnicalDefinitionsAfterOptOut":null,"presetId":null,"presetVersion":null,"provider":null,"providerContactPhone":null,"providerContactEmail":null,"providerContactLink":null,"uniqueName":null,"providerPrivacyPolicyUrl":null,"providerLegalNoticeUrl":null,"codeOptIn":null,"codeOptOut":null,"codeOnPageLoad":null,"language_code":null,"shopengine_template__post_meta__type":null,"shopengine_template__post_meta":null,"shopengine_template__post_meta__edit_with":null,"origin":null,"_enabled":null,"_filters":null,"_layout":null,"_elementor_import_session_id":null,"_wp_trash_meta_status":null,"_wp_trash_meta_time":null,"_edit_lock":"1743346083:2","_elementor_floating_elements_type":null,"_elementor_edit_mode":null,"_elementor_template_type":null,"tc-thumb-fld":{"_thumb_id":5126,"_thumb_type":"thumb"},"_wp_page_template":"default","_elementor_version":null,"_elementor_pro_version":null,"_elementor_page_settings":null,"_elementor_data":null,"_elementor_conditions":null,"_elementor_popup_display_settings":null,"_edit_last":"2","_elementor_template_sub_type":null,"_elementor_controls_usage":null,"_elementor_screenshot":null,"_elementor_css":null,"_elementor_page_assets":[],"_elementor_element_cache":null,"_elementor_screenshot_failed":null,"_elementor_source":null,"_wp_old_date":null,"layout_key":"","post_slider_check_key":"0","_links":{"self":[{"href":"https:\/\/snoeck.de\/es\/wp-json\/wp\/v2\/product\/3711","targetHints":{"allow":["GET"]}}],"collection":[{"href":"https:\/\/snoeck.de\/es\/wp-json\/wp\/v2\/product"}],"about":[{"href":"https:\/\/snoeck.de\/es\/wp-json\/wp\/v2\/types\/product"}],"wp:featuredmedia":[{"embeddable":true,"href":"https:\/\/snoeck.de\/es\/wp-json\/wp\/v2\/media\/5126"}],"wp:attachment":[{"href":"https:\/\/snoeck.de\/es\/wp-json\/wp\/v2\/media?parent=3711"}],"wp:term":[{"taxonomy":"product_brand","embeddable":true,"href":"https:\/\/snoeck.de\/es\/wp-json\/wp\/v2\/product_brand?post=3711"},{"taxonomy":"product_cat","embeddable":true,"href":"https:\/\/snoeck.de\/es\/wp-json\/wp\/v2\/product_cat?post=3711"},{"taxonomy":"product_tag","embeddable":true,"href":"https:\/\/snoeck.de\/es\/wp-json\/wp\/v2\/product_tag?post=3711"}],"curies":[{"name":"wp","href":"https:\/\/api.w.org\/{rel}","templated":true}]}}