{"id":3713,"date":"2025-01-31T11:31:50","date_gmt":"2025-01-31T11:31:50","guid":{"rendered":"https:\/\/snoeck.process-vision.de\/shop\/markus-proschek-true-lies\/"},"modified":"2026-04-08T15:17:18","modified_gmt":"2026-04-08T14:17:18","slug":"markus-proschek-true-lies","status":"publish","type":"product","link":"https:\/\/snoeck.de\/es\/shop\/markus-proschek-true-lies\/","title":{"rendered":"Markus Proschek: Mentiras verdaderas"},"content":{"rendered":"<h3>Casa de Arte de Babilonia<\/h3>\n<p>Para el artista Markus Proschek (*1981), nacido en Austria y afincado en Berl\u00edn, la est\u00e9tica subliminalmente nazi o la arquitectura totalitaria siempre plantean retos art\u00edsticos. La escultura de bronce pintada al \u00f3leo del \"Nadador\" (2006) es uno de esos casos. Hasta cierto punto, invoca la tradici\u00f3n pict\u00f3rica de Psique o Narciso, pero en t\u00e9rminos de est\u00e9tica visual oscila como una belleza Breker entre la protuberancia nazi y la frialdad de la Bauhaus. Las sutil\u00edsimas obras de Proschek exploran esta ambivalente relaci\u00f3n funcional entre la apropiaci\u00f3n ideol\u00f3gica y las obras de arte abiertas a la manipulaci\u00f3n. Es el caso de su \u00f3leo \"Die Merz-Gefallenen\" (2007), cuya ir\u00f3nica escena ficticia se desarrolla en la Haus der Kunst de M\u00fanich, con una escultura basada en el famoso cuadro de Caspar David Friedrich \"Das Eismeer\" (El mar de hielo) en primer plano y elementos del \"Merz-Bau\" de Kurt Schwitters apilados en la sala contigua. Lo can\u00f3nico se enfrenta as\u00ed parod\u00edsticamente a la posibilidad de su rechazo al entrar en contacto con lo revoltoso, con la est\u00e9tica nazi del templo de la exposici\u00f3n. Jacques Derrida ya subray\u00f3 el hecho de que la cultura y el arte en el modernismo no forman una moneda estable al afirmar que el significado s\u00f3lo se deriva de la relaci\u00f3n entre las cosas, lo que tambi\u00e9n hace obsoleta la idea de que exista algo as\u00ed como un significado original y verdadero. Markus Proschek afirma: \"Para m\u00ed, las perspectivas sobre el tema eran un poco insatisfactorias. La mayor\u00eda de las obras de arte contempor\u00e1neo que tratan estos temas siempre me han parecido o muy moralistas, superficiales o, peor a\u00fan, aburridas\".<\/p>\n<p>Exposici\u00f3n:<br \/>\nEspacio de arte Innsbruck, 21\/4 - 8\/7\/2017<\/p>","protected":false},"excerpt":{"rendered":"<p>Cat\u00e1logo de la exposici\u00f3n, Kunstraum Innsbruck, editado por Karin Pernegger<br \/>\nTextos (alem\u00e1n\/ingl\u00e9s) de Mark Gisbourne, entrevista de Lucy McKenzie con Markus Proschek<br \/>\n144 p. con 70 ilustraciones en color<\/p>","protected":false},"featured_media":5128,"template":"","meta":[],"product_brand":[],"product_cat":[95],"product_tag":[],"class_list":{"0":"post-3713","1":"product","2":"type-product","3":"status-publish","4":"has-post-thumbnail","6":"product_cat-vergriffen","8":"first","9":"outofstock","10":"taxable","11":"shipping-taxable","12":"product-type-simple"},"aioseo_notices":[],"_wp_attached_file":null,"_wp_attachment_metadata":null,"_wc_attachment_source":null,"_elementor_inline_svg":null,"_elementor_is_screenshot":null,"_elementor_source_image_hash":null,"_source_url":null,"_wp_attachment_context":null,"_menu_item_type":null,"_menu_item_menu_item_parent":null,"_menu_item_object_id":null,"_menu_item_object":null,"_menu_item_target":null,"_menu_item_classes":null,"_menu_item_xfn":null,"_menu_item_url":null,"__elementor_forms_snapshot":null,"_unit":"","_unit_base":"","_unit_product":"","_unit_price_auto":"no","_unit_price_regular":"","_unit_price":"","_unit_price_sale":"","_sale_price_label":"","_sale_price_regular_label":"","_manufacturer_slug":"","_mini_desc":"","_defect_description":"","_safety_instructions":"","_allergen_ids":[],"_warranty_attachment_id":"","_safety_attachment_ids":[],"_min_age":"","_ts_gtin":"","_ts_mpn":"","_delivery_time_countries":[],"_free_shipping":"no","_service":"no","_photovoltaic_system":"no","_used_good":"no","_defective_copy":"no","_wireless_electronic_device":"no","_device_contains_power_supply":"no","_device_charging_supports_usb_pd":"no","_device_charging_watt_min":"0","_device_charging_watt_max":"0","_is_food":"no","_differential_taxation":"no","_gzd_version":"3.18.7","_hs_code":"","_customs_description":"","_manufacture_country":"0","_is_non_returnable":"no","_shipping_length":"","_shipping_width":"","_shipping_height":"","_sku":"ISBN 978-3-86442-258-4","_global_unique_id":"978-3-86442-258-4","_regular_price":null,"total_sales":"0","_tax_status":"taxable","_tax_class":"","_manage_stock":"no","_backorders":"no","_sold_individually":"no","_weight":"1","_virtual":"no","_downloadable":"no","_download_limit":"-1","_download_expiry":"-1","_stock":"","_stock_status":"outofstock","_wc_average_rating":"0","_wc_review_count":"0","_product_version":"10.1.4","_price":"","shopengine_product_views_count":"2476","_thumbnail_id":"5128","_product_attributes":{"erscheinungsdatum":{"name":"Fecha de publicaci\u00f3n","value":"09.07.2018","position":0,"is_visible":1,"is_variation":0,"is_taxonomy":0,"checkout_visible":0}},"_nutrient_ids":[],"_upsell_ids":null,"pswc_subtitle":null,"_default_delivery_time":null,"_wp_desired_post_slug":null,"_isbn":null,"pageType":null,"isExternalUrl":null,"pageId":null,"externalUrl":null,"hideCookieBanner":null,"isTargetBlank":null,"isProviderCurrentWebsite":null,"isEmbeddingOnlyExternalResources":null,"legalBasis":null,"dataProcessingInCountries":null,"dataProcessingInCountriesSpecialTreatments":null,"technicalDefinitions":null,"googleConsentModeConsentTypes":null,"executePriority":null,"executeCodeOptInWhenNoTagManagerConsentIsGiven":null,"executeCodeOptOutWhenNoTagManagerConsentIsGiven":null,"deleteTechnicalDefinitionsAfterOptOut":null,"presetId":null,"presetVersion":null,"provider":null,"providerContactPhone":null,"providerContactEmail":null,"providerContactLink":null,"uniqueName":null,"providerPrivacyPolicyUrl":null,"providerLegalNoticeUrl":null,"codeOptIn":null,"codeOptOut":null,"codeOnPageLoad":null,"language_code":null,"shopengine_template__post_meta__type":null,"shopengine_template__post_meta":null,"shopengine_template__post_meta__edit_with":null,"origin":null,"_enabled":null,"_filters":null,"_layout":null,"_elementor_import_session_id":null,"_wp_trash_meta_status":null,"_wp_trash_meta_time":null,"_edit_lock":"1743345638:2","_elementor_floating_elements_type":null,"_elementor_edit_mode":null,"_elementor_template_type":null,"tc-thumb-fld":{"_thumb_id":5128,"_thumb_type":"thumb"},"_wp_page_template":"default","_elementor_version":null,"_elementor_pro_version":null,"_elementor_page_settings":null,"_elementor_data":null,"_elementor_conditions":null,"_elementor_popup_display_settings":null,"_edit_last":"2","_elementor_template_sub_type":null,"_elementor_controls_usage":null,"_elementor_screenshot":null,"_elementor_css":null,"_elementor_page_assets":[],"_elementor_element_cache":null,"_elementor_screenshot_failed":null,"_elementor_source":null,"_wp_old_date":null,"layout_key":"","post_slider_check_key":"0","_links":{"self":[{"href":"https:\/\/snoeck.de\/es\/wp-json\/wp\/v2\/product\/3713","targetHints":{"allow":["GET"]}}],"collection":[{"href":"https:\/\/snoeck.de\/es\/wp-json\/wp\/v2\/product"}],"about":[{"href":"https:\/\/snoeck.de\/es\/wp-json\/wp\/v2\/types\/product"}],"wp:featuredmedia":[{"embeddable":true,"href":"https:\/\/snoeck.de\/es\/wp-json\/wp\/v2\/media\/5128"}],"wp:attachment":[{"href":"https:\/\/snoeck.de\/es\/wp-json\/wp\/v2\/media?parent=3713"}],"wp:term":[{"taxonomy":"product_brand","embeddable":true,"href":"https:\/\/snoeck.de\/es\/wp-json\/wp\/v2\/product_brand?post=3713"},{"taxonomy":"product_cat","embeddable":true,"href":"https:\/\/snoeck.de\/es\/wp-json\/wp\/v2\/product_cat?post=3713"},{"taxonomy":"product_tag","embeddable":true,"href":"https:\/\/snoeck.de\/es\/wp-json\/wp\/v2\/product_tag?post=3713"}],"curies":[{"name":"wp","href":"https:\/\/api.w.org\/{rel}","templated":true}]}}