{"id":3714,"date":"2025-01-31T11:31:51","date_gmt":"2025-01-31T11:31:51","guid":{"rendered":"https:\/\/snoeck.process-vision.de\/shop\/rainer-und-die-frauen\/"},"modified":"2025-03-30T14:37:00","modified_gmt":"2025-03-30T14:37:00","slug":"rainer-und-die-frauen","status":"publish","type":"product","link":"https:\/\/snoeck.de\/es\/shop\/rainer-und-die-frauen\/","title":{"rendered":"Rainer y las mujeres"},"content":{"rendered":"<h3>Los retratos de mujeres de Arnulf Rainer<\/h3>\n<p>Cuando dentro de un a\u00f1o la Albertina de Viena dedique una retrospectiva al 85 cumplea\u00f1os de Arnulf Rainer, se tratar\u00e1 sin duda de una brillante retrospectiva de una obra polifac\u00e9tica. Sin embargo, la Galer\u00eda Elisabeth &amp; Klaus Thoman de Innsbruck ya ha organizado una exposici\u00f3n y est\u00e1 publicando un cat\u00e1logo con una antolog\u00eda de la obra de Rainer, como pocas veces se ha reunido y expuesto antes. Se trata de sobrepintados de fotograf\u00edas de los a\u00f1os 60 hasta la actualidad con motivos er\u00f3ticos, a veces incluso pornogr\u00e1ficos. En estas obras, Arnulf Rainer parece reaccionar muy emocionalmente ante los cuerpos de las mujeres; tacha, realza, caricaturiza, acent\u00faa y a veces viola las superficies en las que literalmente clava su aportaci\u00f3n. A veces parece como si quisiera abrirse camino a trav\u00e9s de la capa fotogr\u00e1fica hasta llegar a sus compa\u00f1eras. \"El proceso de esta confrontaci\u00f3n adopta -y esta antolog\u00eda lo muestra muy bien- formas de compromiso muy diferentes. Va desde el lineamento elegante, un dibujo t\u00e1ctil que abarca y captura el cuerpo, hasta la reelaboraci\u00f3n pict\u00f3rica, en la que el fluir y salpicar del color evoca sin duda asociaciones con procesos sexuales, y a veces la obra fotogr\u00e1fica se ahoga completamente en color\", escribe Peter Weiermair en su texto introductorio. Andrea Madesta, la segunda autora del volumen, en cambio, a veces echa una mirada cr\u00edtica a la imagen de la mujer tal como la encontramos en la obra de Arnulf Rainer y a la confrontaci\u00f3n radical, hist\u00f3ricamente determinada, con los valores y las convenciones.<\/p>\n<p>Exposici\u00f3n:<br \/>\nGaler\u00eda Elisabeth &amp; Klaus Thoma Innsbruck, 4\/10\/2013 - 18\/1\/2014<\/p>","protected":false},"excerpt":{"rendered":"<p>Cat\u00e1logo de la exposici\u00f3n, Galerie Elisabeth &amp; Klaus Thoma Innsbruck, editado por Klaus Thoman<br \/>\nTextos (alem\u00e1n\/ingl\u00e9s) de Peter Weiermair, Andrea Madesta<br \/>\n128 p. con 96 ilustraciones en color<br \/>\nFormato 28 x 24 cm, tapa dura<\/p>","protected":false},"featured_media":5129,"template":"","meta":[],"product_brand":[],"product_cat":[101,75],"product_tag":[],"class_list":{"0":"post-3714","1":"product","2":"type-product","3":"status-publish","4":"has-post-thumbnail","6":"product_cat-101","7":"product_cat-r","9":"first","10":"instock","11":"taxable","12":"shipping-taxable","13":"purchasable","14":"product-type-simple"},"aioseo_notices":[],"_wp_attached_file":null,"_wp_attachment_metadata":null,"_wc_attachment_source":null,"_elementor_inline_svg":null,"_elementor_is_screenshot":null,"_elementor_source_image_hash":null,"_source_url":null,"_wp_attachment_context":null,"_menu_item_type":null,"_menu_item_menu_item_parent":null,"_menu_item_object_id":null,"_menu_item_object":null,"_menu_item_target":null,"_menu_item_classes":null,"_menu_item_xfn":null,"_menu_item_url":null,"__elementor_forms_snapshot":null,"_unit":"","_unit_base":"","_unit_product":"","_unit_price_auto":"no","_unit_price_regular":"","_unit_price":"","_unit_price_sale":"","_sale_price_label":"","_sale_price_regular_label":"","_manufacturer_slug":"","_mini_desc":"","_defect_description":"","_safety_instructions":"","_allergen_ids":[],"_warranty_attachment_id":"","_safety_attachment_ids":[],"_min_age":"","_ts_gtin":"","_ts_mpn":"","_delivery_time_countries":[],"_free_shipping":"no","_service":"no","_photovoltaic_system":"no","_used_good":"no","_defective_copy":"no","_wireless_electronic_device":"no","_device_contains_power_supply":"no","_device_charging_supports_usb_pd":"no","_device_charging_watt_min":"0","_device_charging_watt_max":"0","_is_food":"no","_differential_taxation":"no","_gzd_version":"3.18.7","_hs_code":"","_customs_description":"","_manufacture_country":"0","_is_non_returnable":"no","_shipping_length":"","_shipping_width":"","_shipping_height":"","_sku":"ISBN 978-3-86442-068-9","_global_unique_id":"978-3-86442-068-9","_regular_price":"39.8","total_sales":"1","_tax_status":"taxable","_tax_class":"","_manage_stock":"no","_backorders":"no","_sold_individually":"no","_weight":"2","_virtual":"no","_downloadable":"no","_download_limit":"-1","_download_expiry":"-1","_stock":"","_stock_status":"instock","_wc_average_rating":"0","_wc_review_count":"0","_product_version":"9.7.1","_price":"39.8","shopengine_product_views_count":"3230","_thumbnail_id":"5129","_product_attributes":{"erscheinungsdatum":{"name":"Fecha de publicaci\u00f3n","value":"15.10.2013","position":0,"is_visible":1,"is_variation":0,"is_taxonomy":0,"checkout_visible":0}},"_nutrient_ids":[],"_upsell_ids":null,"pswc_subtitle":null,"_default_delivery_time":null,"_wp_desired_post_slug":null,"_isbn":null,"pageType":null,"isExternalUrl":null,"pageId":null,"externalUrl":null,"hideCookieBanner":null,"isTargetBlank":null,"isProviderCurrentWebsite":null,"isEmbeddingOnlyExternalResources":null,"legalBasis":null,"dataProcessingInCountries":null,"dataProcessingInCountriesSpecialTreatments":null,"technicalDefinitions":null,"googleConsentModeConsentTypes":null,"executePriority":null,"executeCodeOptInWhenNoTagManagerConsentIsGiven":null,"executeCodeOptOutWhenNoTagManagerConsentIsGiven":null,"deleteTechnicalDefinitionsAfterOptOut":null,"presetId":null,"presetVersion":null,"provider":null,"providerContactPhone":null,"providerContactEmail":null,"providerContactLink":null,"uniqueName":null,"providerPrivacyPolicyUrl":null,"providerLegalNoticeUrl":null,"codeOptIn":null,"codeOptOut":null,"codeOnPageLoad":null,"language_code":null,"shopengine_template__post_meta__type":null,"shopengine_template__post_meta":null,"shopengine_template__post_meta__edit_with":null,"origin":null,"_enabled":null,"_filters":null,"_layout":null,"_elementor_import_session_id":null,"_wp_trash_meta_status":null,"_wp_trash_meta_time":null,"_edit_lock":"1743345282:2","_elementor_floating_elements_type":null,"_elementor_edit_mode":null,"_elementor_template_type":null,"tc-thumb-fld":{"_thumb_id":5129,"_thumb_type":"thumb"},"_wp_page_template":"default","_elementor_version":null,"_elementor_pro_version":null,"_elementor_page_settings":null,"_elementor_data":null,"_elementor_conditions":null,"_elementor_popup_display_settings":null,"_edit_last":"2","_elementor_template_sub_type":null,"_elementor_controls_usage":null,"_elementor_screenshot":null,"_elementor_css":null,"_elementor_page_assets":[],"_elementor_element_cache":null,"_elementor_screenshot_failed":null,"_elementor_source":null,"_wp_old_date":null,"layout_key":"","post_slider_check_key":"0","_links":{"self":[{"href":"https:\/\/snoeck.de\/es\/wp-json\/wp\/v2\/product\/3714","targetHints":{"allow":["GET"]}}],"collection":[{"href":"https:\/\/snoeck.de\/es\/wp-json\/wp\/v2\/product"}],"about":[{"href":"https:\/\/snoeck.de\/es\/wp-json\/wp\/v2\/types\/product"}],"wp:featuredmedia":[{"embeddable":true,"href":"https:\/\/snoeck.de\/es\/wp-json\/wp\/v2\/media\/5129"}],"wp:attachment":[{"href":"https:\/\/snoeck.de\/es\/wp-json\/wp\/v2\/media?parent=3714"}],"wp:term":[{"taxonomy":"product_brand","embeddable":true,"href":"https:\/\/snoeck.de\/es\/wp-json\/wp\/v2\/product_brand?post=3714"},{"taxonomy":"product_cat","embeddable":true,"href":"https:\/\/snoeck.de\/es\/wp-json\/wp\/v2\/product_cat?post=3714"},{"taxonomy":"product_tag","embeddable":true,"href":"https:\/\/snoeck.de\/es\/wp-json\/wp\/v2\/product_tag?post=3714"}],"curies":[{"name":"wp","href":"https:\/\/api.w.org\/{rel}","templated":true}]}}