{"id":3715,"date":"2025-01-31T11:31:52","date_gmt":"2025-01-31T11:31:52","guid":{"rendered":"https:\/\/snoeck.process-vision.de\/shop\/david-reed-heart-of-glass\/"},"modified":"2025-03-30T14:31:46","modified_gmt":"2025-03-30T14:31:46","slug":"david-reed-heart-of-glass","status":"publish","type":"product","link":"https:\/\/snoeck.de\/es\/shop\/david-reed-heart-of-glass\/","title":{"rendered":"David Reed: Coraz\u00f3n de cristal"},"content":{"rendered":"<h3>Un coraz\u00f3n de cristal<\/h3>\n<p>La innovadora obra de David Reed ha realizado su autodefinici\u00f3n pict\u00f3rica en el contexto de los movimientos de \u00e9poca del Expresionismo Abstracto, el Pop Art y el Minimalismo. La importancia de Reed, que a\u00fan no ha sido plenamente reconocida, radica en el hecho de que ha demostrado, tanto con opulencia sensual como con claridad anal\u00edtica, qu\u00e9 autotransformaciones debe alcanzar la pintura para lograr resultados adecuados en las condiciones de una realidad digital. La pintura de David Reed se alimenta de la experiencia b\u00e1sica de una realidad que s\u00f3lo puede experimentarse al modo de las im\u00e1genes. Detr\u00e1s de la experiencia supuestamente aut\u00e9ntica, del cuerpo aparentemente real, acechan siempre im\u00e1genes suced\u00e1neas, porque en el cosmos de Reed lo suced\u00e1neo ocupa el lugar de lo aut\u00e9ntico, porque en un mundo dominado por las im\u00e1genes, la experiencia \u00fanica de lo real tiene lugar en el modo de repetici\u00f3n de im\u00e1genes ya preformadas. La experiencia del suced\u00e1neo se remonta a finales de la d\u00e9cada de 1960, cuando Reed practicaba la cl\u00e1sica pintura plein air en los solitarios paisajes des\u00e9rticos de Nuevo M\u00e9xico y Arizona. Tras una ma\u00f1ana dedicada a la pintura, va en busca de sombra a una cueva cercana a Monument Valley, bebe de un manantial que le resulta extra\u00f1amente familiar y, finalmente, llega a un peque\u00f1o ca\u00f1\u00f3n que tambi\u00e9n le resulta familiar. La raz\u00f3n de esta extra\u00f1a familiaridad, que irradia este lugar hasta entonces desconocido, s\u00f3lo le qued\u00f3 clara al pintor muchos a\u00f1os despu\u00e9s: una vez hab\u00eda visto la cueva en el western de John Ford \"The Searchers\" (1956). El primer libro ilustrado de los esbeltos lienzos sobredimensionados, en su mayor\u00eda de formato apaisado, esperado con impaciencia durante a\u00f1os por los amantes del arte abstracto, los presenta por primera vez en un tama\u00f1o adecuado, sin la ayuda de inoportunos paneles plegables, en un libro denominado plano.<\/p>\n<p>Exposici\u00f3n:<br \/>\nKunstmuseum Bonn, 28\/6 - 7\/10\/2012<\/p>","protected":false},"excerpt":{"rendered":"<p>Cat\u00e1logo de la exposici\u00f3n, Kunstmuseum Bonn, editado por Stephan Berg<br \/>\nTextos (alem\u00e1n\/ingl\u00e9s) de Stephan Berg, Christoph Schreyer, Richard Shiff<br \/>\n144 p. con 80 ilustraciones en color<br \/>\nFormato 30 x 24 cm, folleto como libro plano<\/p>","protected":false},"featured_media":5130,"template":"","meta":[],"product_brand":[],"product_cat":[103,75],"product_tag":[],"class_list":{"0":"post-3715","1":"product","2":"type-product","3":"status-publish","4":"has-post-thumbnail","6":"product_cat-103","7":"product_cat-r","9":"first","10":"instock","11":"taxable","12":"shipping-taxable","13":"purchasable","14":"product-type-simple"},"aioseo_notices":[],"_wp_attached_file":null,"_wp_attachment_metadata":null,"_wc_attachment_source":null,"_elementor_inline_svg":null,"_elementor_is_screenshot":null,"_elementor_source_image_hash":null,"_source_url":null,"_wp_attachment_context":null,"_menu_item_type":null,"_menu_item_menu_item_parent":null,"_menu_item_object_id":null,"_menu_item_object":null,"_menu_item_target":null,"_menu_item_classes":null,"_menu_item_xfn":null,"_menu_item_url":null,"__elementor_forms_snapshot":null,"_unit":"","_unit_base":"","_unit_product":"","_unit_price_auto":"no","_unit_price_regular":"","_unit_price":"","_unit_price_sale":"","_sale_price_label":"","_sale_price_regular_label":"","_manufacturer_slug":"","_mini_desc":"","_defect_description":"","_safety_instructions":"","_allergen_ids":[],"_warranty_attachment_id":"","_safety_attachment_ids":[],"_min_age":"","_ts_gtin":"","_ts_mpn":"","_delivery_time_countries":[],"_free_shipping":"no","_service":"no","_photovoltaic_system":"no","_used_good":"no","_defective_copy":"no","_wireless_electronic_device":"no","_device_contains_power_supply":"no","_device_charging_supports_usb_pd":"no","_device_charging_watt_min":"0","_device_charging_watt_max":"0","_is_food":"no","_differential_taxation":"no","_gzd_version":"3.18.7","_hs_code":"","_customs_description":"","_manufacture_country":"0","_is_non_returnable":"no","_shipping_length":"","_shipping_width":"","_shipping_height":"","_sku":"ISBN 978-3-86442-013-9","_global_unique_id":"978-3-86442-013-9","_regular_price":"68","total_sales":"0","_tax_status":"taxable","_tax_class":"","_manage_stock":"no","_backorders":"no","_sold_individually":"no","_weight":"3","_virtual":"no","_downloadable":"no","_download_limit":"-1","_download_expiry":"-1","_stock":"","_stock_status":"instock","_wc_average_rating":"0","_wc_review_count":"0","_product_version":"9.7.1","_price":"68","shopengine_product_views_count":"3307","_thumbnail_id":"5130","_product_attributes":{"erscheinungsdatum":{"name":"Fecha de publicaci\u00f3n","value":"28.06.2012","position":0,"is_visible":1,"is_variation":0,"is_taxonomy":0,"checkout_visible":0}},"_nutrient_ids":[],"_upsell_ids":null,"pswc_subtitle":null,"_default_delivery_time":null,"_wp_desired_post_slug":null,"_isbn":null,"pageType":null,"isExternalUrl":null,"pageId":null,"externalUrl":null,"hideCookieBanner":null,"isTargetBlank":null,"isProviderCurrentWebsite":null,"isEmbeddingOnlyExternalResources":null,"legalBasis":null,"dataProcessingInCountries":null,"dataProcessingInCountriesSpecialTreatments":null,"technicalDefinitions":null,"googleConsentModeConsentTypes":null,"executePriority":null,"executeCodeOptInWhenNoTagManagerConsentIsGiven":null,"executeCodeOptOutWhenNoTagManagerConsentIsGiven":null,"deleteTechnicalDefinitionsAfterOptOut":null,"presetId":null,"presetVersion":null,"provider":null,"providerContactPhone":null,"providerContactEmail":null,"providerContactLink":null,"uniqueName":null,"providerPrivacyPolicyUrl":null,"providerLegalNoticeUrl":null,"codeOptIn":null,"codeOptOut":null,"codeOnPageLoad":null,"language_code":null,"shopengine_template__post_meta__type":null,"shopengine_template__post_meta":null,"shopengine_template__post_meta__edit_with":null,"origin":null,"_enabled":null,"_filters":null,"_layout":null,"_elementor_import_session_id":null,"_wp_trash_meta_status":null,"_wp_trash_meta_time":null,"_edit_lock":"1743344966:2","_elementor_floating_elements_type":null,"_elementor_edit_mode":null,"_elementor_template_type":null,"tc-thumb-fld":{"_thumb_id":5130,"_thumb_type":"thumb"},"_wp_page_template":"default","_elementor_version":null,"_elementor_pro_version":null,"_elementor_page_settings":null,"_elementor_data":null,"_elementor_conditions":null,"_elementor_popup_display_settings":null,"_edit_last":"2","_elementor_template_sub_type":null,"_elementor_controls_usage":null,"_elementor_screenshot":null,"_elementor_css":null,"_elementor_page_assets":[],"_elementor_element_cache":null,"_elementor_screenshot_failed":null,"_elementor_source":null,"_wp_old_date":null,"layout_key":"","post_slider_check_key":"0","_links":{"self":[{"href":"https:\/\/snoeck.de\/es\/wp-json\/wp\/v2\/product\/3715","targetHints":{"allow":["GET"]}}],"collection":[{"href":"https:\/\/snoeck.de\/es\/wp-json\/wp\/v2\/product"}],"about":[{"href":"https:\/\/snoeck.de\/es\/wp-json\/wp\/v2\/types\/product"}],"wp:featuredmedia":[{"embeddable":true,"href":"https:\/\/snoeck.de\/es\/wp-json\/wp\/v2\/media\/5130"}],"wp:attachment":[{"href":"https:\/\/snoeck.de\/es\/wp-json\/wp\/v2\/media?parent=3715"}],"wp:term":[{"taxonomy":"product_brand","embeddable":true,"href":"https:\/\/snoeck.de\/es\/wp-json\/wp\/v2\/product_brand?post=3715"},{"taxonomy":"product_cat","embeddable":true,"href":"https:\/\/snoeck.de\/es\/wp-json\/wp\/v2\/product_cat?post=3715"},{"taxonomy":"product_tag","embeddable":true,"href":"https:\/\/snoeck.de\/es\/wp-json\/wp\/v2\/product_tag?post=3715"}],"curies":[{"name":"wp","href":"https:\/\/api.w.org\/{rel}","templated":true}]}}