{"id":3718,"date":"2025-01-31T11:31:54","date_gmt":"2025-01-31T11:31:54","guid":{"rendered":"https:\/\/snoeck.process-vision.de\/shop\/sophie-reinhold-das-kann-das-leben-kosten\/"},"modified":"2026-04-08T15:25:16","modified_gmt":"2026-04-08T14:25:16","slug":"sophie-reinhold-das-kann-das-leben-kosten","status":"publish","type":"product","link":"https:\/\/snoeck.de\/es\/shop\/sophie-reinhold-das-kann-das-leben-kosten\/","title":{"rendered":"Sophie Reinhold: Podr\u00eda costarte la vida"},"content":{"rendered":"<h3>El desgarrador patr\u00f3n del presente o \"Una especie de impresionismo post-corona\"<\/h3>\n<p>La ausencia es un tema recurrente en la obra de Sophie Reinhold: lo omitido, lo no dicho, lo no invitado. Reglas b\u00e1sicas de la abstracci\u00f3n. Que no todo tiene que decirse. Que crea algo as\u00ed como un estado de \u00e1nimo b\u00e1sico. Un patr\u00f3n, quiz\u00e1s. Crea un espacio alejado del lenguaje. Un silencio muy claro. Con un gran n\u00famero de motivos, la visi\u00f3n general de un patr\u00f3n se pierde f\u00e1cilmente. El desorden se extiende. La distancia ayuda a recuperar la visi\u00f3n de conjunto. En cuanto se confirma la repetici\u00f3n del motivo, el patr\u00f3n se ha afirmado con \u00e9xito, lo que desencadena tanto lo obsesivo como el esp\u00edritu de serenidad... Lo realmente inteligente de la pintura de Sophie Reinhold es que la artista asume, y lo demuestra una y otra vez en su arte, que su realidad no se puede suavizar, que el acontecimiento hace tiempo que ha tenido lugar antes de que se pueda forzar a darle forma. Su arte practica una multiplicidad caleidosc\u00f3pica y no sigue una f\u00f3rmula unilateral, lo que hace que esta obra sea vers\u00e1til y de m\u00faltiples capas. Un m\u00e9todo queda claro: la decisi\u00f3n de esmerilar su pintura, el despojamiento y aplicaci\u00f3n de sus im\u00e1genes, refleja la idea de que nuestra experiencia de la realidad equivale al desgaste de la vida cotidiana... Que yo sepa, \"Das kann das Leben kosten\" fue la primera exposici\u00f3n de Berlinger que se inaugur\u00f3 tras la relajaci\u00f3n de las restricciones debidas a la pandemia de Covid19. Los cuadros, que fueron creados antes de la crisis mundial, demuestran que Sophie Reinhold contempla nuestro accidentado presente con la urgencia adecuada.  Tenzing Barshee<\/p>\n<p>Exposici\u00f3n:<br \/>\nCFA Bellas Artes Contempor\u00e1neas de Berl\u00edn, 20\/5 - 20\/6\/2020<\/p>","protected":false},"excerpt":{"rendered":"<p>Cat\u00e1logo de la exposici\u00f3n, Contemporary Fine Arts CFA Berlin editado por Bruno Brunnet y Nicole Hackert<br \/>\nTexto (alem\u00e1n\/ingl\u00e9s) de Tenzing Barshee, entrevista (alem\u00e1n\/ingl\u00e9s) con el artista por Hannes Schmidt<br \/>\n32 p. con 19 ilustraciones en color<br \/>\nFormato 28 x 20 cm, folleto grapado<\/p>","protected":false},"featured_media":5133,"template":"","meta":[],"product_brand":[],"product_cat":[95],"product_tag":[],"class_list":{"0":"post-3718","1":"product","2":"type-product","3":"status-publish","4":"has-post-thumbnail","6":"product_cat-vergriffen","8":"first","9":"outofstock","10":"taxable","11":"shipping-taxable","12":"product-type-simple"},"aioseo_notices":[],"_wp_attached_file":null,"_wp_attachment_metadata":null,"_wc_attachment_source":null,"_elementor_inline_svg":null,"_elementor_is_screenshot":null,"_elementor_source_image_hash":null,"_source_url":null,"_wp_attachment_context":null,"_menu_item_type":null,"_menu_item_menu_item_parent":null,"_menu_item_object_id":null,"_menu_item_object":null,"_menu_item_target":null,"_menu_item_classes":null,"_menu_item_xfn":null,"_menu_item_url":null,"__elementor_forms_snapshot":null,"_unit":"","_unit_base":"","_unit_product":"","_unit_price_auto":"no","_unit_price_regular":"","_unit_price":"","_unit_price_sale":"","_sale_price_label":"","_sale_price_regular_label":"","_manufacturer_slug":"","_mini_desc":"","_defect_description":"","_safety_instructions":"","_allergen_ids":[],"_warranty_attachment_id":"","_safety_attachment_ids":[],"_min_age":"","_ts_gtin":"","_ts_mpn":"","_delivery_time_countries":[],"_free_shipping":"no","_service":"no","_photovoltaic_system":"no","_used_good":"no","_defective_copy":"no","_wireless_electronic_device":"no","_device_contains_power_supply":"no","_device_charging_supports_usb_pd":"no","_device_charging_watt_min":"0","_device_charging_watt_max":"0","_is_food":"no","_differential_taxation":"no","_gzd_version":"3.18.7","_hs_code":"","_customs_description":"","_manufacture_country":"0","_is_non_returnable":"no","_shipping_length":"","_shipping_width":"","_shipping_height":"","_sku":"ISBN 978-3-86442-332-1","_global_unique_id":"978-3-86442-332-1","_regular_price":null,"total_sales":"0","_tax_status":"taxable","_tax_class":"","_manage_stock":"no","_backorders":"no","_sold_individually":"no","_weight":"1","_virtual":"no","_downloadable":"no","_download_limit":"-1","_download_expiry":"-1","_stock":"","_stock_status":"outofstock","_wc_average_rating":"0","_wc_review_count":"0","_product_version":"10.1.4","_price":"","shopengine_product_views_count":"2095","_thumbnail_id":"5133","_product_attributes":{"erscheinungsdatum":{"name":"Fecha de publicaci\u00f3n","value":"01.09.2020","position":0,"is_visible":1,"is_variation":0,"is_taxonomy":0,"checkout_visible":0}},"_nutrient_ids":[],"_upsell_ids":null,"pswc_subtitle":null,"_default_delivery_time":null,"_wp_desired_post_slug":null,"_isbn":null,"pageType":null,"isExternalUrl":null,"pageId":null,"externalUrl":null,"hideCookieBanner":null,"isTargetBlank":null,"isProviderCurrentWebsite":null,"isEmbeddingOnlyExternalResources":null,"legalBasis":null,"dataProcessingInCountries":null,"dataProcessingInCountriesSpecialTreatments":null,"technicalDefinitions":null,"googleConsentModeConsentTypes":null,"executePriority":null,"executeCodeOptInWhenNoTagManagerConsentIsGiven":null,"executeCodeOptOutWhenNoTagManagerConsentIsGiven":null,"deleteTechnicalDefinitionsAfterOptOut":null,"presetId":null,"presetVersion":null,"provider":null,"providerContactPhone":null,"providerContactEmail":null,"providerContactLink":null,"uniqueName":null,"providerPrivacyPolicyUrl":null,"providerLegalNoticeUrl":null,"codeOptIn":null,"codeOptOut":null,"codeOnPageLoad":null,"language_code":null,"shopengine_template__post_meta__type":null,"shopengine_template__post_meta":null,"shopengine_template__post_meta__edit_with":null,"origin":null,"_enabled":null,"_filters":null,"_layout":null,"_elementor_import_session_id":null,"_wp_trash_meta_status":null,"_wp_trash_meta_time":null,"_edit_lock":"1743344596:2","_elementor_floating_elements_type":null,"_elementor_edit_mode":null,"_elementor_template_type":null,"tc-thumb-fld":{"_thumb_id":5133,"_thumb_type":"thumb"},"_wp_page_template":"default","_elementor_version":null,"_elementor_pro_version":null,"_elementor_page_settings":null,"_elementor_data":null,"_elementor_conditions":null,"_elementor_popup_display_settings":null,"_edit_last":"2","_elementor_template_sub_type":null,"_elementor_controls_usage":null,"_elementor_screenshot":null,"_elementor_css":null,"_elementor_page_assets":[],"_elementor_element_cache":null,"_elementor_screenshot_failed":null,"_elementor_source":null,"_wp_old_date":null,"layout_key":"","post_slider_check_key":"0","_links":{"self":[{"href":"https:\/\/snoeck.de\/es\/wp-json\/wp\/v2\/product\/3718","targetHints":{"allow":["GET"]}}],"collection":[{"href":"https:\/\/snoeck.de\/es\/wp-json\/wp\/v2\/product"}],"about":[{"href":"https:\/\/snoeck.de\/es\/wp-json\/wp\/v2\/types\/product"}],"wp:featuredmedia":[{"embeddable":true,"href":"https:\/\/snoeck.de\/es\/wp-json\/wp\/v2\/media\/5133"}],"wp:attachment":[{"href":"https:\/\/snoeck.de\/es\/wp-json\/wp\/v2\/media?parent=3718"}],"wp:term":[{"taxonomy":"product_brand","embeddable":true,"href":"https:\/\/snoeck.de\/es\/wp-json\/wp\/v2\/product_brand?post=3718"},{"taxonomy":"product_cat","embeddable":true,"href":"https:\/\/snoeck.de\/es\/wp-json\/wp\/v2\/product_cat?post=3718"},{"taxonomy":"product_tag","embeddable":true,"href":"https:\/\/snoeck.de\/es\/wp-json\/wp\/v2\/product_tag?post=3718"}],"curies":[{"name":"wp","href":"https:\/\/api.w.org\/{rel}","templated":true}]}}