{"id":3722,"date":"2025-01-31T11:31:56","date_gmt":"2025-01-31T11:31:56","guid":{"rendered":"https:\/\/snoeck.process-vision.de\/shop\/revonnah-kunst-der-avantgarde-in-hannover-1912-1933\/"},"modified":"2025-03-30T14:19:24","modified_gmt":"2025-03-30T14:19:24","slug":"revonnah-kunst-der-avantgarde-in-hannover-1912-1933","status":"publish","type":"product","link":"https:\/\/snoeck.de\/es\/shop\/revonnah-kunst-der-avantgarde-in-hannover-1912-1933\/","title":{"rendered":"revonnaH. Arte de vanguardia en Hannover 1912 - 1933"},"content":{"rendered":"<h3>Cuando Hannover se convirti\u00f3 en una \"moderna ciudad del arte<\/h3>\n<p>Albert Gideon Brinckmann proporcion\u00f3 el impulso institucional necesario para poner en contacto la m\u00e1s bien conservadora capital de provincia de Hannover con la vanguardia art\u00edstica cuando en 1912 asumi\u00f3 la direcci\u00f3n del Museo Kestner y cambi\u00f3 radicalmente la pol\u00edtica de adquisiciones. Ya antes de la Primera Guerra Mundial, Herbert von Garvens hab\u00eda amasado una colecci\u00f3n de arte moderno, empresarios privados como Hermann Bahlsen y Fritz Beindorff (Pelikan) hab\u00edan encargado obras a artistas modernos y establecido un compromiso c\u00edvico que culmin\u00f3 con la fundaci\u00f3n de la Sociedad Kestner en 1916. Al igual que la formaci\u00f3n de la Secesi\u00f3n de Hannover a partir de 1917, promovi\u00f3 el examen de las tendencias contempor\u00e1neas a trav\u00e9s de exposiciones y publicaciones: expresionismo, abstracci\u00f3n, nueva objetividad, y permiti\u00f3 a Hannover madurar hasta convertirse en una \"ciudad del arte moderno\". Kurt Schwitters fue uno de los artistas m\u00e1s importantes de la \u00e9poca de Weimar y un activo \"creador de redes\" que trajo a Hannover a artistas como El Lissitzky (Kabinett der Abstrakten) y Naum Gabo. Alexander Dorner revolucion\u00f3 la presentaci\u00f3n y mediaci\u00f3n del arte en el Museo Provincial, y la vanguardia en torno a Schwitters se reun\u00eda en el sal\u00f3n de K\u00e4te Steinitz; surgieron grupos de artistas como \"die abstrakten hannover\", y una variedad hannoveriana de la Nueva Objetividad se desarroll\u00f3 a partir de la Escuela de Artes y Oficios de la ciudad. Sin embargo, todas estas actividades, que se extendieron m\u00e1s all\u00e1 de Hannover, terminaron abruptamente cuando los nacionalsocialistas tomaron el poder. Adem\u00e1s de la exposici\u00f3n, el libro abordar\u00e1 temas como la arquitectura, el cine y la literatura, por lo que puede convertirse en una obra de referencia sobre este animado periodo de la historia hannoveriana.<\/p>\n<p>Exposici\u00f3n:<br \/>\nMuseo Sprengel de Hannover, 23\/9\/2017-7\/1\/2018<\/p>","protected":false},"excerpt":{"rendered":"<p>Cat\u00e1logo de la exposici\u00f3n, Sprengel Museum Hannover, editado por Karin Orchard<br \/>\nTextos (alem\u00e1n) de Kai-Uwe Hemken, Karin Orchard, Thomas R\u00f6ske, Isabel Schulz, Reinhard Spieler, Peter Struck, Christina V\u00e9gh y muchos otros.<br \/>\n336 p. con 312 ilustraciones en color<br \/>\nFormato 26 x 22 cm, tapa dura<\/p>","protected":false},"featured_media":5137,"template":"","meta":[],"product_brand":[],"product_cat":[112,65,75],"product_tag":[],"class_list":{"0":"post-3722","1":"product","2":"type-product","3":"status-publish","4":"has-post-thumbnail","6":"product_cat-112","7":"product_cat-h","8":"product_cat-r","10":"first","11":"instock","12":"taxable","13":"shipping-taxable","14":"purchasable","15":"product-type-simple"},"aioseo_notices":[],"_wp_attached_file":null,"_wp_attachment_metadata":null,"_wc_attachment_source":null,"_elementor_inline_svg":null,"_elementor_is_screenshot":null,"_elementor_source_image_hash":null,"_source_url":null,"_wp_attachment_context":null,"_menu_item_type":null,"_menu_item_menu_item_parent":null,"_menu_item_object_id":null,"_menu_item_object":null,"_menu_item_target":null,"_menu_item_classes":null,"_menu_item_xfn":null,"_menu_item_url":null,"__elementor_forms_snapshot":null,"_unit":"","_unit_base":"","_unit_product":"","_unit_price_auto":"no","_unit_price_regular":"","_unit_price":"","_unit_price_sale":"","_sale_price_label":"","_sale_price_regular_label":"","_manufacturer_slug":"","_mini_desc":"","_defect_description":"","_safety_instructions":"","_allergen_ids":[],"_warranty_attachment_id":"","_safety_attachment_ids":[],"_min_age":"","_ts_gtin":"","_ts_mpn":"","_delivery_time_countries":[],"_free_shipping":"no","_service":"no","_photovoltaic_system":"no","_used_good":"no","_defective_copy":"no","_wireless_electronic_device":"no","_device_contains_power_supply":"no","_device_charging_supports_usb_pd":"no","_device_charging_watt_min":"0","_device_charging_watt_max":"0","_is_food":"no","_differential_taxation":"no","_gzd_version":"3.18.7","_hs_code":"","_customs_description":"","_manufacture_country":"0","_is_non_returnable":"no","_shipping_length":"","_shipping_width":"","_shipping_height":"","_sku":"ISBN 978-3-86442-225-6","_global_unique_id":"978-3-86442-225-6","_regular_price":"48","total_sales":"0","_tax_status":"taxable","_tax_class":"","_manage_stock":"no","_backorders":"no","_sold_individually":"no","_weight":"2","_virtual":"no","_downloadable":"no","_download_limit":"-1","_download_expiry":"-1","_stock":"","_stock_status":"instock","_wc_average_rating":"0","_wc_review_count":"0","_product_version":"9.7.1","_price":"48","shopengine_product_views_count":"2745","_thumbnail_id":"5137","_product_attributes":{"erscheinungsdatum":{"name":"Fecha de publicaci\u00f3n","value":"23.09.2017","position":0,"is_visible":1,"is_variation":0,"is_taxonomy":0,"checkout_visible":0}},"_nutrient_ids":[],"_upsell_ids":null,"pswc_subtitle":null,"_default_delivery_time":null,"_wp_desired_post_slug":null,"_isbn":null,"pageType":null,"isExternalUrl":null,"pageId":null,"externalUrl":null,"hideCookieBanner":null,"isTargetBlank":null,"isProviderCurrentWebsite":null,"isEmbeddingOnlyExternalResources":null,"legalBasis":null,"dataProcessingInCountries":null,"dataProcessingInCountriesSpecialTreatments":null,"technicalDefinitions":null,"googleConsentModeConsentTypes":null,"executePriority":null,"executeCodeOptInWhenNoTagManagerConsentIsGiven":null,"executeCodeOptOutWhenNoTagManagerConsentIsGiven":null,"deleteTechnicalDefinitionsAfterOptOut":null,"presetId":null,"presetVersion":null,"provider":null,"providerContactPhone":null,"providerContactEmail":null,"providerContactLink":null,"uniqueName":null,"providerPrivacyPolicyUrl":null,"providerLegalNoticeUrl":null,"codeOptIn":null,"codeOptOut":null,"codeOnPageLoad":null,"language_code":null,"shopengine_template__post_meta__type":null,"shopengine_template__post_meta":null,"shopengine_template__post_meta__edit_with":null,"origin":null,"_enabled":null,"_filters":null,"_layout":null,"_elementor_import_session_id":null,"_wp_trash_meta_status":null,"_wp_trash_meta_time":null,"_edit_lock":"1743344226:2","_elementor_floating_elements_type":null,"_elementor_edit_mode":null,"_elementor_template_type":null,"tc-thumb-fld":{"_thumb_id":5137,"_thumb_type":"thumb"},"_wp_page_template":"default","_elementor_version":null,"_elementor_pro_version":null,"_elementor_page_settings":null,"_elementor_data":null,"_elementor_conditions":null,"_elementor_popup_display_settings":null,"_edit_last":"2","_elementor_template_sub_type":null,"_elementor_controls_usage":null,"_elementor_screenshot":null,"_elementor_css":null,"_elementor_page_assets":[],"_elementor_element_cache":null,"_elementor_screenshot_failed":null,"_elementor_source":null,"_wp_old_date":null,"layout_key":"","post_slider_check_key":"0","_links":{"self":[{"href":"https:\/\/snoeck.de\/es\/wp-json\/wp\/v2\/product\/3722","targetHints":{"allow":["GET"]}}],"collection":[{"href":"https:\/\/snoeck.de\/es\/wp-json\/wp\/v2\/product"}],"about":[{"href":"https:\/\/snoeck.de\/es\/wp-json\/wp\/v2\/types\/product"}],"wp:featuredmedia":[{"embeddable":true,"href":"https:\/\/snoeck.de\/es\/wp-json\/wp\/v2\/media\/5137"}],"wp:attachment":[{"href":"https:\/\/snoeck.de\/es\/wp-json\/wp\/v2\/media?parent=3722"}],"wp:term":[{"taxonomy":"product_brand","embeddable":true,"href":"https:\/\/snoeck.de\/es\/wp-json\/wp\/v2\/product_brand?post=3722"},{"taxonomy":"product_cat","embeddable":true,"href":"https:\/\/snoeck.de\/es\/wp-json\/wp\/v2\/product_cat?post=3722"},{"taxonomy":"product_tag","embeddable":true,"href":"https:\/\/snoeck.de\/es\/wp-json\/wp\/v2\/product_tag?post=3722"}],"curies":[{"name":"wp","href":"https:\/\/api.w.org\/{rel}","templated":true}]}}