{"id":3723,"date":"2025-01-31T11:31:56","date_gmt":"2025-01-31T11:31:56","guid":{"rendered":"https:\/\/snoeck.process-vision.de\/shop\/anselm-reyle-streifenbilder-2003-2013\/"},"modified":"2026-04-08T15:06:50","modified_gmt":"2026-04-08T14:06:50","slug":"anselm-reyle-streifenbilder-2003-2013","status":"publish","type":"product","link":"https:\/\/snoeck.de\/es\/shop\/anselm-reyle-streifenbilder-2003-2013\/","title":{"rendered":"Anselm Reyle: Fotos de rayas 2003-2013"},"content":{"rendered":"<h3>M\u00e1s rayas (fotos)<\/h3>\n<p>Las pinturas de rayas de Barnett Newman, Kenneth Noland, Bridget Riley, Gerhard Richter, Frank Stella y Daniel Buren son legendarias desde hace mucho tiempo. As\u00ed que parece coqueto que un colega artista de bastante \u00e9xito, pero todav\u00eda joven, venga hoy y quiera verter vino viejo en odres nuevos. Pero, \u00bflo est\u00e1 haciendo? Este excelente peque\u00f1o volumen, que ofrece una buena visi\u00f3n de este grupo de obras tan conocido de Anselm Reyle, deja claro en su elaborado m\u00e9todo de producci\u00f3n con impresi\u00f3n a siete colores que aqu\u00ed las rayas no son s\u00f3lo rayas y que lo nuevo sigue conectado con lo viejo, pero luego le a\u00f1ade algo completamente nuevo. Y esta novedad no consiste s\u00f3lo en el especial colorido de los cuadros de rayas de Anselm Reyle. Ante todo, como siempre en la pintura desde principios del siglo XX, se trata de una actitud, o en palabras de Carl Andr\u00e9: \"La pintura de Frank Stella no es simb\u00f3lica. Sus rayas son los caminos del pincel sobre el lienzo. Estos caminos s\u00f3lo conducen a la pintura\". Anselm Reyle no lo ve de forma muy diferente y a\u00f1ade a la afirmaci\u00f3n de Carl Andr\u00e9: \"... ya sean l\u00e1minas que he encontrado en un escaparate u objetos encontrados de la historia del arte reciente, como las pinturas de rayas\". Reyle siempre utiliza los materiales (encontrados) como medios de investigaci\u00f3n: \u00bfPor qu\u00e9 percibimos ciertas combinaciones de colores y materiales como armoniosas y otras como dr\u00e1sticas? \u00bfPor qu\u00e9 una combinaci\u00f3n de color y material resulta atractiva y otra no? \u00bfHasta qu\u00e9 punto estos juicios est\u00e1n influidos culturalmente? \u00bfC\u00f3mo pueden revisarse estos juicios? En las exageraciones de Anselm Reyle funciona formalmente el readymade, cuyo lenguaje consiste en transferencias uno a uno, ampliaciones o citas de materiales y colores y que el artista ve como parte del mundo de las mercanc\u00edas, que \u00e9l mismo entiende en consecuencia como un gigantesco conjunto readymade. No cabe duda de que el logro especial de estos cuadros reside en su permanente transformaci\u00f3n dr\u00e1stica, que, permaneciendo comprometida con la contemporaneidad, se dirige directamente hacia la intemporalidad.<\/p>\n<p>Exposici\u00f3n:<br \/>\nCFA Contemporary Fine Arts Berl\u00edn, 1\/10 - 14\/11\/2015<\/p>","protected":false},"excerpt":{"rendered":"<p>Cat\u00e1logo de la exposici\u00f3n, Contemporary Fine Arts CFA Berl\u00edn, editado por Bruno Brunnen y Nicole Hackert<br \/>\nTexto (alem\u00e1n\/ingl\u00e9s) de Anna-Catharina Gebbers<br \/>\n32 p. con 18 ilustraciones en 7 colores<br \/>\nFormato 32,5 x 23,5 cm, tapa dura<\/p>","protected":false},"featured_media":5138,"template":"","meta":[],"product_brand":[],"product_cat":[95],"product_tag":[],"class_list":{"0":"post-3723","1":"product","2":"type-product","3":"status-publish","4":"has-post-thumbnail","6":"product_cat-vergriffen","8":"first","9":"outofstock","10":"taxable","11":"shipping-taxable","12":"product-type-simple"},"aioseo_notices":[],"_wp_attached_file":null,"_wp_attachment_metadata":null,"_wc_attachment_source":null,"_elementor_inline_svg":null,"_elementor_is_screenshot":null,"_elementor_source_image_hash":null,"_source_url":null,"_wp_attachment_context":null,"_menu_item_type":null,"_menu_item_menu_item_parent":null,"_menu_item_object_id":null,"_menu_item_object":null,"_menu_item_target":null,"_menu_item_classes":null,"_menu_item_xfn":null,"_menu_item_url":null,"__elementor_forms_snapshot":null,"_unit":"","_unit_base":"","_unit_product":"","_unit_price_auto":"no","_unit_price_regular":"","_unit_price":"","_unit_price_sale":"","_sale_price_label":"","_sale_price_regular_label":"","_manufacturer_slug":"","_mini_desc":"","_defect_description":"","_safety_instructions":"","_allergen_ids":[],"_warranty_attachment_id":"","_safety_attachment_ids":[],"_min_age":"","_ts_gtin":"","_ts_mpn":"","_delivery_time_countries":[],"_free_shipping":"no","_service":"no","_photovoltaic_system":"no","_used_good":"no","_defective_copy":"no","_wireless_electronic_device":"no","_device_contains_power_supply":"no","_device_charging_supports_usb_pd":"no","_device_charging_watt_min":"0","_device_charging_watt_max":"0","_is_food":"no","_differential_taxation":"no","_gzd_version":"3.18.7","_hs_code":"","_customs_description":"","_manufacture_country":"0","_is_non_returnable":"no","_shipping_length":"","_shipping_width":"","_shipping_height":"","_sku":"ISBN 978-3-86442-155-6","_global_unique_id":"978-3-86442-155-6","_regular_price":null,"total_sales":"0","_tax_status":"taxable","_tax_class":"","_manage_stock":"no","_backorders":"no","_sold_individually":"no","_weight":"1","_virtual":"no","_downloadable":"no","_download_limit":"-1","_download_expiry":"-1","_stock":"","_stock_status":"outofstock","_wc_average_rating":"0","_wc_review_count":"0","_product_version":"10.1.4","_price":"","shopengine_product_views_count":"2737","_thumbnail_id":"5138","_product_attributes":{"erscheinungsdatum":{"name":"Fecha de publicaci\u00f3n","value":"28.09.2015","position":0,"is_visible":1,"is_variation":0,"is_taxonomy":0,"checkout_visible":0}},"_nutrient_ids":[],"_upsell_ids":null,"pswc_subtitle":null,"_default_delivery_time":null,"_wp_desired_post_slug":null,"_isbn":null,"pageType":null,"isExternalUrl":null,"pageId":null,"externalUrl":null,"hideCookieBanner":null,"isTargetBlank":null,"isProviderCurrentWebsite":null,"isEmbeddingOnlyExternalResources":null,"legalBasis":null,"dataProcessingInCountries":null,"dataProcessingInCountriesSpecialTreatments":null,"technicalDefinitions":null,"googleConsentModeConsentTypes":null,"executePriority":null,"executeCodeOptInWhenNoTagManagerConsentIsGiven":null,"executeCodeOptOutWhenNoTagManagerConsentIsGiven":null,"deleteTechnicalDefinitionsAfterOptOut":null,"presetId":null,"presetVersion":null,"provider":null,"providerContactPhone":null,"providerContactEmail":null,"providerContactLink":null,"uniqueName":null,"providerPrivacyPolicyUrl":null,"providerLegalNoticeUrl":null,"codeOptIn":null,"codeOptOut":null,"codeOnPageLoad":null,"language_code":null,"shopengine_template__post_meta__type":null,"shopengine_template__post_meta":null,"shopengine_template__post_meta__edit_with":null,"origin":null,"_enabled":null,"_filters":null,"_layout":null,"_elementor_import_session_id":null,"_wp_trash_meta_status":null,"_wp_trash_meta_time":null,"_edit_lock":"1743344108:2","_elementor_floating_elements_type":null,"_elementor_edit_mode":null,"_elementor_template_type":null,"tc-thumb-fld":{"_thumb_id":5138,"_thumb_type":"thumb"},"_wp_page_template":"default","_elementor_version":null,"_elementor_pro_version":null,"_elementor_page_settings":null,"_elementor_data":null,"_elementor_conditions":null,"_elementor_popup_display_settings":null,"_edit_last":"2","_elementor_template_sub_type":null,"_elementor_controls_usage":null,"_elementor_screenshot":null,"_elementor_css":null,"_elementor_page_assets":[],"_elementor_element_cache":null,"_elementor_screenshot_failed":null,"_elementor_source":null,"_wp_old_date":null,"layout_key":"","post_slider_check_key":"0","_links":{"self":[{"href":"https:\/\/snoeck.de\/es\/wp-json\/wp\/v2\/product\/3723","targetHints":{"allow":["GET"]}}],"collection":[{"href":"https:\/\/snoeck.de\/es\/wp-json\/wp\/v2\/product"}],"about":[{"href":"https:\/\/snoeck.de\/es\/wp-json\/wp\/v2\/types\/product"}],"wp:featuredmedia":[{"embeddable":true,"href":"https:\/\/snoeck.de\/es\/wp-json\/wp\/v2\/media\/5138"}],"wp:attachment":[{"href":"https:\/\/snoeck.de\/es\/wp-json\/wp\/v2\/media?parent=3723"}],"wp:term":[{"taxonomy":"product_brand","embeddable":true,"href":"https:\/\/snoeck.de\/es\/wp-json\/wp\/v2\/product_brand?post=3723"},{"taxonomy":"product_cat","embeddable":true,"href":"https:\/\/snoeck.de\/es\/wp-json\/wp\/v2\/product_cat?post=3723"},{"taxonomy":"product_tag","embeddable":true,"href":"https:\/\/snoeck.de\/es\/wp-json\/wp\/v2\/product_tag?post=3723"}],"curies":[{"name":"wp","href":"https:\/\/api.w.org\/{rel}","templated":true}]}}