{"id":3724,"date":"2025-01-31T11:31:57","date_gmt":"2025-01-31T11:31:57","guid":{"rendered":"https:\/\/snoeck.process-vision.de\/shop\/anselm-reyle-teenage-wasteland\/"},"modified":"2025-03-30T14:14:28","modified_gmt":"2025-03-30T14:14:28","slug":"anselm-reyle-teenage-wasteland","status":"publish","type":"product","link":"https:\/\/snoeck.de\/es\/shop\/anselm-reyle-teenage-wasteland\/","title":{"rendered":"Anselm Reyle: Tierra bald\u00eda de adolescentes"},"content":{"rendered":"<h3>Anselm Reyle en Heilbronn<\/h3>\n<p>Anselm Reyle es uno de los artistas alemanes de mayor proyecci\u00f3n internacional de su generaci\u00f3n. Nacido en Tubinga y criado en Heilbronn, ha expuesto en la Kunsthalle Vogelmann (8\/7-23\/10\/2022). La lista de sus lugares de exposici\u00f3n parece un Qui\u00e9n es Qui\u00e9n en el mundo del arte: desde la Kunsthalle de Z\u00farich al Palazzo Grassi de Venecia, desde el Deichtorhallen de Hamburgo a la Kunsthalle de Tubinga. Sus colaboraciones, por ejemplo con Dior para una serie exclusiva de bolsos, son legendarias. Anselm Reyle mezcla estilos, colores y materiales de forma asombrosa, trabajando con pintura de coche, PVC y l\u00e1minas de espejo, pintura en aerosol, luces LED, hormig\u00f3n o arcilla. Los objetos encontrados desempe\u00f1an un papel destacado en su obra como material de partida, ya sean elementos de obras de otros artistas, objetos cotidianos, arquitectura o incluso dise\u00f1o. La reflexi\u00f3n, la apropiaci\u00f3n, la reformulaci\u00f3n y la reformulaci\u00f3n determinan en consecuencia sus m\u00e9todos de trabajo. El espectador se ve atrapado en el sorprendente ritmo de contrastes formales y materiales, en el que se encuentra todo el repertorio de la invenci\u00f3n pict\u00f3rica abstracta moderna. El libro muestra las amplias obras murales creadas in situ en Heilbronn, presenta la \u00faltima serie de obras con cuadros sobre arpillera y tambi\u00e9n hace una retrospectiva de la obra anterior de Anselm Reyle.<\/p>\n<p>Exposici\u00f3n:<br \/>\nKunstverein Heilbronn, 8\/7 - 22\/10\/2022<\/p>","protected":false},"excerpt":{"rendered":"<p>Cat\u00e1logo de la exposici\u00f3n, Kunstverein Heilbronn, editado por Matthia L\u00f6bke<br \/>\nTextos (alem\u00e1n\/ingl\u00e9s) de Larissa Kikol, Matthia L\u00f6bke<br \/>\n96 p. con 85 ilustraciones, en su mayor\u00eda en color, a toda o doble p\u00e1gina.<br \/>\nFormato 32 x 24 cm, folleto desplegable con cart\u00f3n espejado<\/p>","protected":false},"featured_media":5139,"template":"","meta":[],"product_brand":[],"product_cat":[87,75],"product_tag":[],"class_list":{"0":"post-3724","1":"product","2":"type-product","3":"status-publish","4":"has-post-thumbnail","6":"product_cat-87","7":"product_cat-r","9":"first","10":"instock","11":"taxable","12":"shipping-taxable","13":"purchasable","14":"product-type-simple"},"aioseo_notices":[],"_wp_attached_file":null,"_wp_attachment_metadata":null,"_wc_attachment_source":null,"_elementor_inline_svg":null,"_elementor_is_screenshot":null,"_elementor_source_image_hash":null,"_source_url":null,"_wp_attachment_context":null,"_menu_item_type":null,"_menu_item_menu_item_parent":null,"_menu_item_object_id":null,"_menu_item_object":null,"_menu_item_target":null,"_menu_item_classes":null,"_menu_item_xfn":null,"_menu_item_url":null,"__elementor_forms_snapshot":null,"_unit":"","_unit_base":"","_unit_product":"","_unit_price_auto":"no","_unit_price_regular":"","_unit_price":"","_unit_price_sale":"","_sale_price_label":"","_sale_price_regular_label":"","_manufacturer_slug":"","_mini_desc":"","_defect_description":"","_safety_instructions":"","_allergen_ids":[],"_warranty_attachment_id":"","_safety_attachment_ids":[],"_min_age":"","_ts_gtin":"","_ts_mpn":"","_delivery_time_countries":[],"_free_shipping":"no","_service":"no","_photovoltaic_system":"no","_used_good":"no","_defective_copy":"no","_wireless_electronic_device":"no","_device_contains_power_supply":"no","_device_charging_supports_usb_pd":"no","_device_charging_watt_min":"0","_device_charging_watt_max":"0","_is_food":"no","_differential_taxation":"no","_gzd_version":"3.18.7","_hs_code":"","_customs_description":"","_manufacture_country":"0","_is_non_returnable":"no","_shipping_length":"","_shipping_width":"","_shipping_height":"","_sku":"ISBN 978-3-86442-396-3","_global_unique_id":"978-3-86442-396-3","_regular_price":"39.8","total_sales":"0","_tax_status":"taxable","_tax_class":"","_manage_stock":"no","_backorders":"no","_sold_individually":"no","_weight":"1","_virtual":"no","_downloadable":"no","_download_limit":"-1","_download_expiry":"-1","_stock":"","_stock_status":"instock","_wc_average_rating":"0","_wc_review_count":"0","_product_version":"9.7.1","_price":"39.8","shopengine_product_views_count":"2916","_thumbnail_id":"5139","_product_attributes":{"erscheinungsdatum":{"name":"Erscheinungsdatum","value":"17.08.2023","position":0,"is_visible":1,"is_variation":0,"is_taxonomy":0,"checkout_visible":0}},"_nutrient_ids":[],"_upsell_ids":null,"pswc_subtitle":null,"_default_delivery_time":null,"_wp_desired_post_slug":null,"_isbn":null,"pageType":null,"isExternalUrl":null,"pageId":null,"externalUrl":null,"hideCookieBanner":null,"isTargetBlank":null,"isProviderCurrentWebsite":null,"isEmbeddingOnlyExternalResources":null,"legalBasis":null,"dataProcessingInCountries":null,"dataProcessingInCountriesSpecialTreatments":null,"technicalDefinitions":null,"googleConsentModeConsentTypes":null,"executePriority":null,"executeCodeOptInWhenNoTagManagerConsentIsGiven":null,"executeCodeOptOutWhenNoTagManagerConsentIsGiven":null,"deleteTechnicalDefinitionsAfterOptOut":null,"presetId":null,"presetVersion":null,"provider":null,"providerContactPhone":null,"providerContactEmail":null,"providerContactLink":null,"uniqueName":null,"providerPrivacyPolicyUrl":null,"providerLegalNoticeUrl":null,"codeOptIn":null,"codeOptOut":null,"codeOnPageLoad":null,"language_code":null,"shopengine_template__post_meta__type":null,"shopengine_template__post_meta":null,"shopengine_template__post_meta__edit_with":null,"origin":null,"_enabled":null,"_filters":null,"_layout":null,"_elementor_import_session_id":null,"_wp_trash_meta_status":null,"_wp_trash_meta_time":null,"_edit_lock":"1743343929:2","_elementor_floating_elements_type":null,"_elementor_edit_mode":null,"_elementor_template_type":null,"tc-thumb-fld":{"_thumb_id":5139,"_thumb_type":"thumb"},"_wp_page_template":"default","_elementor_version":null,"_elementor_pro_version":null,"_elementor_page_settings":null,"_elementor_data":null,"_elementor_conditions":null,"_elementor_popup_display_settings":null,"_edit_last":"2","_elementor_template_sub_type":null,"_elementor_controls_usage":null,"_elementor_screenshot":null,"_elementor_css":null,"_elementor_page_assets":[],"_elementor_element_cache":null,"_elementor_screenshot_failed":null,"_elementor_source":null,"_wp_old_date":null,"layout_key":"","post_slider_check_key":"0","_links":{"self":[{"href":"https:\/\/snoeck.de\/es\/wp-json\/wp\/v2\/product\/3724","targetHints":{"allow":["GET"]}}],"collection":[{"href":"https:\/\/snoeck.de\/es\/wp-json\/wp\/v2\/product"}],"about":[{"href":"https:\/\/snoeck.de\/es\/wp-json\/wp\/v2\/types\/product"}],"wp:featuredmedia":[{"embeddable":true,"href":"https:\/\/snoeck.de\/es\/wp-json\/wp\/v2\/media\/5139"}],"wp:attachment":[{"href":"https:\/\/snoeck.de\/es\/wp-json\/wp\/v2\/media?parent=3724"}],"wp:term":[{"taxonomy":"product_brand","embeddable":true,"href":"https:\/\/snoeck.de\/es\/wp-json\/wp\/v2\/product_brand?post=3724"},{"taxonomy":"product_cat","embeddable":true,"href":"https:\/\/snoeck.de\/es\/wp-json\/wp\/v2\/product_cat?post=3724"},{"taxonomy":"product_tag","embeddable":true,"href":"https:\/\/snoeck.de\/es\/wp-json\/wp\/v2\/product_tag?post=3724"}],"curies":[{"name":"wp","href":"https:\/\/api.w.org\/{rel}","templated":true}]}}