{"id":3725,"date":"2025-01-31T11:31:58","date_gmt":"2025-01-31T11:31:58","guid":{"rendered":"https:\/\/snoeck.process-vision.de\/shop\/daniel-richter-10001nacht\/"},"modified":"2025-03-30T14:09:51","modified_gmt":"2025-03-30T14:09:51","slug":"daniel-richter-10001nacht","status":"publish","type":"product","link":"https:\/\/snoeck.de\/es\/shop\/daniel-richter-10001nacht\/","title":{"rendered":"Daniel Richter: 10001nacht"},"content":{"rendered":"<h3>Forasteros, aventureros, terroristas, asesinos...<\/h3>\n<p>En sus nuevos cuadros, Daniel Richter sigue fiel a su tem\u00e1tica de forasteros y aventureros. En el centro est\u00e1 la figura del anciano levantino de la monta\u00f1a con los Asesinos. Se trata de la historia documentada de j\u00f3venes musulmanes de principios de la Edad Media que eran alimentados con hach\u00eds en un universo paralelo, mitad para\u00edso, mitad burdel, como ayudantes de cumplimiento sin voluntad de un arcaico l\u00edder sectario, para luego aterrorizar al mundo isl\u00e1mico como terroristas o terroristas suicidas tras su intoxicaci\u00f3n. La \u00faltima serie de Daniel Richter, con numerosas im\u00e1genes de gran formato, se presenta por primera vez en este libro, publicado con motivo de su primera presentaci\u00f3n en la Kestnergesellschaft de Hannover. Un espectacular formato de gran tama\u00f1o garantiza una presentaci\u00f3n \u00f3ptima. El volumen es actualmente la \u00fanica publicaci\u00f3n disponible sobre la obra del artista.<\/p>\n<p>Exposici\u00f3n:<br \/>\nKestnergesellschaft, Hannover, 4\/9 - 6\/11\/2011<\/p>","protected":false},"excerpt":{"rendered":"<p>Cat\u00e1logo de la exposici\u00f3n, Kestnergesellschaft Hannover, editado por Veit G\u00f6rner, Susanne Figner<br \/>\nTextos (alem\u00e1n\/ingl\u00e9s) de Susanne Figner, Anders Kold, Kito Nedo<br \/>\n92 p. con 70 ilustraciones en color<br \/>\nFormato 25,5 x 34 cm, encuadernaci\u00f3n en tela con gofrado e ilustraci\u00f3n del t\u00edtulo encolada<\/p>","protected":false},"featured_media":5140,"template":"","meta":[],"product_brand":[],"product_cat":[107,75,90],"product_tag":[],"class_list":{"0":"post-3725","1":"product","2":"type-product","3":"status-publish","4":"has-post-thumbnail","6":"product_cat-107","7":"product_cat-r","8":"product_cat-rare-books","10":"first","11":"instock","12":"taxable","13":"shipping-taxable","14":"purchasable","15":"product-type-simple"},"aioseo_notices":[],"_wp_attached_file":null,"_wp_attachment_metadata":null,"_wc_attachment_source":null,"_elementor_inline_svg":null,"_elementor_is_screenshot":null,"_elementor_source_image_hash":null,"_source_url":null,"_wp_attachment_context":null,"_menu_item_type":null,"_menu_item_menu_item_parent":null,"_menu_item_object_id":null,"_menu_item_object":null,"_menu_item_target":null,"_menu_item_classes":null,"_menu_item_xfn":null,"_menu_item_url":null,"__elementor_forms_snapshot":null,"_unit":"","_unit_base":"","_unit_product":"","_unit_price_auto":"no","_unit_price_regular":"","_unit_price":"","_unit_price_sale":"","_sale_price_label":"","_sale_price_regular_label":"","_manufacturer_slug":"","_mini_desc":"","_defect_description":"","_safety_instructions":"","_allergen_ids":[],"_warranty_attachment_id":"","_safety_attachment_ids":[],"_min_age":"","_ts_gtin":"","_ts_mpn":"","_delivery_time_countries":[],"_free_shipping":"no","_service":"no","_photovoltaic_system":"no","_used_good":"no","_defective_copy":"no","_wireless_electronic_device":"no","_device_contains_power_supply":"no","_device_charging_supports_usb_pd":"no","_device_charging_watt_min":"0","_device_charging_watt_max":"0","_is_food":"no","_differential_taxation":"no","_gzd_version":"3.18.7","_hs_code":"","_customs_description":"","_manufacture_country":"0","_is_non_returnable":"no","_shipping_length":"","_shipping_width":"","_shipping_height":"","_sku":"ISBN 978-3-940953-97-1","_global_unique_id":"978-3-940953-97-1","_regular_price":"68","total_sales":"0","_tax_status":"taxable","_tax_class":"","_manage_stock":"no","_backorders":"no","_sold_individually":"no","_weight":"2","_virtual":"no","_downloadable":"no","_download_limit":"-1","_download_expiry":"-1","_stock":"","_stock_status":"instock","_wc_average_rating":"0","_wc_review_count":"0","_product_version":"9.7.1","_price":"68","shopengine_product_views_count":"2730","_thumbnail_id":"5140","_product_attributes":{"erscheinungsdatum":{"name":"Erscheinungsdatum","value":"04.09.2011","position":0,"is_visible":1,"is_variation":0,"is_taxonomy":0,"checkout_visible":0}},"_nutrient_ids":[],"_upsell_ids":null,"pswc_subtitle":null,"_default_delivery_time":"","_wp_desired_post_slug":null,"_isbn":null,"pageType":null,"isExternalUrl":null,"pageId":null,"externalUrl":null,"hideCookieBanner":null,"isTargetBlank":null,"isProviderCurrentWebsite":null,"isEmbeddingOnlyExternalResources":null,"legalBasis":null,"dataProcessingInCountries":null,"dataProcessingInCountriesSpecialTreatments":null,"technicalDefinitions":null,"googleConsentModeConsentTypes":null,"executePriority":null,"executeCodeOptInWhenNoTagManagerConsentIsGiven":null,"executeCodeOptOutWhenNoTagManagerConsentIsGiven":null,"deleteTechnicalDefinitionsAfterOptOut":null,"presetId":null,"presetVersion":null,"provider":null,"providerContactPhone":null,"providerContactEmail":null,"providerContactLink":null,"uniqueName":null,"providerPrivacyPolicyUrl":null,"providerLegalNoticeUrl":null,"codeOptIn":null,"codeOptOut":null,"codeOnPageLoad":null,"language_code":null,"shopengine_template__post_meta__type":null,"shopengine_template__post_meta":null,"shopengine_template__post_meta__edit_with":null,"origin":null,"_enabled":null,"_filters":null,"_layout":null,"_elementor_import_session_id":null,"_wp_trash_meta_status":null,"_wp_trash_meta_time":null,"_edit_lock":"1743343651:2","_elementor_floating_elements_type":null,"_elementor_edit_mode":null,"_elementor_template_type":null,"tc-thumb-fld":{"_thumb_id":5140,"_thumb_type":"thumb"},"_wp_page_template":"default","_elementor_version":null,"_elementor_pro_version":null,"_elementor_page_settings":null,"_elementor_data":null,"_elementor_conditions":null,"_elementor_popup_display_settings":null,"_edit_last":"2","_elementor_template_sub_type":null,"_elementor_controls_usage":null,"_elementor_screenshot":null,"_elementor_css":null,"_elementor_page_assets":[],"_elementor_element_cache":null,"_elementor_screenshot_failed":null,"_elementor_source":null,"_wp_old_date":null,"layout_key":"","post_slider_check_key":"0","_links":{"self":[{"href":"https:\/\/snoeck.de\/es\/wp-json\/wp\/v2\/product\/3725","targetHints":{"allow":["GET"]}}],"collection":[{"href":"https:\/\/snoeck.de\/es\/wp-json\/wp\/v2\/product"}],"about":[{"href":"https:\/\/snoeck.de\/es\/wp-json\/wp\/v2\/types\/product"}],"wp:featuredmedia":[{"embeddable":true,"href":"https:\/\/snoeck.de\/es\/wp-json\/wp\/v2\/media\/5140"}],"wp:attachment":[{"href":"https:\/\/snoeck.de\/es\/wp-json\/wp\/v2\/media?parent=3725"}],"wp:term":[{"taxonomy":"product_brand","embeddable":true,"href":"https:\/\/snoeck.de\/es\/wp-json\/wp\/v2\/product_brand?post=3725"},{"taxonomy":"product_cat","embeddable":true,"href":"https:\/\/snoeck.de\/es\/wp-json\/wp\/v2\/product_cat?post=3725"},{"taxonomy":"product_tag","embeddable":true,"href":"https:\/\/snoeck.de\/es\/wp-json\/wp\/v2\/product_tag?post=3725"}],"curies":[{"name":"wp","href":"https:\/\/api.w.org\/{rel}","templated":true}]}}