{"id":3726,"date":"2025-01-31T11:31:58","date_gmt":"2025-01-31T11:31:58","guid":{"rendered":"https:\/\/snoeck.process-vision.de\/shop\/peter-riek-dass-hab-ich-auch-schon-einmal-gezeichnet\/"},"modified":"2026-04-08T15:34:57","modified_gmt":"2026-04-08T14:34:57","slug":"peter-riek-dass-hab-ich-auch-schon-einmal-gezeichnet","status":"publish","type":"product","link":"https:\/\/snoeck.de\/es\/shop\/peter-riek-dass-hab-ich-auch-schon-einmal-gezeichnet\/","title":{"rendered":"Peter Riek: Ya.dibuj\u00e9.eso.una.vez.tambi\u00e9n."},"content":{"rendered":"<h3>Suckf\u00fcll recargado<\/h3>\n<p>Este volumen documenta el examen del ilustrador Peter Riek a la paciente psiqui\u00e1trica Barbara Suckf\u00fcll, nacida en 1857. La sencilla esposa de un granjero tuvo siete hijos y llev\u00f3 una vida normal hasta que empez\u00f3 a percibir \"voces telef\u00f3nicas\", el principio de a\u00f1os de hospitalizaci\u00f3n. Suckf\u00fcll se negaba a vestir ropa institucional, nunca quer\u00eda salir de su celda, no ten\u00eda contacto con otros pacientes, pero desarroll\u00f3 un impresionante mundo propio en sus dibujos. S\u00f3lo se conservan unas pocas hojas en la colecci\u00f3n Prinzhorn de Heidelberg, que constituyeron el punto de partida de la exploraci\u00f3n art\u00edstica de Barbara Suckf\u00fcll por Peter Riek, que dur\u00f3 m\u00e1s de dos a\u00f1os. El resultado fueron m\u00e1s de 300 dibujos e instalaciones de habitaciones en Reutlingen, Berl\u00edn, Ellwangen y Heidelberg. Peter Riek, nacido en 1960, trabaja exclusivamente con el dibujo. Sus obras y espacios abstractos y po\u00e9ticos transmiten una quietud peculiarmente inquietante y ocupan un lugar importante en el dibujo contempor\u00e1neo.<\/p>\n<p>Exposici\u00f3n:<br \/>\nColecci\u00f3n Prinzhorn Heidelberg, 19\/3 - 3\/5\/2009<\/p>","protected":false},"excerpt":{"rendered":"<p>Cat\u00e1logo de la exposici\u00f3n, publicado por la Colecci\u00f3n Prinzhorn, Heidelberg<br \/>\nTextos (alem\u00e1n) de Christine Kratzert, Sabine Mechler, Clemens Ottnand<br \/>\n160 p. con 92 ilustraciones en color<br \/>\nFormato 26 x 21 cm, folleto desplegable con marcador de cinta<\/p>","protected":false},"featured_media":5141,"template":"","meta":[],"product_brand":[],"product_cat":[95],"product_tag":[],"class_list":{"0":"post-3726","1":"product","2":"type-product","3":"status-publish","4":"has-post-thumbnail","6":"product_cat-vergriffen","8":"first","9":"outofstock","10":"taxable","11":"shipping-taxable","12":"product-type-simple"},"aioseo_notices":[],"_wp_attached_file":null,"_wp_attachment_metadata":null,"_wc_attachment_source":null,"_elementor_inline_svg":null,"_elementor_is_screenshot":null,"_elementor_source_image_hash":null,"_source_url":null,"_wp_attachment_context":null,"_menu_item_type":null,"_menu_item_menu_item_parent":null,"_menu_item_object_id":null,"_menu_item_object":null,"_menu_item_target":null,"_menu_item_classes":null,"_menu_item_xfn":null,"_menu_item_url":null,"__elementor_forms_snapshot":null,"_unit":"","_unit_base":"","_unit_product":"","_unit_price_auto":"no","_unit_price_regular":"","_unit_price":"","_unit_price_sale":"","_sale_price_label":"","_sale_price_regular_label":"","_manufacturer_slug":"","_mini_desc":"","_defect_description":"","_safety_instructions":"","_allergen_ids":[],"_warranty_attachment_id":"","_safety_attachment_ids":[],"_min_age":"","_ts_gtin":"","_ts_mpn":"","_delivery_time_countries":[],"_free_shipping":"no","_service":"no","_photovoltaic_system":"no","_used_good":"no","_defective_copy":"no","_wireless_electronic_device":"no","_device_contains_power_supply":"no","_device_charging_supports_usb_pd":"no","_device_charging_watt_min":"0","_device_charging_watt_max":"0","_is_food":"no","_differential_taxation":"no","_gzd_version":"3.18.7","_hs_code":"","_customs_description":"","_manufacture_country":"0","_is_non_returnable":"no","_shipping_length":"","_shipping_width":"","_shipping_height":"","_sku":"ISBN 978-3-940953-07-0","_global_unique_id":"978-3-940953-07-0","_regular_price":null,"total_sales":"0","_tax_status":"taxable","_tax_class":"","_manage_stock":"no","_backorders":"no","_sold_individually":"no","_weight":"1","_virtual":"no","_downloadable":"no","_download_limit":"-1","_download_expiry":"-1","_stock":"","_stock_status":"outofstock","_wc_average_rating":"0","_wc_review_count":"0","_product_version":"10.1.4","_price":"","shopengine_product_views_count":"2823","_thumbnail_id":"5141","_product_attributes":{"erscheinungsdatum":{"name":"Fecha de publicaci\u00f3n","value":"10.03.2009","position":0,"is_visible":1,"is_variation":0,"is_taxonomy":0,"checkout_visible":0}},"_nutrient_ids":[],"_upsell_ids":null,"pswc_subtitle":null,"_default_delivery_time":null,"_wp_desired_post_slug":null,"_isbn":null,"pageType":null,"isExternalUrl":null,"pageId":null,"externalUrl":null,"hideCookieBanner":null,"isTargetBlank":null,"isProviderCurrentWebsite":null,"isEmbeddingOnlyExternalResources":null,"legalBasis":null,"dataProcessingInCountries":null,"dataProcessingInCountriesSpecialTreatments":null,"technicalDefinitions":null,"googleConsentModeConsentTypes":null,"executePriority":null,"executeCodeOptInWhenNoTagManagerConsentIsGiven":null,"executeCodeOptOutWhenNoTagManagerConsentIsGiven":null,"deleteTechnicalDefinitionsAfterOptOut":null,"presetId":null,"presetVersion":null,"provider":null,"providerContactPhone":null,"providerContactEmail":null,"providerContactLink":null,"uniqueName":null,"providerPrivacyPolicyUrl":null,"providerLegalNoticeUrl":null,"codeOptIn":null,"codeOptOut":null,"codeOnPageLoad":null,"language_code":null,"shopengine_template__post_meta__type":null,"shopengine_template__post_meta":null,"shopengine_template__post_meta__edit_with":null,"origin":null,"_enabled":null,"_filters":null,"_layout":null,"_elementor_import_session_id":null,"_wp_trash_meta_status":null,"_wp_trash_meta_time":null,"_edit_lock":"1743343474:2","_elementor_floating_elements_type":null,"_elementor_edit_mode":null,"_elementor_template_type":null,"tc-thumb-fld":{"_thumb_id":5141,"_thumb_type":"thumb"},"_wp_page_template":"default","_elementor_version":null,"_elementor_pro_version":null,"_elementor_page_settings":null,"_elementor_data":null,"_elementor_conditions":null,"_elementor_popup_display_settings":null,"_edit_last":"2","_elementor_template_sub_type":null,"_elementor_controls_usage":null,"_elementor_screenshot":null,"_elementor_css":null,"_elementor_page_assets":[],"_elementor_element_cache":null,"_elementor_screenshot_failed":null,"_elementor_source":null,"_wp_old_date":null,"layout_key":"","post_slider_check_key":"0","_links":{"self":[{"href":"https:\/\/snoeck.de\/es\/wp-json\/wp\/v2\/product\/3726","targetHints":{"allow":["GET"]}}],"collection":[{"href":"https:\/\/snoeck.de\/es\/wp-json\/wp\/v2\/product"}],"about":[{"href":"https:\/\/snoeck.de\/es\/wp-json\/wp\/v2\/types\/product"}],"wp:featuredmedia":[{"embeddable":true,"href":"https:\/\/snoeck.de\/es\/wp-json\/wp\/v2\/media\/5141"}],"wp:attachment":[{"href":"https:\/\/snoeck.de\/es\/wp-json\/wp\/v2\/media?parent=3726"}],"wp:term":[{"taxonomy":"product_brand","embeddable":true,"href":"https:\/\/snoeck.de\/es\/wp-json\/wp\/v2\/product_brand?post=3726"},{"taxonomy":"product_cat","embeddable":true,"href":"https:\/\/snoeck.de\/es\/wp-json\/wp\/v2\/product_cat?post=3726"},{"taxonomy":"product_tag","embeddable":true,"href":"https:\/\/snoeck.de\/es\/wp-json\/wp\/v2\/product_tag?post=3726"}],"curies":[{"name":"wp","href":"https:\/\/api.w.org\/{rel}","templated":true}]}}