{"id":3727,"date":"2025-01-31T11:31:59","date_gmt":"2025-01-31T11:31:59","guid":{"rendered":"https:\/\/snoeck.process-vision.de\/shop\/ugo-rondinone-life-time\/"},"modified":"2026-04-08T15:26:34","modified_gmt":"2026-04-08T14:26:34","slug":"ugo-rondinone-life-time","status":"publish","type":"product","link":"https:\/\/snoeck.de\/es\/shop\/ugo-rondinone-life-time\/","title":{"rendered":"Ugo Rondinone: Toda una vida"},"content":{"rendered":"<h3>D\u00eda y noche, realidad y ficci\u00f3n, naturaleza y cultura<\/h3>\n<p>Ugo Rondinone (*1964) confiere a las cosas o fen\u00f3menos cotidianos una dimensi\u00f3n po\u00e9tica. Un \u00e1rbol, un reloj, el sol o un arco iris: mediante la repetici\u00f3n, el aislamiento o la reducci\u00f3n, los sit\u00faa en un nuevo contexto con su t\u00edpico estilo minimalista y crea atm\u00f3sferas. El Schirn dedica una gran exposici\u00f3n a Rondinone, en la que se presentar\u00e1n pinturas, esculturas y obras de v\u00eddeo clave del c\u00e9lebre artista suizo. Tambi\u00e9n ha dise\u00f1ado una nueva instalaci\u00f3n especialmente para la Schirn, que se extiende a lo largo de toda la galer\u00eda hasta la rotonda. La exposici\u00f3n y el libro \"Life Time\" combinan temas clave que han caracterizado la obra del artista conceptual y de instalaciones durante 30 a\u00f1os: Tiempo y fugacidad, d\u00eda y noche, realidad y ficci\u00f3n, naturaleza y cultura. En sus obras, Rondinone recurre repetidamente a la iconograf\u00eda del Romanticismo, citando la literatura y la cultura pop. El punto de partida de su obra multimedia es la inversi\u00f3n del mundo exterior en un mundo interior subjetivo y emocional. Crea espacios experienciales en los que el p\u00fablico forma parte de las instalaciones y de su estructura inmersiva.<\/p>\n<p>Exposici\u00f3n:<br \/>\nSchirn Kunsthalle Fr\u00e1ncfort, 24\/6 - 18\/9\/2022<\/p>","protected":false},"excerpt":{"rendered":"<p>Cat\u00e1logo de la exposici\u00f3n, Schirn Kunsthalle Frankfurt, editado por Matthias Ulrich<br \/>\nTextos (alem\u00e1n\/ingl\u00e9s) de Philipp Demandt, Dominic Eichler, Matthias Ulrich<br \/>\n184 p. con 190 ilustraciones en color<br \/>\nFormato 31 x 24 cm, tapa blanda con funda protectora<\/p>","protected":false},"featured_media":5142,"template":"","meta":[],"product_brand":[],"product_cat":[95],"product_tag":[],"class_list":{"0":"post-3727","1":"product","2":"type-product","3":"status-publish","4":"has-post-thumbnail","6":"product_cat-vergriffen","8":"first","9":"outofstock","10":"taxable","11":"shipping-taxable","12":"product-type-simple"},"aioseo_notices":[],"_wp_attached_file":null,"_wp_attachment_metadata":null,"_wc_attachment_source":null,"_elementor_inline_svg":null,"_elementor_is_screenshot":null,"_elementor_source_image_hash":null,"_source_url":null,"_wp_attachment_context":null,"_menu_item_type":null,"_menu_item_menu_item_parent":null,"_menu_item_object_id":null,"_menu_item_object":null,"_menu_item_target":null,"_menu_item_classes":null,"_menu_item_xfn":null,"_menu_item_url":null,"__elementor_forms_snapshot":null,"_unit":"","_unit_base":"","_unit_product":"","_unit_price_auto":"no","_unit_price_regular":"","_unit_price":"","_unit_price_sale":"","_sale_price_label":"","_sale_price_regular_label":"","_manufacturer_slug":"","_mini_desc":"","_defect_description":"","_safety_instructions":"","_allergen_ids":[],"_warranty_attachment_id":"","_safety_attachment_ids":[],"_min_age":"","_ts_gtin":"","_ts_mpn":"","_delivery_time_countries":[],"_free_shipping":"no","_service":"no","_photovoltaic_system":"no","_used_good":"no","_defective_copy":"no","_wireless_electronic_device":"no","_device_contains_power_supply":"no","_device_charging_supports_usb_pd":"no","_device_charging_watt_min":"0","_device_charging_watt_max":"0","_is_food":"no","_differential_taxation":"no","_gzd_version":"3.18.7","_hs_code":"","_customs_description":"","_manufacture_country":"0","_is_non_returnable":"no","_shipping_length":"","_shipping_width":"","_shipping_height":"","_sku":"ISBN 978-3-86442-342-0","_global_unique_id":"978-3-86442-342-0","_regular_price":null,"total_sales":"0","_tax_status":"taxable","_tax_class":"","_manage_stock":"no","_backorders":"no","_sold_individually":"no","_weight":"2","_virtual":"no","_downloadable":"no","_download_limit":"-1","_download_expiry":"-1","_stock":"","_stock_status":"outofstock","_wc_average_rating":"0","_wc_review_count":"0","_product_version":"10.1.4","_price":"","shopengine_product_views_count":"2888","_thumbnail_id":"5142","_product_attributes":{"erscheinungsdatum":{"name":"Fecha de publicaci\u00f3n","value":"15.06.2022","position":0,"is_visible":1,"is_variation":0,"is_taxonomy":0,"checkout_visible":0}},"_nutrient_ids":[],"_upsell_ids":null,"pswc_subtitle":null,"_default_delivery_time":null,"_wp_desired_post_slug":null,"_isbn":null,"pageType":null,"isExternalUrl":null,"pageId":null,"externalUrl":null,"hideCookieBanner":null,"isTargetBlank":null,"isProviderCurrentWebsite":null,"isEmbeddingOnlyExternalResources":null,"legalBasis":null,"dataProcessingInCountries":null,"dataProcessingInCountriesSpecialTreatments":null,"technicalDefinitions":null,"googleConsentModeConsentTypes":null,"executePriority":null,"executeCodeOptInWhenNoTagManagerConsentIsGiven":null,"executeCodeOptOutWhenNoTagManagerConsentIsGiven":null,"deleteTechnicalDefinitionsAfterOptOut":null,"presetId":null,"presetVersion":null,"provider":null,"providerContactPhone":null,"providerContactEmail":null,"providerContactLink":null,"uniqueName":null,"providerPrivacyPolicyUrl":null,"providerLegalNoticeUrl":null,"codeOptIn":null,"codeOptOut":null,"codeOnPageLoad":null,"language_code":null,"shopengine_template__post_meta__type":null,"shopengine_template__post_meta":null,"shopengine_template__post_meta__edit_with":null,"origin":null,"_enabled":null,"_filters":null,"_layout":null,"_elementor_import_session_id":null,"_wp_trash_meta_status":null,"_wp_trash_meta_time":null,"_edit_lock":"1743343381:2","_elementor_floating_elements_type":null,"_elementor_edit_mode":null,"_elementor_template_type":null,"tc-thumb-fld":{"_thumb_id":5142,"_thumb_type":"thumb"},"_wp_page_template":"default","_elementor_version":null,"_elementor_pro_version":null,"_elementor_page_settings":null,"_elementor_data":null,"_elementor_conditions":null,"_elementor_popup_display_settings":null,"_edit_last":"2","_elementor_template_sub_type":null,"_elementor_controls_usage":null,"_elementor_screenshot":null,"_elementor_css":null,"_elementor_page_assets":[],"_elementor_element_cache":null,"_elementor_screenshot_failed":null,"_elementor_source":null,"_wp_old_date":null,"layout_key":"","post_slider_check_key":"0","_links":{"self":[{"href":"https:\/\/snoeck.de\/es\/wp-json\/wp\/v2\/product\/3727","targetHints":{"allow":["GET"]}}],"collection":[{"href":"https:\/\/snoeck.de\/es\/wp-json\/wp\/v2\/product"}],"about":[{"href":"https:\/\/snoeck.de\/es\/wp-json\/wp\/v2\/types\/product"}],"wp:featuredmedia":[{"embeddable":true,"href":"https:\/\/snoeck.de\/es\/wp-json\/wp\/v2\/media\/5142"}],"wp:attachment":[{"href":"https:\/\/snoeck.de\/es\/wp-json\/wp\/v2\/media?parent=3727"}],"wp:term":[{"taxonomy":"product_brand","embeddable":true,"href":"https:\/\/snoeck.de\/es\/wp-json\/wp\/v2\/product_brand?post=3727"},{"taxonomy":"product_cat","embeddable":true,"href":"https:\/\/snoeck.de\/es\/wp-json\/wp\/v2\/product_cat?post=3727"},{"taxonomy":"product_tag","embeddable":true,"href":"https:\/\/snoeck.de\/es\/wp-json\/wp\/v2\/product_tag?post=3727"}],"curies":[{"name":"wp","href":"https:\/\/api.w.org\/{rel}","templated":true}]}}