{"id":3729,"date":"2025-01-31T11:32:00","date_gmt":"2025-01-31T11:32:00","guid":{"rendered":"https:\/\/snoeck.process-vision.de\/shop\/ulrich-rueckriem-skulpturale-grafik-grafische-skulptur\/"},"modified":"2025-03-30T14:00:33","modified_gmt":"2025-03-30T14:00:33","slug":"ulrich-rueckriem-skulpturale-grafik-grafische-skulptur","status":"publish","type":"product","link":"https:\/\/snoeck.de\/es\/shop\/ulrich-rueckriem-skulpturale-grafik-grafische-skulptur\/","title":{"rendered":"Ulrich R\u00fcckriem: Gr\u00e1fica escult\u00f3rica - Escultura gr\u00e1fica"},"content":{"rendered":"<h3>\u00a1Al otro lado de la frontera entre la gr\u00e1fica y la escultura!<\/h3>\n<p>En 2008, Ulrich R\u00fcckriem don\u00f3 un gran mural a la Universidad del Ruhr de Bochum, tras haber cedido previamente su extenso archivo de obras a las colecciones de arte de dicha universidad. El an\u00e1lisis cient\u00edfico de esta donaci\u00f3n ya ha concluido. La publicaci\u00f3n que ahora aparece pretende dar a conocer al desconocido Ulrich R\u00fcckriem, es decir, al dibujante. Nacido en D\u00fcsseldorf en 1938 y residente actualmente en Colonia y Londres, el escultor y profesor jubilado de academia, que ense\u00f1\u00f3 en Hamburgo, D\u00fcsseldorf y Fr\u00e1ncfort del Meno, est\u00e1 considerado como un destacado representante de un enfoque minimalista y conceptual de la escultura. Por ello, la publicaci\u00f3n se centra en sus obras sobre papel \"Gebundener\" y \"Freier Figurationen\", as\u00ed como en sus \"Kosmen\", que describen una cargada tensi\u00f3n entre la escultura monol\u00edtica y el dibujo ingr\u00e1vido. Tambi\u00e9n se esclarecer\u00e1n las causas inherentes a la obra del cambio de \u00e9nfasis de la escultura al dibujo, lo que presupone un an\u00e1lisis de la relaci\u00f3n entre la escultura y el dibujo funcional y aut\u00f3nomo. En este contexto, tambi\u00e9n se aborda la cuesti\u00f3n fundamental de la materialidad en la obra de R\u00fcckriem. Pues son sobre todo los bocetos, dibujos y maquetas en los que se hace visible la g\u00e9nesis de esculturas individuales, as\u00ed como la creaci\u00f3n de conjuntos enteros de obras, lo que conserva el archivo de la Universidad del Ruhr de Bochum. El libro presenta el archivo del artista mediante numerosas ilustraciones de dibujos hasta ahora poco conocidos y raramente publicados, aportando as\u00ed una visi\u00f3n completamente nueva de la obra de Ulrich R\u00fcckriem. La autora de esta publicaci\u00f3n es Dorothee B\u00f6hm, directora acad\u00e9mica del \"Archivo Ulrich R\u00fcckriem\" en el Instituto de Historia del Arte de la Universidad del Ruhr de Bochum.<\/p>","protected":false},"excerpt":{"rendered":"<p>Editado por Valeska von Rosen<br \/>\nInstituto de Historia del Arte de la Universidad del Ruhr de Bochum<br \/>\nTexto (alem\u00e1n) de Dorothee B\u00f6hm<br \/>\n72 p. con 53 ilustraciones en color<br \/>\nFormato 23 x 16 cm, tapa blanda con sobrecubierta<\/p>","protected":false},"featured_media":5144,"template":"","meta":[],"product_brand":[],"product_cat":[104,75],"product_tag":[],"class_list":{"0":"post-3729","1":"product","2":"type-product","3":"status-publish","4":"has-post-thumbnail","6":"product_cat-104","7":"product_cat-r","9":"first","10":"instock","11":"taxable","12":"shipping-taxable","13":"purchasable","14":"product-type-simple"},"aioseo_notices":[],"_wp_attached_file":null,"_wp_attachment_metadata":null,"_wc_attachment_source":null,"_elementor_inline_svg":null,"_elementor_is_screenshot":null,"_elementor_source_image_hash":null,"_source_url":null,"_wp_attachment_context":null,"_menu_item_type":null,"_menu_item_menu_item_parent":null,"_menu_item_object_id":null,"_menu_item_object":null,"_menu_item_target":null,"_menu_item_classes":null,"_menu_item_xfn":null,"_menu_item_url":null,"__elementor_forms_snapshot":null,"_unit":"","_unit_base":"","_unit_product":"","_unit_price_auto":"no","_unit_price_regular":"","_unit_price":"","_unit_price_sale":"","_sale_price_label":"","_sale_price_regular_label":"","_manufacturer_slug":"","_mini_desc":"","_defect_description":"","_safety_instructions":"","_allergen_ids":[],"_warranty_attachment_id":"","_safety_attachment_ids":[],"_min_age":"","_ts_gtin":"","_ts_mpn":"","_delivery_time_countries":[],"_free_shipping":"no","_service":"no","_photovoltaic_system":"no","_used_good":"no","_defective_copy":"no","_wireless_electronic_device":"no","_device_contains_power_supply":"no","_device_charging_supports_usb_pd":"no","_device_charging_watt_min":"0","_device_charging_watt_max":"0","_is_food":"no","_differential_taxation":"no","_gzd_version":"3.18.7","_hs_code":"","_customs_description":"","_manufacture_country":"0","_is_non_returnable":"no","_shipping_length":"","_shipping_width":"","_shipping_height":"","_sku":"ISBN 978-3-86442-074-0","_global_unique_id":"978-3-86442-074-0","_regular_price":"14.8","total_sales":"0","_tax_status":"taxable","_tax_class":"","_manage_stock":"no","_backorders":"no","_sold_individually":"no","_weight":"1","_virtual":"no","_downloadable":"no","_download_limit":"-1","_download_expiry":"-1","_stock":"","_stock_status":"instock","_wc_average_rating":"0","_wc_review_count":"0","_product_version":"9.7.1","_price":"14.8","shopengine_product_views_count":"2329","_thumbnail_id":"5144","_product_attributes":{"erscheinungsdatum":{"name":"Fecha de publicaci\u00f3n","value":"07.07.2014","position":0,"is_visible":1,"is_variation":0,"is_taxonomy":0,"checkout_visible":0}},"_nutrient_ids":[],"_upsell_ids":null,"pswc_subtitle":null,"_default_delivery_time":null,"_wp_desired_post_slug":null,"_isbn":null,"pageType":null,"isExternalUrl":null,"pageId":null,"externalUrl":null,"hideCookieBanner":null,"isTargetBlank":null,"isProviderCurrentWebsite":null,"isEmbeddingOnlyExternalResources":null,"legalBasis":null,"dataProcessingInCountries":null,"dataProcessingInCountriesSpecialTreatments":null,"technicalDefinitions":null,"googleConsentModeConsentTypes":null,"executePriority":null,"executeCodeOptInWhenNoTagManagerConsentIsGiven":null,"executeCodeOptOutWhenNoTagManagerConsentIsGiven":null,"deleteTechnicalDefinitionsAfterOptOut":null,"presetId":null,"presetVersion":null,"provider":null,"providerContactPhone":null,"providerContactEmail":null,"providerContactLink":null,"uniqueName":null,"providerPrivacyPolicyUrl":null,"providerLegalNoticeUrl":null,"codeOptIn":null,"codeOptOut":null,"codeOnPageLoad":null,"language_code":null,"shopengine_template__post_meta__type":null,"shopengine_template__post_meta":null,"shopengine_template__post_meta__edit_with":null,"origin":null,"_enabled":null,"_filters":null,"_layout":null,"_elementor_import_session_id":null,"_wp_trash_meta_status":null,"_wp_trash_meta_time":null,"_edit_lock":"1743343094:2","_elementor_floating_elements_type":null,"_elementor_edit_mode":null,"_elementor_template_type":null,"tc-thumb-fld":{"_thumb_id":5144,"_thumb_type":"thumb"},"_wp_page_template":"default","_elementor_version":null,"_elementor_pro_version":null,"_elementor_page_settings":null,"_elementor_data":null,"_elementor_conditions":null,"_elementor_popup_display_settings":null,"_edit_last":"2","_elementor_template_sub_type":null,"_elementor_controls_usage":null,"_elementor_screenshot":null,"_elementor_css":null,"_elementor_page_assets":[],"_elementor_element_cache":null,"_elementor_screenshot_failed":null,"_elementor_source":null,"_wp_old_date":null,"layout_key":"","post_slider_check_key":"0","_links":{"self":[{"href":"https:\/\/snoeck.de\/es\/wp-json\/wp\/v2\/product\/3729","targetHints":{"allow":["GET"]}}],"collection":[{"href":"https:\/\/snoeck.de\/es\/wp-json\/wp\/v2\/product"}],"about":[{"href":"https:\/\/snoeck.de\/es\/wp-json\/wp\/v2\/types\/product"}],"wp:featuredmedia":[{"embeddable":true,"href":"https:\/\/snoeck.de\/es\/wp-json\/wp\/v2\/media\/5144"}],"wp:attachment":[{"href":"https:\/\/snoeck.de\/es\/wp-json\/wp\/v2\/media?parent=3729"}],"wp:term":[{"taxonomy":"product_brand","embeddable":true,"href":"https:\/\/snoeck.de\/es\/wp-json\/wp\/v2\/product_brand?post=3729"},{"taxonomy":"product_cat","embeddable":true,"href":"https:\/\/snoeck.de\/es\/wp-json\/wp\/v2\/product_cat?post=3729"},{"taxonomy":"product_tag","embeddable":true,"href":"https:\/\/snoeck.de\/es\/wp-json\/wp\/v2\/product_tag?post=3729"}],"curies":[{"name":"wp","href":"https:\/\/api.w.org\/{rel}","templated":true}]}}