{"id":3730,"date":"2025-01-31T11:32:01","date_gmt":"2025-01-31T11:32:01","guid":{"rendered":"https:\/\/snoeck.process-vision.de\/shop\/maja-ruznic-mutter\/"},"modified":"2025-03-30T13:59:05","modified_gmt":"2025-03-30T13:59:05","slug":"maja-ruznic-mutter","status":"publish","type":"product","link":"https:\/\/snoeck.de\/es\/shop\/maja-ruznic-mutter\/","title":{"rendered":"Maja Ruznic: Madre"},"content":{"rendered":"<h3>La anatom\u00eda de las im\u00e1genes por Maja Ruznic<\/h3>\n<p>La pintura de Maja Ruznic hace que uno se d\u00e9 cuenta de que est\u00e1 mirando hacia dentro desde el exterior y, sin embargo, se ve atra\u00eddo hacia dentro, obligado a acatar las misteriosas leyes que imperan en su interior. Porque aunque la superficie del cuadro no conozca el tiempo, al menos el tiempo lineal, sin principio ni fin, puede tener un ritmo. Es lo que Ruznic llama el \"latido visual\". Es el pulso del cuadro, su vibraci\u00f3n, su movimiento, la vida que lleva ante nuestros ojos, su propio murmullo. El hecho de que esto ocurra, de que nos sintamos conmovidos por lo que observamos y desarrollemos una intimidad con ello, es algo que la psicoanalista Bracha Ettinger denomina \"wit(h)nessing\", una mezcla de presenciar (wit-ness) y estar juntos (with-ness). Destaca lo importante que es estar afectivamente presente y permitir que el observador y el observado se entrelacen en una experiencia compartida que, en \u00faltima instancia, cambia a ambos. Ruznic crea este reino ilimitado en el que todos los colores y todas las figuras se desbordan y el \u00fanico l\u00edmite se traza desde el borde del lienzo. En este espacio, las criaturas se funden con su entorno como si lo hicieran por s\u00ed mismas, apareciendo y desvaneci\u00e9ndose, fundi\u00e9ndose perfectamente unas con otras, expandi\u00e9ndose hasta el punto de carecer de forma. Las finas capas de color de Ruznic permiten que estas criaturas surjan y se desvanezcan como si tuvieran su origen en el propio cuadro, haci\u00e9ndonos parecer a los espectadores como si vinieran hacia nosotros desde muy lejos o desde tiempos pasados.<\/p>\n<p>Exposici\u00f3n:<br \/>\nCFA Bellas Artes Contempor\u00e1neas de Berl\u00edn, 13\/9 - 26\/10\/2024<\/p>","protected":false},"excerpt":{"rendered":"<p>Cat\u00e1logo de la exposici\u00f3n, Contemporary Fine Arts CFA Berl\u00edn, editado por Bruno Brunnet y Nicole Hackert<br \/>\nTexto (alem\u00e1n\/ingl\u00e9s) de Dana \u017daja<br \/>\n24 p. con 15 ilustraciones en color<br \/>\nFormato 28 x 20 cm, folleto grapado<\/p>","protected":false},"featured_media":5145,"template":"","meta":[],"product_brand":[],"product_cat":[88,75],"product_tag":[],"class_list":{"0":"post-3730","1":"product","2":"type-product","3":"status-publish","4":"has-post-thumbnail","6":"product_cat-88","7":"product_cat-r","9":"first","10":"instock","11":"taxable","12":"shipping-taxable","13":"purchasable","14":"product-type-simple"},"aioseo_notices":[],"_wp_attached_file":null,"_wp_attachment_metadata":null,"_wc_attachment_source":null,"_elementor_inline_svg":null,"_elementor_is_screenshot":null,"_elementor_source_image_hash":null,"_source_url":null,"_wp_attachment_context":null,"_menu_item_type":null,"_menu_item_menu_item_parent":null,"_menu_item_object_id":null,"_menu_item_object":null,"_menu_item_target":null,"_menu_item_classes":null,"_menu_item_xfn":null,"_menu_item_url":null,"__elementor_forms_snapshot":null,"_unit":"","_unit_base":"","_unit_product":"","_unit_price_auto":"no","_unit_price_regular":"","_unit_price":"","_unit_price_sale":"","_sale_price_label":"","_sale_price_regular_label":"","_manufacturer_slug":"","_mini_desc":"","_defect_description":"","_safety_instructions":"","_allergen_ids":[],"_warranty_attachment_id":"","_safety_attachment_ids":[],"_min_age":"","_ts_gtin":"","_ts_mpn":"","_delivery_time_countries":[],"_free_shipping":"no","_service":"no","_photovoltaic_system":"no","_used_good":"no","_defective_copy":"no","_wireless_electronic_device":"no","_device_contains_power_supply":"no","_device_charging_supports_usb_pd":"no","_device_charging_watt_min":"0","_device_charging_watt_max":"0","_is_food":"no","_differential_taxation":"no","_gzd_version":"3.18.7","_hs_code":"","_customs_description":"","_manufacture_country":"0","_is_non_returnable":"no","_shipping_length":"","_shipping_width":"","_shipping_height":"","_sku":"ISBN 978-3-86422-449-6","_global_unique_id":"978-3-86422-449-6","_regular_price":"19.8","total_sales":"1","_tax_status":"taxable","_tax_class":"","_manage_stock":"no","_backorders":"no","_sold_individually":"no","_weight":"1","_virtual":"no","_downloadable":"no","_download_limit":"-1","_download_expiry":"-1","_stock":"","_stock_status":"instock","_wc_average_rating":"0","_wc_review_count":"0","_product_version":"9.7.1","_price":"19.8","shopengine_product_views_count":"3015","_thumbnail_id":"5145","_product_attributes":{"erscheinungsdatum":{"name":"Fecha de publicaci\u00f3n","value":"20.09.2024","position":0,"is_visible":1,"is_variation":0,"is_taxonomy":0,"checkout_visible":0}},"_nutrient_ids":[],"_upsell_ids":null,"pswc_subtitle":null,"_default_delivery_time":null,"_wp_desired_post_slug":null,"_isbn":null,"pageType":null,"isExternalUrl":null,"pageId":null,"externalUrl":null,"hideCookieBanner":null,"isTargetBlank":null,"isProviderCurrentWebsite":null,"isEmbeddingOnlyExternalResources":null,"legalBasis":null,"dataProcessingInCountries":null,"dataProcessingInCountriesSpecialTreatments":null,"technicalDefinitions":null,"googleConsentModeConsentTypes":null,"executePriority":null,"executeCodeOptInWhenNoTagManagerConsentIsGiven":null,"executeCodeOptOutWhenNoTagManagerConsentIsGiven":null,"deleteTechnicalDefinitionsAfterOptOut":null,"presetId":null,"presetVersion":null,"provider":null,"providerContactPhone":null,"providerContactEmail":null,"providerContactLink":null,"uniqueName":null,"providerPrivacyPolicyUrl":null,"providerLegalNoticeUrl":null,"codeOptIn":null,"codeOptOut":null,"codeOnPageLoad":null,"language_code":null,"shopengine_template__post_meta__type":null,"shopengine_template__post_meta":null,"shopengine_template__post_meta__edit_with":null,"origin":null,"_enabled":null,"_filters":null,"_layout":null,"_elementor_import_session_id":null,"_wp_trash_meta_status":null,"_wp_trash_meta_time":null,"_edit_lock":"1743343006:2","_elementor_floating_elements_type":null,"_elementor_edit_mode":null,"_elementor_template_type":null,"tc-thumb-fld":{"_thumb_id":5145,"_thumb_type":"thumb"},"_wp_page_template":"default","_elementor_version":null,"_elementor_pro_version":null,"_elementor_page_settings":null,"_elementor_data":null,"_elementor_conditions":null,"_elementor_popup_display_settings":null,"_edit_last":"2","_elementor_template_sub_type":null,"_elementor_controls_usage":null,"_elementor_screenshot":null,"_elementor_css":null,"_elementor_page_assets":[],"_elementor_element_cache":null,"_elementor_screenshot_failed":null,"_elementor_source":null,"_wp_old_date":null,"layout_key":"","post_slider_check_key":"0","_links":{"self":[{"href":"https:\/\/snoeck.de\/es\/wp-json\/wp\/v2\/product\/3730","targetHints":{"allow":["GET"]}}],"collection":[{"href":"https:\/\/snoeck.de\/es\/wp-json\/wp\/v2\/product"}],"about":[{"href":"https:\/\/snoeck.de\/es\/wp-json\/wp\/v2\/types\/product"}],"wp:featuredmedia":[{"embeddable":true,"href":"https:\/\/snoeck.de\/es\/wp-json\/wp\/v2\/media\/5145"}],"wp:attachment":[{"href":"https:\/\/snoeck.de\/es\/wp-json\/wp\/v2\/media?parent=3730"}],"wp:term":[{"taxonomy":"product_brand","embeddable":true,"href":"https:\/\/snoeck.de\/es\/wp-json\/wp\/v2\/product_brand?post=3730"},{"taxonomy":"product_cat","embeddable":true,"href":"https:\/\/snoeck.de\/es\/wp-json\/wp\/v2\/product_cat?post=3730"},{"taxonomy":"product_tag","embeddable":true,"href":"https:\/\/snoeck.de\/es\/wp-json\/wp\/v2\/product_tag?post=3730"}],"curies":[{"name":"wp","href":"https:\/\/api.w.org\/{rel}","templated":true}]}}