{"id":3731,"date":"2025-01-31T11:32:03","date_gmt":"2025-01-31T11:32:03","guid":{"rendered":"https:\/\/snoeck.process-vision.de\/shop\/takako-saito-dreams-to-do\/"},"modified":"2025-03-30T13:57:32","modified_gmt":"2025-03-30T13:57:32","slug":"takako-saito-dreams-to-do","status":"publish","type":"product","link":"https:\/\/snoeck.de\/es\/shop\/takako-saito-dreams-to-do\/","title":{"rendered":"Takako Saito: SUE\u00d1OS POR REALIZAR"},"content":{"rendered":"<h3>\u00a1Cada momento y cada lugar son \u00fanicos mientras vivas!<\/h3>\n<p>Takako Saito (nacida en 1929 en Sabae-Shi, prefectura de Fukui, Jap\u00f3n, vive y trabaja principalmente en D\u00fcsseldorf desde 1978) ha adquirido reconocimiento internacional por sus objetos, libros de artista, performances y acciones en el contexto Fluxus. Siempre se ha interesado por el mundo de las cosas y la vida cotidiana, a los que a\u00f1ade su propio gesto art\u00edstico mediante intervenciones o peque\u00f1as acciones. Materiales naturales como piedras, conchas, pieles de cebolla o casta\u00f1as son sus preferidos junto al papel, el pl\u00e1stico, la espuma o los trozos de madera. Son inconfundibles las cuidadas cajas de objetos creadas desde los a\u00f1os 60 y los numerosos juegos de ajedrez \"gratuitos\", que inicialmente se vend\u00edan en la Fluxshop de George Maciunas. El enfoque l\u00fadico caracteriza muchas de las obras de Takako Saito; la artista est\u00e1 siempre a la b\u00fasqueda de nuevas variantes de juego que vayan m\u00e1s all\u00e1 de las reglas fijas. Los espectadores se implican como jugadores y cocreadores, ya que la artista favorece una estrategia participativa, especialmente en sus \"Me and You-Shops\", tiendas al estilo de los puestos de mercado, donde la artista interact\u00faa con el p\u00fablico como vendedora. La exposici\u00f3n y el libro \"Takako Saito: SUE\u00d1OS POR HACER\" tienen car\u00e1cter retrospectivo y presentan obras de todas las fases importantes de su obra.<\/p>\n<p>Exposici\u00f3n:<br \/>\nMuseo de Arte Contempor\u00e1neo de Siegen, 12\/11\/2017 - 18\/2\/2018<br \/>\nCAPC Museo de arte contempor\u00e1neo de Burdeos, 08\/03 - 22\/09\/2018<\/p>","protected":false},"excerpt":{"rendered":"<p>Cat\u00e1logo de la exposici\u00f3n, Museum f\u00fcr Gegenwartskunst Siegen, CAPC Mus\u00e9e d'art contemporain de Bordeaux, editado por Alice Motard, Eva Schmidt, Johannes Stahl<br \/>\nTextos (alem\u00e1n\/franc\u00e9s\/ingl\u00e9s) de Dieter Daniels, Helfried Hagenberg, Larry List, Eva Schmidt, Marc Schulz, Johannes Stahl y el artista<br \/>\n320 p. con 185 ilustraciones en color<br \/>\nFormato 24 x 18 cm, folleto<\/p>","protected":false},"featured_media":5146,"template":"","meta":[],"product_brand":[],"product_cat":[111,76,77],"product_tag":[],"class_list":{"0":"post-3731","1":"product","2":"type-product","3":"status-publish","4":"has-post-thumbnail","6":"product_cat-111","7":"product_cat-s","8":"product_cat-t","10":"first","11":"instock","12":"taxable","13":"shipping-taxable","14":"purchasable","15":"product-type-simple"},"aioseo_notices":[],"_wp_attached_file":null,"_wp_attachment_metadata":null,"_wc_attachment_source":null,"_elementor_inline_svg":null,"_elementor_is_screenshot":null,"_elementor_source_image_hash":null,"_source_url":null,"_wp_attachment_context":null,"_menu_item_type":null,"_menu_item_menu_item_parent":null,"_menu_item_object_id":null,"_menu_item_object":null,"_menu_item_target":null,"_menu_item_classes":null,"_menu_item_xfn":null,"_menu_item_url":null,"__elementor_forms_snapshot":null,"_unit":"","_unit_base":"","_unit_product":"","_unit_price_auto":"no","_unit_price_regular":"","_unit_price":"","_unit_price_sale":"","_sale_price_label":"","_sale_price_regular_label":"","_manufacturer_slug":"","_mini_desc":"","_defect_description":"","_safety_instructions":"","_allergen_ids":[],"_warranty_attachment_id":"","_safety_attachment_ids":[],"_min_age":"","_ts_gtin":"","_ts_mpn":"","_delivery_time_countries":[],"_free_shipping":"no","_service":"no","_photovoltaic_system":"no","_used_good":"no","_defective_copy":"no","_wireless_electronic_device":"no","_device_contains_power_supply":"no","_device_charging_supports_usb_pd":"no","_device_charging_watt_min":"0","_device_charging_watt_max":"0","_is_food":"no","_differential_taxation":"no","_gzd_version":"3.18.7","_hs_code":"","_customs_description":"","_manufacture_country":"0","_is_non_returnable":"no","_shipping_length":"","_shipping_width":"","_shipping_height":"","_sku":"ISBN 978-3-86442-221-8","_global_unique_id":"978-3-86442-221-8","_regular_price":"48","total_sales":"1","_tax_status":"taxable","_tax_class":"","_manage_stock":"no","_backorders":"no","_sold_individually":"no","_weight":"1","_virtual":"no","_downloadable":"no","_download_limit":"-1","_download_expiry":"-1","_stock":"","_stock_status":"instock","_wc_average_rating":"0","_wc_review_count":"0","_product_version":"9.7.1","_price":"48","shopengine_product_views_count":"3431","_thumbnail_id":"5146","_product_attributes":{"erscheinungsdatum":{"name":"Erscheinungsdatum","value":"27.10.2018","position":0,"is_visible":1,"is_variation":0,"is_taxonomy":0,"checkout_visible":0}},"_nutrient_ids":[],"_upsell_ids":null,"pswc_subtitle":null,"_default_delivery_time":null,"_wp_desired_post_slug":null,"_isbn":null,"pageType":null,"isExternalUrl":null,"pageId":null,"externalUrl":null,"hideCookieBanner":null,"isTargetBlank":null,"isProviderCurrentWebsite":null,"isEmbeddingOnlyExternalResources":null,"legalBasis":null,"dataProcessingInCountries":null,"dataProcessingInCountriesSpecialTreatments":null,"technicalDefinitions":null,"googleConsentModeConsentTypes":null,"executePriority":null,"executeCodeOptInWhenNoTagManagerConsentIsGiven":null,"executeCodeOptOutWhenNoTagManagerConsentIsGiven":null,"deleteTechnicalDefinitionsAfterOptOut":null,"presetId":null,"presetVersion":null,"provider":null,"providerContactPhone":null,"providerContactEmail":null,"providerContactLink":null,"uniqueName":null,"providerPrivacyPolicyUrl":null,"providerLegalNoticeUrl":null,"codeOptIn":null,"codeOptOut":null,"codeOnPageLoad":null,"language_code":null,"shopengine_template__post_meta__type":null,"shopengine_template__post_meta":null,"shopengine_template__post_meta__edit_with":null,"origin":null,"_enabled":null,"_filters":null,"_layout":null,"_elementor_import_session_id":null,"_wp_trash_meta_status":null,"_wp_trash_meta_time":null,"_edit_lock":"1743342913:2","_elementor_floating_elements_type":null,"_elementor_edit_mode":null,"_elementor_template_type":null,"tc-thumb-fld":{"_thumb_id":5146,"_thumb_type":"thumb"},"_wp_page_template":"default","_elementor_version":null,"_elementor_pro_version":null,"_elementor_page_settings":null,"_elementor_data":null,"_elementor_conditions":null,"_elementor_popup_display_settings":null,"_edit_last":"2","_elementor_template_sub_type":null,"_elementor_controls_usage":null,"_elementor_screenshot":null,"_elementor_css":null,"_elementor_page_assets":[],"_elementor_element_cache":null,"_elementor_screenshot_failed":null,"_elementor_source":null,"_wp_old_date":null,"layout_key":"","post_slider_check_key":"0","_links":{"self":[{"href":"https:\/\/snoeck.de\/es\/wp-json\/wp\/v2\/product\/3731","targetHints":{"allow":["GET"]}}],"collection":[{"href":"https:\/\/snoeck.de\/es\/wp-json\/wp\/v2\/product"}],"about":[{"href":"https:\/\/snoeck.de\/es\/wp-json\/wp\/v2\/types\/product"}],"wp:featuredmedia":[{"embeddable":true,"href":"https:\/\/snoeck.de\/es\/wp-json\/wp\/v2\/media\/5146"}],"wp:attachment":[{"href":"https:\/\/snoeck.de\/es\/wp-json\/wp\/v2\/media?parent=3731"}],"wp:term":[{"taxonomy":"product_brand","embeddable":true,"href":"https:\/\/snoeck.de\/es\/wp-json\/wp\/v2\/product_brand?post=3731"},{"taxonomy":"product_cat","embeddable":true,"href":"https:\/\/snoeck.de\/es\/wp-json\/wp\/v2\/product_cat?post=3731"},{"taxonomy":"product_tag","embeddable":true,"href":"https:\/\/snoeck.de\/es\/wp-json\/wp\/v2\/product_tag?post=3731"}],"curies":[{"name":"wp","href":"https:\/\/api.w.org\/{rel}","templated":true}]}}