{"id":3734,"date":"2025-01-31T11:32:05","date_gmt":"2025-01-31T11:32:05","guid":{"rendered":"https:\/\/snoeck.process-vision.de\/shop\/bojan-sarcevic-to-what-extent-should-an-artist-understand-the-implications-of-his-or-her-findings\/"},"modified":"2025-03-30T13:17:05","modified_gmt":"2025-03-30T13:17:05","slug":"bojan-sarcevic-to-what-extent-should-an-artist-understand-the-implications-of-his-or-her-findings","status":"publish","type":"product","link":"https:\/\/snoeck.de\/es\/shop\/bojan-sarcevic-to-what-extent-should-an-artist-understand-the-implications-of-his-or-her-findings\/","title":{"rendered":"Bojan Sarcevic: \u00bfHasta qu\u00e9 punto debe un artista comprender las implicaciones de sus hallazgos?"},"content":{"rendered":"<h3>\u00bfQu\u00e9 entiende el artista?<\/h3>\n<p>Bojan Sarcevic invit\u00f3 a comisarios de varios pa\u00edses a un seminario para el que les propuso un tema: \"\u00bfHasta qu\u00e9 punto debe un artista comprender realmente el significado de sus resultados?\". La pregunta planteada por Bojan Sarcevic, que ahora vive en Berl\u00edn, naci\u00f3 en Bosnia y creci\u00f3 en Par\u00eds, dio lugar a un debate extremadamente animado y, en ocasiones, emocionante y divertido, que se documenta en este peque\u00f1o volumen junto a un breve texto b\u00e1sico sobre el tema de Sebastian Egenhofer. Como siempre, Bojan Sarcevic se pronuncia sobre el tema a su manera, mostrando con ocho peque\u00f1as fotograf\u00edas en color, nada espectaculares, de obras escult\u00f3ricas de filigrana, que desde hace tiempo le preocupa la pintura.<\/p>","protected":false},"excerpt":{"rendered":"<p>Editado por Project Arts Centre, Dubl\u00edn, The Model Arts y Niland Gallery, Sligo<br \/>\nTexto (eng.) de Sebastian Egenhofer y entrevista de Annie Fletcher, Will Bradley, Jan Verwoert, The Otolith Group<br \/>\n80 p. con 10 ilustraciones en color<br \/>\nFormato 21 x 15 cm, tapa blanda<\/p>","protected":false},"featured_media":5149,"template":"","meta":[],"product_brand":[],"product_cat":[109,76],"product_tag":[],"class_list":{"0":"post-3734","1":"product","2":"type-product","3":"status-publish","4":"has-post-thumbnail","6":"product_cat-109","7":"product_cat-s","9":"first","10":"instock","11":"taxable","12":"shipping-taxable","13":"purchasable","14":"product-type-simple"},"aioseo_notices":[],"_wp_attached_file":null,"_wp_attachment_metadata":null,"_wc_attachment_source":null,"_elementor_inline_svg":null,"_elementor_is_screenshot":null,"_elementor_source_image_hash":null,"_source_url":null,"_wp_attachment_context":null,"_menu_item_type":null,"_menu_item_menu_item_parent":null,"_menu_item_object_id":null,"_menu_item_object":null,"_menu_item_target":null,"_menu_item_classes":null,"_menu_item_xfn":null,"_menu_item_url":null,"__elementor_forms_snapshot":null,"_unit":"","_unit_base":"","_unit_product":"","_unit_price_auto":"no","_unit_price_regular":"","_unit_price":"","_unit_price_sale":"","_sale_price_label":"","_sale_price_regular_label":"","_manufacturer_slug":"","_mini_desc":"","_defect_description":"","_safety_instructions":"","_allergen_ids":[],"_warranty_attachment_id":"","_safety_attachment_ids":[],"_min_age":"","_ts_gtin":"","_ts_mpn":"","_delivery_time_countries":[],"_free_shipping":"no","_service":"no","_photovoltaic_system":"no","_used_good":"no","_defective_copy":"no","_wireless_electronic_device":"no","_device_contains_power_supply":"no","_device_charging_supports_usb_pd":"no","_device_charging_watt_min":"0","_device_charging_watt_max":"0","_is_food":"no","_differential_taxation":"no","_gzd_version":"3.18.7","_hs_code":"","_customs_description":"","_manufacture_country":"0","_is_non_returnable":"no","_shipping_length":"","_shipping_width":"","_shipping_height":"","_sku":"ISBN 978-3-936859-55-3","_global_unique_id":"978-3-936859-55-3","_regular_price":"12.8","total_sales":"0","_tax_status":"taxable","_tax_class":"","_manage_stock":"no","_backorders":"no","_sold_individually":"no","_weight":"1","_virtual":"no","_downloadable":"no","_download_limit":"-1","_download_expiry":"-1","_stock":"","_stock_status":"instock","_wc_average_rating":"0","_wc_review_count":"0","_product_version":"9.7.1","_price":"12.8","shopengine_product_views_count":"3265","_thumbnail_id":"5149","_product_attributes":{"erscheinungsdatum":{"name":"Fecha de publicaci\u00f3n","value":"11.05.2006","position":0,"is_visible":1,"is_variation":0,"is_taxonomy":0,"checkout_visible":0}},"_nutrient_ids":[],"_upsell_ids":null,"pswc_subtitle":null,"_default_delivery_time":null,"_wp_desired_post_slug":null,"_isbn":null,"pageType":null,"isExternalUrl":null,"pageId":null,"externalUrl":null,"hideCookieBanner":null,"isTargetBlank":null,"isProviderCurrentWebsite":null,"isEmbeddingOnlyExternalResources":null,"legalBasis":null,"dataProcessingInCountries":null,"dataProcessingInCountriesSpecialTreatments":null,"technicalDefinitions":null,"googleConsentModeConsentTypes":null,"executePriority":null,"executeCodeOptInWhenNoTagManagerConsentIsGiven":null,"executeCodeOptOutWhenNoTagManagerConsentIsGiven":null,"deleteTechnicalDefinitionsAfterOptOut":null,"presetId":null,"presetVersion":null,"provider":null,"providerContactPhone":null,"providerContactEmail":null,"providerContactLink":null,"uniqueName":null,"providerPrivacyPolicyUrl":null,"providerLegalNoticeUrl":null,"codeOptIn":null,"codeOptOut":null,"codeOnPageLoad":null,"language_code":null,"shopengine_template__post_meta__type":null,"shopengine_template__post_meta":null,"shopengine_template__post_meta__edit_with":null,"origin":null,"_enabled":null,"_filters":null,"_layout":null,"_elementor_import_session_id":null,"_wp_trash_meta_status":null,"_wp_trash_meta_time":null,"_edit_lock":"1743340485:2","_elementor_floating_elements_type":null,"_elementor_edit_mode":null,"_elementor_template_type":null,"tc-thumb-fld":{"_thumb_id":5149,"_thumb_type":"thumb"},"_wp_page_template":"default","_elementor_version":null,"_elementor_pro_version":null,"_elementor_page_settings":null,"_elementor_data":null,"_elementor_conditions":null,"_elementor_popup_display_settings":null,"_edit_last":"2","_elementor_template_sub_type":null,"_elementor_controls_usage":null,"_elementor_screenshot":null,"_elementor_css":null,"_elementor_page_assets":[],"_elementor_element_cache":null,"_elementor_screenshot_failed":null,"_elementor_source":null,"_wp_old_date":null,"layout_key":"","post_slider_check_key":"0","_links":{"self":[{"href":"https:\/\/snoeck.de\/es\/wp-json\/wp\/v2\/product\/3734","targetHints":{"allow":["GET"]}}],"collection":[{"href":"https:\/\/snoeck.de\/es\/wp-json\/wp\/v2\/product"}],"about":[{"href":"https:\/\/snoeck.de\/es\/wp-json\/wp\/v2\/types\/product"}],"wp:featuredmedia":[{"embeddable":true,"href":"https:\/\/snoeck.de\/es\/wp-json\/wp\/v2\/media\/5149"}],"wp:attachment":[{"href":"https:\/\/snoeck.de\/es\/wp-json\/wp\/v2\/media?parent=3734"}],"wp:term":[{"taxonomy":"product_brand","embeddable":true,"href":"https:\/\/snoeck.de\/es\/wp-json\/wp\/v2\/product_brand?post=3734"},{"taxonomy":"product_cat","embeddable":true,"href":"https:\/\/snoeck.de\/es\/wp-json\/wp\/v2\/product_cat?post=3734"},{"taxonomy":"product_tag","embeddable":true,"href":"https:\/\/snoeck.de\/es\/wp-json\/wp\/v2\/product_tag?post=3734"}],"curies":[{"name":"wp","href":"https:\/\/api.w.org\/{rel}","templated":true}]}}