{"id":3735,"date":"2025-01-31T11:32:05","date_gmt":"2025-01-31T11:32:05","guid":{"rendered":"https:\/\/snoeck.process-vision.de\/shop\/bojan-sarcevic-une-heureuse-regression\/"},"modified":"2025-03-30T13:18:35","modified_gmt":"2025-03-30T13:18:35","slug":"bojan-sarcevic-une-heureuse-regression","status":"publish","type":"product","link":"https:\/\/snoeck.de\/es\/shop\/bojan-sarcevic-une-heureuse-regression\/","title":{"rendered":"Bojan Sarcevic: Une Heureuse R\u00e9gression"},"content":{"rendered":"<h3>\u00bfC\u00f3mo se caza una liebre?<\/h3>\n<p>Vale, pero \u00bfc\u00f3mo se saca? Y, sobre todo, \u00bfc\u00f3mo se enciende un fuego sin mechero? Estas son preguntas para las que el libro de artista de Bojan Sarcevic, elaborado en formato de gu\u00eda, ofrece informaci\u00f3n exhaustiva. Se requiere un poco de paciencia para entender las instrucciones, escritas en un ingl\u00e9s onomatop\u00e9yico de Europa del Este. Sin embargo, los dibujos explicativos son a veces una ayuda r\u00e1pida. Nacido en Belgrado en 1974, Bojan Sarcevic vive ahora en Berl\u00edn despu\u00e9s de que la temprana emigraci\u00f3n de sus padres desde la Yugoslavia en colapso le llevara inicialmente a Par\u00eds, donde tambi\u00e9n estudi\u00f3. Su elecci\u00f3n de temas y materiales es m\u00e1s variada y diversa que la de casi cualquiera de sus j\u00f3venes colegas; no se le puede encasillar en el v\u00eddeo, la escultura, la instalaci\u00f3n o la obra sobre papel. Siempre brilla un cat\u00e1logo de preguntas, quiz\u00e1 tambi\u00e9n favorecidas por su emigraci\u00f3n, con las que el espectador se ve confrontado: \u00bfQui\u00e9n soy? \u00bfDe d\u00f3nde vengo? \u00bfhacia d\u00f3nde voy?<\/p>","protected":false},"excerpt":{"rendered":"<p>Gu\u00eda de supervivencia (eng.) con ep\u00edlogo de Daniel Kurjakovic<br \/>\n340 p. con 200 dibujos lineales en b\/n<br \/>\nFormato 22,5 x 13 cm, tapa blanda<\/p>","protected":false},"featured_media":5150,"template":"","meta":[],"product_brand":[],"product_cat":[115,76],"product_tag":[],"class_list":{"0":"post-3735","1":"product","2":"type-product","3":"status-publish","4":"has-post-thumbnail","6":"product_cat-115","7":"product_cat-s","9":"first","10":"instock","11":"taxable","12":"shipping-taxable","13":"purchasable","14":"product-type-simple"},"aioseo_notices":[],"_wp_attached_file":null,"_wp_attachment_metadata":null,"_wc_attachment_source":null,"_elementor_inline_svg":null,"_elementor_is_screenshot":null,"_elementor_source_image_hash":null,"_source_url":null,"_wp_attachment_context":null,"_menu_item_type":null,"_menu_item_menu_item_parent":null,"_menu_item_object_id":null,"_menu_item_object":null,"_menu_item_target":null,"_menu_item_classes":null,"_menu_item_xfn":null,"_menu_item_url":null,"__elementor_forms_snapshot":null,"_unit":"","_unit_base":"","_unit_product":"","_unit_price_auto":"no","_unit_price_regular":"","_unit_price":"","_unit_price_sale":"","_sale_price_label":"","_sale_price_regular_label":"","_manufacturer_slug":"","_mini_desc":"","_defect_description":"","_safety_instructions":"","_allergen_ids":[],"_warranty_attachment_id":"","_safety_attachment_ids":[],"_min_age":"","_ts_gtin":"","_ts_mpn":"","_delivery_time_countries":[],"_free_shipping":"no","_service":"no","_photovoltaic_system":"no","_used_good":"no","_defective_copy":"no","_wireless_electronic_device":"no","_device_contains_power_supply":"no","_device_charging_supports_usb_pd":"no","_device_charging_watt_min":"0","_device_charging_watt_max":"0","_is_food":"no","_differential_taxation":"no","_gzd_version":"3.18.7","_hs_code":"","_customs_description":"","_manufacture_country":"0","_is_non_returnable":"no","_shipping_length":"","_shipping_width":"","_shipping_height":"","_sku":"ISBN 978-3-936859-23-2","_global_unique_id":"978-3-936859-23-2","_regular_price":"19.8","total_sales":"0","_tax_status":"taxable","_tax_class":"","_manage_stock":"no","_backorders":"no","_sold_individually":"no","_weight":"1","_virtual":"no","_downloadable":"no","_download_limit":"-1","_download_expiry":"-1","_stock":"","_stock_status":"instock","_wc_average_rating":"0","_wc_review_count":"0","_product_version":"9.7.1","_price":"19.8","shopengine_product_views_count":"2569","_thumbnail_id":"5150","_product_attributes":{"erscheinungsdatum":{"name":"Fecha de publicaci\u00f3n","value":"31.08.2003","position":0,"is_visible":1,"is_variation":0,"is_taxonomy":0,"checkout_visible":0}},"_nutrient_ids":[],"_upsell_ids":null,"pswc_subtitle":null,"_default_delivery_time":null,"_wp_desired_post_slug":null,"_isbn":null,"pageType":null,"isExternalUrl":null,"pageId":null,"externalUrl":null,"hideCookieBanner":null,"isTargetBlank":null,"isProviderCurrentWebsite":null,"isEmbeddingOnlyExternalResources":null,"legalBasis":null,"dataProcessingInCountries":null,"dataProcessingInCountriesSpecialTreatments":null,"technicalDefinitions":null,"googleConsentModeConsentTypes":null,"executePriority":null,"executeCodeOptInWhenNoTagManagerConsentIsGiven":null,"executeCodeOptOutWhenNoTagManagerConsentIsGiven":null,"deleteTechnicalDefinitionsAfterOptOut":null,"presetId":null,"presetVersion":null,"provider":null,"providerContactPhone":null,"providerContactEmail":null,"providerContactLink":null,"uniqueName":null,"providerPrivacyPolicyUrl":null,"providerLegalNoticeUrl":null,"codeOptIn":null,"codeOptOut":null,"codeOnPageLoad":null,"language_code":null,"shopengine_template__post_meta__type":null,"shopengine_template__post_meta":null,"shopengine_template__post_meta__edit_with":null,"origin":null,"_enabled":null,"_filters":null,"_layout":null,"_elementor_import_session_id":null,"_wp_trash_meta_status":null,"_wp_trash_meta_time":null,"_edit_lock":"1743340580:2","_elementor_floating_elements_type":null,"_elementor_edit_mode":null,"_elementor_template_type":null,"tc-thumb-fld":{"_thumb_id":5150,"_thumb_type":"thumb"},"_wp_page_template":"default","_elementor_version":null,"_elementor_pro_version":null,"_elementor_page_settings":null,"_elementor_data":null,"_elementor_conditions":null,"_elementor_popup_display_settings":null,"_edit_last":"2","_elementor_template_sub_type":null,"_elementor_controls_usage":null,"_elementor_screenshot":null,"_elementor_css":null,"_elementor_page_assets":[],"_elementor_element_cache":null,"_elementor_screenshot_failed":null,"_elementor_source":null,"_wp_old_date":null,"layout_key":"","post_slider_check_key":"0","_links":{"self":[{"href":"https:\/\/snoeck.de\/es\/wp-json\/wp\/v2\/product\/3735","targetHints":{"allow":["GET"]}}],"collection":[{"href":"https:\/\/snoeck.de\/es\/wp-json\/wp\/v2\/product"}],"about":[{"href":"https:\/\/snoeck.de\/es\/wp-json\/wp\/v2\/types\/product"}],"wp:featuredmedia":[{"embeddable":true,"href":"https:\/\/snoeck.de\/es\/wp-json\/wp\/v2\/media\/5150"}],"wp:attachment":[{"href":"https:\/\/snoeck.de\/es\/wp-json\/wp\/v2\/media?parent=3735"}],"wp:term":[{"taxonomy":"product_brand","embeddable":true,"href":"https:\/\/snoeck.de\/es\/wp-json\/wp\/v2\/product_brand?post=3735"},{"taxonomy":"product_cat","embeddable":true,"href":"https:\/\/snoeck.de\/es\/wp-json\/wp\/v2\/product_cat?post=3735"},{"taxonomy":"product_tag","embeddable":true,"href":"https:\/\/snoeck.de\/es\/wp-json\/wp\/v2\/product_tag?post=3735"}],"curies":[{"name":"wp","href":"https:\/\/api.w.org\/{rel}","templated":true}]}}