{"id":3736,"date":"2025-01-31T11:32:06","date_gmt":"2025-01-31T11:32:06","guid":{"rendered":"https:\/\/snoeck.process-vision.de\/shop\/giovanna-sarti-the-essence-arises-in-vanishing\/"},"modified":"2026-04-08T15:11:16","modified_gmt":"2026-04-08T14:11:16","slug":"giovanna-sarti-the-essence-arises-in-vanishing","status":"publish","type":"product","link":"https:\/\/snoeck.de\/es\/shop\/giovanna-sarti-the-essence-arises-in-vanishing\/","title":{"rendered":"Giovanna Sarti: La esencia surge al desvanecerse"},"content":{"rendered":"<h3>Pintar con \u00f3xido<\/h3>\n<p>Giovanna Sarti (nacida en 1967 en Cervia, Italia, vive en Berl\u00edn) estudi\u00f3 con Per Kirkeby en la St\u00e4delschule de Fr\u00e1ncfort. En 2013, particip\u00f3 en la exposici\u00f3n \"Painting Forever\" en la Deutsche Bank Kunsthalle de Berl\u00edn. Giovanna Sarti es una pintora no representativa. Para ella, la pintura es inicialmente una exploraci\u00f3n intensiva de las posibilidades del material; adem\u00e1s de pigmento, tinta, barniz y carb\u00f3n, utiliza polvo de metal y recientemente ha estado trabajando por capas con \u00f3xido. Primero lo aplica sobre el lienzo y luego lo deja fraguar antes de trabajar sobre \u00e9l en el estudio con colores acr\u00edlicos, tinta y\/o barniz. Puede ocurrir que los distintos medios de pintura reaccionen qu\u00edmicamente entre s\u00ed. Estos procesos s\u00f3lo pueden controlarse hasta cierto punto, por lo que la artista utiliza conscientemente la din\u00e1mica propia del material, ya que es precisamente este tipo de trabajo basado en procesos lo que desempe\u00f1a un papel importante para ella. Sin embargo, la estructura en capas de las obras no es tanto una referencia a condiciones externas como una analog\u00eda con procesos psicol\u00f3gicos existenciales, ya que las capas de color se superponen como recuerdos. \"La lentitud<br \/>\nLa superposici\u00f3n diaria de im\u00e1genes, pensamientos y sentimientos me permite entender mi obra como algo real y no como una abstracci\u00f3n\", afirma Giovanna Sarti. Y como la naturaleza, la memoria o la vida, las obras de Giovanna Sarti combinan la belleza con la aspereza. Incluso cuando los cuadros brillan con polvo met\u00e1lico o incluso cuando entra en juego el color rosa, mantienen la tensi\u00f3n en cuanto el \u00f3xido recorre el basto lino como una gran danza.<\/p>\n<p>Exposici\u00f3n:<br \/>\nKunstverein Heilbronn, 24\/9 - 20\/11\/2016<\/p>","protected":false},"excerpt":{"rendered":"<p>Cat\u00e1logo de la exposici\u00f3n, Kunstverein Heilbronn, editado por Matthia L\u00f6bke<br \/>\nTextos (alem\u00e1n\/ingl\u00e9s) de Barbara Buchmaier, Matthia L\u00f6bke y una conversaci\u00f3n de Johnny Farabegoli con Giovanna Sarti (ingl\u00e9s\/italiano)<br \/>\n24 p. con 18 ilustraciones en color<br \/>\nFormato 28 x 21 cm, grapado<\/p>","protected":false},"featured_media":5151,"template":"","meta":[],"product_brand":[],"product_cat":[95],"product_tag":[],"class_list":{"0":"post-3736","1":"product","2":"type-product","3":"status-publish","4":"has-post-thumbnail","6":"product_cat-vergriffen","8":"first","9":"outofstock","10":"taxable","11":"shipping-taxable","12":"product-type-simple"},"aioseo_notices":[],"_wp_attached_file":null,"_wp_attachment_metadata":null,"_wc_attachment_source":null,"_elementor_inline_svg":null,"_elementor_is_screenshot":null,"_elementor_source_image_hash":null,"_source_url":null,"_wp_attachment_context":null,"_menu_item_type":null,"_menu_item_menu_item_parent":null,"_menu_item_object_id":null,"_menu_item_object":null,"_menu_item_target":null,"_menu_item_classes":null,"_menu_item_xfn":null,"_menu_item_url":null,"__elementor_forms_snapshot":null,"_unit":"","_unit_base":"","_unit_product":"","_unit_price_auto":"no","_unit_price_regular":"","_unit_price":"","_unit_price_sale":"","_sale_price_label":"","_sale_price_regular_label":"","_manufacturer_slug":"","_mini_desc":"","_defect_description":"","_safety_instructions":"","_allergen_ids":[],"_warranty_attachment_id":"","_safety_attachment_ids":[],"_min_age":"","_ts_gtin":"","_ts_mpn":"","_delivery_time_countries":[],"_free_shipping":"no","_service":"no","_photovoltaic_system":"no","_used_good":"no","_defective_copy":"no","_wireless_electronic_device":"no","_device_contains_power_supply":"no","_device_charging_supports_usb_pd":"no","_device_charging_watt_min":"0","_device_charging_watt_max":"0","_is_food":"no","_differential_taxation":"no","_gzd_version":"3.18.7","_hs_code":"","_customs_description":"","_manufacture_country":"0","_is_non_returnable":"no","_shipping_length":"","_shipping_width":"","_shipping_height":"","_sku":"ISBN 978-3-86442-193-8","_global_unique_id":"978-3-86442-193-8","_regular_price":null,"total_sales":"0","_tax_status":"taxable","_tax_class":"","_manage_stock":"no","_backorders":"no","_sold_individually":"no","_weight":"1","_virtual":"no","_downloadable":"no","_download_limit":"-1","_download_expiry":"-1","_stock":"","_stock_status":"outofstock","_wc_average_rating":"0","_wc_review_count":"0","_product_version":"10.1.4","_price":"","shopengine_product_views_count":"2606","_thumbnail_id":"5151","_product_attributes":{"erscheinungsdatum":{"name":"Fecha de publicaci\u00f3n","value":"02.01.2017","position":0,"is_visible":1,"is_variation":0,"is_taxonomy":0,"checkout_visible":0}},"_nutrient_ids":[],"_upsell_ids":null,"pswc_subtitle":null,"_default_delivery_time":null,"_wp_desired_post_slug":null,"_isbn":null,"pageType":null,"isExternalUrl":null,"pageId":null,"externalUrl":null,"hideCookieBanner":null,"isTargetBlank":null,"isProviderCurrentWebsite":null,"isEmbeddingOnlyExternalResources":null,"legalBasis":null,"dataProcessingInCountries":null,"dataProcessingInCountriesSpecialTreatments":null,"technicalDefinitions":null,"googleConsentModeConsentTypes":null,"executePriority":null,"executeCodeOptInWhenNoTagManagerConsentIsGiven":null,"executeCodeOptOutWhenNoTagManagerConsentIsGiven":null,"deleteTechnicalDefinitionsAfterOptOut":null,"presetId":null,"presetVersion":null,"provider":null,"providerContactPhone":null,"providerContactEmail":null,"providerContactLink":null,"uniqueName":null,"providerPrivacyPolicyUrl":null,"providerLegalNoticeUrl":null,"codeOptIn":null,"codeOptOut":null,"codeOnPageLoad":null,"language_code":null,"shopengine_template__post_meta__type":null,"shopengine_template__post_meta":null,"shopengine_template__post_meta__edit_with":null,"origin":null,"_enabled":null,"_filters":null,"_layout":null,"_elementor_import_session_id":null,"_wp_trash_meta_status":null,"_wp_trash_meta_time":null,"_edit_lock":"1743340393:2","_elementor_floating_elements_type":null,"_elementor_edit_mode":null,"_elementor_template_type":null,"tc-thumb-fld":{"_thumb_id":5151,"_thumb_type":"thumb"},"_wp_page_template":"default","_elementor_version":null,"_elementor_pro_version":null,"_elementor_page_settings":null,"_elementor_data":null,"_elementor_conditions":null,"_elementor_popup_display_settings":null,"_edit_last":"2","_elementor_template_sub_type":null,"_elementor_controls_usage":null,"_elementor_screenshot":null,"_elementor_css":null,"_elementor_page_assets":[],"_elementor_element_cache":null,"_elementor_screenshot_failed":null,"_elementor_source":null,"_wp_old_date":null,"layout_key":"","post_slider_check_key":"0","_links":{"self":[{"href":"https:\/\/snoeck.de\/es\/wp-json\/wp\/v2\/product\/3736","targetHints":{"allow":["GET"]}}],"collection":[{"href":"https:\/\/snoeck.de\/es\/wp-json\/wp\/v2\/product"}],"about":[{"href":"https:\/\/snoeck.de\/es\/wp-json\/wp\/v2\/types\/product"}],"wp:featuredmedia":[{"embeddable":true,"href":"https:\/\/snoeck.de\/es\/wp-json\/wp\/v2\/media\/5151"}],"wp:attachment":[{"href":"https:\/\/snoeck.de\/es\/wp-json\/wp\/v2\/media?parent=3736"}],"wp:term":[{"taxonomy":"product_brand","embeddable":true,"href":"https:\/\/snoeck.de\/es\/wp-json\/wp\/v2\/product_brand?post=3736"},{"taxonomy":"product_cat","embeddable":true,"href":"https:\/\/snoeck.de\/es\/wp-json\/wp\/v2\/product_cat?post=3736"},{"taxonomy":"product_tag","embeddable":true,"href":"https:\/\/snoeck.de\/es\/wp-json\/wp\/v2\/product_tag?post=3736"}],"curies":[{"name":"wp","href":"https:\/\/api.w.org\/{rel}","templated":true}]}}