{"id":3737,"date":"2025-01-31T11:32:06","date_gmt":"2025-01-31T11:32:06","guid":{"rendered":"https:\/\/snoeck.process-vision.de\/shop\/michel-sauer-erzaehlen\/"},"modified":"2025-03-30T13:14:07","modified_gmt":"2025-03-30T13:14:07","slug":"michel-sauer-erzaehlen","status":"publish","type":"product","link":"https:\/\/snoeck.de\/es\/shop\/michel-sauer-erzaehlen\/","title":{"rendered":"Michel Sauer: contar"},"content":{"rendered":"<h3>Comienza en un idioma<\/h3>\n<p>\"Las cosas y las im\u00e1genes cuentan cada una una historia en su propia forma. Comienza en un lenguaje de la visi\u00f3n que toca la mente y los sentidos para ramificarse a partir de ah\u00ed. Se crea una conexi\u00f3n que abarca lo que el espectador inventa. Mientras el presente y el recuerdo reflejan lo aparentemente inexplicable, surge una imagen de la percepci\u00f3n individual. Una narraci\u00f3n sigue creciendo, alimentada por peque\u00f1as peculiaridades visuales y observaciones inauditas\". Esto es lo que el propio Michel Sauer escribe sobre su obra. El artista, nacido en 1949, estudi\u00f3 en Karlsruhe con Horst Antes y Emil Schumacher, recibi\u00f3 el premio de arte Junger Westen en 1972, obtuvo una beca Villa Massimo en 1980, fue galardonado con el premio Villa Romana en 1994 y posteriormente ense\u00f1\u00f3 en la Universidad de Siegen de 1994 a 2014. Este volumen presenta una panor\u00e1mica de su obra desde la d\u00e9cada de 1970 hasta 2022 y, seg\u00fan la editora Eva Schmidt, es la obra escult\u00f3rica la que centra el inter\u00e9s del artista. Michel Sauer siempre ha considerado su obra escult\u00f3rica como una percepci\u00f3n abstracta de una combinaci\u00f3n de improvisaci\u00f3n y exploraci\u00f3n manual de los materiales madera, zinc, cobre y lat\u00f3n. Esto le ha inspirado en su b\u00fasqueda de la unidad de las im\u00e1genes de la imaginaci\u00f3n y la memoria - una unidad que se realiza en la interacci\u00f3n medial de la poes\u00eda y su siempre posible \"materializaci\u00f3n\".<\/p>\n<p>Exposici\u00f3n:<br \/>\nanexo14, Z\u00farich, 24\/2 - 1\/4\/2023<\/p>","protected":false},"excerpt":{"rendered":"<p>Editado por Eva Schmidt, textos (alem\u00e1n\/ingl\u00e9s) de Owen Griffith, Eva Schmidt, Christian Spies<br \/>\n256 p. con 320 ilustraciones en color<br \/>\nFormato 28 x 23 cm, tapa dura<\/p>","protected":false},"featured_media":5152,"template":"","meta":[],"product_brand":[],"product_cat":[87,76],"product_tag":[],"class_list":{"0":"post-3737","1":"product","2":"type-product","3":"status-publish","4":"has-post-thumbnail","6":"product_cat-87","7":"product_cat-s","9":"first","10":"instock","11":"taxable","12":"shipping-taxable","13":"purchasable","14":"product-type-simple"},"aioseo_notices":[],"_wp_attached_file":null,"_wp_attachment_metadata":null,"_wc_attachment_source":null,"_elementor_inline_svg":null,"_elementor_is_screenshot":null,"_elementor_source_image_hash":null,"_source_url":null,"_wp_attachment_context":null,"_menu_item_type":null,"_menu_item_menu_item_parent":null,"_menu_item_object_id":null,"_menu_item_object":null,"_menu_item_target":null,"_menu_item_classes":null,"_menu_item_xfn":null,"_menu_item_url":null,"__elementor_forms_snapshot":null,"_unit":"","_unit_base":"","_unit_product":"","_unit_price_auto":"no","_unit_price_regular":"","_unit_price":"","_unit_price_sale":"","_sale_price_label":"","_sale_price_regular_label":"","_manufacturer_slug":"","_mini_desc":"","_defect_description":"","_safety_instructions":"","_allergen_ids":[],"_warranty_attachment_id":"","_safety_attachment_ids":[],"_min_age":"","_ts_gtin":"","_ts_mpn":"","_delivery_time_countries":[],"_free_shipping":"no","_service":"no","_photovoltaic_system":"no","_used_good":"no","_defective_copy":"no","_wireless_electronic_device":"no","_device_contains_power_supply":"no","_device_charging_supports_usb_pd":"no","_device_charging_watt_min":"0","_device_charging_watt_max":"0","_is_food":"no","_differential_taxation":"no","_gzd_version":"3.18.7","_hs_code":"","_customs_description":"","_manufacture_country":"0","_is_non_returnable":"no","_shipping_length":"","_shipping_width":"","_shipping_height":"","_sku":"ISBN 978-3-86442-409-0","_global_unique_id":"978-3-86442-409-0","_regular_price":"58","total_sales":"0","_tax_status":"taxable","_tax_class":"","_manage_stock":"no","_backorders":"no","_sold_individually":"no","_weight":"1","_virtual":"no","_downloadable":"no","_download_limit":"-1","_download_expiry":"-1","_stock":"","_stock_status":"instock","_wc_average_rating":"0","_wc_review_count":"0","_product_version":"9.7.1","_price":"58","shopengine_product_views_count":"2603","_thumbnail_id":"5152","_product_attributes":{"erscheinungsdatum":{"name":"Erscheinungsdatum","value":"17.03.2023","position":0,"is_visible":1,"is_variation":0,"is_taxonomy":0,"checkout_visible":0}},"_nutrient_ids":[],"_upsell_ids":null,"pswc_subtitle":null,"_default_delivery_time":null,"_wp_desired_post_slug":null,"_isbn":null,"pageType":null,"isExternalUrl":null,"pageId":null,"externalUrl":null,"hideCookieBanner":null,"isTargetBlank":null,"isProviderCurrentWebsite":null,"isEmbeddingOnlyExternalResources":null,"legalBasis":null,"dataProcessingInCountries":null,"dataProcessingInCountriesSpecialTreatments":null,"technicalDefinitions":null,"googleConsentModeConsentTypes":null,"executePriority":null,"executeCodeOptInWhenNoTagManagerConsentIsGiven":null,"executeCodeOptOutWhenNoTagManagerConsentIsGiven":null,"deleteTechnicalDefinitionsAfterOptOut":null,"presetId":null,"presetVersion":null,"provider":null,"providerContactPhone":null,"providerContactEmail":null,"providerContactLink":null,"uniqueName":null,"providerPrivacyPolicyUrl":null,"providerLegalNoticeUrl":null,"codeOptIn":null,"codeOptOut":null,"codeOnPageLoad":null,"language_code":null,"shopengine_template__post_meta__type":null,"shopengine_template__post_meta":null,"shopengine_template__post_meta__edit_with":null,"origin":null,"_enabled":null,"_filters":null,"_layout":null,"_elementor_import_session_id":null,"_wp_trash_meta_status":null,"_wp_trash_meta_time":null,"_edit_lock":"1743340310:2","_elementor_floating_elements_type":null,"_elementor_edit_mode":null,"_elementor_template_type":null,"tc-thumb-fld":{"_thumb_id":5152,"_thumb_type":"thumb"},"_wp_page_template":"default","_elementor_version":null,"_elementor_pro_version":null,"_elementor_page_settings":null,"_elementor_data":null,"_elementor_conditions":null,"_elementor_popup_display_settings":null,"_edit_last":"2","_elementor_template_sub_type":null,"_elementor_controls_usage":null,"_elementor_screenshot":null,"_elementor_css":null,"_elementor_page_assets":[],"_elementor_element_cache":null,"_elementor_screenshot_failed":null,"_elementor_source":null,"_wp_old_date":null,"layout_key":"","post_slider_check_key":"0","_links":{"self":[{"href":"https:\/\/snoeck.de\/es\/wp-json\/wp\/v2\/product\/3737","targetHints":{"allow":["GET"]}}],"collection":[{"href":"https:\/\/snoeck.de\/es\/wp-json\/wp\/v2\/product"}],"about":[{"href":"https:\/\/snoeck.de\/es\/wp-json\/wp\/v2\/types\/product"}],"wp:featuredmedia":[{"embeddable":true,"href":"https:\/\/snoeck.de\/es\/wp-json\/wp\/v2\/media\/5152"}],"wp:attachment":[{"href":"https:\/\/snoeck.de\/es\/wp-json\/wp\/v2\/media?parent=3737"}],"wp:term":[{"taxonomy":"product_brand","embeddable":true,"href":"https:\/\/snoeck.de\/es\/wp-json\/wp\/v2\/product_brand?post=3737"},{"taxonomy":"product_cat","embeddable":true,"href":"https:\/\/snoeck.de\/es\/wp-json\/wp\/v2\/product_cat?post=3737"},{"taxonomy":"product_tag","embeddable":true,"href":"https:\/\/snoeck.de\/es\/wp-json\/wp\/v2\/product_tag?post=3737"}],"curies":[{"name":"wp","href":"https:\/\/api.w.org\/{rel}","templated":true}]}}