{"id":3741,"date":"2025-01-31T11:32:08","date_gmt":"2025-01-31T11:32:08","guid":{"rendered":"https:\/\/snoeck.process-vision.de\/shop\/schall-und-rauch-die-wilden-20er\/"},"modified":"2026-04-08T15:22:21","modified_gmt":"2026-04-08T14:22:21","slug":"schall-und-rauch-die-wilden-20er","status":"publish","type":"product","link":"https:\/\/snoeck.de\/es\/shop\/schall-und-rauch-die-wilden-20er\/","title":{"rendered":"Sonido y humo. Los salvajes a\u00f1os 20"},"content":{"rendered":"<h3>Z\u00farich y el arte de los a\u00f1os veinte<\/h3>\n<p>Como ninguna otra d\u00e9cada, los a\u00f1os veinte son sin\u00f3nimo de nuevos comienzos y reca\u00eddas. Probablemente en ning\u00fan otro periodo del siglo XX el deseo de innovaci\u00f3n de la gente fue tan grande como en aquella \u00e9poca. Se esbozaron visiones urbanas, las ciudades crecieron a una velocidad vertiginosa, se cuestionaron y rompieron los modelos sociales tradicionales, las minor\u00edas desfavorecidas u oprimidas hicieron o\u00edr su voz en la cultura y la pol\u00edtica. Una creciente industria del ocio se sum\u00f3 a una vida cotidiana que ten\u00eda en cuenta los intereses de los trabajadores. El alto grado de innovaci\u00f3n de esta \u00e9poca se reflej\u00f3 directamente en la alegr\u00eda de la experimentaci\u00f3n en las artes. Sorprendentemente, sus productos no han perdido nada de su actualidad. A diferencia de muchas exposiciones dedicadas a los a\u00f1os 20, la muestra y el libro no analizar\u00e1n por separado estilos como la Bauhaus, Dad\u00e1, la Nueva Objetividad y los iconos del dise\u00f1o y la arquitectura del Modernismo, sino que los pondr\u00e1n en di\u00e1logo entre s\u00ed, lo que pondr\u00e1 de relieve la heterogeneidad de estilos de aquellos a\u00f1os pioneros. La atenci\u00f3n se centra en Berl\u00edn, Par\u00eds, Viena y Z\u00farich, abarcando todos los medios, como la pintura, la escultura, el dibujo, la fotograf\u00eda, el cine y el collage. Tambi\u00e9n se ofrecer\u00e1 una plataforma a las posiciones menos conocidas, especialmente las de las mujeres. Artistas contempor\u00e1neos que abordan expl\u00edcitamente el lenguaje formal y los temas de los a\u00f1os veinte tienden un puente hacia la actualidad:<br \/>\nJosef Albers, Hans Arp, Kader Attia, Johannes Baargeld, Marc Bauer, Benito, Erwin Blumenfeld, Constantin Brancusi, Andr\u00e9 Breton, Marcel Breuer, Suse Byk, Coco Chanel, Serge Charchoune, Salvador Dal\u00ed, Adolf Dietrich, Otto Dix, Dodo, Kees van Dongen, Theo van Doesburg, Marcel Duchamp, Jean Dunand, Max Ernst, Theodore Lux Feininger, Hans Finsler, Barthel Gilles, Natalia Goncharova, George Grosz, Max Ernst Haefeli, Raoul Hausmann, Raphael Hefti, Heinrich Hoerle, Ren\u00e9 Herbst, Hannah H\u00f6ch, Karl Hubbuch, Martin Imboden, Johannes Itten, Pierre Jeanneret, Rashid Johnson, Paul Joostens, Gemaine-Paule Jourmard, Grete J\u00fcrgens, Wassily Kandinsky, Elisabeth Karlinsky, Lajos Kass\u00e1k, Ernst Ludwig Kirchner, Paul Klee, Frank Kupka, Rudolf von Laban, Michael Larianow, Le Corbusier, Fernand L\u00e9ger, Lucien Lelong, Jacques Lipchitz, Jeanne Mammen, Elli Marcus, Fabian Marti, L\u00e1szl\u00f3 Moholy-Nagy, Lucia Moholy, Piet Mondrian, Alexandra Navratil, Walter Niggli, Am\u00e9d\u00e9e Ozenfant, Trevor Paglen, Gret Palucca, Nicolas Party, Charlotte Perriand, Pablo Picasso, Paul Poiret, Ljubow Sergejewna Popowa, Man Ray, Georges Ribemont-Dessaignes, Hans Richter, Gerrit T. Rietveld, Vitorelli Rita, Hans Robertson, Ludwig Mies van der Rohe, Jean-Lambert-Rucki, Charlotte Rudolph, Thomas Ruff, Christian Schad, Xanti Schawinsky, Oskar Schlemmer, Wilhelm Schnarrenberger, Georg Scholz, Max Ulrich Schopp, Kurt Schwitters, Shirana Shahbazi, Mario Sironi, Veronika Spierenburg, Anton Stankowski, Warwara Fjodorowna Stepanowa, Niklaus Stoecklin, Hiroshi Sugimoto, Marianne My Ullmann, F\u00e9lix Vallotton, Madeleine Vionnet, Nikolai Wassilieff, Gustav Wunderwald, Frantisek Zelenka<\/p>\n<p>Exposici\u00f3n:<br \/>\nKunsthaus Z\u00farich, 3\/7 - 11\/10\/2020<\/p>","protected":false},"excerpt":{"rendered":"<p>Cat\u00e1logo de la exposici\u00f3n, publicado por Z\u00fcrcher Kunstgesellschaft \/ Kunsthaus Z\u00fcrich<br \/>\nTextos (alem\u00e1n) de Cath\u00e9rine Hug, comisaria de la exposici\u00f3n, Petra Joos, Gioia Mori, Jakob Tanner, Alexis Schwarzenbach<br \/>\n272 p\u00e1ginas con 200 ilustraciones en color<br \/>\nFormato 28 x 23 cm, tapa blanda<\/p>","protected":false},"featured_media":5156,"template":"","meta":[],"product_brand":[],"product_cat":[95],"product_tag":[],"class_list":{"0":"post-3741","1":"product","2":"type-product","3":"status-publish","4":"has-post-thumbnail","6":"product_cat-vergriffen","8":"first","9":"outofstock","10":"taxable","11":"shipping-taxable","12":"product-type-simple"},"aioseo_notices":[],"_wp_attached_file":null,"_wp_attachment_metadata":null,"_wc_attachment_source":null,"_elementor_inline_svg":null,"_elementor_is_screenshot":null,"_elementor_source_image_hash":null,"_source_url":null,"_wp_attachment_context":null,"_menu_item_type":null,"_menu_item_menu_item_parent":null,"_menu_item_object_id":null,"_menu_item_object":null,"_menu_item_target":null,"_menu_item_classes":null,"_menu_item_xfn":null,"_menu_item_url":null,"__elementor_forms_snapshot":null,"_unit":"","_unit_base":"","_unit_product":"","_unit_price_auto":"no","_unit_price_regular":"","_unit_price":"","_unit_price_sale":"","_sale_price_label":"","_sale_price_regular_label":"","_manufacturer_slug":"","_mini_desc":"","_defect_description":"","_safety_instructions":"","_allergen_ids":[],"_warranty_attachment_id":"","_safety_attachment_ids":[],"_min_age":"","_ts_gtin":"","_ts_mpn":"","_delivery_time_countries":[],"_free_shipping":"no","_service":"no","_photovoltaic_system":"no","_used_good":"no","_defective_copy":"no","_wireless_electronic_device":"no","_device_contains_power_supply":"no","_device_charging_supports_usb_pd":"no","_device_charging_watt_min":"0","_device_charging_watt_max":"0","_is_food":"no","_differential_taxation":"no","_gzd_version":"3.18.7","_hs_code":"","_customs_description":"","_manufacture_country":"0","_is_non_returnable":"no","_shipping_length":"","_shipping_width":"","_shipping_height":"","_sku":"ISBN 978-3-86442-314-7","_global_unique_id":"978-3-86442-314-7","_regular_price":null,"total_sales":"0","_tax_status":"taxable","_tax_class":"","_manage_stock":"no","_backorders":"no","_sold_individually":"no","_weight":"2","_virtual":"no","_downloadable":"no","_download_limit":"-1","_download_expiry":"-1","_stock":"","_stock_status":"outofstock","_wc_average_rating":"0","_wc_review_count":"0","_product_version":"10.1.4","_price":"","shopengine_product_views_count":"5273","_thumbnail_id":"5156","_product_attributes":{"erscheinungsdatum":{"name":"Erscheinungsdatum","value":"02.06.2020","position":0,"is_visible":1,"is_variation":0,"is_taxonomy":0,"checkout_visible":0}},"_nutrient_ids":[],"_upsell_ids":null,"pswc_subtitle":null,"_default_delivery_time":null,"_wp_desired_post_slug":null,"_isbn":null,"pageType":null,"isExternalUrl":null,"pageId":null,"externalUrl":null,"hideCookieBanner":null,"isTargetBlank":null,"isProviderCurrentWebsite":null,"isEmbeddingOnlyExternalResources":null,"legalBasis":null,"dataProcessingInCountries":null,"dataProcessingInCountriesSpecialTreatments":null,"technicalDefinitions":null,"googleConsentModeConsentTypes":null,"executePriority":null,"executeCodeOptInWhenNoTagManagerConsentIsGiven":null,"executeCodeOptOutWhenNoTagManagerConsentIsGiven":null,"deleteTechnicalDefinitionsAfterOptOut":null,"presetId":null,"presetVersion":null,"provider":null,"providerContactPhone":null,"providerContactEmail":null,"providerContactLink":null,"uniqueName":null,"providerPrivacyPolicyUrl":null,"providerLegalNoticeUrl":null,"codeOptIn":null,"codeOptOut":null,"codeOnPageLoad":null,"language_code":null,"shopengine_template__post_meta__type":null,"shopengine_template__post_meta":null,"shopengine_template__post_meta__edit_with":null,"origin":null,"_enabled":null,"_filters":null,"_layout":null,"_elementor_import_session_id":null,"_wp_trash_meta_status":null,"_wp_trash_meta_time":null,"_edit_lock":"1743340083:2","_elementor_floating_elements_type":null,"_elementor_edit_mode":null,"_elementor_template_type":null,"tc-thumb-fld":{"_thumb_id":5156,"_thumb_type":"thumb"},"_wp_page_template":"default","_elementor_version":null,"_elementor_pro_version":null,"_elementor_page_settings":null,"_elementor_data":null,"_elementor_conditions":null,"_elementor_popup_display_settings":null,"_edit_last":"2","_elementor_template_sub_type":null,"_elementor_controls_usage":null,"_elementor_screenshot":null,"_elementor_css":null,"_elementor_page_assets":[],"_elementor_element_cache":null,"_elementor_screenshot_failed":null,"_elementor_source":null,"_wp_old_date":null,"layout_key":"","post_slider_check_key":"0","_links":{"self":[{"href":"https:\/\/snoeck.de\/es\/wp-json\/wp\/v2\/product\/3741","targetHints":{"allow":["GET"]}}],"collection":[{"href":"https:\/\/snoeck.de\/es\/wp-json\/wp\/v2\/product"}],"about":[{"href":"https:\/\/snoeck.de\/es\/wp-json\/wp\/v2\/types\/product"}],"wp:featuredmedia":[{"embeddable":true,"href":"https:\/\/snoeck.de\/es\/wp-json\/wp\/v2\/media\/5156"}],"wp:attachment":[{"href":"https:\/\/snoeck.de\/es\/wp-json\/wp\/v2\/media?parent=3741"}],"wp:term":[{"taxonomy":"product_brand","embeddable":true,"href":"https:\/\/snoeck.de\/es\/wp-json\/wp\/v2\/product_brand?post=3741"},{"taxonomy":"product_cat","embeddable":true,"href":"https:\/\/snoeck.de\/es\/wp-json\/wp\/v2\/product_cat?post=3741"},{"taxonomy":"product_tag","embeddable":true,"href":"https:\/\/snoeck.de\/es\/wp-json\/wp\/v2\/product_tag?post=3741"}],"curies":[{"name":"wp","href":"https:\/\/api.w.org\/{rel}","templated":true}]}}