{"id":3743,"date":"2025-01-31T11:32:09","date_gmt":"2025-01-31T11:32:09","guid":{"rendered":"https:\/\/snoeck.process-vision.de\/shop\/erik-schmidt-retreat\/"},"modified":"2026-04-08T15:31:26","modified_gmt":"2026-04-08T14:31:26","slug":"erik-schmidt-retreat","status":"publish","type":"product","link":"https:\/\/snoeck.de\/es\/shop\/erik-schmidt-retreat\/","title":{"rendered":"Erik Schmidt: Retiro"},"content":{"rendered":"<h3>Lo que se planea fracasa, lo que se tira se acepta<\/h3>\n<p>Adriano Sack: En su nueva pel\u00edcula \"Inizio\", sostiene un cartel que dice \"Para\u00edso\". \u00bfQu\u00e9 papel desempe\u00f1a el para\u00edso en su trabajo y en sus sue\u00f1os?<br \/>\nErik Schmidt: El intento de escenificar la vida como un para\u00edso es un motor importante para m\u00ed. Cuando voy a alg\u00fan sitio, siento una fascinaci\u00f3n total, aunque s\u00f3lo sea una playa de palmeras. Por supuesto, no hablo del para\u00edso en el sentido religioso. M\u00e1s bien del estado de dicha en la tierra.<br \/>\nAS: Rod\u00f3 Inizio en el jard\u00edn de Villa Massimo, en Roma. Qu\u00e9 significa este lugar para usted?<br \/>\nES: Es un jard\u00edn muy bonito. Pero la pel\u00edcula no transcurre en Villa Massimo, sino en un lugar indefinido. En el momento del rodaje, Italia estaba bloqueada y necesit\u00e1bamos un refugio privado.<br \/>\nAS: Por primera vez en una de sus pel\u00edculas aparece una especie de alter ego, el joven actor Christian Erdt. \u00bfNo hay un \"Inizio\" para el artista mayor?<br \/>\nES: No. O tal vez s\u00ed. Hay un nuevo comienzo, pero no hay vuelta atr\u00e1s. El vestido que se pone la otra persona no me queda bien. Tengo que seguir donde estoy.<br \/>\n...<br \/>\nAS: \"Inizio\" es la pieza complementaria de la pel\u00edcula \"Fine\", que rod\u00f3 en Olevano, cerca de Roma. \"Soy un hombre de mundo\", comienza la pel\u00edcula mientras el actor camina hacia una casa de muertos. \u00bfQu\u00e9 significa este pensamiento en una peque\u00f1a ciudad de monta\u00f1a italiana como Olevano?<br \/>\nES: Encaja. \u00bfNo se cree siempre la gente de los pueblos peque\u00f1os que son hombres de mundo? Cualquiera que lo sea de verdad no pensar\u00eda eso.<br \/>\nAS: En \"Fine\", el artista se echa \u00f3leo encima. Es un motivo recurrente en sus pel\u00edculas. Se desnuda o se viste constantemente, su cuerpo es ba\u00f1ado, masajeado o empapado. \u00bfQu\u00e9 no se ha hecho todav\u00eda?<br \/>\nES: Sin tatuaje. Sin agujeros. Nada que deje da\u00f1os permanentes.<br \/>\n...<br \/>\nAS: Usted pint\u00f3 el bosque mixto de Westfalia, olivos en Israel y palmeras en Asia. \u00bfExiste alguna relaci\u00f3n?<br \/>\nES: Hay una conexi\u00f3n formal y estructural. Las plantas siempre tienen un centro. He llevado esto al extremo con los cuadros de palmeras: son cuadrados y en el centro est\u00e1 la nuez. M\u00e1s all\u00e1 de eso, sin embargo, soy incre\u00edblemente libre cuando pinto \u00e1rboles. Con un retrato, de alguna manera sigues comprometido con el rostro. Nadie puede entender eso con la naturaleza. Sobre todo cuando se pinta sobre fotograf\u00edas. Como pintor, puedo actuar con total libertad. Es casi como el action painting: tiro el color, corre y gotea. La palmera de mis cuadros tambi\u00e9n est\u00e1 maltratada. Pero sigue siendo reconocible. (Tres breves extractos de la entrevista de Adriano Sack a Erik Schmidt)<\/p>\n<p>Exposici\u00f3n:<br \/>\nKunstraum Potsdam, 18\/9 - 30\/10\/2022<\/p>","protected":false},"excerpt":{"rendered":"<p>Cat\u00e1logo de la exposici\u00f3n, Kunstraum Potsdam<br \/>\nTextos (alem\u00e1n\/ingl\u00e9s) de Traudi Messini, Pier Paolo Pancotto, Bj\u00f6rn Vedder, entrevista de Adriano Sack con Erik Schmidt<br \/>\n168 p. con 120 ilustraciones en color<br \/>\nFormato 26 x 29,5 cm, encuadernaci\u00f3n en tela gofrada<\/p>","protected":false},"featured_media":5158,"template":"","meta":[],"product_brand":[],"product_cat":[95],"product_tag":[],"class_list":{"0":"post-3743","1":"product","2":"type-product","3":"status-publish","4":"has-post-thumbnail","6":"product_cat-vergriffen","8":"first","9":"outofstock","10":"taxable","11":"shipping-taxable","12":"product-type-simple"},"aioseo_notices":[],"_wp_attached_file":null,"_wp_attachment_metadata":null,"_wc_attachment_source":null,"_elementor_inline_svg":null,"_elementor_is_screenshot":null,"_elementor_source_image_hash":null,"_source_url":null,"_wp_attachment_context":null,"_menu_item_type":null,"_menu_item_menu_item_parent":null,"_menu_item_object_id":null,"_menu_item_object":null,"_menu_item_target":null,"_menu_item_classes":null,"_menu_item_xfn":null,"_menu_item_url":null,"__elementor_forms_snapshot":null,"_unit":"","_unit_base":"","_unit_product":"","_unit_price_auto":"no","_unit_price_regular":"","_unit_price":"","_unit_price_sale":"","_sale_price_label":"","_sale_price_regular_label":"","_manufacturer_slug":"","_mini_desc":"","_defect_description":"","_safety_instructions":"","_allergen_ids":[],"_warranty_attachment_id":"","_safety_attachment_ids":[],"_min_age":"","_ts_gtin":"","_ts_mpn":"","_delivery_time_countries":[],"_free_shipping":"no","_service":"no","_photovoltaic_system":"no","_used_good":"no","_defective_copy":"no","_wireless_electronic_device":"no","_device_contains_power_supply":"no","_device_charging_supports_usb_pd":"no","_device_charging_watt_min":"0","_device_charging_watt_max":"0","_is_food":"no","_differential_taxation":"no","_gzd_version":"3.18.7","_hs_code":"","_customs_description":"","_manufacture_country":"0","_is_non_returnable":"no","_shipping_length":"","_shipping_width":"","_shipping_height":"","_sku":"ISBN 978-3-86442-405-2","_global_unique_id":"978-3-86442-405-2","_regular_price":null,"total_sales":"0","_tax_status":"taxable","_tax_class":"","_manage_stock":"no","_backorders":"no","_sold_individually":"no","_weight":"2","_virtual":"no","_downloadable":"no","_download_limit":"-1","_download_expiry":"-1","_stock":"","_stock_status":"outofstock","_wc_average_rating":"0","_wc_review_count":"0","_product_version":"10.1.4","_price":"","shopengine_product_views_count":"2911","_thumbnail_id":"5158","_product_attributes":{"erscheinungsdatum":{"name":"Fecha de publicaci\u00f3n","value":"27.10.2022","position":0,"is_visible":1,"is_variation":0,"is_taxonomy":0,"checkout_visible":0}},"_nutrient_ids":[],"_upsell_ids":null,"pswc_subtitle":null,"_default_delivery_time":null,"_wp_desired_post_slug":null,"_isbn":null,"pageType":null,"isExternalUrl":null,"pageId":null,"externalUrl":null,"hideCookieBanner":null,"isTargetBlank":null,"isProviderCurrentWebsite":null,"isEmbeddingOnlyExternalResources":null,"legalBasis":null,"dataProcessingInCountries":null,"dataProcessingInCountriesSpecialTreatments":null,"technicalDefinitions":null,"googleConsentModeConsentTypes":null,"executePriority":null,"executeCodeOptInWhenNoTagManagerConsentIsGiven":null,"executeCodeOptOutWhenNoTagManagerConsentIsGiven":null,"deleteTechnicalDefinitionsAfterOptOut":null,"presetId":null,"presetVersion":null,"provider":null,"providerContactPhone":null,"providerContactEmail":null,"providerContactLink":null,"uniqueName":null,"providerPrivacyPolicyUrl":null,"providerLegalNoticeUrl":null,"codeOptIn":null,"codeOptOut":null,"codeOnPageLoad":null,"language_code":null,"shopengine_template__post_meta__type":null,"shopengine_template__post_meta":null,"shopengine_template__post_meta__edit_with":null,"origin":null,"_enabled":null,"_filters":null,"_layout":null,"_elementor_import_session_id":null,"_wp_trash_meta_status":null,"_wp_trash_meta_time":null,"_edit_lock":"1743339758:2","_elementor_floating_elements_type":null,"_elementor_edit_mode":null,"_elementor_template_type":null,"tc-thumb-fld":{"_thumb_id":5158,"_thumb_type":"thumb"},"_wp_page_template":"default","_elementor_version":null,"_elementor_pro_version":null,"_elementor_page_settings":null,"_elementor_data":null,"_elementor_conditions":null,"_elementor_popup_display_settings":null,"_edit_last":"2","_elementor_template_sub_type":null,"_elementor_controls_usage":null,"_elementor_screenshot":null,"_elementor_css":null,"_elementor_page_assets":[],"_elementor_element_cache":null,"_elementor_screenshot_failed":null,"_elementor_source":null,"_wp_old_date":null,"layout_key":"","post_slider_check_key":"0","_links":{"self":[{"href":"https:\/\/snoeck.de\/es\/wp-json\/wp\/v2\/product\/3743","targetHints":{"allow":["GET"]}}],"collection":[{"href":"https:\/\/snoeck.de\/es\/wp-json\/wp\/v2\/product"}],"about":[{"href":"https:\/\/snoeck.de\/es\/wp-json\/wp\/v2\/types\/product"}],"wp:featuredmedia":[{"embeddable":true,"href":"https:\/\/snoeck.de\/es\/wp-json\/wp\/v2\/media\/5158"}],"wp:attachment":[{"href":"https:\/\/snoeck.de\/es\/wp-json\/wp\/v2\/media?parent=3743"}],"wp:term":[{"taxonomy":"product_brand","embeddable":true,"href":"https:\/\/snoeck.de\/es\/wp-json\/wp\/v2\/product_brand?post=3743"},{"taxonomy":"product_cat","embeddable":true,"href":"https:\/\/snoeck.de\/es\/wp-json\/wp\/v2\/product_cat?post=3743"},{"taxonomy":"product_tag","embeddable":true,"href":"https:\/\/snoeck.de\/es\/wp-json\/wp\/v2\/product_tag?post=3743"}],"curies":[{"name":"wp","href":"https:\/\/api.w.org\/{rel}","templated":true}]}}