{"id":3744,"date":"2025-01-31T11:32:10","date_gmt":"2025-01-31T11:32:10","guid":{"rendered":"https:\/\/snoeck.process-vision.de\/shop\/michael-schmidt-89-90\/"},"modified":"2025-03-30T13:00:42","modified_gmt":"2025-03-30T13:00:42","slug":"michael-schmidt-89-90","status":"publish","type":"product","link":"https:\/\/snoeck.de\/es\/shop\/michael-schmidt-89-90\/","title":{"rendered":"Michael Schmidt: 89\/90"},"content":{"rendered":"<h3>Obras maestras<\/h3>\n<p>\"En su obra\", escribe Chris Dercon, \"que se remonta a 1965, el fot\u00f3grafo alem\u00e1n Michael Schmidt, nacido en Berl\u00edn en 1945, ha explorado repetidamente el paisaje urbano en constante cambio de su ciudad natal. Schmidt obtuvo reconocimiento internacional con su libro \"Waffenruhe\" (1987), que rend\u00eda homenaje a un nuevo estilo l\u00edrico y utilizaba el gris como color distintivo. En \"Waffenruhe\", Schmidt se centra en las condiciones emocionales del cambio ideol\u00f3gico reflejadas en los espacios urbanos de Berl\u00edn y en la vida de sus habitantes. Hice algunas fotos en las que s\u00f3lo se ve\u00eda sopa, la misma sopa que reinaba en noviembre por aquel entonces\", dijo Schmidt sobre algunas de sus fotograf\u00edas de Berl\u00edn de finales de los setenta. \u00bfAcaso alud\u00eda a la sopa posterior del legendario oto\u00f1o de 1989 sin siquiera sospecharlo en aquel momento? Sin embargo, Schmidt no se considera un fot\u00f3grafo socialmente cr\u00edtico. No quer\u00eda cambiar el mundo, sino resistirse a \u00e9l, y se consideraba un realista en el sentido brechtiano: \"El realismo no es c\u00f3mo son las cosas, sino c\u00f3mo son realmente las cosas. [...]<br \/>\nEn \"89\/90\" aparece de nuevo el Muro. O mejor dicho: se nos invita a mirar lo que est\u00e1 cerca o al lado del viejo Muro y no ha sido (todav\u00eda) eliminado por el nuevo Berl\u00edn. Algunas de las escenas de Schmidt parecen fotos de excavaciones. Son m\u00e1s bien disposiciones bruscas: objetos individuales o meros rastros captan la mirada del espectador con una crudeza o indefensi\u00f3n, como si participaran en un acto de protesta. Pero todas las cosas permanecen mudas. Como en sus exposiciones y otros libros, Schmidt ha omitido todas las explicaciones directas y los subt\u00edtulos reveladores en \"89\/90\". De este modo, Schmidt consigue escudri\u00f1ar el estatus hist\u00f3rico del respectivo monumento o documento de forma a\u00fan m\u00e1s enf\u00e1tica. De hecho, sus fotograf\u00edas de Berl\u00edn y su legendario Muro representan ante todo lo que Heidegger describi\u00f3 en su ensayo del mismo t\u00edtulo como \"el tiempo de la visi\u00f3n del mundo\". Para el \"pensamiento esencial\" de Heidegger, una visi\u00f3n del mundo no es una imagen del mundo, sino el mundo percibido y captado como imagen. Es precisamente esta distinci\u00f3n la que caracteriza el planteamiento de Schmidt cuando confronta al observador con el proceso de ver como tal. [...]<br \/>\nToda la obra fotogr\u00e1fica de Schmidt es una gran indagaci\u00f3n sobre el estado en que se encontraba, se encuentra y se encontrar\u00e1 Alemania. Las im\u00e1genes de Michael Schmidt son inequ\u00edvocamente 'im\u00e1genes de Alemania', y por ello se sit\u00faa en la misma tradici\u00f3n que sus colegas August Sander, Bernd e Hilla Becher y Hans-Peter Feldmann, todos ellos fot\u00f3grafos igualmente ejemplares de los estados alemanes\".<\/p>\n<p>Exposici\u00f3n:<br \/>\nHaus der Kunst, M\u00fanich, 21\/5-22\/8\/2010<\/p>","protected":false},"excerpt":{"rendered":"<p>Cat\u00e1logo de la exposici\u00f3n, Haus der Kunst Munich, editado por Thomas Weski<br \/>\nTexto (alem\u00e1n\/ingl\u00e9s) de Chris Dercon<br \/>\n100 p. con 51 ilustraciones fotogr\u00e1ficas en duotono<br \/>\nFormato 22,1 x 18,3 cm, tapa dura con sobrecubierta<\/p>","protected":false},"featured_media":5159,"template":"","meta":[],"product_brand":[],"product_cat":[105,90,76],"product_tag":[],"class_list":{"0":"post-3744","1":"product","2":"type-product","3":"status-publish","4":"has-post-thumbnail","6":"product_cat-105","7":"product_cat-rare-books","8":"product_cat-s","10":"first","11":"instock","12":"taxable","13":"shipping-taxable","14":"purchasable","15":"product-type-simple"},"aioseo_notices":[],"_wp_attached_file":null,"_wp_attachment_metadata":null,"_wc_attachment_source":null,"_elementor_inline_svg":null,"_elementor_is_screenshot":null,"_elementor_source_image_hash":null,"_source_url":null,"_wp_attachment_context":null,"_menu_item_type":null,"_menu_item_menu_item_parent":null,"_menu_item_object_id":null,"_menu_item_object":null,"_menu_item_target":null,"_menu_item_classes":null,"_menu_item_xfn":null,"_menu_item_url":null,"__elementor_forms_snapshot":null,"_unit":"","_unit_base":"","_unit_product":"","_unit_price_auto":"no","_unit_price_regular":"","_unit_price":"","_unit_price_sale":"","_sale_price_label":"","_sale_price_regular_label":"","_manufacturer_slug":"","_mini_desc":"","_defect_description":"","_safety_instructions":"","_allergen_ids":[],"_warranty_attachment_id":"","_safety_attachment_ids":[],"_min_age":"","_ts_gtin":"","_ts_mpn":"","_delivery_time_countries":[],"_free_shipping":"no","_service":"no","_photovoltaic_system":"no","_used_good":"no","_defective_copy":"no","_wireless_electronic_device":"no","_device_contains_power_supply":"no","_device_charging_supports_usb_pd":"no","_device_charging_watt_min":"0","_device_charging_watt_max":"0","_is_food":"no","_differential_taxation":"no","_gzd_version":"3.18.7","_hs_code":"","_customs_description":"","_manufacture_country":"0","_is_non_returnable":"no","_shipping_length":"","_shipping_width":"","_shipping_height":"","_sku":"ISBN 978-3-940953-43-8","_global_unique_id":"978-3-940953-43-8","_regular_price":"198","total_sales":"1","_tax_status":"taxable","_tax_class":"","_manage_stock":"no","_backorders":"no","_sold_individually":"no","_weight":"1","_virtual":"no","_downloadable":"no","_download_limit":"-1","_download_expiry":"-1","_stock":"","_stock_status":"instock","_wc_average_rating":"0","_wc_review_count":"0","_product_version":"9.7.1","_price":"198","shopengine_product_views_count":"3550","_thumbnail_id":"5159","_product_attributes":{"erscheinungsdatum":{"name":"Fecha de publicaci\u00f3n","value":"21.05.2010","position":0,"is_visible":1,"is_variation":0,"is_taxonomy":0,"checkout_visible":0}},"_nutrient_ids":[],"_upsell_ids":null,"pswc_subtitle":null,"_default_delivery_time":"","_wp_desired_post_slug":null,"_isbn":null,"pageType":null,"isExternalUrl":null,"pageId":null,"externalUrl":null,"hideCookieBanner":null,"isTargetBlank":null,"isProviderCurrentWebsite":null,"isEmbeddingOnlyExternalResources":null,"legalBasis":null,"dataProcessingInCountries":null,"dataProcessingInCountriesSpecialTreatments":null,"technicalDefinitions":null,"googleConsentModeConsentTypes":null,"executePriority":null,"executeCodeOptInWhenNoTagManagerConsentIsGiven":null,"executeCodeOptOutWhenNoTagManagerConsentIsGiven":null,"deleteTechnicalDefinitionsAfterOptOut":null,"presetId":null,"presetVersion":null,"provider":null,"providerContactPhone":null,"providerContactEmail":null,"providerContactLink":null,"uniqueName":null,"providerPrivacyPolicyUrl":null,"providerLegalNoticeUrl":null,"codeOptIn":null,"codeOptOut":null,"codeOnPageLoad":null,"language_code":null,"shopengine_template__post_meta__type":null,"shopengine_template__post_meta":null,"shopengine_template__post_meta__edit_with":null,"origin":null,"_enabled":null,"_filters":null,"_layout":null,"_elementor_import_session_id":null,"_wp_trash_meta_status":null,"_wp_trash_meta_time":null,"_edit_lock":"1743339504:2","_elementor_floating_elements_type":null,"_elementor_edit_mode":null,"_elementor_template_type":null,"tc-thumb-fld":{"_thumb_id":5159,"_thumb_type":"thumb"},"_wp_page_template":"default","_elementor_version":null,"_elementor_pro_version":null,"_elementor_page_settings":null,"_elementor_data":null,"_elementor_conditions":null,"_elementor_popup_display_settings":null,"_edit_last":"2","_elementor_template_sub_type":null,"_elementor_controls_usage":null,"_elementor_screenshot":null,"_elementor_css":null,"_elementor_page_assets":[],"_elementor_element_cache":null,"_elementor_screenshot_failed":null,"_elementor_source":null,"_wp_old_date":null,"layout_key":"","post_slider_check_key":"0","_links":{"self":[{"href":"https:\/\/snoeck.de\/es\/wp-json\/wp\/v2\/product\/3744","targetHints":{"allow":["GET"]}}],"collection":[{"href":"https:\/\/snoeck.de\/es\/wp-json\/wp\/v2\/product"}],"about":[{"href":"https:\/\/snoeck.de\/es\/wp-json\/wp\/v2\/types\/product"}],"wp:featuredmedia":[{"embeddable":true,"href":"https:\/\/snoeck.de\/es\/wp-json\/wp\/v2\/media\/5159"}],"wp:attachment":[{"href":"https:\/\/snoeck.de\/es\/wp-json\/wp\/v2\/media?parent=3744"}],"wp:term":[{"taxonomy":"product_brand","embeddable":true,"href":"https:\/\/snoeck.de\/es\/wp-json\/wp\/v2\/product_brand?post=3744"},{"taxonomy":"product_cat","embeddable":true,"href":"https:\/\/snoeck.de\/es\/wp-json\/wp\/v2\/product_cat?post=3744"},{"taxonomy":"product_tag","embeddable":true,"href":"https:\/\/snoeck.de\/es\/wp-json\/wp\/v2\/product_tag?post=3744"}],"curies":[{"name":"wp","href":"https:\/\/api.w.org\/{rel}","templated":true}]}}