{"id":3745,"date":"2025-01-31T11:32:10","date_gmt":"2025-01-31T11:32:10","guid":{"rendered":"https:\/\/snoeck.process-vision.de\/shop\/michael-schmidt-lebensmittel\/"},"modified":"2025-03-30T13:03:15","modified_gmt":"2025-03-30T13:03:15","slug":"michael-schmidt-lebensmittel","status":"publish","type":"product","link":"https:\/\/snoeck.de\/es\/shop\/michael-schmidt-lebensmittel\/","title":{"rendered":"Michael Schmidt: Alimentaci\u00f3n"},"content":{"rendered":"<h3>Un primer hito de la fotograf\u00eda en el siglo XXI<\/h3>\n<p>Se trata nada menos que del anuncio de una obra art\u00edstica que marcar\u00e1 una \u00e9poca, una de las grandes obras, una serie que las generaciones posteriores calificar\u00e1n de hito en el siglo XXI, porque no s\u00f3lo est\u00e1 a la altura de su arte, sino tambi\u00e9n a la altura de su tiempo. Michael Schmidt trabaj\u00f3 en esta serie durante muchos a\u00f1os, viajando por toda Europa para recopilar estas vistas, que no dejar\u00e1n indiferente a ning\u00fan espectador. Al artista no le interesan en absoluto las sensaciones, los disparos y los sobresaltos del tema, sino su propia composici\u00f3n equilibrada, la representaci\u00f3n y la secuencia de im\u00e1genes de una obra cuyo tema conmueve a mucha gente: la alimentaci\u00f3n. Y eso significa producci\u00f3n en condiciones industriales. Cualquiera que haya hojeado este inquietante retrato de la base de nuestra existencia reconocer\u00e1 que Michael Schmidt es capaz de mostrar nuestro mundo con empat\u00eda, incluso en los alimentos separados de su funci\u00f3n.<\/p>\n<p>Exposiciones:<br \/>\nMuseo Schloss Morsbroich, Leverkusen, 3\/3 - 13\/5\/2012<br \/>\nGaler\u00eda en el Taxispalais, Innsbruck, 15\/6 - 26\/8\/2012<br \/>\nMartin-Gropius-Bau, Berl\u00edn, 12\/1 - 1\/4\/2013<\/p>","protected":false},"excerpt":{"rendered":"<p>Libro de acompa\u00f1amiento, Museum Schloss Morsbroich, Leverkusen, editado por Markus Heinzelmann<br \/>\n264 pp. con 174 ilustraciones en duotono y en color<br \/>\nFormato 32 x 30 cm, encuadernaci\u00f3n en tela con el t\u00edtulo y el lomo en relieve, estuche con cubierta de color, cada ejemplar est\u00e1 numerado (1-1.000)<\/p>","protected":false},"featured_media":5160,"template":"","meta":[],"product_brand":[],"product_cat":[103,90,76],"product_tag":[],"class_list":{"0":"post-3745","1":"product","2":"type-product","3":"status-publish","4":"has-post-thumbnail","6":"product_cat-103","7":"product_cat-rare-books","8":"product_cat-s","10":"first","11":"instock","12":"taxable","13":"shipping-taxable","14":"purchasable","15":"product-type-simple"},"aioseo_notices":[],"_wp_attached_file":null,"_wp_attachment_metadata":null,"_wc_attachment_source":null,"_elementor_inline_svg":null,"_elementor_is_screenshot":null,"_elementor_source_image_hash":null,"_source_url":null,"_wp_attachment_context":null,"_menu_item_type":null,"_menu_item_menu_item_parent":null,"_menu_item_object_id":null,"_menu_item_object":null,"_menu_item_target":null,"_menu_item_classes":null,"_menu_item_xfn":null,"_menu_item_url":null,"__elementor_forms_snapshot":null,"_unit":"","_unit_base":"","_unit_product":"","_unit_price_auto":"no","_unit_price_regular":"","_unit_price":"","_unit_price_sale":"","_sale_price_label":"","_sale_price_regular_label":"","_manufacturer_slug":"","_mini_desc":"","_defect_description":"","_safety_instructions":"","_allergen_ids":[],"_warranty_attachment_id":"","_safety_attachment_ids":[],"_min_age":"","_ts_gtin":"","_ts_mpn":"","_delivery_time_countries":[],"_free_shipping":"no","_service":"no","_photovoltaic_system":"no","_used_good":"no","_defective_copy":"no","_wireless_electronic_device":"no","_device_contains_power_supply":"no","_device_charging_supports_usb_pd":"no","_device_charging_watt_min":"0","_device_charging_watt_max":"0","_is_food":"no","_differential_taxation":"no","_gzd_version":"3.18.7","_hs_code":"","_customs_description":"","_manufacture_country":"0","_is_non_returnable":"no","_shipping_length":"","_shipping_width":"","_shipping_height":"","_sku":"ISBN 978-3-940953-93-3","_global_unique_id":"978-3-940953-93-3","_regular_price":"298","total_sales":"1","_tax_status":"taxable","_tax_class":"","_manage_stock":"no","_backorders":"no","_sold_individually":"no","_weight":"3","_virtual":"no","_downloadable":"no","_download_limit":"-1","_download_expiry":"-1","_stock":"","_stock_status":"instock","_wc_average_rating":"0","_wc_review_count":"0","_product_version":"9.7.1","_price":"298","shopengine_product_views_count":"3091","_thumbnail_id":"5160","_product_attributes":{"erscheinungsdatum":{"name":"Erscheinungsdatum","value":"02.03.2012","position":0,"is_visible":1,"is_variation":0,"is_taxonomy":0,"checkout_visible":0}},"_nutrient_ids":[],"_upsell_ids":null,"pswc_subtitle":null,"_default_delivery_time":"","_wp_desired_post_slug":null,"_isbn":null,"pageType":null,"isExternalUrl":null,"pageId":null,"externalUrl":null,"hideCookieBanner":null,"isTargetBlank":null,"isProviderCurrentWebsite":null,"isEmbeddingOnlyExternalResources":null,"legalBasis":null,"dataProcessingInCountries":null,"dataProcessingInCountriesSpecialTreatments":null,"technicalDefinitions":null,"googleConsentModeConsentTypes":null,"executePriority":null,"executeCodeOptInWhenNoTagManagerConsentIsGiven":null,"executeCodeOptOutWhenNoTagManagerConsentIsGiven":null,"deleteTechnicalDefinitionsAfterOptOut":null,"presetId":null,"presetVersion":null,"provider":null,"providerContactPhone":null,"providerContactEmail":null,"providerContactLink":null,"uniqueName":null,"providerPrivacyPolicyUrl":null,"providerLegalNoticeUrl":null,"codeOptIn":null,"codeOptOut":null,"codeOnPageLoad":null,"language_code":null,"shopengine_template__post_meta__type":null,"shopengine_template__post_meta":null,"shopengine_template__post_meta__edit_with":null,"origin":null,"_enabled":null,"_filters":null,"_layout":null,"_elementor_import_session_id":null,"_wp_trash_meta_status":null,"_wp_trash_meta_time":null,"_edit_lock":"1743339656:2","_elementor_floating_elements_type":null,"_elementor_edit_mode":null,"_elementor_template_type":null,"tc-thumb-fld":{"_thumb_id":5160,"_thumb_type":"thumb"},"_wp_page_template":"default","_elementor_version":null,"_elementor_pro_version":null,"_elementor_page_settings":null,"_elementor_data":null,"_elementor_conditions":null,"_elementor_popup_display_settings":null,"_edit_last":"2","_elementor_template_sub_type":null,"_elementor_controls_usage":null,"_elementor_screenshot":null,"_elementor_css":null,"_elementor_page_assets":[],"_elementor_element_cache":null,"_elementor_screenshot_failed":null,"_elementor_source":null,"_wp_old_date":null,"layout_key":"","post_slider_check_key":"0","_links":{"self":[{"href":"https:\/\/snoeck.de\/es\/wp-json\/wp\/v2\/product\/3745","targetHints":{"allow":["GET"]}}],"collection":[{"href":"https:\/\/snoeck.de\/es\/wp-json\/wp\/v2\/product"}],"about":[{"href":"https:\/\/snoeck.de\/es\/wp-json\/wp\/v2\/types\/product"}],"wp:featuredmedia":[{"embeddable":true,"href":"https:\/\/snoeck.de\/es\/wp-json\/wp\/v2\/media\/5160"}],"wp:attachment":[{"href":"https:\/\/snoeck.de\/es\/wp-json\/wp\/v2\/media?parent=3745"}],"wp:term":[{"taxonomy":"product_brand","embeddable":true,"href":"https:\/\/snoeck.de\/es\/wp-json\/wp\/v2\/product_brand?post=3745"},{"taxonomy":"product_cat","embeddable":true,"href":"https:\/\/snoeck.de\/es\/wp-json\/wp\/v2\/product_cat?post=3745"},{"taxonomy":"product_tag","embeddable":true,"href":"https:\/\/snoeck.de\/es\/wp-json\/wp\/v2\/product_tag?post=3745"}],"curies":[{"name":"wp","href":"https:\/\/api.w.org\/{rel}","templated":true}]}}