{"id":3746,"date":"2025-01-31T11:32:11","date_gmt":"2025-01-31T11:32:11","guid":{"rendered":"https:\/\/snoeck.process-vision.de\/shop\/michael-schmidt-irgendwo\/"},"modified":"2025-03-30T12:58:52","modified_gmt":"2025-03-30T12:58:52","slug":"michael-schmidt-irgendwo","status":"publish","type":"product","link":"https:\/\/snoeck.de\/es\/shop\/michael-schmidt-irgendwo\/","title":{"rendered":"Michael Schmidt: En alg\u00fan lugar"},"content":{"rendered":"<h3>En alg\u00fan lugar = En ninguna parte<\/h3>\n<p>De alguna manera, alg\u00fan lugar es siempre como ning\u00fan lugar. La fotograf\u00eda de Michael Schmidt tambi\u00e9n se caracteriza por este hecho. Recopila series de fotograf\u00edas en libros y exposiciones. Su idea de la fotograf\u00eda, sin embargo, tiene poco que ver con el etiquetado; m\u00e1s bien, documenta un lugar, un no-lugar, sus habitantes, imagen a imagen. Se trata de movimientos tentativos que a veces quieren dar un vuelco brusco a todo el procedimiento, porque siempre se caracterizan por una cierta impaciencia. Al fin y al cabo, podr\u00eda haber otro lugar, otros habitantes igualmente interesantes. Las fotograf\u00edas casi indiferentes a la \u00e9poca y, por supuesto, libros como \"Waffenruhe\" o \"EIN-HEIT\" han llevado a Michael Schmidt a la primera l\u00ednea de los fot\u00f3grafos alemanes. Realiz\u00f3 la primera exposici\u00f3n individual de un fot\u00f3grafo alem\u00e1n en el Museo de Arte Moderno de Nueva York; entretanto, se ha organizado una segunda y ha participado en varias exposiciones tem\u00e1ticas. Con su proyecto \"Somewhere\", Michael Schmidt apunta directamente al \"coraz\u00f3n oscuro\" de Alemania, si es que esta met\u00e1fora conradiana resulta apropiada. Porque aqu\u00ed est\u00e1 la arquitectura de masas, lo hogare\u00f1o, la provincia absoluta, aqu\u00ed la gente... no se parece en nada a la de Berl\u00edn. Y, sin embargo, en las fotos de Michael Schmidt destilan una atm\u00f3sfera que toca algo profundo y oscuro. Si entonces se le pregunta a Michael Schmidt qu\u00e9 es lo que le ha estado impulsando, puede surgir de repente un conjunto anecd\u00f3tico que disuelve en un instante todos los momentos oscuros.<\/p>\n<p>Exposiciones:<br \/>\nKunstverein Heilbronn, 4\/2 - 10\/4\/2005<br \/>\nOldenburger Kunstverein, 24\/4 - 5\/6\/2005<br \/>\nArp Mueum Bahnhof Rolandseck, 7\/10 - 2\/12\/2005<br \/>\nMuseo Lindenau, Altenburg, 5\/3 - 7\/5\/2006<br \/>\nMuseo de Arte Kloster Unser Lieben Frauen, Magdeburgo, 25\/6 - 17\/9\/2006<\/p>","protected":false},"excerpt":{"rendered":"<p>Cat\u00e1logo de la exposici\u00f3n, Kunstverein Heilbronn, editado por Matthia L\u00f6bke<br \/>\nEntrevista (alem\u00e1n\/ingl\u00e9s) con Michael Schmidt por Dietmar Elger<br \/>\n146 p. con 80 ilustraciones en duotono<br \/>\nFormato 24 x 29 cm, lino con sobrecubierta<\/p>","protected":false},"featured_media":5161,"template":"","meta":[],"product_brand":[],"product_cat":[114,90,76],"product_tag":[],"class_list":{"0":"post-3746","1":"product","2":"type-product","3":"status-publish","4":"has-post-thumbnail","6":"product_cat-114","7":"product_cat-rare-books","8":"product_cat-s","10":"first","11":"instock","12":"taxable","13":"shipping-taxable","14":"purchasable","15":"product-type-simple"},"aioseo_notices":[],"_wp_attached_file":null,"_wp_attachment_metadata":null,"_wc_attachment_source":null,"_elementor_inline_svg":null,"_elementor_is_screenshot":null,"_elementor_source_image_hash":null,"_source_url":null,"_wp_attachment_context":null,"_menu_item_type":null,"_menu_item_menu_item_parent":null,"_menu_item_object_id":null,"_menu_item_object":null,"_menu_item_target":null,"_menu_item_classes":null,"_menu_item_xfn":null,"_menu_item_url":null,"__elementor_forms_snapshot":null,"_unit":"","_unit_base":"","_unit_product":"","_unit_price_auto":"no","_unit_price_regular":"","_unit_price":"","_unit_price_sale":"","_sale_price_label":"","_sale_price_regular_label":"","_manufacturer_slug":"","_mini_desc":"","_defect_description":"","_safety_instructions":"","_allergen_ids":[],"_warranty_attachment_id":"","_safety_attachment_ids":[],"_min_age":"","_ts_gtin":"","_ts_mpn":"","_delivery_time_countries":[],"_free_shipping":"no","_service":"no","_photovoltaic_system":"no","_used_good":"no","_defective_copy":"no","_wireless_electronic_device":"no","_device_contains_power_supply":"no","_device_charging_supports_usb_pd":"no","_device_charging_watt_min":"0","_device_charging_watt_max":"0","_is_food":"no","_differential_taxation":"no","_gzd_version":"3.18.7","_hs_code":"","_customs_description":"","_manufacture_country":"0","_is_non_returnable":"no","_shipping_length":"","_shipping_width":"","_shipping_height":"","_sku":"ISBN 978-3-936859-18-8","_global_unique_id":"978-3-936859-18-8","_regular_price":"198","total_sales":"1","_tax_status":"taxable","_tax_class":"","_manage_stock":"no","_backorders":"no","_sold_individually":"no","_weight":"2","_virtual":"no","_downloadable":"no","_download_limit":"-1","_download_expiry":"-1","_stock":"","_stock_status":"instock","_wc_average_rating":"0","_wc_review_count":"0","_product_version":"9.7.1","_price":"198","shopengine_product_views_count":"2665","_thumbnail_id":"5161","_product_attributes":{"erscheinungsdatum":{"name":"Erscheinungsdatum","value":"04.02.2005","position":0,"is_visible":1,"is_variation":0,"is_taxonomy":0,"checkout_visible":0}},"_nutrient_ids":[],"_upsell_ids":null,"pswc_subtitle":null,"_default_delivery_time":"","_wp_desired_post_slug":null,"_isbn":null,"pageType":null,"isExternalUrl":null,"pageId":null,"externalUrl":null,"hideCookieBanner":null,"isTargetBlank":null,"isProviderCurrentWebsite":null,"isEmbeddingOnlyExternalResources":null,"legalBasis":null,"dataProcessingInCountries":null,"dataProcessingInCountriesSpecialTreatments":null,"technicalDefinitions":null,"googleConsentModeConsentTypes":null,"executePriority":null,"executeCodeOptInWhenNoTagManagerConsentIsGiven":null,"executeCodeOptOutWhenNoTagManagerConsentIsGiven":null,"deleteTechnicalDefinitionsAfterOptOut":null,"presetId":null,"presetVersion":null,"provider":null,"providerContactPhone":null,"providerContactEmail":null,"providerContactLink":null,"uniqueName":null,"providerPrivacyPolicyUrl":null,"providerLegalNoticeUrl":null,"codeOptIn":null,"codeOptOut":null,"codeOnPageLoad":null,"language_code":null,"shopengine_template__post_meta__type":null,"shopengine_template__post_meta":null,"shopengine_template__post_meta__edit_with":null,"origin":null,"_enabled":null,"_filters":null,"_layout":null,"_elementor_import_session_id":null,"_wp_trash_meta_status":null,"_wp_trash_meta_time":null,"_edit_lock":"1743339393:2","_elementor_floating_elements_type":null,"_elementor_edit_mode":null,"_elementor_template_type":null,"tc-thumb-fld":{"_thumb_id":5161,"_thumb_type":"thumb"},"_wp_page_template":"default","_elementor_version":null,"_elementor_pro_version":null,"_elementor_page_settings":null,"_elementor_data":null,"_elementor_conditions":null,"_elementor_popup_display_settings":null,"_edit_last":"2","_elementor_template_sub_type":null,"_elementor_controls_usage":null,"_elementor_screenshot":null,"_elementor_css":null,"_elementor_page_assets":[],"_elementor_element_cache":null,"_elementor_screenshot_failed":null,"_elementor_source":null,"_wp_old_date":null,"layout_key":"","post_slider_check_key":"0","_links":{"self":[{"href":"https:\/\/snoeck.de\/es\/wp-json\/wp\/v2\/product\/3746","targetHints":{"allow":["GET"]}}],"collection":[{"href":"https:\/\/snoeck.de\/es\/wp-json\/wp\/v2\/product"}],"about":[{"href":"https:\/\/snoeck.de\/es\/wp-json\/wp\/v2\/types\/product"}],"wp:featuredmedia":[{"embeddable":true,"href":"https:\/\/snoeck.de\/es\/wp-json\/wp\/v2\/media\/5161"}],"wp:attachment":[{"href":"https:\/\/snoeck.de\/es\/wp-json\/wp\/v2\/media?parent=3746"}],"wp:term":[{"taxonomy":"product_brand","embeddable":true,"href":"https:\/\/snoeck.de\/es\/wp-json\/wp\/v2\/product_brand?post=3746"},{"taxonomy":"product_cat","embeddable":true,"href":"https:\/\/snoeck.de\/es\/wp-json\/wp\/v2\/product_cat?post=3746"},{"taxonomy":"product_tag","embeddable":true,"href":"https:\/\/snoeck.de\/es\/wp-json\/wp\/v2\/product_tag?post=3746"}],"curies":[{"name":"wp","href":"https:\/\/api.w.org\/{rel}","templated":true}]}}